{"id":27950,"date":"2025-11-26T10:44:56","date_gmt":"2025-11-26T13:44:56","guid":{"rendered":"https:\/\/hificlub.com.br\/loja\/?post_type=product&#038;p=27950"},"modified":"2026-02-18T15:23:44","modified_gmt":"2026-02-18T18:23:44","slug":"dynaudio-focus-210c-caixa-central-150-watts","status":"publish","type":"product","link":"https:\/\/hificlub.com.br\/loja\/produto\/dynaudio-focus-210c-caixa-central-150-watts\/","title":{"rendered":"DYNAUDIO FOCUS 210C   Caixa Central  150 Watts"},"content":{"rendered":"<div id=\"model-response-message-contentr_679148c6720dfc62\" class=\"markdown markdown-main-panel enable-updated-hr-color\" dir=\"ltr\" aria-live=\"polite\">\n<p data-path-to-node=\"0\">A <b>Dynaudio Focus 210 C<\/b> \u00e9 uma caixa ac\u00fastica central dedicada, que serve como pe\u00e7a fundamental em qualquer sistema de <i>home theater<\/i> de alta fidelidade da s\u00e9rie Focus da Dynaudio. Sua fun\u00e7\u00e3o primordial \u00e9 garantir a m\u00e1xima clareza e inteligibilidade dos di\u00e1logos e a precis\u00e3o do canal central nos filmes.<\/p>\n<p data-path-to-node=\"1\"><strong>Caracter\u00edsticas T\u00e9cnicas e Design<\/strong><\/p>\n<p data-path-to-node=\"2\">A Focus 210 C \u00e9 uma caixa de duas vias com <i>design<\/i> <i>bass-reflex<\/i>. A Dynaudio integra nela seus <i>drivers<\/i> de fabrica\u00e7\u00e3o pr\u00f3pria e alta performance. O componente de agudos \u00e9 a tradicional c\u00fapula macia de 28 mm (1 polegada), que oferece uma reprodu\u00e7\u00e3o de alta frequ\u00eancia suave, detalhada e com excelente dispers\u00e3o.<\/p>\n<p data-path-to-node=\"2\">Para os m\u00e9dio-graves, a caixa utiliza dois <i>woofers<\/i> de 17 cm (6,7 polegadas). Estes <i>drivers<\/i> contam com os <i>cones<\/i> feitos do material propriet\u00e1rio Silicato de Magn\u00e9sio Pol\u00edmero (MSP), reconhecido pela rigidez ideal e baixo peso, o que resulta em transientes r\u00e1pidos e \u00f3tima precis\u00e3o sonora.<\/p>\n<p data-path-to-node=\"3\"><strong>Desempenho e Aplica\u00e7\u00e3o<\/strong><\/p>\n<p data-path-to-node=\"4\">Com uma resposta de frequ\u00eancia que se estende de 45 Hz a 25 kHz, a Focus 210 C tem a capacidade de reproduzir a voz humana com grande naturalidade e corpo. Ela possui uma imped\u00e2ncia nominal de 4 Ohms e uma sensibilidade de 87 dB, indicando que se beneficia de amplificadores est\u00e1veis com boa capacidade de corrente para entregar sua din\u00e2mica total, suportando uma pot\u00eancia de longo prazo de 150 W.<\/p>\n<p data-path-to-node=\"4\">O formato horizontal da caixa (500 x 170 x 290 mm) \u00e9 ideal para posicionamento sob uma tela. Seu desempenho \u00e9 crucial para manter a coer\u00eancia tonal com as caixas frontais principais da s\u00e9rie Focus, criando um palco sonoro frontal perfeitamente integrado e realista para a experi\u00eancia cinematogr\u00e1fica.<\/p>\n<p data-path-to-node=\"5\">\n<\/div>\n","protected":false},"excerpt":{"rendered":"<p>A Dynaudio Focus 210 C \u00e9 uma caixa ac\u00fastica central dedicada, que serve como pe\u00e7a fundamental em qualquer sistema de home theater de alta fidelidade da s\u00e9rie Focus da Dynaudio. Sua fun\u00e7\u00e3o primordial \u00e9 garantir a m\u00e1xima clareza e inteligibilidade dos di\u00e1logos e a precis\u00e3o do canal central nos filmes. Caracter\u00edsticas T\u00e9cnicas e Design A [&hellip;]<\/p>\n","protected":false},"featured_media":27951,"template":"","meta":{"_acf_changed":false},"product_brand":[],"product_cat":[35,17],"product_tag":[],"class_list":{"0":"post-27950","1":"product","2":"type-product","3":"status-publish","4":"has-post-thumbnail","6":"product_cat-caixas-centrais","7":"product_cat-caixas","9":"first","10":"instock","11":"sold-individually","12":"shipping-taxable","13":"purchasable","14":"product-type-simple"},"acf":[],"aioseo_notices":[],"_links":{"self":[{"href":"https:\/\/hificlub.com.br\/loja\/wp-json\/wp\/v2\/product\/27950","targetHints":{"allow":["GET"]}}],"collection":[{"href":"https:\/\/hificlub.com.br\/loja\/wp-json\/wp\/v2\/product"}],"about":[{"href":"https:\/\/hificlub.com.br\/loja\/wp-json\/wp\/v2\/types\/product"}],"wp:featuredmedia":[{"embeddable":true,"href":"https:\/\/hificlub.com.br\/loja\/wp-json\/wp\/v2\/media\/27951"}],"wp:attachment":[{"href":"https:\/\/hificlub.com.br\/loja\/wp-json\/wp\/v2\/media?parent=27950"}],"wp:term":[{"taxonomy":"product_brand","embeddable":true,"href":"https:\/\/hificlub.com.br\/loja\/wp-json\/wp\/v2\/product_brand?post=27950"},{"taxonomy":"product_cat","embeddable":true,"href":"https:\/\/hificlub.com.br\/loja\/wp-json\/wp\/v2\/product_cat?post=27950"},{"taxonomy":"product_tag","embeddable":true,"href":"https:\/\/hificlub.com.br\/loja\/wp-json\/wp\/v2\/product_tag?post=27950"}],"curies":[{"name":"wp","href":"https:\/\/api.w.org\/{rel}","templated":true}]}}