{"id":27922,"date":"2025-11-25T18:25:49","date_gmt":"2025-11-25T21:25:49","guid":{"rendered":"https:\/\/hificlub.com.br\/loja\/?post_type=product&#038;p=27922"},"modified":"2026-03-13T06:44:50","modified_gmt":"2026-03-13T09:44:50","slug":"eversolo-t8-transporte-de-streaming-de-audio-de-rede-hi-fi-dac-de-alta-precisao","status":"publish","type":"product","link":"https:\/\/hificlub.com.br\/loja\/produto\/eversolo-t8-transporte-de-streaming-de-audio-de-rede-hi-fi-dac-de-alta-precisao\/","title":{"rendered":"EVERSOLO T8 &#8211; Transporte de Streaming de \u00c1udio de Rede HI-FI, DAC de Alta Precis\u00e3o,"},"content":{"rendered":"<p data-path-to-node=\"1\"><span dir=\"auto\" style=\"vertical-align: inherit\"><span dir=\"auto\" style=\"vertical-align: inherit\">O <\/span><\/span><strong><span dir=\"auto\" style=\"vertical-align: inherit\"><span dir=\"auto\" style=\"vertical-align: inherit\">EVERSOLO T8<\/span><\/span><\/strong><span dir=\"auto\" style=\"vertical-align: inherit\"><span dir=\"auto\" style=\"vertical-align: inherit\"> \u00e9 um streamer de \u00e1udio de rede de alta fidelidade (Hi-Fi), que atua como um hub digital central para um sistema de \u00e1udio moderno. Ele faz parte da linha de produtos de \u00e1udio digital da Eversolo, uma marca conhecida por combinar tecnologia avan\u00e7ada de streaming com arquitetura de convers\u00e3o digital-anal\u00f3gica (DAC) de n\u00edvel audi\u00f3filo.<\/span><\/span><\/p>\n<p data-path-to-node=\"2\"><span dir=\"auto\" style=\"vertical-align: inherit\"><span dir=\"auto\" style=\"vertical-align: inherit\">e Funcionalidade<\/span><\/span><\/p>\n<p data-path-to-node=\"3\"><span dir=\"auto\" style=\"vertical-align: inherit\"><span dir=\"auto\" style=\"vertical-align: inherit\">O T8 foi projetado para ser um <\/span><\/span><b><span dir=\"auto\" style=\"vertical-align: inherit\"><span dir=\"auto\" style=\"vertical-align: inherit\">&#8220;transporte&#8221; digital<\/span><\/span><\/b><span dir=\"auto\" style=\"vertical-align: inherit\"><span dir=\"auto\" style=\"vertical-align: inherit\"> e um <\/span><\/span><b><span dir=\"auto\" style=\"vertical-align: inherit\"><span dir=\"auto\" style=\"vertical-align: inherit\">pr\u00e9-amplificador digital\/DAC<\/span><\/span><\/b><span dir=\"auto\" style=\"vertical-align: inherit\"><span dir=\"auto\" style=\"vertical-align: inherit\"> em um \u00fanico chassi elegante. Sua fun\u00e7\u00e3o principal \u00e9 acessar e processar uma vasta gama de fontes de m\u00fasica digital (streaming, arquivos locais, USB) e converter o sinal para a mais alta qualidade poss\u00edvel antes de envi\u00e1-lo para um amplificador de pot\u00eancia ou para caixas ac\u00fasticas ativas.<\/span><\/span><\/p>\n<p data-path-to-node=\"4\"><span dir=\"auto\" style=\"vertical-align: inherit\"><span dir=\"auto\" style=\"vertical-align: inherit\">O dispositivo se destaca por sua interface de usu\u00e1rio moderna e fluida, geralmente apresentada em uma grande tela t\u00e1til frontal, que torna a navega\u00e7\u00e3o pela biblioteca e servi\u00e7os de streaming intuitiva e visualmente rica.<\/span><\/span><\/p>\n<p data-path-to-node=\"5\"><strong><span dir=\"auto\" style=\"vertical-align: inherit\"><span dir=\"auto\" style=\"vertical-align: inherit\">Arquitetura e Qualidade Sonora<\/span><\/span><\/strong><\/p>\n<p data-path-to-node=\"6\"><span dir=\"auto\" style=\"vertical-align: inherit\"><span dir=\"auto\" style=\"vertical-align: inherit\">A qualidade de \u00e1udio do EVERSOLO T8 \u00e9 garantida por um potente m\u00f3dulo <\/span><\/span><b><span dir=\"auto\" style=\"vertical-align: inherit\"><span dir=\"auto\" style=\"vertical-align: inherit\">DAC de alta precis\u00e3o<\/span><\/span><\/b><span dir=\"auto\" style=\"vertical-align: inherit\"><span dir=\"auto\" style=\"vertical-align: inherit\"> . A Eversolo frequentemente utiliza arquiteturas de DACs duplos (como chips ESS ou AKM de alto desempenho) para garantir uma separa\u00e7\u00e3o de canais excepcional, baix\u00edssimo ru\u00eddo e interfer\u00eancia.<\/span><\/span><\/p>\n<p data-path-to-node=\"7\"><span dir=\"auto\" style=\"vertical-align: inherit\"><span dir=\"auto\" style=\"vertical-align: inherit\">Isso permite que o T8 decodifique e reproduza formatos de \u00e1udio de alt\u00edssima resolu\u00e7\u00e3o, incluindo:<\/span><\/span><\/p>\n<ul data-path-to-node=\"8\">\n<li>\n<p data-path-to-node=\"8,0,0\"><b><span dir=\"auto\" style=\"vertical-align: inherit\"><span dir=\"auto\" style=\"vertical-align: inherit\">PCM<\/span><\/span><\/b><span dir=\"auto\" style=\"vertical-align: inherit\"><span dir=\"auto\" style=\"vertical-align: inherit\"> de alta taxa de amostragem (acima de 32 bits \/ 768 kHz).<\/span><\/span><\/p>\n<\/li>\n<li>\n<p data-path-to-node=\"8,1,0\"><b><span dir=\"auto\" style=\"vertical-align: inherit\"><span dir=\"auto\" style=\"vertical-align: inherit\">DSD<\/span><\/span><\/b><span dir=\"auto\" style=\"vertical-align: inherit\"><span dir=\"auto\" style=\"vertical-align: inherit\"> nativo (como DSD512).<\/span><\/span><\/p>\n<\/li>\n<li>\n<p data-path-to-node=\"8,2,0\"><span dir=\"auto\" style=\"vertical-align: inherit\"><span dir=\"auto\" style=\"vertical-align: inherit\">Suporte completo a formatos de \u00e1udio de alta resolu\u00e7\u00e3o compactados, como <\/span><\/span><b><span dir=\"auto\" style=\"vertical-align: inherit\"><span dir=\"auto\" style=\"vertical-align: inherit\">MQA<\/span><\/span><\/b><span dir=\"auto\" style=\"vertical-align: inherit\"><span dir=\"auto\" style=\"vertical-align: inherit\"> (dependendo da vers\u00e3o e licen\u00e7a).<\/span><\/span><\/p>\n<\/li>\n<\/ul>\n<p data-path-to-node=\"9\"><strong><span dir=\"auto\" style=\"vertical-align: inherit\"><span dir=\"auto\" style=\"vertical-align: inherit\">Conectividade e Flexibilidade<\/span><\/span><\/strong><\/p>\n<p data-path-to-node=\"10\"><span dir=\"auto\" style=\"vertical-align: inherit\"><span dir=\"auto\" style=\"vertical-align: inherit\">O T8 oferece uma vasta gama de op\u00e7\u00f5es de conectividade para se integrar em qualquer sistema:<\/span><\/span><\/p>\n<ul data-path-to-node=\"11\">\n<li>\n<p data-path-to-node=\"11,0,0\"><span dir=\"auto\" style=\"vertical-align: inherit\"><span dir=\"auto\" style=\"vertical-align: inherit\">Streaming de Rede: Suporte a servi\u00e7os populares como Tidal, Qobuz, Spotify, e compatibilidade com Roon Ready e DLNA.<\/span><\/span><\/p>\n<\/li>\n<li>\n<p data-path-to-node=\"11,1,0\"><span dir=\"auto\" style=\"vertical-align: inherit\"><span dir=\"auto\" style=\"vertical-align: inherit\">Entradas Digitais: M\u00faltiplas entradas (USB-C, \u00d3ptica, Coaxial) para conectar fontes digitais externas, como TVs ou CD players.<\/span><\/span><\/p>\n<\/li>\n<li>\n<p data-path-to-node=\"11,2,0\"><span dir=\"auto\" style=\"vertical-align: inherit\"><span dir=\"auto\" style=\"vertical-align: inherit\">Sa\u00eddas Anal\u00f3gicas: Possui sa\u00eddas RCA (desbalanceadas) e XLR (balanceadas), que s\u00e3o essenciais para conectar-se a amplificadores de pot\u00eancia de alto n\u00edvel, aproveitando a natureza de baixo ru\u00eddo do sinal balanceado.<\/span><\/span><\/p>\n<\/li>\n<li>\n<p data-path-to-node=\"11,3,0\"><span dir=\"auto\" style=\"vertical-align: inherit\"><span dir=\"auto\" style=\"vertical-align: inherit\">Armazenamento: Geralmente inclui op\u00e7\u00f5es para expandir o armazenamento interno (como slots SSD M.2) para que o usu\u00e1rio armazene sua pr\u00f3pria biblioteca de m\u00fasica digital diretamente no dispositivo.<\/span><\/span><\/p>\n<\/li>\n<\/ul>\n<p data-path-to-node=\"12\"><span dir=\"auto\" style=\"vertical-align: inherit\"><span dir=\"auto\" style=\"vertical-align: inherit\">O <\/span><\/span><strong><span dir=\"auto\" style=\"vertical-align: inherit\"><span dir=\"auto\" style=\"vertical-align: inherit\">EVERSOLO T8<\/span><\/span><\/strong><span dir=\"auto\" style=\"vertical-align: inherit\"><span dir=\"auto\" style=\"vertical-align: inherit\"> \u00e9 uma escolha premium para audi\u00f3filos que buscam uma plataforma digital moderna e completa, que prioriza a gera\u00e7\u00e3o de streaming e a excel\u00eancia na convers\u00e3o digital-anal\u00f3gica.<\/span><\/span><\/p>\n","protected":false},"excerpt":{"rendered":"<p>O EVERSOLO T8 \u00e9 um streamer de \u00e1udio de rede de alta fidelidade (Hi-Fi), que atua como um hub digital central para um sistema de \u00e1udio moderno. Ele faz parte da linha de produtos de \u00e1udio digital da Eversolo, uma marca conhecida por combinar tecnologia avan\u00e7ada de streaming com arquitetura de convers\u00e3o digital-anal\u00f3gica (DAC) de [&hellip;]<\/p>\n","protected":false},"featured_media":27924,"template":"","meta":{"_acf_changed":false},"product_brand":[],"product_cat":[41,225,142,88],"product_tag":[],"class_list":{"0":"post-27922","1":"product","2":"type-product","3":"status-publish","4":"has-post-thumbnail","6":"product_cat-digital","7":"product_cat-eversolo","8":"product_cat-streamers","9":"product_cat-transporte","11":"first","12":"instock","13":"sold-individually","14":"shipping-taxable","15":"purchasable","16":"product-type-simple"},"acf":[],"aioseo_notices":[],"_links":{"self":[{"href":"https:\/\/hificlub.com.br\/loja\/wp-json\/wp\/v2\/product\/27922","targetHints":{"allow":["GET"]}}],"collection":[{"href":"https:\/\/hificlub.com.br\/loja\/wp-json\/wp\/v2\/product"}],"about":[{"href":"https:\/\/hificlub.com.br\/loja\/wp-json\/wp\/v2\/types\/product"}],"wp:featuredmedia":[{"embeddable":true,"href":"https:\/\/hificlub.com.br\/loja\/wp-json\/wp\/v2\/media\/27924"}],"wp:attachment":[{"href":"https:\/\/hificlub.com.br\/loja\/wp-json\/wp\/v2\/media?parent=27922"}],"wp:term":[{"taxonomy":"product_brand","embeddable":true,"href":"https:\/\/hificlub.com.br\/loja\/wp-json\/wp\/v2\/product_brand?post=27922"},{"taxonomy":"product_cat","embeddable":true,"href":"https:\/\/hificlub.com.br\/loja\/wp-json\/wp\/v2\/product_cat?post=27922"},{"taxonomy":"product_tag","embeddable":true,"href":"https:\/\/hificlub.com.br\/loja\/wp-json\/wp\/v2\/product_tag?post=27922"}],"curies":[{"name":"wp","href":"https:\/\/api.w.org\/{rel}","templated":true}]}}