{"id":27867,"date":"2025-11-24T18:10:53","date_gmt":"2025-11-24T21:10:53","guid":{"rendered":"https:\/\/hificlub.com.br\/loja\/?post_type=product&#038;p=27867"},"modified":"2026-03-03T22:15:02","modified_gmt":"2026-03-04T01:15:02","slug":"elipson-prestige-facet-24f-caixa-acustica-torre","status":"publish","type":"product","link":"https:\/\/hificlub.com.br\/loja\/produto\/elipson-prestige-facet-24f-caixa-acustica-torre\/","title":{"rendered":"ELIPSON Prestige Facet 24F &#8211; Caixa Ac\u00fastica Torre, 250 Watts, (par)"},"content":{"rendered":"<div id=\"model-response-message-contentr_a09267d422b480c3\" class=\"markdown markdown-main-panel enable-updated-hr-color\" dir=\"ltr\" aria-live=\"polite\">\n<p data-path-to-node=\"0\">A <strong>Elipson Prestige Facet 24F<\/strong> \u00e9 uma imponente caixa ac\u00fastica de ch\u00e3o (torre), sendo o modelo de ponta da aclamada s\u00e9rie Prestige Facet da tradicional marca francesa Elipson.<\/p>\n<p data-path-to-node=\"1\">O que realmente a diferencia, e que d\u00e1 nome \u00e0 linha, \u00e9 o seu design inovador: ela apresenta an\u00e9is de silicone facetados que circundam todos os alto-falantes. Essa n\u00e3o \u00e9 uma escolha puramente est\u00e9tica; essa t\u00e9cnica inteligente foi desenvolvida para otimizar a performance ac\u00fastica. Ao quebrar e absorver as ondas sonoras que se propagariam pela superf\u00edcie do defletor, as facetas minimizam a difra\u00e7\u00e3o, o que se traduz em um som mais limpo, mais focado e com maior fidelidade \u00e0 grava\u00e7\u00e3o original.<\/p>\n<p><strong>Desempenho Sonoro<\/strong><\/p>\n<p data-path-to-node=\"3\">A 24F \u00e9 constru\u00edda para quem busca uma experi\u00eancia sonora de grande escala, mas com refinamento. Seu conjunto de alto-falantes, incluindo dois grandes woofers, proporciona uma reprodu\u00e7\u00e3o de graves excepcionalmente profunda, poderosa e controlada, preenchendo grandes ambientes com facilidade e impacto.<\/p>\n<p data-path-to-node=\"4\">O som geral \u00e9 consistentemente descrito como neutro, detalhado e muito natural. A combina\u00e7\u00e3o de drivers \u00e9 projetada para entregar um palco sonoro amplo e realista, onde os instrumentos e as vozes s\u00e3o posicionados com precis\u00e3o no espa\u00e7o, criando uma sensa\u00e7\u00e3o imersiva. Mesmo com sua capacidade de entregar alta pot\u00eancia, a caixa mant\u00e9m uma not\u00e1vel suavidade e clareza nos m\u00e9dios e agudos, tornando longas sess\u00f5es de audi\u00e7\u00e3o confort\u00e1veis e agrad\u00e1veis.<\/p>\n<p><strong>Constru\u00e7\u00e3o e Acabamento<\/strong><\/p>\n<p data-path-to-node=\"6\">O gabinete \u00e9 robusto e constru\u00eddo para silenciar qualquer vibra\u00e7\u00e3o indesejada, garantindo que voc\u00ea ou\u00e7a apenas a m\u00fasica. O acabamento de alta qualidade e o design elegante (dispon\u00edvel em cores como preto, nogueira e branco) fazem da 24F n\u00e3o apenas um componente de \u00e1udio, mas tamb\u00e9m uma pe\u00e7a de mobili\u00e1rio sofisticada.<\/p>\n<p data-path-to-node=\"7\">A <strong>Elipson Prestige Facet 24F<\/strong> \u00e9 uma torre premium que oferece um som potente, transparente e altamente detalhado, sendo uma excelente escolha tanto para audi\u00f3filos exigentes em sistemas Hi-Fi quanto para entusiastas que desejam uma frente potente em um sistema de cinema em casa.<\/p>\n<p data-path-to-node=\"8\">\n<\/div>\n","protected":false},"excerpt":{"rendered":"<p>A Elipson Prestige Facet 24F \u00e9 uma imponente caixa ac\u00fastica de ch\u00e3o (torre), sendo o modelo de ponta da aclamada s\u00e9rie Prestige Facet da tradicional marca francesa Elipson. O que realmente a diferencia, e que d\u00e1 nome \u00e0 linha, \u00e9 o seu design inovador: ela apresenta an\u00e9is de silicone facetados que circundam todos os alto-falantes. [&hellip;]<\/p>\n","protected":false},"featured_media":27869,"template":"","meta":{"_acf_changed":false},"product_brand":[],"product_cat":[17,214,18],"product_tag":[],"class_list":{"0":"post-27867","1":"product","2":"type-product","3":"status-publish","4":"has-post-thumbnail","6":"product_cat-caixas","7":"product_cat-elipson","8":"product_cat-torres","10":"first","11":"instock","12":"sold-individually","13":"shipping-taxable","14":"purchasable","15":"product-type-simple"},"acf":[],"aioseo_notices":[],"_links":{"self":[{"href":"https:\/\/hificlub.com.br\/loja\/wp-json\/wp\/v2\/product\/27867","targetHints":{"allow":["GET"]}}],"collection":[{"href":"https:\/\/hificlub.com.br\/loja\/wp-json\/wp\/v2\/product"}],"about":[{"href":"https:\/\/hificlub.com.br\/loja\/wp-json\/wp\/v2\/types\/product"}],"wp:featuredmedia":[{"embeddable":true,"href":"https:\/\/hificlub.com.br\/loja\/wp-json\/wp\/v2\/media\/27869"}],"wp:attachment":[{"href":"https:\/\/hificlub.com.br\/loja\/wp-json\/wp\/v2\/media?parent=27867"}],"wp:term":[{"taxonomy":"product_brand","embeddable":true,"href":"https:\/\/hificlub.com.br\/loja\/wp-json\/wp\/v2\/product_brand?post=27867"},{"taxonomy":"product_cat","embeddable":true,"href":"https:\/\/hificlub.com.br\/loja\/wp-json\/wp\/v2\/product_cat?post=27867"},{"taxonomy":"product_tag","embeddable":true,"href":"https:\/\/hificlub.com.br\/loja\/wp-json\/wp\/v2\/product_tag?post=27867"}],"curies":[{"name":"wp","href":"https:\/\/api.w.org\/{rel}","templated":true}]}}