{"id":27836,"date":"2025-11-24T13:21:21","date_gmt":"2025-11-24T16:21:21","guid":{"rendered":"https:\/\/hificlub.com.br\/loja\/?post_type=product&#038;p=27836"},"modified":"2026-03-02T10:06:49","modified_gmt":"2026-03-02T13:06:49","slug":"eversolo-dmp-a8-ultimate-streamer-dac","status":"publish","type":"product","link":"https:\/\/hificlub.com.br\/loja\/produto\/eversolo-dmp-a8-ultimate-streamer-dac\/","title":{"rendered":"EVERSOLO DMP-A8 ULTIMATE STREAMER DAC"},"content":{"rendered":"<p>O DMP-A8 \u00e9 um novo produto de \u00e1udio criado pela Eversolo e \u00e9 capaz de quase tudo, combinando Music Streamer, DAP, DAC e Preamp, tudo em um \u00fanico dispositivo.<br \/>\nSuporta quase todos os formatos de grava\u00e7\u00e3o master de amostragem ultra-alta dispon\u00edveis no mercado, incluindo formatos com qualidade de CD (FLAC, WAV, APE), DSD512 (.dsf\/.dff\/.iso\/.dst) est\u00e9reo\/multicanal e etc.<\/p>\n<p>Utiliza o EOS (mecanismo de taxa de amostragem de \u00e1udio original Eversolo) desenvolvido pela pr\u00f3pria empresa, suportando sa\u00edda em todas as taxas de amostragem de \u00e1udio original. Em outras palavras, qualquer reprodu\u00e7\u00e3o de \u00e1udio pode ignorar totalmente a limita\u00e7\u00e3o do Android SRC, suportando a passagem direta de \u00e1udio de aplicativos de terceiros (como a sa\u00edda direta de alta resolu\u00e7\u00e3o do Apple Music).<\/p>\n<p>Destaques<br \/>\nApar\u00eancia \u00danica<br \/>\nReprodu\u00e7\u00e3o e decodifica\u00e7\u00e3o vers\u00e1til de grava\u00e7\u00e3o master<br \/>\nMotor de \u00e1udio EOS autodesenvolvido<br \/>\nGrande tela LCD sens\u00edvel ao toque com interface de usu\u00e1rio exclusiva<br \/>\nEntradas e sa\u00eddas ricas<br \/>\nProjeto de fontes de alimenta\u00e7\u00e3o duplas<br \/>\nExpans\u00e3o de armazenamento flex\u00edvel<br \/>\nSolu\u00e7\u00e3o DAC de separa\u00e7\u00e3o digital-anal\u00f3gica AK4499EX \/ AK4191EQ<br \/>\nCircuito de controle de volume R2R<br \/>\nRel\u00f3gios duplos de alta precis\u00e3o<br \/>\nCircuito pr\u00e9-amplificador anal\u00f3gico totalmente balanceado<br \/>\nFuncionalidade DSP flex\u00edvel e poderosa<br \/>\nComponentes de \u00e1udio escolhidos a dedo<br \/>\nM\u00f3dulo Qualcomm QCC5125<br \/>\nStreaming de m\u00fasica sem fio<br \/>\nServi\u00e7os de m\u00fasica ao seu alcance<br \/>\nBiblioteca de m\u00fasica para reprodu\u00e7\u00e3o local<br \/>\nV\u00e1rios protocolos de rede<br \/>\nSistema eficaz de gerenciamento de m\u00eddia<br \/>\nReprodu\u00e7\u00e3o e extra\u00e7\u00e3o de CD<br \/>\nAplicativo de controle inteligente<br \/>\nFiltros digitais atendem a diferentes prefer\u00eancias pessoais<br \/>\n\u00c1udio de alta resolu\u00e7\u00e3o<\/p>\n<p>&nbsp;<\/p>\n<table class=\"table table-bordered\">\n<tbody>\n<tr>\n<td>Display<\/td>\n<td>6\u2033 LCD touchscreen<\/td>\n<\/tr>\n<tr>\n<td>Internal Memory<\/td>\n<td>4GDDR4 + 64GeMMC<\/td>\n<\/tr>\n<tr>\n<td>DAC<\/td>\n<td>AK4191EQ + AK4499EX<\/td>\n<\/tr>\n<tr>\n<td>Audio Processor<\/td>\n<td>XMOS XU316<\/td>\n<\/tr>\n<tr>\n<td>Op-amp<\/td>\n<td>ChipOPA1612<\/td>\n<\/tr>\n<tr>\n<td>Power Supply<\/td>\n<td>High-quality, low-noise linear + digital dual power supply<\/td>\n<\/tr>\n<tr>\n<td>SSD Support<\/td>\n<td>M.2 NVME3.0 2280 protocol, up to 4TB (SSD isn\u2019t included)<\/td>\n<\/tr>\n<tr>\n<td><\/td>\n<td><\/td>\n<\/tr>\n<tr>\n<td>USB-A Port<\/td>\n<td>USB3.0*2<\/td>\n<\/tr>\n<tr>\n<td>Ethernet<\/td>\n<td>RJ-45(10\/100\/1000Mbps)<\/td>\n<\/tr>\n<tr>\n<td>WiFi<\/td>\n<td>WiFi 2.4G+5G dual band<\/td>\n<\/tr>\n<tr>\n<td>Playback and DAC Decoding<\/td>\n<td>Support up to stereo DSD512, PCM 768KHz 32Bit<\/td>\n<\/tr>\n<tr>\n<td><\/td>\n<td><\/td>\n<\/tr>\n<tr>\n<td>Music Service Streaming<\/td>\n<td>Tidal, Qobuz, Highresaudio, Amazon Music, Deezer, Radio Paradise, WebDAV, UPnP, Air Play, DLNA, Tidal Connect etc.<\/td>\n<\/tr>\n<tr>\n<td>Bluetooth Audio Audio Input<\/td>\n<td>Input BLuetooth BT5.0, support SBC\/AAC\/aptX\/aptX LL\/aptX HD\/LDAC<\/td>\n<\/tr>\n<tr>\n<td>USB-B Audio Input<\/td>\n<td>Supports Windows (10, 11), Android, IOS. Support up to stereo DSD512, PCM 768KHz 32Bit.<\/td>\n<\/tr>\n<tr>\n<td>Optical\/Coaxial Audio Input<\/td>\n<td>Support up to stereo PCM 192KHz 24Bit, Dop64<\/td>\n<\/tr>\n<tr>\n<td>HDMI ARC<\/td>\n<td>Support up to stereo PCM 192KHz 24Bit<\/td>\n<\/tr>\n<tr>\n<td><\/td>\n<td><\/td>\n<\/tr>\n<tr>\n<td>Analog preamp audio input<\/td>\n<td>XLR(Balanced)*1+RCA(Unbalanced), Maximum Gain +10d<\/td>\n<\/tr>\n<tr>\n<td>BUSB Audio Output<\/td>\n<td>Support up to stereo DSD512\uff0cPCM 768KHz 32Bit<\/td>\n<\/tr>\n<tr>\n<td>IIS Output<\/td>\n<td>Support up to stereo DSD512, PCM 768KHz 32Bit<\/td>\n<\/tr>\n<tr>\n<td>Optical\/Coaxial Audio Output<\/td>\n<td>Support up to stereo PCM 192KHz 24Bit, Dop64<\/td>\n<\/tr>\n<tr>\n<td>Analog Audio Output<\/td>\n<td>Preamp Audio Output:XLR(Balanced) + RCA (UnBalanced)<\/td>\n<\/tr>\n<tr>\n<td><\/td>\n<td><\/td>\n<\/tr>\n<tr>\n<td>XLR Output Audio Characteristics<\/td>\n<td>Output level: 4.2V<\/td>\n<\/tr>\n<tr>\n<td><\/td>\n<td>Frequency response: 20Hz~20KHz(\u00b10. 25dB)<\/td>\n<\/tr>\n<tr>\n<td><\/td>\n<td>Dynamic range: &gt; 128dB<\/td>\n<\/tr>\n<tr>\n<td><\/td>\n<td>SNR: &gt;128dB<\/td>\n<\/tr>\n<tr>\n<td><\/td>\n<td>THD+N: &lt;0.00009%(-120dB) @No-wt<\/td>\n<\/tr>\n<tr>\n<td><\/td>\n<td>Crosstalk: &gt;-121dB<\/td>\n<\/tr>\n<tr>\n<td><\/td>\n<td><\/td>\n<\/tr>\n<tr>\n<td>RCA Output Audio Characteristics<\/td>\n<td>Output level: 2.1V<\/td>\n<\/tr>\n<tr>\n<td><\/td>\n<td>Frequency response: 20Hz~20KHz (\u00b10. 25dB)<\/td>\n<\/tr>\n<tr>\n<td><\/td>\n<td>Dynamic range: &gt; 125dB<\/td>\n<\/tr>\n<tr>\n<td><\/td>\n<td>SNR: &gt;125dB<\/td>\n<\/tr>\n<tr>\n<td><\/td>\n<td>THD+N: &lt;0.00010%(-119dB)@A-WT<\/td>\n<\/tr>\n<tr>\n<td><\/td>\n<td>Crosstalk: &gt;-121dB<\/td>\n<\/tr>\n<tr>\n<td><\/td>\n<td><\/td>\n<\/tr>\n<tr>\n<td>Control Method<\/td>\n<td>Mobile App\uff0cTouch screen control\uff0cIR+Bluetooth remote control<\/td>\n<\/tr>\n<tr>\n<td>PSU<\/td>\n<td>AC 110~240V 50\/60HzRated<\/td>\n<\/tr>\n<tr>\n<td>Power<\/td>\n<td>16W<\/td>\n<\/tr>\n<tr>\n<td>Dimensions<\/td>\n<td>W 388mm*L 248mm* H 90mm<\/td>\n<\/tr>\n<tr>\n<td>Packing List<\/td>\n<td>Power cable*1, Remote Control*1\uff0cScrewdriver*1\uff0cuser manual*1<\/td>\n<\/tr>\n<\/tbody>\n<\/table>\n","protected":false},"excerpt":{"rendered":"<p>O DMP-A8 \u00e9 um novo produto de \u00e1udio criado pela Eversolo e \u00e9 capaz de quase tudo, combinando Music Streamer, DAP, DAC e Preamp, tudo em um \u00fanico dispositivo. Suporta quase todos os formatos de grava\u00e7\u00e3o master de amostragem ultra-alta dispon\u00edveis no mercado, incluindo formatos com qualidade de CD (FLAC, WAV, APE), DSD512 (.dsf\/.dff\/.iso\/.dst) est\u00e9reo\/multicanal [&hellip;]<\/p>\n","protected":false},"featured_media":27934,"template":"","meta":{"_acf_changed":false},"product_brand":[],"product_cat":[43,41,225,142],"product_tag":[],"class_list":{"0":"post-27836","1":"product","2":"type-product","3":"status-publish","4":"has-post-thumbnail","6":"product_cat-dac","7":"product_cat-digital","8":"product_cat-eversolo","9":"product_cat-streamers","11":"first","12":"instock","13":"sold-individually","14":"shipping-taxable","15":"purchasable","16":"product-type-simple"},"acf":[],"aioseo_notices":[],"_links":{"self":[{"href":"https:\/\/hificlub.com.br\/loja\/wp-json\/wp\/v2\/product\/27836","targetHints":{"allow":["GET"]}}],"collection":[{"href":"https:\/\/hificlub.com.br\/loja\/wp-json\/wp\/v2\/product"}],"about":[{"href":"https:\/\/hificlub.com.br\/loja\/wp-json\/wp\/v2\/types\/product"}],"wp:featuredmedia":[{"embeddable":true,"href":"https:\/\/hificlub.com.br\/loja\/wp-json\/wp\/v2\/media\/27934"}],"wp:attachment":[{"href":"https:\/\/hificlub.com.br\/loja\/wp-json\/wp\/v2\/media?parent=27836"}],"wp:term":[{"taxonomy":"product_brand","embeddable":true,"href":"https:\/\/hificlub.com.br\/loja\/wp-json\/wp\/v2\/product_brand?post=27836"},{"taxonomy":"product_cat","embeddable":true,"href":"https:\/\/hificlub.com.br\/loja\/wp-json\/wp\/v2\/product_cat?post=27836"},{"taxonomy":"product_tag","embeddable":true,"href":"https:\/\/hificlub.com.br\/loja\/wp-json\/wp\/v2\/product_tag?post=27836"}],"curies":[{"name":"wp","href":"https:\/\/api.w.org\/{rel}","templated":true}]}}