{"id":27816,"date":"2025-11-23T21:11:03","date_gmt":"2025-11-24T00:11:03","guid":{"rendered":"https:\/\/hificlub.com.br\/loja\/?post_type=product&#038;p=27816"},"modified":"2025-11-28T17:45:50","modified_gmt":"2025-11-28T20:45:50","slug":"arcam-st60-streamer-de-audio-de-rede-conversor-digital-analogico-dac-spotify-tidal-qobuz-deezer-napster-ethernet-wi-fi","status":"publish","type":"product","link":"https:\/\/hificlub.com.br\/loja\/produto\/arcam-st60-streamer-de-audio-de-rede-conversor-digital-analogico-dac-spotify-tidal-qobuz-deezer-napster-ethernet-wi-fi\/","title":{"rendered":"ARCAM ST60 &#8211; Streamer, DAC, Spotify, TIDAL, Qobuz, Deezer, Napster, Ethernet\/Wi-Fi"},"content":{"rendered":"<p data-path-to-node=\"1\">O <strong>ARCAM ST60<\/strong> \u00e9 um streamer de \u00e1udio de rede de alto desempenho que tamb\u00e9m funciona como um Conversor Digital-Anal\u00f3gico (DAC) de alta qualidade. Ele foi projetado para ser o complemento perfeito para a linha de amplificadores est\u00e9reo HDA da Arcam, mas pode ser usado com qualquer sistema de \u00e1udio de alta fidelidade.<\/p>\n<p data-path-to-node=\"2\"><strong>Recursos Principais<\/strong><\/p>\n<p data-path-to-node=\"3\">Qualidade de \u00c1udio O cora\u00e7\u00e3o do ST60 \u00e9 o DAC ESS9038Q2M Sabre de 32 bits, que suporta arquivos MQA (Master Quality Authenticated) para streaming de \u00e1udio de alta resolu\u00e7\u00e3o. Ele \u00e9 capaz de reproduzir formatos de \u00e1udio de alta resolu\u00e7\u00e3o como FLAC, WAV, AIFF, ALAC e DSD (at\u00e9 11.3MHz), al\u00e9m de formatos compactados. A qualidade sonora \u00e9 descrita como clara, aberta, detalhada e expressiva, com grande musicalidade e capacidade de transmitir a energia da m\u00fasica.<\/p>\n<p data-path-to-node=\"4\"><strong>Conectividade de Streaming<\/strong><\/p>\n<ul data-path-to-node=\"5\">\n<li>\n<p data-path-to-node=\"5,0,0\">Google Cast\/Chromecast<\/p>\n<\/li>\n<li>\n<p data-path-to-node=\"5,1,0\">Apple AirPlay 2<\/p>\n<\/li>\n<li>\n<p data-path-to-node=\"5,2,0\">uPnP\/DLNA<\/p>\n<\/li>\n<li>\n<p data-path-to-node=\"5,3,0\">Roon Ready (certificado para integra\u00e7\u00e3o com o software Roon)<\/p>\n<\/li>\n<li>\n<p data-path-to-node=\"5,4,0\">Streaming a partir dos principais servi\u00e7os como Tidal, Qobuz, Spotify Connect, Deezer e Napster.<\/p>\n<\/li>\n<\/ul>\n<p data-path-to-node=\"6\"><strong>Conex\u00f5es F\u00edsicas<\/strong><\/p>\n<ul data-path-to-node=\"7\">\n<li>\n<p data-path-to-node=\"7,0,0\">Sa\u00eddas Anal\u00f3gicas: XLR balanceadas e RCA (single-ended).<\/p>\n<\/li>\n<li>\n<p data-path-to-node=\"7,1,0\">Sa\u00eddas Digitais: Coaxial e \u00d3ptica (para conex\u00e3o com um DAC externo, permitindo que o ST60 funcione apenas como streamer).<\/p>\n<\/li>\n<li>\n<p data-path-to-node=\"7,2,0\">Entradas Digitais: 2x \u00d3pticas (at\u00e9 96 kHz) e 2x Coaxiais (at\u00e9 192 kHz), permitindo a conex\u00e3o de fontes externas como TVs ou consoles de jogos.<\/p>\n<\/li>\n<li>\n<p data-path-to-node=\"7,3,0\">Conex\u00e3o de Rede: Ethernet e Wi-Fi.<\/p>\n<\/li>\n<li>\n<p data-path-to-node=\"7,4,0\">Porta USB Tipo-A (para reprodu\u00e7\u00e3o de arquivos de \u00e1udio de dispositivos de armazenamento externos e atualiza\u00e7\u00f5es de software).<\/p>\n<\/li>\n<li>\n<p data-path-to-node=\"7,5,0\">Controle: Controle I\/P e RS232, incluindo compatibilidade com sistemas de automa\u00e7\u00e3o Control4 e Crestron.<\/p>\n<\/li>\n<\/ul>\n<p data-path-to-node=\"8\"><strong>Usabilidade e Controle<\/strong><\/p>\n<p data-path-to-node=\"8\">O ST60 pode ser controlado atrav\u00e9s de um controle remoto ou, de forma mais completa, atrav\u00e9s do aplicativo Arcam MusicLife (dispon\u00edvel para dispositivos m\u00f3veis). O painel frontal possui uma tela colorida que exibe informa\u00e7\u00f5es como capa do \u00e1lbum, nome do artista e faixa.<\/p>\n<p data-path-to-node=\"9\"><strong>Design e Constru\u00e7\u00e3o<\/strong><\/p>\n<p data-path-to-node=\"9\">O streamer adota o design s\u00f3brio e minimalista t\u00edpico da linha HDA da Arcam, com um chassi de alum\u00ednio.<\/p>\n<p data-path-to-node=\"10\">O <strong>ARCAM ST60<\/strong> \u00e9 um streamer de rede premium e um DAC vers\u00e1til, focado em oferecer uma excelente qualidade de som com suporte abrangente a formatos de \u00e1udio de alta resolu\u00e7\u00e3o e as principais plataformas de streaming.<\/p>\n","protected":false},"excerpt":{"rendered":"<p>O ARCAM ST60 \u00e9 um streamer de \u00e1udio de rede de alto desempenho que tamb\u00e9m funciona como um Conversor Digital-Anal\u00f3gico (DAC) de alta qualidade. Ele foi projetado para ser o complemento perfeito para a linha de amplificadores est\u00e9reo HDA da Arcam, mas pode ser usado com qualquer sistema de \u00e1udio de alta fidelidade. Recursos Principais [&hellip;]<\/p>\n","protected":false},"featured_media":28043,"template":"","meta":{"_acf_changed":false},"product_brand":[],"product_cat":[49,43,41,142],"product_tag":[],"class_list":{"0":"post-27816","1":"product","2":"type-product","3":"status-publish","4":"has-post-thumbnail","6":"product_cat-arcam","7":"product_cat-dac","8":"product_cat-digital","9":"product_cat-streamers","11":"first","12":"instock","13":"sold-individually","14":"shipping-taxable","15":"purchasable","16":"product-type-simple"},"acf":[],"aioseo_notices":[],"_links":{"self":[{"href":"https:\/\/hificlub.com.br\/loja\/wp-json\/wp\/v2\/product\/27816","targetHints":{"allow":["GET"]}}],"collection":[{"href":"https:\/\/hificlub.com.br\/loja\/wp-json\/wp\/v2\/product"}],"about":[{"href":"https:\/\/hificlub.com.br\/loja\/wp-json\/wp\/v2\/types\/product"}],"wp:featuredmedia":[{"embeddable":true,"href":"https:\/\/hificlub.com.br\/loja\/wp-json\/wp\/v2\/media\/28043"}],"wp:attachment":[{"href":"https:\/\/hificlub.com.br\/loja\/wp-json\/wp\/v2\/media?parent=27816"}],"wp:term":[{"taxonomy":"product_brand","embeddable":true,"href":"https:\/\/hificlub.com.br\/loja\/wp-json\/wp\/v2\/product_brand?post=27816"},{"taxonomy":"product_cat","embeddable":true,"href":"https:\/\/hificlub.com.br\/loja\/wp-json\/wp\/v2\/product_cat?post=27816"},{"taxonomy":"product_tag","embeddable":true,"href":"https:\/\/hificlub.com.br\/loja\/wp-json\/wp\/v2\/product_tag?post=27816"}],"curies":[{"name":"wp","href":"https:\/\/api.w.org\/{rel}","templated":true}]}}