{"id":27803,"date":"2025-11-23T18:50:17","date_gmt":"2025-11-23T21:50:17","guid":{"rendered":"https:\/\/hificlub.com.br\/loja\/?post_type=product&#038;p=27803"},"modified":"2026-03-03T22:15:03","modified_gmt":"2026-03-04T01:15:03","slug":"arcam-av41-processador-av-8k-9-1-6-canais-decodificacao-16-canais-dolby-atmos-dtsx-e-auro-3d-airplay-2-google-chromecast-bluetooth-aptx-hd-spotify-tidal-roon-ready","status":"publish","type":"product","link":"https:\/\/hificlub.com.br\/loja\/produto\/arcam-av41-processador-av-8k-9-1-6-canais-decodificacao-16-canais-dolby-atmos-dtsx-e-auro-3d-airplay-2-google-chromecast-bluetooth-aptx-hd-spotify-tidal-roon-ready\/","title":{"rendered":"ARCAM AV41 &#8211; Processador AV, 8k, 9.1.6 Canais, Decodifica\u00e7\u00e3o 16 Canais, Dolby Atmos, DTS:X e Auro-3D, AirPlay 2, Google Chromecast, Bluetooth aptX HD, Spotify, TIDAL, Roon Ready"},"content":{"rendered":"<div id=\"model-response-message-contentr_8269296d564d5bf7\" class=\"markdown markdown-main-panel enable-updated-hr-color\" dir=\"ltr\" aria-live=\"polite\">\n<p>O <strong>AV41<\/strong> \u00e9 um processador de \u00e1udio\/v\u00eddeo de alto desempenho que oferece realismo impressionante para a melhor experi\u00eancia de cinema em casa. Com decodifica\u00e7\u00e3o nativa de 16 canais de \u00e1udio imersivo Dolby Atmos, DTS:X e Auro-3D, o AV41 proporciona experi\u00eancias cinematogr\u00e1ficas incr\u00edveis em conjunto com os amplificadores de pot\u00eancia Arcam.<\/p>\n<p>O Arcam AV41 foi projetado com paix\u00e3o por m\u00fasica e filmes, dando vida a ambos com alta fidelidade e din\u00e2mica. O AV41 possui sa\u00eddas balanceadas XLR para todos os 16 canais, proporcionando a conex\u00e3o anal\u00f3gica da mais alta qualidade para amplificadores de pot\u00eancia.<\/p>\n<p data-path-to-node=\"1\"><strong>Principais Destaques do ARCAM AV41<\/strong><\/p>\n<ul data-path-to-node=\"2\">\n<li>\n<p data-path-to-node=\"2,0,0\">Processamento de Canais: O AV41 gerencia at\u00e9 16 canais de \u00e1udio, suportando configura\u00e7\u00f5es complexas como 9.1.6.<\/p>\n<\/li>\n<li>\n<p data-path-to-node=\"2,1,0\">Decodifica\u00e7\u00e3o de \u00c1udio Imersivo: \u00c9 compat\u00edvel com decodifica\u00e7\u00e3o nativa dos formatos de \u00e1udio 3D: Dolby Atmos, DTS:X e AURO-3D.<\/p>\n<\/li>\n<li>\n<p data-path-to-node=\"2,2,0\">Conex\u00f5es de Sa\u00edda Profissionais: Apresenta 16 canais de sa\u00edda balanceada XLR, al\u00e9m das sa\u00eddas RCA n\u00e3o balanceadas, o que \u00e9 ideal para sistemas high-end com cabos longos para amplificadores externos.<\/p>\n<\/li>\n<li>\n<p data-path-to-node=\"2,3,0\">Qualidade de \u00c1udio Audi\u00f3fila: A convers\u00e3o Digital-Anal\u00f3gica utiliza DACs duplos ESS 9026PRO e componentes de refer\u00eancia ESS, focando na pureza do sinal de \u00e1udio.<\/p>\n<\/li>\n<li>\n<p data-path-to-node=\"2,4,0\">V\u00eddeo de \u00daltima Gera\u00e7\u00e3o (HDMI 2.1): O processador est\u00e1 equipado com 7 entradas HDMI 2.1 e 3 sa\u00eddas HDMI. Todas as portas suportam 8K\/60fps e 4K\/120fps, e s\u00e3o compat\u00edveis com HDCP 2.3.<\/p>\n<\/li>\n<li>\n<p data-path-to-node=\"2,5,0\">Suporte HDR: Compatibilidade total com Dolby Vision, HDR10+, HDR10 e HLG.<\/p>\n<\/li>\n<li>\n<p data-path-to-node=\"2,6,0\">Corre\u00e7\u00e3o Ac\u00fastica: Inclui o sistema Dirac Live\u00ae para calibra\u00e7\u00e3o e otimiza\u00e7\u00e3o do som na sala. \u00c9 compat\u00edvel com o upgrade Dirac Live Bass Control (opcional).<\/p>\n<\/li>\n<li>\n<p data-path-to-node=\"2,7,0\">Streaming Integrado: Oferece conectividade completa para streaming: Apple AirPlay 2, Google Chromecast, Bluetooth aptX HD, Spotify Connect, TIDAL Connect e \u00e9 Roon Ready.<\/p>\n<\/li>\n<\/ul>\n<p data-path-to-node=\"3\">O <strong>AV41<\/strong> \u00e9 a op\u00e7\u00e3o premium da ARCAM para quem busca a m\u00e1xima qualidade de processamento, flexibilidade de sistema e a capacidade de escolher e emparelhar amplificadores de pot\u00eancia de alto n\u00edvel.<\/p>\n<p data-path-to-node=\"4\">\n<\/div>\n","protected":false},"excerpt":{"rendered":"<p>O AV41 \u00e9 um processador de \u00e1udio\/v\u00eddeo de alto desempenho que oferece realismo impressionante para a melhor experi\u00eancia de cinema em casa. Com decodifica\u00e7\u00e3o nativa de 16 canais de \u00e1udio imersivo Dolby Atmos, DTS:X e Auro-3D, o AV41 proporciona experi\u00eancias cinematogr\u00e1ficas incr\u00edveis em conjunto com os amplificadores de pot\u00eancia Arcam. O Arcam AV41 foi projetado [&hellip;]<\/p>\n","protected":false},"featured_media":27804,"template":"","meta":{"_acf_changed":false},"product_brand":[],"product_cat":[49,21,22],"product_tag":[],"class_list":{"0":"post-27803","1":"product","2":"type-product","3":"status-publish","4":"has-post-thumbnail","6":"product_cat-arcam","7":"product_cat-home-theater","8":"product_cat-receivers","10":"first","11":"instock","12":"sold-individually","13":"shipping-taxable","14":"product-type-simple"},"acf":[],"aioseo_notices":[],"_links":{"self":[{"href":"https:\/\/hificlub.com.br\/loja\/wp-json\/wp\/v2\/product\/27803","targetHints":{"allow":["GET"]}}],"collection":[{"href":"https:\/\/hificlub.com.br\/loja\/wp-json\/wp\/v2\/product"}],"about":[{"href":"https:\/\/hificlub.com.br\/loja\/wp-json\/wp\/v2\/types\/product"}],"wp:featuredmedia":[{"embeddable":true,"href":"https:\/\/hificlub.com.br\/loja\/wp-json\/wp\/v2\/media\/27804"}],"wp:attachment":[{"href":"https:\/\/hificlub.com.br\/loja\/wp-json\/wp\/v2\/media?parent=27803"}],"wp:term":[{"taxonomy":"product_brand","embeddable":true,"href":"https:\/\/hificlub.com.br\/loja\/wp-json\/wp\/v2\/product_brand?post=27803"},{"taxonomy":"product_cat","embeddable":true,"href":"https:\/\/hificlub.com.br\/loja\/wp-json\/wp\/v2\/product_cat?post=27803"},{"taxonomy":"product_tag","embeddable":true,"href":"https:\/\/hificlub.com.br\/loja\/wp-json\/wp\/v2\/product_tag?post=27803"}],"curies":[{"name":"wp","href":"https:\/\/api.w.org\/{rel}","templated":true}]}}