{"id":27782,"date":"2025-11-23T17:50:06","date_gmt":"2025-11-23T20:50:06","guid":{"rendered":"https:\/\/hificlub.com.br\/loja\/?post_type=product&#038;p=27782"},"modified":"2026-03-03T22:15:04","modified_gmt":"2026-03-04T01:15:04","slug":"arcam-avr11-receiver-av-8k-7-canais-classe-ab-dolby-atmos-dtsx-e-auro-3d-bluetooth-60-watts","status":"publish","type":"product","link":"https:\/\/hificlub.com.br\/loja\/produto\/arcam-avr11-receiver-av-8k-7-canais-classe-ab-dolby-atmos-dtsx-e-auro-3d-bluetooth-60-watts\/","title":{"rendered":"ARCAM AVR11 &#8211; Receiver AV, 8k, 7.2 Canais, Classe AB, Dolby Atmos, DTS:X e AURO-3D, Bluetooth, 60 Watts"},"content":{"rendered":"<p data-path-to-node=\"0\">O <strong>ARCAM AVR11<\/strong> \u00e9 um receiver de alto desempenho projetado para oferecer uma experi\u00eancia de cinema em casa imersiva e de alta fidelidade musical.<\/p>\n<p data-path-to-node=\"2,0,0\"><strong>Amplifica\u00e7\u00e3o<\/strong><\/p>\n<p data-path-to-node=\"2,0,0\">Possui 7 canais de amplifica\u00e7\u00e3o Classe AB, baseada nos amplificadores est\u00e9reo da Arcam, garantindo um som potente e limpo. A pot\u00eancia \u00e9 de 80W por canal (8 ohms, 20-20.000 Hz, 0,02% THD) ou 60W por canal com 7 canais acionados (1kHz, 0,2% THD).<\/p>\n<p data-path-to-node=\"2,1,0\"><strong>Processamento de \u00c1udio<\/strong><\/p>\n<p data-path-to-node=\"2,1,0\">Suporta decodifica\u00e7\u00e3o de \u00e1udio imersivo 7.1.4 canais, incluindo Dolby Atmos, DTS:X e AURO-3D. Utiliza DACs duplos ESS 9026PRO (Digital-to-Analog Converters) de n\u00edvel audi\u00f3filo para qualidade de som superior.<\/p>\n<p data-path-to-node=\"2,2,0\"><strong>Corre\u00e7\u00e3o Ac\u00fastica<\/strong><\/p>\n<p data-path-to-node=\"2,2,0\">Inclui o sistema de corre\u00e7\u00e3o ac\u00fastica de ambiente Dirac Live\u00ae com microfone de calibra\u00e7\u00e3o, permitindo otimizar o desempenho de \u00e1udio para as caracter\u00edsticas espec\u00edficas da sala. \u00c9 tamb\u00e9m compat\u00edvel com o Dirac Live Bass Control (licen\u00e7a vendida separadamente).<\/p>\n<p data-path-to-node=\"2,3,0\"><strong>V\u00eddeo<\/strong><\/p>\n<p data-path-to-node=\"2,3,0\">\u00c9 compat\u00edvel com as especifica\u00e7\u00f5es HDMI 2.1 e HDCP 2.3. Suporta 8K\/60Hz e 4K\/120Hz em todas as suas 7 entradas HDMI. Tamb\u00e9m suporta formatos HDR como Dolby Vision, HDR10+, HDR10 e HLG. Possui 2 sa\u00eddas HDMI, uma delas com suporte a eARC (Enhanced Audio Return Channel).<\/p>\n<p data-path-to-node=\"2,4,0\"><strong>Conectividade e Streaming<\/strong><\/p>\n<p data-path-to-node=\"2,4,0\">Oferece diversas op\u00e7\u00f5es de streaming de \u00e1udio, incluindo Apple AirPlay 2, Google Chromecast integrado, Bluetooth aptX HD, Spotify Connect, TIDAL Connect e UPnP com o aplicativo MusicLife. \u00c9 tamb\u00e9m Roon Ready.<\/p>\n<p data-path-to-node=\"2,5,0\"><strong>Expans\u00e3o<\/strong><\/p>\n<p data-path-to-node=\"2,5,0\">Possui 11.2 canais de pr\u00e9-sa\u00edda, permitindo a expans\u00e3o do sistema (por exemplo, para uma configura\u00e7\u00e3o 7.1.4) com a adi\u00e7\u00e3o de amplificadores externos.<\/p>\n<p data-path-to-node=\"3\">O <strong>AVR11<\/strong> \u00e9 um receptor que equilibra o desempenho de home theater (com recursos avan\u00e7ados de v\u00eddeo e som surround) com a musicalidade de \u00e1udio de alta fidelidade, sendo um dos destaques da linha de receivers ARCAM.<\/p>\n","protected":false},"excerpt":{"rendered":"<p>O ARCAM AVR11 \u00e9 um receiver de alto desempenho projetado para oferecer uma experi\u00eancia de cinema em casa imersiva e de alta fidelidade musical. Amplifica\u00e7\u00e3o Possui 7 canais de amplifica\u00e7\u00e3o Classe AB, baseada nos amplificadores est\u00e9reo da Arcam, garantindo um som potente e limpo. A pot\u00eancia \u00e9 de 80W por canal (8 ohms, 20-20.000 Hz, [&hellip;]<\/p>\n","protected":false},"featured_media":27783,"template":"","meta":{"_acf_changed":false},"product_brand":[],"product_cat":[49,21,22],"product_tag":[],"class_list":{"0":"post-27782","1":"product","2":"type-product","3":"status-publish","4":"has-post-thumbnail","6":"product_cat-arcam","7":"product_cat-home-theater","8":"product_cat-receivers","10":"first","11":"instock","12":"sold-individually","13":"shipping-taxable","14":"purchasable","15":"product-type-simple"},"acf":[],"aioseo_notices":[],"_links":{"self":[{"href":"https:\/\/hificlub.com.br\/loja\/wp-json\/wp\/v2\/product\/27782","targetHints":{"allow":["GET"]}}],"collection":[{"href":"https:\/\/hificlub.com.br\/loja\/wp-json\/wp\/v2\/product"}],"about":[{"href":"https:\/\/hificlub.com.br\/loja\/wp-json\/wp\/v2\/types\/product"}],"wp:featuredmedia":[{"embeddable":true,"href":"https:\/\/hificlub.com.br\/loja\/wp-json\/wp\/v2\/media\/27783"}],"wp:attachment":[{"href":"https:\/\/hificlub.com.br\/loja\/wp-json\/wp\/v2\/media?parent=27782"}],"wp:term":[{"taxonomy":"product_brand","embeddable":true,"href":"https:\/\/hificlub.com.br\/loja\/wp-json\/wp\/v2\/product_brand?post=27782"},{"taxonomy":"product_cat","embeddable":true,"href":"https:\/\/hificlub.com.br\/loja\/wp-json\/wp\/v2\/product_cat?post=27782"},{"taxonomy":"product_tag","embeddable":true,"href":"https:\/\/hificlub.com.br\/loja\/wp-json\/wp\/v2\/product_tag?post=27782"}],"curies":[{"name":"wp","href":"https:\/\/api.w.org\/{rel}","templated":true}]}}