{"id":27756,"date":"2025-11-21T17:51:11","date_gmt":"2025-11-21T20:51:11","guid":{"rendered":"https:\/\/hificlub.com.br\/loja\/?post_type=product&#038;p=27756"},"modified":"2026-03-03T22:15:05","modified_gmt":"2026-03-04T01:15:05","slug":"arcam-a25-amplificador-integrado-100-watts","status":"publish","type":"product","link":"https:\/\/hificlub.com.br\/loja\/produto\/arcam-a25-amplificador-integrado-100-watts\/","title":{"rendered":"ARCAM A25 &#8211; Amplificador Integrado, Bluetooth, DAC, MM Phono 100 watts"},"content":{"rendered":"<p data-path-to-node=\"0\">O <strong>ARCAM A25<\/strong> \u00e9 um amplificador integrado de alta fidelidade que \u00e9 o modelo topo de linha da s\u00e9rie Radia da Arcam.<\/p>\n<p data-path-to-node=\"1\"><b>Principais Caracter\u00edsticas<\/b><\/p>\n<ul data-path-to-node=\"2\">\n<li>\n<p data-path-to-node=\"2,0,0\">Amplifica\u00e7\u00e3o Classe G: Ele utiliza a tecnologia propriet\u00e1ria Classe G de quinta gera\u00e7\u00e3o da Arcam. Esta tecnologia combina a pureza sonora da Classe A em baixos volumes com a efici\u00eancia e alta pot\u00eancia da Classe AB quando necess\u00e1rio, garantindo desempenho de \u00e1udio de alta qualidade e efici\u00eancia energ\u00e9tica.<\/p>\n<\/li>\n<li>\n<p data-path-to-node=\"2,1,0\">Pot\u00eancia: Oferece 100 Watts cont\u00ednuos por canal em 8 Ohms.<\/p>\n<\/li>\n<li>\n<p data-path-to-node=\"2,2,0\">DAC de Alta Resolu\u00e7\u00e3o: Possui um conversor Digital-Anal\u00f3gico (DAC) ESS Sabre ES9280A PRO de alto desempenho, suportando \u00e1udio de alta resolu\u00e7\u00e3o.<\/p>\n<\/li>\n<li>\n<p data-path-to-node=\"2,3,0\">Conectividade Digital Moderna: Inclui uma entrada USB-C, que permite a conex\u00e3o direta com computadores (PC\/Mac) para reprodu\u00e7\u00e3o de \u00e1udio de alta resolu\u00e7\u00e3o.<\/p>\n<\/li>\n<li>\n<p data-path-to-node=\"2,4,0\">Bluetooth AptX Adaptive: Possui Bluetooth de alta qualidade, bidirecional, que suporta o codec AptX Adaptive, oferecendo streaming sem fio de alta fidelidade e permitindo a conex\u00e3o com fones de ouvido sem fio.<\/p>\n<\/li>\n<li>\n<p data-path-to-node=\"2,5,0\">Entrada Phono (MM): Inclui um pr\u00e9-amplificador phono dedicado para c\u00e1psulas Moving Magnet (MM), ideal para toca-discos de vinil.<\/p>\n<\/li>\n<li>\n<p data-path-to-node=\"2,6,0\">Conex\u00f5es: Conta com v\u00e1rias entradas anal\u00f3gicas (RCA) e digitais (coaxial e \u00f3ptica), al\u00e9m de uma sa\u00edda pr\u00e9-amplificada.<\/p>\n<\/li>\n<\/ul>\n<p data-path-to-node=\"3\">O <strong>ARCAM A25<\/strong> \u00e9 projetado para audi\u00f3filos que buscam um amplificador potente e moderno, com capacidade de lidar com todas as fontes de m\u00fasica, desde vinil at\u00e9 \u00e1udio digital de alta resolu\u00e7\u00e3o, com um som caracterizado por ser rico, detalhado e musicalmente envolvente.<\/p>\n","protected":false},"excerpt":{"rendered":"<p>O ARCAM A25 \u00e9 um amplificador integrado de alta fidelidade que \u00e9 o modelo topo de linha da s\u00e9rie Radia da Arcam. Principais Caracter\u00edsticas Amplifica\u00e7\u00e3o Classe G: Ele utiliza a tecnologia propriet\u00e1ria Classe G de quinta gera\u00e7\u00e3o da Arcam. Esta tecnologia combina a pureza sonora da Classe A em baixos volumes com a efici\u00eancia e [&hellip;]<\/p>\n","protected":false},"featured_media":27757,"template":"","meta":{"_acf_changed":false},"product_brand":[],"product_cat":[27,49,51],"product_tag":[],"class_list":{"0":"post-27756","1":"product","2":"type-product","3":"status-publish","4":"has-post-thumbnail","6":"product_cat-amplificador","7":"product_cat-arcam","8":"product_cat-integrado","10":"first","11":"instock","12":"sold-individually","13":"shipping-taxable","14":"product-type-simple"},"acf":[],"aioseo_notices":[],"_links":{"self":[{"href":"https:\/\/hificlub.com.br\/loja\/wp-json\/wp\/v2\/product\/27756","targetHints":{"allow":["GET"]}}],"collection":[{"href":"https:\/\/hificlub.com.br\/loja\/wp-json\/wp\/v2\/product"}],"about":[{"href":"https:\/\/hificlub.com.br\/loja\/wp-json\/wp\/v2\/types\/product"}],"wp:featuredmedia":[{"embeddable":true,"href":"https:\/\/hificlub.com.br\/loja\/wp-json\/wp\/v2\/media\/27757"}],"wp:attachment":[{"href":"https:\/\/hificlub.com.br\/loja\/wp-json\/wp\/v2\/media?parent=27756"}],"wp:term":[{"taxonomy":"product_brand","embeddable":true,"href":"https:\/\/hificlub.com.br\/loja\/wp-json\/wp\/v2\/product_brand?post=27756"},{"taxonomy":"product_cat","embeddable":true,"href":"https:\/\/hificlub.com.br\/loja\/wp-json\/wp\/v2\/product_cat?post=27756"},{"taxonomy":"product_tag","embeddable":true,"href":"https:\/\/hificlub.com.br\/loja\/wp-json\/wp\/v2\/product_tag?post=27756"}],"curies":[{"name":"wp","href":"https:\/\/api.w.org\/{rel}","templated":true}]}}