{"id":27668,"date":"2025-11-19T10:21:45","date_gmt":"2025-11-19T13:21:45","guid":{"rendered":"https:\/\/hificlub.com.br\/loja\/?post_type=product&#038;p=27668"},"modified":"2026-03-03T22:15:05","modified_gmt":"2026-03-04T01:15:05","slug":"meze-105-aer-fone-de-ouvido-aberto-e-adaptavel","status":"publish","type":"product","link":"https:\/\/hificlub.com.br\/loja\/produto\/meze-105-aer-fone-de-ouvido-aberto-e-adaptavel\/","title":{"rendered":"MEZE 105 AER &#8211; Fone de Ouvido Aberto e Adapt\u00e1vel"},"content":{"rendered":"<p data-path-to-node=\"2\">O <strong>Meze 105 AER<\/strong> \u00e9 um fone de ouvido over-ear que faz parte da linha de entrada da aclamada fabricante romena Meze Audio, conhecida por combinar alta fidelidade de \u00e1udio com um design est\u00e9tico sofisticado e confort\u00e1vel.<\/p>\n<p data-path-to-node=\"2\">Com um som rico e vers\u00e1til, o 105 AER foi criado para quem valoriza uma conex\u00e3o mais profunda com a m\u00fasica \u2014 um fone de ouvido aberto e adapt\u00e1vel, perfeito para todos os g\u00eaneros musicais. Fabricado inteiramente com materiais premium, o 105 AER oferece uma experi\u00eancia de audi\u00e7\u00e3o t\u00e3o confort\u00e1vel e envolvente que voc\u00ea se esquecer\u00e1 de que est\u00e1 usando fones de ouvido.<\/p>\n<p data-path-to-node=\"3\"><b>Design e Conforto<\/b><\/p>\n<p data-path-to-node=\"4\">O &#8220;AER&#8221; neste nome (possivelmente uma refer\u00eancia ao ar ou \u00e0 leveza) enfatiza a filosofia de design: criar um fone que seja extremamente leve e confort\u00e1vel para longas sess\u00f5es de audi\u00e7\u00e3o. A Meze utiliza uma combina\u00e7\u00e3o de materiais como o <b>madeira<\/b> no <i>earcup<\/i> (concha) e a <b>al\u00e7a de cabe\u00e7a autoajust\u00e1vel<\/b> (suspens\u00e3o) que distribui o peso de forma uniforme, eliminando pontos de press\u00e3o. Este foco no conforto \u00e9 uma marca registrada da Meze.<\/p>\n<p data-path-to-node=\"5\"><b>Desempenho Sonoro<\/b><\/p>\n<p data-path-to-node=\"6\">O 105 AER \u00e9 projetado para oferecer uma experi\u00eancia sonora musical, envolvente e natural, diferente da sonoridade excessivamente anal\u00edtica.<\/p>\n<ul data-path-to-node=\"7\">\n<li>\n<p data-path-to-node=\"7,0,0\">Timbre: O som \u00e9 frequentemente caracterizado por ser quente e org\u00e2nico, com especial aten\u00e7\u00e3o \u00e0 regi\u00e3o de m\u00e9dios, o que beneficia vozes e instrumentos ac\u00fasticos.<\/p>\n<\/li>\n<li>\n<p data-path-to-node=\"7,1,0\">Graves: O baixo \u00e9 tipicamente completo e texturizado, mas sem dominar as outras frequ\u00eancias.<\/p>\n<\/li>\n<li>\n<p data-path-to-node=\"7,2,0\">Abertura: Ele \u00e9 constru\u00eddo para ser um fone aberto (open-back), o que permite que o ar passe livremente pelos <i>earcups<\/i>. Isso contribui para um palco sonoro amplo e arejado, dando \u00e0 m\u00fasica uma sensa\u00e7\u00e3o de espa\u00e7o e profundidade.<\/p>\n<\/li>\n<\/ul>\n<p data-path-to-node=\"8\"><b>Constru\u00e7\u00e3o<\/b><\/p>\n<p data-path-to-node=\"9\">Fiel \u00e0 sua heran\u00e7a, o 105 AER mant\u00e9m a est\u00e9tica de luxo da Meze, com um design ergon\u00f4mico e a aten\u00e7\u00e3o aos detalhes na fabrica\u00e7\u00e3o, o que o torna um produto visualmente atraente.<\/p>\n<p data-path-to-node=\"10\">O <strong>Meze 105 AER<\/strong> \u00e9 um fone de ouvido que prioriza o conforto e uma sonoridade rica e musical, sendo uma excelente op\u00e7\u00e3o para audi\u00f3filos que buscam um fone aberto para audi\u00e7\u00e3o relaxada e envolvente.<\/p>\n","protected":false},"excerpt":{"rendered":"<p>O Meze 105 AER \u00e9 um fone de ouvido over-ear que faz parte da linha de entrada da aclamada fabricante romena Meze Audio, conhecida por combinar alta fidelidade de \u00e1udio com um design est\u00e9tico sofisticado e confort\u00e1vel. Com um som rico e vers\u00e1til, o 105 AER foi criado para quem valoriza uma conex\u00e3o mais profunda [&hellip;]<\/p>\n","protected":false},"featured_media":27675,"template":"","meta":{"_acf_changed":false},"product_brand":[],"product_cat":[89,107,270],"product_tag":[],"class_list":{"0":"post-27668","1":"product","2":"type-product","3":"status-publish","4":"has-post-thumbnail","6":"product_cat-acessorios","7":"product_cat-fones-de-ouvido","8":"product_cat-meze","10":"first","11":"instock","12":"sold-individually","13":"shipping-taxable","14":"purchasable","15":"product-type-simple"},"acf":[],"aioseo_notices":[],"_links":{"self":[{"href":"https:\/\/hificlub.com.br\/loja\/wp-json\/wp\/v2\/product\/27668","targetHints":{"allow":["GET"]}}],"collection":[{"href":"https:\/\/hificlub.com.br\/loja\/wp-json\/wp\/v2\/product"}],"about":[{"href":"https:\/\/hificlub.com.br\/loja\/wp-json\/wp\/v2\/types\/product"}],"wp:featuredmedia":[{"embeddable":true,"href":"https:\/\/hificlub.com.br\/loja\/wp-json\/wp\/v2\/media\/27675"}],"wp:attachment":[{"href":"https:\/\/hificlub.com.br\/loja\/wp-json\/wp\/v2\/media?parent=27668"}],"wp:term":[{"taxonomy":"product_brand","embeddable":true,"href":"https:\/\/hificlub.com.br\/loja\/wp-json\/wp\/v2\/product_brand?post=27668"},{"taxonomy":"product_cat","embeddable":true,"href":"https:\/\/hificlub.com.br\/loja\/wp-json\/wp\/v2\/product_cat?post=27668"},{"taxonomy":"product_tag","embeddable":true,"href":"https:\/\/hificlub.com.br\/loja\/wp-json\/wp\/v2\/product_tag?post=27668"}],"curies":[{"name":"wp","href":"https:\/\/api.w.org\/{rel}","templated":true}]}}