{"id":27645,"date":"2025-11-18T17:42:28","date_gmt":"2025-11-18T20:42:28","guid":{"rendered":"https:\/\/hificlub.com.br\/loja\/?post_type=product&#038;p=27645"},"modified":"2026-03-03T22:15:05","modified_gmt":"2026-03-04T01:15:05","slug":"mcintosh-msa5500-amplificador-integrado-de-streaming-de-2-canais-100-watts-x-2-channels","status":"publish","type":"product","link":"https:\/\/hificlub.com.br\/loja\/produto\/mcintosh-msa5500-amplificador-integrado-de-streaming-de-2-canais-100-watts-x-2-channels\/","title":{"rendered":"McINTOSH MSA5500 &#8211; Amplificador Integrado de Streaming, 100 Watts x 2 Canais"},"content":{"rendered":"<p data-path-to-node=\"3\">O <strong>McIntosh MSA5500<\/strong> \u00e9 um amplificador integrado est\u00e9reo que encarna o compromisso da McIntosh com a pot\u00eancia, a confiabilidade e a musicalidade de luxo. Ele \u00e9 projetado para ser uma solu\u00e7\u00e3o completa de \u00e1udio est\u00e9reo, combinando um pr\u00e9-amplificador de alta qualidade com um amplificador de pot\u00eancia em um \u00fanico chassi.<\/p>\n<p data-path-to-node=\"3\">O <strong>amplificador integrado MSA5500 Streaming<\/strong> \u00e9, ao mesmo tempo, um reprodutor de m\u00fasica completo e um potente amplificador integrado. Ele pode ser a pe\u00e7a central do seu sistema de \u00e1udio, seja para quem est\u00e1 come\u00e7ando a explorar o \u00e1udio de alta fidelidade, para complementar um sistema existente ou para uso no escrit\u00f3rio ou na casa de f\u00e9rias. Com design impec\u00e1vel e tamanho compacto, o MSA5500 foi projetado sob medida para espa\u00e7os modernos, sendo a escolha ideal para quem busca \u00e1udio premium em ambientes menores.<\/p>\n<p data-path-to-node=\"3\">The MSA5500 is compatible with a multitude of leading streaming technologies and platforms including Apple<sup>\u00ae<\/sup>\u00a0AirPlay<sup>\u00ae<\/sup>; Bluetooth<sup>\u00ae<\/sup>; Google Cast\u2122 (formerly Chromecast);\u00a0Qobuz Connect;\u00a0Spotify<sup>\u00ae<\/sup>\u00a0Connect\u00a0(including Spotify Lossless); and\u00a0TIDAL<sup>\u00ae<\/sup>\u00a0Connect\u00a0(including TIDAL Max). No special control app or technical skills are needed; the easy-to-use MSA5500 invites you to simply stream your music directly from your smart device.<sup>1<\/sup>\u00a0If you&#8217;ve been using a lower quality wireless home sound system, then listening to your favorite tracks through the MSA5500 will be like hearing them again for the first time.<\/p>\n<p data-path-to-node=\"4\"><b>Pot\u00eancia e Design de \u00c1udio<\/b><\/p>\n<p data-path-to-node=\"5\">O amplificador \u00e9 constru\u00eddo com foco na entrega de energia e na estabilidade. Ele \u00e9 tipicamente um design de estado s\u00f3lido (transistorizado) que incorpora os famosos transformadores de sa\u00edda <b>Autoformer<\/b> da McIntosh. A principal fun\u00e7\u00e3o do Autoformer \u00e9 garantir que o amplificador entregue sua pot\u00eancia total a caixas ac\u00fasticas com qualquer imped\u00e2ncia (2, 4 ou 8 Ohms) sem estresse, garantindo uma resposta de frequ\u00eancia plana e controle superior.<\/p>\n<p data-path-to-node=\"6\"><b>Seguran\u00e7a e Confiabilidade<\/b><\/p>\n<p data-path-to-node=\"7\">Como em todos os equipamentos McIntosh, o MSA5500 inclui o circuito de prote\u00e7\u00e3o patenteado <b>Power Guard<\/b>. Este sistema monitora constantemente a forma de onda de sa\u00edda e impede o <i>clipping<\/i> (satura\u00e7\u00e3o), protegendo tanto o amplificador quanto as caixas ac\u00fasticas de qualquer dano, ao mesmo tempo que preserva a pureza do som.<\/p>\n<p data-path-to-node=\"8\"><b>Funcionalidade e Est\u00e9tica<\/b><\/p>\n<p data-path-to-node=\"9\">O design externo \u00e9 inconfund\u00edvel. O amplificador exibe o painel frontal de vidro preto cl\u00e1ssico da McIntosh, bot\u00f5es de controle cromados e, mais importante, os ic\u00f4nicos medidores de pot\u00eancia azuis (Watt\u00edmetros), que fornecem uma indica\u00e7\u00e3o visual precisa da pot\u00eancia de sa\u00edda. Ele \u00e9 um hub vers\u00e1til, que geralmente inclui diversas entradas anal\u00f3gicas, incluindo uma entrada Phono de alta qualidade, e pode ser equipado com um m\u00f3dulo DAC digital para fontes modernas.<\/p>\n<p data-path-to-node=\"10\">O <strong>McIntosh MSA5500<\/strong> \u00e9 um amplificador integrado de luxo, ideal para audi\u00f3filos que buscam a combina\u00e7\u00e3o de pot\u00eancia pura, seguran\u00e7a tecnol\u00f3gica e a est\u00e9tica atemporal que define a marca McIntosh.<\/p>\n","protected":false},"excerpt":{"rendered":"<p>O McIntosh MSA5500 \u00e9 um amplificador integrado est\u00e9reo que encarna o compromisso da McIntosh com a pot\u00eancia, a confiabilidade e a musicalidade de luxo. Ele \u00e9 projetado para ser uma solu\u00e7\u00e3o completa de \u00e1udio est\u00e9reo, combinando um pr\u00e9-amplificador de alta qualidade com um amplificador de pot\u00eancia em um \u00fanico chassi. O amplificador integrado MSA5500 Streaming [&hellip;]<\/p>\n","protected":false},"featured_media":27646,"template":"","meta":{"_acf_changed":false},"product_brand":[],"product_cat":[27,51,39],"product_tag":[],"class_list":{"0":"post-27645","1":"product","2":"type-product","3":"status-publish","4":"has-post-thumbnail","6":"product_cat-amplificador","7":"product_cat-integrado","8":"product_cat-mcintosh","10":"first","11":"instock","12":"sold-individually","13":"shipping-taxable","14":"product-type-simple"},"acf":[],"aioseo_notices":[],"_links":{"self":[{"href":"https:\/\/hificlub.com.br\/loja\/wp-json\/wp\/v2\/product\/27645","targetHints":{"allow":["GET"]}}],"collection":[{"href":"https:\/\/hificlub.com.br\/loja\/wp-json\/wp\/v2\/product"}],"about":[{"href":"https:\/\/hificlub.com.br\/loja\/wp-json\/wp\/v2\/types\/product"}],"wp:featuredmedia":[{"embeddable":true,"href":"https:\/\/hificlub.com.br\/loja\/wp-json\/wp\/v2\/media\/27646"}],"wp:attachment":[{"href":"https:\/\/hificlub.com.br\/loja\/wp-json\/wp\/v2\/media?parent=27645"}],"wp:term":[{"taxonomy":"product_brand","embeddable":true,"href":"https:\/\/hificlub.com.br\/loja\/wp-json\/wp\/v2\/product_brand?post=27645"},{"taxonomy":"product_cat","embeddable":true,"href":"https:\/\/hificlub.com.br\/loja\/wp-json\/wp\/v2\/product_cat?post=27645"},{"taxonomy":"product_tag","embeddable":true,"href":"https:\/\/hificlub.com.br\/loja\/wp-json\/wp\/v2\/product_tag?post=27645"}],"curies":[{"name":"wp","href":"https:\/\/api.w.org\/{rel}","templated":true}]}}