{"id":27637,"date":"2025-11-18T17:24:20","date_gmt":"2025-11-18T20:24:20","guid":{"rendered":"https:\/\/hificlub.com.br\/loja\/?post_type=product&#038;p=27637"},"modified":"2026-03-03T22:15:05","modified_gmt":"2026-03-04T01:15:05","slug":"mcintosh-mc255-amplificador-de-potencia-multicanal-250-watts-x-3-channels-or-200-watts-x-5-channels","status":"publish","type":"product","link":"https:\/\/hificlub.com.br\/loja\/produto\/mcintosh-mc255-amplificador-de-potencia-multicanal-250-watts-x-3-channels-or-200-watts-x-5-channels\/","title":{"rendered":"MCINTOSH MC255 &#8211; Amplificador de Pot\u00eancia Multicanal, 250 Watts x 3-Channels or 200 Watts x 5-Channels"},"content":{"rendered":"<p data-path-to-node=\"2\">O <strong>McIntosh MC255<\/strong> \u00e9 um amplificador de pot\u00eancia multicanal de alto desempenho, projetado para entusiastas de home theater que buscam a lend\u00e1ria qualidade de \u00e1udio e o estilo ic\u00f4nico da McIntosh. Ele \u00e9 constru\u00eddo para ser o cora\u00e7\u00e3o de um sistema de cinema em casa de luxo.<\/p>\n<p data-path-to-node=\"2\">Al\u00e9m do novo medidor TripleView, o MC255 recebeu diversas outras melhorias de desempenho para proporcionar uma experi\u00eancia cinematogr\u00e1fica inesquec\u00edvel em seu home theater. A capacidade de filtragem foi aumentada em 50%, o que mais que dobrou a margem din\u00e2mica de 1,7 dB para 3,6 dB \u2013 um recurso fundamental em um amplificador de home theater \u2013 al\u00e9m de aprimorar o desempenho das baixas frequ\u00eancias. Ao utilizar apenas os canais frontais esquerdo, central e direito, a pot\u00eancia de sa\u00edda foi aumentada em 25%, de 200 Watts por canal (WPC) para 250 WPC. Ao utilizar todos os 5 canais, cada um receber\u00e1 200 WPC. Independentemente do n\u00famero de canais utilizados, os 200 ou 250 Watts s\u00e3o entregues integralmente \u00e0s caixas ac\u00fasticas de 4 ou 8 Ohms por meio da nossa tecnologia Dynamic Power Manager\u00ae (DPM).<\/p>\n<p data-path-to-node=\"3\"><b>Design e Pot\u00eancia Flex\u00edvel<\/b><\/p>\n<p data-path-to-node=\"4\">O MC255 \u00e9 um amplificador de cinco canais, mas possui um recurso de design inteligente que o distingue: ele pode ser configurado para operar em tr\u00eas canais com uma pot\u00eancia significativamente maior para os canais frontais (Left, Center, Right). Essa flexibilidade permite ao usu\u00e1rio adaptar o amplificador para fornecer a pot\u00eancia m\u00e1xima exatamente onde \u00e9 mais necess\u00e1ria.<\/p>\n<p data-path-to-node=\"5\"><b>Tecnologia e Qualidade Sonora<\/b><\/p>\n<p data-path-to-node=\"6\">Como todos os amplificadores McIntosh, o MC255 \u00e9 constru\u00eddo com foco na pureza e na confiabilidade do \u00e1udio.<\/p>\n<ul data-path-to-node=\"7\">\n<li>\n<p data-path-to-node=\"7,0,0\">Autoformers de Sa\u00edda: Ele incorpora os famosos Autoformers de Sa\u00edda (Output Autoformers) da McIntosh. Estes transformadores garantem que o amplificador possa entregar sua pot\u00eancia m\u00e1xima a caixas ac\u00fasticas com qualquer imped\u00e2ncia (2, 4 ou 8 Ohms), mantendo o desempenho ideal e a estabilidade.<\/p>\n<\/li>\n<li>\n<p data-path-to-node=\"7,1,0\">Power Guard: O circuito de prote\u00e7\u00e3o Power Guard \u00e9 um recurso patenteado que monitora e ajusta a forma de onda do sinal de sa\u00edda para evitar satura\u00e7\u00e3o e <i>clipping<\/i> do amplificador, protegendo suas caixas ac\u00fasticas de danos e mantendo a qualidade sonora limpa, mesmo em volumes muito altos.<\/p>\n<\/li>\n<li>\n<p data-path-to-node=\"7,2,0\">Musicalidade: O som \u00e9 tipicamente McIntosh: potente, suave, musical e com graves controlados.<\/p>\n<\/li>\n<\/ul>\n<p data-path-to-node=\"8\"><b>Est\u00e9tica Ic\u00f4nica<\/b><\/p>\n<p data-path-to-node=\"9\">O MC255 \u00e9 imediatamente reconhec\u00edvel pelo seu visual cl\u00e1ssico McIntosh: um painel frontal de vidro preto, o chassi de a\u00e7o inoxid\u00e1vel polido e, crucialmente, tr\u00eas medidores de pot\u00eancia (Watt\u00edmetro) azuis no painel frontal. Esses medidores n\u00e3o s\u00e3o apenas est\u00e9ticos; eles mostram com precis\u00e3o a pot\u00eancia real que est\u00e1 sendo enviada \u00e0s caixas ac\u00fasticas.<\/p>\n<p data-path-to-node=\"10\">O <strong>McIntosh MC255<\/strong> \u00e9 um amplificador multicanal de luxo que combina a pot\u00eancia e a estabilidade dos Autoformers com a pureza e a prote\u00e7\u00e3o dos circuitos Power Guard, tudo envolto na est\u00e9tica atemporal da marca.<\/p>\n","protected":false},"excerpt":{"rendered":"<p>O McIntosh MC255 \u00e9 um amplificador de pot\u00eancia multicanal de alto desempenho, projetado para entusiastas de home theater que buscam a lend\u00e1ria qualidade de \u00e1udio e o estilo ic\u00f4nico da McIntosh. Ele \u00e9 constru\u00eddo para ser o cora\u00e7\u00e3o de um sistema de cinema em casa de luxo. Al\u00e9m do novo medidor TripleView, o MC255 recebeu [&hellip;]<\/p>\n","protected":false},"featured_media":27638,"template":"","meta":{"_acf_changed":false},"product_brand":[],"product_cat":[27,39,48],"product_tag":[],"class_list":{"0":"post-27637","1":"product","2":"type-product","3":"status-publish","4":"has-post-thumbnail","6":"product_cat-amplificador","7":"product_cat-mcintosh","8":"product_cat-multicanal","10":"first","11":"instock","12":"sold-individually","13":"shipping-taxable","14":"product-type-simple"},"acf":[],"aioseo_notices":[],"_links":{"self":[{"href":"https:\/\/hificlub.com.br\/loja\/wp-json\/wp\/v2\/product\/27637","targetHints":{"allow":["GET"]}}],"collection":[{"href":"https:\/\/hificlub.com.br\/loja\/wp-json\/wp\/v2\/product"}],"about":[{"href":"https:\/\/hificlub.com.br\/loja\/wp-json\/wp\/v2\/types\/product"}],"wp:featuredmedia":[{"embeddable":true,"href":"https:\/\/hificlub.com.br\/loja\/wp-json\/wp\/v2\/media\/27638"}],"wp:attachment":[{"href":"https:\/\/hificlub.com.br\/loja\/wp-json\/wp\/v2\/media?parent=27637"}],"wp:term":[{"taxonomy":"product_brand","embeddable":true,"href":"https:\/\/hificlub.com.br\/loja\/wp-json\/wp\/v2\/product_brand?post=27637"},{"taxonomy":"product_cat","embeddable":true,"href":"https:\/\/hificlub.com.br\/loja\/wp-json\/wp\/v2\/product_cat?post=27637"},{"taxonomy":"product_tag","embeddable":true,"href":"https:\/\/hificlub.com.br\/loja\/wp-json\/wp\/v2\/product_tag?post=27637"}],"curies":[{"name":"wp","href":"https:\/\/api.w.org\/{rel}","templated":true}]}}