{"id":27633,"date":"2025-11-18T17:08:19","date_gmt":"2025-11-18T20:08:19","guid":{"rendered":"https:\/\/hificlub.com.br\/loja\/?post_type=product&#038;p=27633"},"modified":"2025-11-18T17:11:10","modified_gmt":"2025-11-18T20:11:10","slug":"monitor-audio-plw215-ii-subwoofer-ativo-1000-watts","status":"publish","type":"product","link":"https:\/\/hificlub.com.br\/loja\/produto\/monitor-audio-plw215-ii-subwoofer-ativo-1000-watts\/","title":{"rendered":"MONITOR AUDIO Platinum PLW215 II &#8211; Subwoofer Ativo Dual 15&#8243; C-CAM, 1400 Watts RMS"},"content":{"rendered":"<p data-path-to-node=\"2\">O <strong>Monitor Audio PLW215 II<\/strong> \u00e9 o subwoofer de <i>flagship<\/i> e refer\u00eancia da s\u00e9rie Platinum II da Monitor Audio. Ele \u00e9 um monstro de desempenho, projetado para oferecer o m\u00e1ximo em impacto, profundidade e controle de graves em sistemas de \u00e1udio est\u00e9reo ou home theater de elite.<\/p>\n<p data-path-to-node=\"3\"><b>Design e Tecnologia de Drivers<\/b><\/p>\n<p data-path-to-node=\"4\">O design do PLW215 II \u00e9 baseado em um sistema de drivers duplos (dois woofers grandes), que \u00e9 alojado em um gabinete selado (closed-box) extremamente r\u00edgido. O uso de dois drivers otimiza a dispers\u00e3o da press\u00e3o sonora e a efici\u00eancia. Os cones dos drivers utilizam a tecnologia de ponta da Monitor Audio, a RDT II (Rigid Diaphragm Technology), que consiste em um cone incrivelmente leve, mas extremamente r\u00edgido, para garantir que o movimento seja r\u00e1pido e preciso, minimizando a distor\u00e7\u00e3o.<\/p>\n<p data-path-to-node=\"5\"><b>Pot\u00eancia e Controle<\/b><\/p>\n<p data-path-to-node=\"6\">O subwoofer \u00e9 equipado com um <b>amplificador interno massivo de Classe D<\/b>, que fornece uma quantidade tremenda de pot\u00eancia e controle. Essa pot\u00eancia bruta \u00e9 crucial para controlar a grande excurs\u00e3o dos cones dos drivers e garantir que os graves permane\u00e7am firmes e definidos, mesmo nos momentos mais explosivos de um filme.<\/p>\n<p data-path-to-node=\"7\"><b>Processamento Avan\u00e7ado<\/b><\/p>\n<p data-path-to-node=\"8\">O PLW215 II n\u00e3o \u00e9 apenas for\u00e7a; ele tamb\u00e9m \u00e9 inteligente. Ele incorpora processamento digital de sinal (DSP) avan\u00e7ado e frequentemente um sistema de corre\u00e7\u00e3o autom\u00e1tica de sala<b> (APC)<\/b>. Isso permite que o subwoofer analise as caracter\u00edsticas ac\u00fasticas do ambiente e ajuste sua sa\u00edda para eliminar picos e vales de graves causados pela sala, resultando em graves mais lineares e precisos no ponto de audi\u00e7\u00e3o.<\/p>\n<p data-path-to-node=\"9\"><b>Constru\u00e7\u00e3o e Est\u00e9tica<\/b><\/p>\n<p data-path-to-node=\"10\">O gabinete \u00e9 constru\u00eddo com os mais altos padr\u00f5es de luxo e rigidez. O acabamento (geralmente laca de alto brilho) e a constru\u00e7\u00e3o maci\u00e7a refletem seu status de refer\u00eancia.<\/p>\n<p data-path-to-node=\"11\">O<strong> Monitor Audio PLW215 II<\/strong> \u00e9 um subwoofer de elite que combina uma pot\u00eancia imensa, a precis\u00e3o tecnol\u00f3gica dos cones RDT II e o controle da corre\u00e7\u00e3o de sala para entregar uma performance de graves que \u00e9 simultaneamente profunda, r\u00e1pida e incrivelmente detalhada.<\/p>\n","protected":false},"excerpt":{"rendered":"<p>O Monitor Audio PLW215 II \u00e9 o subwoofer de flagship e refer\u00eancia da s\u00e9rie Platinum II da Monitor Audio. Ele \u00e9 um monstro de desempenho, projetado para oferecer o m\u00e1ximo em impacto, profundidade e controle de graves em sistemas de \u00e1udio est\u00e9reo ou home theater de elite. Design e Tecnologia de Drivers O design do [&hellip;]<\/p>\n","protected":false},"featured_media":27634,"template":"","meta":{"_acf_changed":false},"product_brand":[],"product_cat":[17,109,36],"product_tag":[],"class_list":{"0":"post-27633","1":"product","2":"type-product","3":"status-publish","4":"has-post-thumbnail","6":"product_cat-caixas","7":"product_cat-monitor-audio","8":"product_cat-subwoofer","10":"first","11":"instock","12":"sold-individually","13":"shipping-taxable","14":"purchasable","15":"product-type-simple"},"acf":[],"aioseo_notices":[],"_links":{"self":[{"href":"https:\/\/hificlub.com.br\/loja\/wp-json\/wp\/v2\/product\/27633","targetHints":{"allow":["GET"]}}],"collection":[{"href":"https:\/\/hificlub.com.br\/loja\/wp-json\/wp\/v2\/product"}],"about":[{"href":"https:\/\/hificlub.com.br\/loja\/wp-json\/wp\/v2\/types\/product"}],"wp:featuredmedia":[{"embeddable":true,"href":"https:\/\/hificlub.com.br\/loja\/wp-json\/wp\/v2\/media\/27634"}],"wp:attachment":[{"href":"https:\/\/hificlub.com.br\/loja\/wp-json\/wp\/v2\/media?parent=27633"}],"wp:term":[{"taxonomy":"product_brand","embeddable":true,"href":"https:\/\/hificlub.com.br\/loja\/wp-json\/wp\/v2\/product_brand?post=27633"},{"taxonomy":"product_cat","embeddable":true,"href":"https:\/\/hificlub.com.br\/loja\/wp-json\/wp\/v2\/product_cat?post=27633"},{"taxonomy":"product_tag","embeddable":true,"href":"https:\/\/hificlub.com.br\/loja\/wp-json\/wp\/v2\/product_tag?post=27633"}],"curies":[{"name":"wp","href":"https:\/\/api.w.org\/{rel}","templated":true}]}}