{"id":27615,"date":"2025-11-18T10:12:43","date_gmt":"2025-11-18T13:12:43","guid":{"rendered":"https:\/\/hificlub.com.br\/loja\/?post_type=product&#038;p=27615"},"modified":"2026-03-03T22:15:06","modified_gmt":"2026-03-04T01:15:06","slug":"dynaudio-contour-legacy-caixa-torre-250-watts","status":"publish","type":"product","link":"https:\/\/hificlub.com.br\/loja\/produto\/dynaudio-contour-legacy-caixa-torre-250-watts\/","title":{"rendered":"DYNAUDIO Contour Legacy &#8211; Caixa Torre, 250 watts"},"content":{"rendered":"<p data-path-to-node=\"2\">A <strong>Dynaudio Contour Legacy<\/strong> \u00e9 uma caixa ac\u00fastica de ch\u00e3o (floorstanding) de edi\u00e7\u00e3o limitada, concebida para celebrar a rica hist\u00f3ria e o sucesso duradouro da ic\u00f4nica s\u00e9rie Contour da Dynaudio. Ela combina a est\u00e9tica cl\u00e1ssica da s\u00e9rie Contour original com a mais recente tecnologia de drivers da Dynaudio.<\/p>\n<p data-path-to-node=\"3\"><b>Homenagem ao Passado, Tecnologia do Futuro<\/b><\/p>\n<p data-path-to-node=\"4\">O design da Legacy \u00e9 uma clara homenagem aos modelos Contour cl\u00e1ssicos, muitas vezes apresentando folheados de madeira de alta qualidade. No entanto, o seu desempenho \u00e9 totalmente moderno. Ela utiliza uma configura\u00e7\u00e3o de drivers de 2 Vias e Meia com dois woofers de 18 cm, que s\u00e3o baseados em designs cl\u00e1ssicos, mas aprimorados com os materiais e as t\u00e9cnicas de engenharia atuais da Dynaudio.<\/p>\n<p data-path-to-node=\"5\"><b>O Tweeter de Refer\u00eancia<\/b><\/p>\n<p data-path-to-node=\"6\">O principal destaque tecnol\u00f3gico \u00e9 a inclus\u00e3o do tweeter de c\u00fapula macia <b>Esotar 3<\/b>. Este \u00e9 o tweeter <i>flagship<\/i> da Dynaudio, que incorpora a tecnologia <b>Hexis<\/b> (uma c\u00fapula interna) para reduzir a resson\u00e2ncia interna e melhorar a resolu\u00e7\u00e3o dos agudos. A Legacy leva o som suave e detalhado do Esotar 3 a um gabinete que evoca a nostalgia.<\/p>\n<p data-path-to-node=\"7\"><b>Desempenho Sonoro<\/b><\/p>\n<p data-path-to-node=\"8\">A caixa \u00e9 projetada para oferecer uma experi\u00eancia sonora que \u00e9 <b>neutra e extremamente musical<\/b>, caracter\u00edstica da Dynaudio. Ela oferece graves profundos e controlados e um palco sonoro tridimensional, com a clareza e a transpar\u00eancia que se espera de um modelo de edi\u00e7\u00e3o limitada e alta fidelidade.<\/p>\n<p data-path-to-node=\"9\">A <strong>Dynaudio Contour Legacy<\/strong> \u00e9 uma caixa ac\u00fastica especial que une a alma e o visual cl\u00e1ssico da s\u00e9rie Contour com o melhor da moderna engenharia de drivers da Dynaudio, criando um som nost\u00e1lgico, mas tecnologicamente avan\u00e7ado.<\/p>\n","protected":false},"excerpt":{"rendered":"<p>A Dynaudio Contour Legacy \u00e9 uma caixa ac\u00fastica de ch\u00e3o (floorstanding) de edi\u00e7\u00e3o limitada, concebida para celebrar a rica hist\u00f3ria e o sucesso duradouro da ic\u00f4nica s\u00e9rie Contour da Dynaudio. Ela combina a est\u00e9tica cl\u00e1ssica da s\u00e9rie Contour original com a mais recente tecnologia de drivers da Dynaudio. Homenagem ao Passado, Tecnologia do Futuro O [&hellip;]<\/p>\n","protected":false},"featured_media":27619,"template":"","meta":{"_acf_changed":false},"product_brand":[],"product_cat":[17,44,18],"product_tag":[],"class_list":{"0":"post-27615","1":"product","2":"type-product","3":"status-publish","4":"has-post-thumbnail","6":"product_cat-caixas","7":"product_cat-dynaudio","8":"product_cat-torres","10":"first","11":"instock","12":"sold-individually","13":"shipping-taxable","14":"product-type-simple"},"acf":[],"aioseo_notices":[],"_links":{"self":[{"href":"https:\/\/hificlub.com.br\/loja\/wp-json\/wp\/v2\/product\/27615","targetHints":{"allow":["GET"]}}],"collection":[{"href":"https:\/\/hificlub.com.br\/loja\/wp-json\/wp\/v2\/product"}],"about":[{"href":"https:\/\/hificlub.com.br\/loja\/wp-json\/wp\/v2\/types\/product"}],"wp:featuredmedia":[{"embeddable":true,"href":"https:\/\/hificlub.com.br\/loja\/wp-json\/wp\/v2\/media\/27619"}],"wp:attachment":[{"href":"https:\/\/hificlub.com.br\/loja\/wp-json\/wp\/v2\/media?parent=27615"}],"wp:term":[{"taxonomy":"product_brand","embeddable":true,"href":"https:\/\/hificlub.com.br\/loja\/wp-json\/wp\/v2\/product_brand?post=27615"},{"taxonomy":"product_cat","embeddable":true,"href":"https:\/\/hificlub.com.br\/loja\/wp-json\/wp\/v2\/product_cat?post=27615"},{"taxonomy":"product_tag","embeddable":true,"href":"https:\/\/hificlub.com.br\/loja\/wp-json\/wp\/v2\/product_tag?post=27615"}],"curies":[{"name":"wp","href":"https:\/\/api.w.org\/{rel}","templated":true}]}}