{"id":27592,"date":"2025-11-18T10:20:50","date_gmt":"2025-11-18T13:20:50","guid":{"rendered":"https:\/\/hificlub.com.br\/loja\/?post_type=product&#038;p=27592"},"modified":"2026-03-03T22:15:06","modified_gmt":"2026-03-04T01:15:06","slug":"dynaudio-confidence-50-bordeaux-caixa-torre-400-watts","status":"publish","type":"product","link":"https:\/\/hificlub.com.br\/loja\/produto\/dynaudio-confidence-50-bordeaux-caixa-torre-400-watts\/","title":{"rendered":"DYNAUDIO Confidence 50 &#8211; Caixa Torre, Bordeaux, 400 watts"},"content":{"rendered":"<p data-path-to-node=\"2\">A <strong>Dynaudio Confidence 50<\/strong> \u00e9 uma caixa ac\u00fastica de ch\u00e3o (floorstanding) de refer\u00eancia, parte da linha <i>flagship<\/i> renovada da Dynaudio. Ela incorpora as mais avan\u00e7adas tecnologias da empresa dinamarquesa e \u00e9 projetada para audi\u00f3filos que buscam a m\u00e1xima resolu\u00e7\u00e3o e precis\u00e3o em grandes salas de audi\u00e7\u00e3o. A men\u00e7\u00e3o a &#8220;Bordeaux&#8221; refere-se ao luxuoso acabamento do gabinete.<\/p>\n<p data-path-to-node=\"3\"><b>Tecnologia de Driver e DDC (Dynaudio Directivity Control)<\/b><\/p>\n<p data-path-to-node=\"4\">O diferencial tecnol\u00f3gico da s\u00e9rie Confidence reside no sistema DDC (Controle de Diretividade Dynaudio) de \u00faltima gera\u00e7\u00e3o. Em vez de usar feltro ou outros materiais absorventes (como no modelo anterior), a Confidence 50 utiliza um defletor de precis\u00e3o Compex e um arranjo de drivers otimizado (quatro woofers\/midranges e um tweeter). Este design complexo controla a dispers\u00e3o do som, reduzindo significativamente a energia que atinge o ch\u00e3o e o teto, o que diminui drasticamente as reflex\u00f5es e o ru\u00eddo da sala. O resultado \u00e9 um som mais claro e preciso.<\/p>\n<p data-path-to-node=\"5\"><b>O Novo Tweeter Esotar3<\/b><\/p>\n<p data-path-to-node=\"6\">A caixa utiliza o tweeter de c\u00fapula macia de ponta da Dynaudio, o <b>Esotar3<\/b>. Este tweeter \u00e9 uma evolu\u00e7\u00e3o do lend\u00e1rio Esotar2, com recursos aprimorados, como a c\u00e2mara interna otimizada e o sistema <b>Hexis<\/b>, que controla o movimento do ar atr\u00e1s do cone, melhorando a resposta de frequ\u00eancia e a resolu\u00e7\u00e3o.<\/p>\n<p data-path-to-node=\"7\"><b>Drivers MSP Aprimorados<\/b><\/p>\n<p data-path-to-node=\"8\">Os woofers e midranges utilizam a assinatura da Dynaudio em cones de <b>MSP (Magnesium Silicate Polymer)<\/b>, mas com novas bobinas de voz e sistemas de \u00edm\u00e3s para maior controle, velocidade e din\u00e2mica.<\/p>\n<p data-path-to-node=\"9\"><b>Constru\u00e7\u00e3o e Est\u00e9tica<\/b><\/p>\n<p data-path-to-node=\"10\">O gabinete \u00e9 esteticamente impressionante, com curvas elegantes e um acabamento de luxo (como o Bordeaux). A constru\u00e7\u00e3o \u00e9 feita com precis\u00e3o para ser extremamente r\u00edgida e inerte, garantindo que o som que voc\u00ea ouve venha apenas dos drivers, e n\u00e3o do gabinete vibrando.<\/p>\n<p data-path-to-node=\"11\">A Dynaudio Confidence 50 \u00e9 um feito da engenharia ac\u00fastica, projetada para soar incrivelmente transparente e detalhada em ambientes reais, utilizando a tecnologia DDC para mitigar as influ\u00eancias negativas da sala.<\/p>\n<p data-path-to-node=\"11\"><a href=\"https:\/\/www.theabsolutesound.com\/articles\/dynaudio-confidence-50-loudspeaker\/\" target=\"_blank\" rel=\"noopener\"><img loading=\"lazy\" decoding=\"async\" class=\"alignnone wp-image-21836\" src=\"https:\/\/hificlub.com.br\/loja\/wp-content\/uploads\/2023\/10\/Absolute_Sound-Awards-10.jpg\" alt=\"\" width=\"129\" height=\"129\" srcset=\"https:\/\/hificlub.com.br\/loja\/wp-content\/uploads\/2023\/10\/Absolute_Sound-Awards-10.jpg 150w, https:\/\/hificlub.com.br\/loja\/wp-content\/uploads\/2023\/10\/Absolute_Sound-Awards-10-100x100.jpg 100w\" sizes=\"auto, (max-width: 129px) 100vw, 129px\" \/><\/a><\/p>\n","protected":false},"excerpt":{"rendered":"<p>A Dynaudio Confidence 50 \u00e9 uma caixa ac\u00fastica de ch\u00e3o (floorstanding) de refer\u00eancia, parte da linha flagship renovada da Dynaudio. Ela incorpora as mais avan\u00e7adas tecnologias da empresa dinamarquesa e \u00e9 projetada para audi\u00f3filos que buscam a m\u00e1xima resolu\u00e7\u00e3o e precis\u00e3o em grandes salas de audi\u00e7\u00e3o. A men\u00e7\u00e3o a &#8220;Bordeaux&#8221; refere-se ao luxuoso acabamento do [&hellip;]<\/p>\n","protected":false},"featured_media":27625,"template":"","meta":{"_acf_changed":false},"product_brand":[],"product_cat":[17,44,18],"product_tag":[],"class_list":{"0":"post-27592","1":"product","2":"type-product","3":"status-publish","4":"has-post-thumbnail","6":"product_cat-caixas","7":"product_cat-dynaudio","8":"product_cat-torres","10":"first","11":"instock","12":"sold-individually","13":"shipping-taxable","14":"product-type-simple"},"acf":[],"aioseo_notices":[],"_links":{"self":[{"href":"https:\/\/hificlub.com.br\/loja\/wp-json\/wp\/v2\/product\/27592","targetHints":{"allow":["GET"]}}],"collection":[{"href":"https:\/\/hificlub.com.br\/loja\/wp-json\/wp\/v2\/product"}],"about":[{"href":"https:\/\/hificlub.com.br\/loja\/wp-json\/wp\/v2\/types\/product"}],"wp:featuredmedia":[{"embeddable":true,"href":"https:\/\/hificlub.com.br\/loja\/wp-json\/wp\/v2\/media\/27625"}],"wp:attachment":[{"href":"https:\/\/hificlub.com.br\/loja\/wp-json\/wp\/v2\/media?parent=27592"}],"wp:term":[{"taxonomy":"product_brand","embeddable":true,"href":"https:\/\/hificlub.com.br\/loja\/wp-json\/wp\/v2\/product_brand?post=27592"},{"taxonomy":"product_cat","embeddable":true,"href":"https:\/\/hificlub.com.br\/loja\/wp-json\/wp\/v2\/product_cat?post=27592"},{"taxonomy":"product_tag","embeddable":true,"href":"https:\/\/hificlub.com.br\/loja\/wp-json\/wp\/v2\/product_tag?post=27592"}],"curies":[{"name":"wp","href":"https:\/\/api.w.org\/{rel}","templated":true}]}}