{"id":27468,"date":"2025-11-13T18:11:31","date_gmt":"2025-11-13T21:11:31","guid":{"rendered":"https:\/\/hificlub.com.br\/loja\/?post_type=product&#038;p=27468"},"modified":"2026-03-03T22:15:06","modified_gmt":"2026-03-04T01:15:06","slug":"ortofon-mc-cadenza-black","status":"publish","type":"product","link":"https:\/\/hificlub.com.br\/loja\/produto\/ortofon-mc-cadenza-black\/","title":{"rendered":"ORTOFON MC CADENZA BLACK"},"content":{"rendered":"<p>A <strong>Ortofon MC Cadenza Black<\/strong> \u00e9 o modelo de ponta da aclamada s\u00e9rie Cadenza de c\u00e1psulas de bobina m\u00f3vel (Moving Coil &#8211; MC) de alta fidelidade da Ortofon. Ela representa o \u00e1pice da engenharia da s\u00e9rie, incorporando materiais e tecnologias que visam a m\u00e1xima transpar\u00eancia e resolu\u00e7\u00e3o.<\/p>\n<p><span dir=\"auto\">Cadenza (do italiano: cad\u00eancia) refere-se a uma parte de um concerto em que a orquestra para de tocar, deixando o solista tocar sozinho em tempo livre, sem uma pulsa\u00e7\u00e3o r\u00edgida e regular.<\/span><\/p>\n<p><span dir=\"auto\">Uma cad\u00eancia pode ser escrita ou improvisada. Geralmente \u00e9 a parte mais elaborada e virtuosa que o instrumento solista executa durante toda a pe\u00e7a. Ao final da cad\u00eancia, a orquestra retorna e, geralmente, conclui o movimento. <\/span><span dir=\"auto\">Cadenza Black \u00e9 o melhor em tudo, fiel ao ritmo com resolu\u00e7\u00e3o e percep\u00e7\u00e3o precisa de cada grava\u00e7\u00e3o.<\/span><\/p>\n<p>O diferencial da Cadenza Black est\u00e1 na sua constru\u00e7\u00e3o otimizada para a leitura precisa do sulco do vinil.<\/p>\n<ul>\n<li>Agulha Replicant 100: Utiliza a agulha de diamante Ortofon Replicant 100, um dos perfis de agulha mais avan\u00e7ados e caros dispon\u00edveis. Este perfil imita o formato da ponta da ferramenta de corte original da matriz do vinil, permitindo uma leitura excepcionalmente precisa de todo o conte\u00fado do sulco, incluindo altas frequ\u00eancias.<\/li>\n<li>Cantilever (Haste): O diamante Replicant 100 \u00e9 montado em um cantilever de boro, um material extremamente leve e r\u00edgido. Esta combina\u00e7\u00e3o garante uma excelente rigidez mec\u00e2nica e a menor massa efetiva poss\u00edvel, permitindo que a agulha rastreie o sulco com velocidade e precis\u00e3o not\u00e1veis.<\/li>\n<li>Bobinas: As bobinas internas s\u00e3o feitas de Cobre OFC 6-Nines (6N) puro (Cobre Livre de Oxig\u00eanio de 99,9999% de pureza). A pureza do cobre \u00e9 fundamental para minimizar a perda de energia e garantir a m\u00e1xima condutividade.<\/li>\n<\/ul>\n<p><strong>A Cadenza Black \u00e9 aclamada por sua neutralidade e transpar\u00eancia<\/strong><\/p>\n<ul>\n<li>Fidelidade Tonal: Seu desempenho \u00e9 caracterizado por uma resposta de frequ\u00eancia extremamente plana e neutra. Ela oferece uma apresenta\u00e7\u00e3o rica em detalhes de alta frequ\u00eancia sem soar \u00e1spera.<\/li>\n<li>Palco Sonoro: Devido \u00e0 sua capacidade de rastreamento superior e baixa massa de ponta, ela consegue apresentar um palco sonoro vasto, focado e tridimensional, com excelente separa\u00e7\u00e3o de instrumentos.<\/li>\n<li>Rastreamento: O conjunto cantilever\/agulha de boro e Replicant 100 proporciona um dos melhores rastreamentos de sua classe, mantendo a integridade do sinal mesmo em passagens musicais complexas e din\u00e2micas.<\/li>\n<\/ul>\n<p>A Cadenza Black \u00e9 ideal para sistemas de \u00e1udio de alta performance que buscam uma reprodu\u00e7\u00e3o fiel, detalhada e musical do vinil.<\/p>\n<p>&nbsp;<\/p>\n<p><a href=\"https:\/\/stereonet.com\/reviews\/ortofon-cadenza-black-mc-phono-cartridge-review\" target=\"_blank\" rel=\"noopener\"><img loading=\"lazy\" decoding=\"async\" class=\"alignnone wp-image-27473 size-full\" src=\"https:\/\/hificlub.com.br\/loja\/wp-content\/uploads\/2025\/11\/StereoNet2-award.jpg\" alt=\"\" width=\"310\" height=\"88\" srcset=\"https:\/\/hificlub.com.br\/loja\/wp-content\/uploads\/2025\/11\/StereoNet2-award.jpg 310w, https:\/\/hificlub.com.br\/loja\/wp-content\/uploads\/2025\/11\/StereoNet2-award-300x85.jpg 300w\" sizes=\"auto, (max-width: 310px) 100vw, 310px\" \/><\/a><\/p>\n","protected":false},"excerpt":{"rendered":"<p>A Ortofon MC Cadenza Black \u00e9 o modelo de ponta da aclamada s\u00e9rie Cadenza de c\u00e1psulas de bobina m\u00f3vel (Moving Coil &#8211; MC) de alta fidelidade da Ortofon. Ela representa o \u00e1pice da engenharia da s\u00e9rie, incorporando materiais e tecnologias que visam a m\u00e1xima transpar\u00eancia e resolu\u00e7\u00e3o. Cadenza (do italiano: cad\u00eancia) refere-se a uma parte [&hellip;]<\/p>\n","protected":false},"featured_media":27470,"template":"","meta":{"_acf_changed":false},"product_brand":[],"product_cat":[78,99,100],"product_tag":[],"class_list":{"0":"post-27468","1":"product","2":"type-product","3":"status-publish","4":"has-post-thumbnail","6":"product_cat-analogico-audio","7":"product_cat-capsulas","8":"product_cat-ortofon","10":"first","11":"instock","12":"sold-individually","13":"shipping-taxable","14":"product-type-simple"},"acf":[],"aioseo_notices":[],"_links":{"self":[{"href":"https:\/\/hificlub.com.br\/loja\/wp-json\/wp\/v2\/product\/27468","targetHints":{"allow":["GET"]}}],"collection":[{"href":"https:\/\/hificlub.com.br\/loja\/wp-json\/wp\/v2\/product"}],"about":[{"href":"https:\/\/hificlub.com.br\/loja\/wp-json\/wp\/v2\/types\/product"}],"wp:featuredmedia":[{"embeddable":true,"href":"https:\/\/hificlub.com.br\/loja\/wp-json\/wp\/v2\/media\/27470"}],"wp:attachment":[{"href":"https:\/\/hificlub.com.br\/loja\/wp-json\/wp\/v2\/media?parent=27468"}],"wp:term":[{"taxonomy":"product_brand","embeddable":true,"href":"https:\/\/hificlub.com.br\/loja\/wp-json\/wp\/v2\/product_brand?post=27468"},{"taxonomy":"product_cat","embeddable":true,"href":"https:\/\/hificlub.com.br\/loja\/wp-json\/wp\/v2\/product_cat?post=27468"},{"taxonomy":"product_tag","embeddable":true,"href":"https:\/\/hificlub.com.br\/loja\/wp-json\/wp\/v2\/product_tag?post=27468"}],"curies":[{"name":"wp","href":"https:\/\/api.w.org\/{rel}","templated":true}]}}