{"id":27450,"date":"2025-11-13T11:49:06","date_gmt":"2025-11-13T14:49:06","guid":{"rendered":"https:\/\/hificlub.com.br\/loja\/?post_type=product&#038;p=27450"},"modified":"2025-11-13T11:49:49","modified_gmt":"2025-11-13T14:49:49","slug":"rotel-ra-12-amplificador-integrado-high-end-classe-a-b-60-watts","status":"publish","type":"product","link":"https:\/\/hificlub.com.br\/loja\/produto\/rotel-ra-12-amplificador-integrado-high-end-classe-a-b-60-watts\/","title":{"rendered":"ROTEL RA-12 &#8211; Amplificador Integrado High-End, Classe A\/B, 60 Watts"},"content":{"rendered":"<p>O <b>Rotel RA-12<\/b> \u00e9 um <b>amplificador integrado<\/b> est\u00e9reo de alta fidelidade que se destaca por combinar a qualidade de \u00e1udio tradicional da Rotel com a conectividade moderna, especialmente para fontes de m\u00fasica digital.<\/p>\n<p><strong>Caracter\u00edsticas Principais<\/strong><\/p>\n<ul>\n<li>Pot\u00eancia: Oferece 60 Watts por canal em 8 ohms (Classe AB).<\/li>\n<li>DAC Integrado: Possui um conversor Digital-Anal\u00f3gico (DAC) Wolfson premium de 24 bits\/192kHz, permitindo a conex\u00e3o e o processamento de \u00e1udio digital de alta resolu\u00e7\u00e3o.<\/li>\n<li>Conectividade Digital: Inclui entradas coaxiais e \u00f3pticas digitais para conectar dispositivos como reprodutores de CD, streamers ou TVs.<\/li>\n<li>USB Frontal: Tem uma porta USB no painel frontal projetada para conex\u00e3o direta com dispositivos Apple iOS, facilitando a reprodu\u00e7\u00e3o de m\u00fasica digital.<\/li>\n<li>Bluetooth: Geralmente acompanhado por um <i>dongle<\/i> Bluetooth, permitindo <i>streaming<\/i> sem fio a partir de dispositivos compat\u00edveis.<\/li>\n<li>Entrada Phono (MM): Inclui uma entrada dedicada para toca-discos com c\u00e1psula Moving Magnet (MM), crucial para entusiastas de vinil.<\/li>\n<li>Entradas Anal\u00f3gicas: Disp\u00f5e de m\u00faltiplas entradas anal\u00f3gicas de n\u00edvel de linha (RCA) para outros componentes (como CD players tradicionais, sintonizadores).<\/li>\n<li>Controles de Tonalidade: Possui controles de Bass (Graves) e Treble (Agudos), que podem ser ajustados ou desativados (bypass) para um caminho de sinal mais puro.<\/li>\n<\/ul>\n<p>O <strong>RA-12<\/strong> foi projetado para ser o <b>&#8220;c\u00e9rebro&#8221;<\/b> de um sistema de \u00e1udio moderno, combinando a capacidade de processar m\u00fasica digital com a pot\u00eancia robusta e o design de audi\u00f3filos de um amplificador integrado tradicional. Ele oferece um som equilibrado, controle e \u00f3timo detalhe.<\/p>\n<p><a href=\"https:\/\/www.whathifi.com\/rotel\/ra-12\/review\" target=\"_blank\" rel=\"noopener\"><img loading=\"lazy\" decoding=\"async\" class=\"alignnone wp-image-20966 \" src=\"https:\/\/hificlub.com.br\/loja\/wp-content\/uploads\/2024\/01\/what-hifi-awards-9.png\" alt=\"\" width=\"205\" height=\"104\" srcset=\"https:\/\/hificlub.com.br\/loja\/wp-content\/uploads\/2024\/01\/what-hifi-awards-9.png 316w, https:\/\/hificlub.com.br\/loja\/wp-content\/uploads\/2024\/01\/what-hifi-awards-9-300x152.png 300w\" sizes=\"auto, (max-width: 205px) 100vw, 205px\" \/><\/a><\/p>\n","protected":false},"excerpt":{"rendered":"<p>O Rotel RA-12 \u00e9 um amplificador integrado est\u00e9reo de alta fidelidade que se destaca por combinar a qualidade de \u00e1udio tradicional da Rotel com a conectividade moderna, especialmente para fontes de m\u00fasica digital. Caracter\u00edsticas Principais Pot\u00eancia: Oferece 60 Watts por canal em 8 ohms (Classe AB). DAC Integrado: Possui um conversor Digital-Anal\u00f3gico (DAC) Wolfson premium [&hellip;]<\/p>\n","protected":false},"featured_media":27457,"template":"","meta":{"_acf_changed":false},"product_brand":[],"product_cat":[27,51,24],"product_tag":[],"class_list":{"0":"post-27450","1":"product","2":"type-product","3":"status-publish","4":"has-post-thumbnail","6":"product_cat-amplificador","7":"product_cat-integrado","8":"product_cat-rotel","10":"first","11":"instock","12":"sold-individually","13":"shipping-taxable","14":"purchasable","15":"product-type-simple"},"acf":[],"aioseo_notices":[],"_links":{"self":[{"href":"https:\/\/hificlub.com.br\/loja\/wp-json\/wp\/v2\/product\/27450","targetHints":{"allow":["GET"]}}],"collection":[{"href":"https:\/\/hificlub.com.br\/loja\/wp-json\/wp\/v2\/product"}],"about":[{"href":"https:\/\/hificlub.com.br\/loja\/wp-json\/wp\/v2\/types\/product"}],"wp:featuredmedia":[{"embeddable":true,"href":"https:\/\/hificlub.com.br\/loja\/wp-json\/wp\/v2\/media\/27457"}],"wp:attachment":[{"href":"https:\/\/hificlub.com.br\/loja\/wp-json\/wp\/v2\/media?parent=27450"}],"wp:term":[{"taxonomy":"product_brand","embeddable":true,"href":"https:\/\/hificlub.com.br\/loja\/wp-json\/wp\/v2\/product_brand?post=27450"},{"taxonomy":"product_cat","embeddable":true,"href":"https:\/\/hificlub.com.br\/loja\/wp-json\/wp\/v2\/product_cat?post=27450"},{"taxonomy":"product_tag","embeddable":true,"href":"https:\/\/hificlub.com.br\/loja\/wp-json\/wp\/v2\/product_tag?post=27450"}],"curies":[{"name":"wp","href":"https:\/\/api.w.org\/{rel}","templated":true}]}}