{"id":27405,"date":"2025-11-12T11:44:10","date_gmt":"2025-11-12T14:44:10","guid":{"rendered":"https:\/\/hificlub.com.br\/loja\/?post_type=product&#038;p=27405"},"modified":"2025-11-12T11:44:11","modified_gmt":"2025-11-12T14:44:11","slug":"synergistic-research-tesla-subwoofer-1-cabo-de-interconexao-dedicado-high-end-3-metros","status":"publish","type":"product","link":"https:\/\/hificlub.com.br\/loja\/produto\/synergistic-research-tesla-subwoofer-1-cabo-de-interconexao-dedicado-high-end-3-metros\/","title":{"rendered":"SYNERGISTIC RESEARCH Tesla Subwoofer 1 &#8211; Cabo de Interconex\u00e3o Dedicado High-End, 3 metros"},"content":{"rendered":"<p>O <strong>Synergistic Research Tesla Subwoofer 1<\/strong> \u00e9 um cabo de interconex\u00e3o dedicado, projetado especificamente para otimizar o desempenho de subwoofers ativos, fazendo parte da popular s\u00e9rie Tesla da Synergistic Research (SR).<\/p>\n<p><b>Tecnologia e Prop\u00f3sito<\/b><\/p>\n<p>O cabo Tesla Subwoofer 1 n\u00e3o \u00e9 apenas um cabo RCA simples; ele foi desenvolvido para resolver problemas espec\u00edficos da transmiss\u00e3o de sinais de baixa frequ\u00eancia. Subwoofers s\u00e3o particularmente suscet\u00edveis a ru\u00eddos e interfer\u00eancias de baixa frequ\u00eancia, que podem resultar em graves lentos, &#8220;inchados&#8221; ou indefinidos.<\/p>\n<p>Para combater isso, o cabo utilizava a tecnologia de <b>Blindagem Ativa (Active Shielding)<\/b>, marca registrada da SR. Uma fonte de alimenta\u00e7\u00e3o externa (o <i>Mini Power Coupler &#8211; MPC<\/i>) fornecia uma tens\u00e3o DC de baixa voltagem \u00e0 blindagem do cabo. Isso serve para neutralizar ativamente o ru\u00eddo e a interfer\u00eancia eletromagn\u00e9tica (EMI\/RFI) antes que cheguem ao subwoofer.<\/p>\n<p><b>Desempenho Sonoro<\/b><\/p>\n<p>Ao limpar o caminho do sinal, o cabo Tesla Subwoofer 1 visava melhorar drasticamente a defini\u00e7\u00e3o, o impacto e a velocidade dos graves. O objetivo n\u00e3o era apenas ter graves mais altos, mas sim graves mais controlados e articulados, que se integrassem melhor ao restante do sistema de \u00e1udio.<\/p>\n<p><b>Design<\/b><\/p>\n<p>O cabo apresenta um design interno otimizado e condutores de alta pureza, com foco na baixa indut\u00e2ncia e capacit\u00e2ncia, essenciais para uma resposta de baixa frequ\u00eancia r\u00e1pida e precisa.<\/p>\n<p>O <strong>Tesla Subwoofer 1<\/strong> era uma solu\u00e7\u00e3o de <i>high-end<\/i> que utilizava blindagem ativa para garantir que o sinal de baixa frequ\u00eancia fosse entregue ao subwoofer com a m\u00e1xima clareza e sem a contamina\u00e7\u00e3o de ru\u00eddos externos.<\/p>\n","protected":false},"excerpt":{"rendered":"<p>O Synergistic Research Tesla Subwoofer 1 \u00e9 um cabo de interconex\u00e3o dedicado, projetado especificamente para otimizar o desempenho de subwoofers ativos, fazendo parte da popular s\u00e9rie Tesla da Synergistic Research (SR). Tecnologia e Prop\u00f3sito O cabo Tesla Subwoofer 1 n\u00e3o \u00e9 apenas um cabo RCA simples; ele foi desenvolvido para resolver problemas espec\u00edficos da transmiss\u00e3o [&hellip;]<\/p>\n","protected":false},"featured_media":27408,"template":"","meta":{"_acf_changed":false},"product_brand":[],"product_cat":[61,71,135],"product_tag":[],"class_list":{"0":"post-27405","1":"product","2":"type-product","3":"status-publish","4":"has-post-thumbnail","6":"product_cat-cabos","7":"product_cat-interconnect-rca","8":"product_cat-synergistic-research","10":"first","11":"instock","12":"sold-individually","13":"shipping-taxable","14":"purchasable","15":"product-type-simple"},"acf":[],"aioseo_notices":[],"_links":{"self":[{"href":"https:\/\/hificlub.com.br\/loja\/wp-json\/wp\/v2\/product\/27405","targetHints":{"allow":["GET"]}}],"collection":[{"href":"https:\/\/hificlub.com.br\/loja\/wp-json\/wp\/v2\/product"}],"about":[{"href":"https:\/\/hificlub.com.br\/loja\/wp-json\/wp\/v2\/types\/product"}],"wp:featuredmedia":[{"embeddable":true,"href":"https:\/\/hificlub.com.br\/loja\/wp-json\/wp\/v2\/media\/27408"}],"wp:attachment":[{"href":"https:\/\/hificlub.com.br\/loja\/wp-json\/wp\/v2\/media?parent=27405"}],"wp:term":[{"taxonomy":"product_brand","embeddable":true,"href":"https:\/\/hificlub.com.br\/loja\/wp-json\/wp\/v2\/product_brand?post=27405"},{"taxonomy":"product_cat","embeddable":true,"href":"https:\/\/hificlub.com.br\/loja\/wp-json\/wp\/v2\/product_cat?post=27405"},{"taxonomy":"product_tag","embeddable":true,"href":"https:\/\/hificlub.com.br\/loja\/wp-json\/wp\/v2\/product_tag?post=27405"}],"curies":[{"name":"wp","href":"https:\/\/api.w.org\/{rel}","templated":true}]}}