{"id":27400,"date":"2025-11-12T09:41:01","date_gmt":"2025-11-12T12:41:01","guid":{"rendered":"https:\/\/hificlub.com.br\/loja\/?post_type=product&#038;p=27400"},"modified":"2025-11-12T09:42:36","modified_gmt":"2025-11-12T12:42:36","slug":"synergistic-research-tesla-x4-cabo-de-interconexao-high-end-3-metros","status":"publish","type":"product","link":"https:\/\/hificlub.com.br\/loja\/produto\/synergistic-research-tesla-x4-cabo-de-interconexao-high-end-3-metros\/","title":{"rendered":"SYNERGISTIC RESEARCH Tesla X4 &#8211; Cabo de Interconex\u00e3o High-End, 3 metros"},"content":{"rendered":"<p>O<strong> Synergistic Research Tesla X4<\/strong> era um cabo de interconex\u00e3o de alta fidelidade, parte da inovadora s\u00e9rie Tesla da Synergistic Research (SR). Ele representa um n\u00edvel acess\u00edvel dentro da linha Tesla, mas ainda incorpora a tecnologia central da marca para eliminar ru\u00eddo.<\/p>\n<p><b>Tecnologia Central \u2013 Blindagem Ativa<\/b><\/p>\n<p>O X4 se destacava por utilizar a tecnologia de <b>Blindagem Ativa (Active Shielding)<\/b> patenteada pela SR. Diferente da blindagem passiva (que apenas desvia o ru\u00eddo), a blindagem ativa \u00e9 energizada por uma fonte de alimenta\u00e7\u00e3o externa (o <i>Mini Power Coupler &#8211; MPC<\/i>). Esta fonte aplica uma tens\u00e3o DC de baixa voltagem \u00e0 blindagem do cabo.<\/p>\n<p>O prop\u00f3sito dessa blindagem ativa \u00e9 proativamente reduzir e anular o ru\u00eddo de alta frequ\u00eancia e a interfer\u00eancia eletromagn\u00e9tica (EMI\/RFI) que poderiam ser capturados pelo cabo.<\/p>\n<p><b>Desempenho Sonoro<\/b><\/p>\n<p>A filosofia de design do X4, como em toda a linha Tesla, era entregar um sinal de \u00e1udio o mais limpo e transparente poss\u00edvel. Os usu\u00e1rios frequentemente experimentam um <b>fundo de ru\u00eddo mais silencioso<\/b>, permitindo que os detalhes sonoros emerjam com maior clareza e que o palco sonoro se torne mais tridimensional e focado.<\/p>\n<p><b>Posicionamento<\/b><\/p>\n<p>O Tesla X4 serve como uma excelente porta de entrada para a tecnologia de blindagem ativa da SR, sendo uma op\u00e7\u00e3o popular para sistemas de \u00e1udio de alta qualidade que buscam uma melhoria significativa na resolu\u00e7\u00e3o e na din\u00e2mica.<\/p>\n<p>O <strong>Synergistic Research Tesla X4<\/strong> \u00e9 um cabo que utiliza engenharia avan\u00e7ada de blindagem ativa para limpar o caminho do sinal, proporcionando um desempenho sonoro mais detalhado e transparente.<\/p>\n","protected":false},"excerpt":{"rendered":"<p>O Synergistic Research Tesla X4 era um cabo de interconex\u00e3o de alta fidelidade, parte da inovadora s\u00e9rie Tesla da Synergistic Research (SR). Ele representa um n\u00edvel acess\u00edvel dentro da linha Tesla, mas ainda incorpora a tecnologia central da marca para eliminar ru\u00eddo. Tecnologia Central \u2013 Blindagem Ativa O X4 se destacava por utilizar a tecnologia [&hellip;]<\/p>\n","protected":false},"featured_media":27401,"template":"","meta":{"_acf_changed":false},"product_brand":[],"product_cat":[61,71,135],"product_tag":[],"class_list":{"0":"post-27400","1":"product","2":"type-product","3":"status-publish","4":"has-post-thumbnail","6":"product_cat-cabos","7":"product_cat-interconnect-rca","8":"product_cat-synergistic-research","10":"first","11":"instock","12":"sold-individually","13":"shipping-taxable","14":"purchasable","15":"product-type-simple"},"acf":[],"aioseo_notices":[],"_links":{"self":[{"href":"https:\/\/hificlub.com.br\/loja\/wp-json\/wp\/v2\/product\/27400","targetHints":{"allow":["GET"]}}],"collection":[{"href":"https:\/\/hificlub.com.br\/loja\/wp-json\/wp\/v2\/product"}],"about":[{"href":"https:\/\/hificlub.com.br\/loja\/wp-json\/wp\/v2\/types\/product"}],"wp:featuredmedia":[{"embeddable":true,"href":"https:\/\/hificlub.com.br\/loja\/wp-json\/wp\/v2\/media\/27401"}],"wp:attachment":[{"href":"https:\/\/hificlub.com.br\/loja\/wp-json\/wp\/v2\/media?parent=27400"}],"wp:term":[{"taxonomy":"product_brand","embeddable":true,"href":"https:\/\/hificlub.com.br\/loja\/wp-json\/wp\/v2\/product_brand?post=27400"},{"taxonomy":"product_cat","embeddable":true,"href":"https:\/\/hificlub.com.br\/loja\/wp-json\/wp\/v2\/product_cat?post=27400"},{"taxonomy":"product_tag","embeddable":true,"href":"https:\/\/hificlub.com.br\/loja\/wp-json\/wp\/v2\/product_tag?post=27400"}],"curies":[{"name":"wp","href":"https:\/\/api.w.org\/{rel}","templated":true}]}}