{"id":27391,"date":"2025-11-11T18:40:56","date_gmt":"2025-11-11T21:40:56","guid":{"rendered":"https:\/\/hificlub.com.br\/loja\/?post_type=product&#038;p=27391"},"modified":"2025-11-11T18:41:40","modified_gmt":"2025-11-11T21:41:40","slug":"mit-magnum-ma-cabo-rca-high-end-de-interconexao-15-metros","status":"publish","type":"product","link":"https:\/\/hificlub.com.br\/loja\/produto\/mit-magnum-ma-cabo-rca-high-end-de-interconexao-15-metros\/","title":{"rendered":"MIT Magnum MA (Maximum Articulation) &#8211; Cabo RCA High-End de Interconex\u00e3o, 1,5 metros"},"content":{"rendered":"<p>O <strong>MIT Magnum MA<\/strong> (Magnum Maximum Articulation) \u00e9 um cabo de interconex\u00e3o de refer\u00eancia, representando um dos modelos de topo de linha da s\u00e9rie <i>Maximum Articulation<\/i> (MA) da Music Interface Technologies (MIT). Ele \u00e9 projetado para sistemas de \u00e1udio de ultra <i>high-end<\/i> onde a busca \u00e9 pela m\u00e1xima fidelidade e transpar\u00eancia.<\/p>\n<p><b>Tecnologia<\/b><\/p>\n<p>Assim como outros cabos de refer\u00eancia da MIT, o Magnum MA n\u00e3o \u00e9 apenas um fio; ele incorpora uma <b>rede de circuitos passivos complexa<\/b> em sua estrutura, alojada em caixas externas caracter\u00edsticas, por\u00e9m substancialmente maiores e mais elaboradas.<\/p>\n<p>O principal objetivo desta rede \u00e9 controlar as intera\u00e7\u00f5es entre o cabo e o sinal de \u00e1udio em diferentes frequ\u00eancias. O MIT busca estender o n\u00famero de <b>&#8220;P\u00f3los de Articula\u00e7\u00e3o&#8221; (Articulation Poles)<\/b>. Em cabos de refer\u00eancia como o Magnum MA, o n\u00famero de p\u00f3los \u00e9 significativamente alto (podendo chegar a mais de 70 ou 90, dependendo da vers\u00e3o), garantindo que o sinal de \u00e1udio mantenha a fase, a pot\u00eancia e a uniformidade tonal em toda a banda de frequ\u00eancia aud\u00edvel.<\/p>\n<p><b>Desempenho Sonoro<\/b><\/p>\n<p>O Magnum MA \u00e9 aclamado por oferecer uma experi\u00eancia sonora com extraordin\u00e1ria <b>resolu\u00e7\u00e3o, profundidade e foco<\/b>. O som \u00e9 frequentemente descrito como incrivelmente &#8220;silencioso&#8221; (fundo de ru\u00eddo extremamente baixo), o que permite que os menores detalhes musicais e o <i>decay<\/i> natural das notas surjam com realismo palp\u00e1vel. Ele visa a m\u00e1xima coer\u00eancia e realismo na reprodu\u00e7\u00e3o.<\/p>\n<p><b>Constru\u00e7\u00e3o<\/b><\/p>\n<p>O cabo \u00e9 fisicamente impressionante, sendo muito mais grosso e pesado que os modelos inferiores da MIT, refletindo a complexidade de sua rede interna e a quantidade de condutores de alta qualidade utilizados.<\/p>\n<p>O <strong>MIT Magnum MA<\/strong> \u00e9 um componente de refer\u00eancia para audi\u00f3filos que buscam o mais alto n\u00edvel de controle, transpar\u00eancia e estabilidade sonora em seu sistema de \u00e1udio, utilizando tecnologia de circuito ativo para aprimorar a transmiss\u00e3o do sinal.<\/p>\n","protected":false},"excerpt":{"rendered":"<p>O MIT Magnum MA (Magnum Maximum Articulation) \u00e9 um cabo de interconex\u00e3o de refer\u00eancia, representando um dos modelos de topo de linha da s\u00e9rie Maximum Articulation (MA) da Music Interface Technologies (MIT). Ele \u00e9 projetado para sistemas de \u00e1udio de ultra high-end onde a busca \u00e9 pela m\u00e1xima fidelidade e transpar\u00eancia. Tecnologia Assim como outros [&hellip;]<\/p>\n","protected":false},"featured_media":27392,"template":"","meta":{"_acf_changed":false},"product_brand":[],"product_cat":[61,73,153],"product_tag":[],"class_list":{"0":"post-27391","1":"product","2":"type-product","3":"status-publish","4":"has-post-thumbnail","6":"product_cat-cabos","7":"product_cat-interconnect-xlr","8":"product_cat-mit","10":"first","11":"instock","12":"sold-individually","13":"shipping-taxable","14":"purchasable","15":"product-type-simple"},"acf":[],"aioseo_notices":[],"_links":{"self":[{"href":"https:\/\/hificlub.com.br\/loja\/wp-json\/wp\/v2\/product\/27391","targetHints":{"allow":["GET"]}}],"collection":[{"href":"https:\/\/hificlub.com.br\/loja\/wp-json\/wp\/v2\/product"}],"about":[{"href":"https:\/\/hificlub.com.br\/loja\/wp-json\/wp\/v2\/types\/product"}],"wp:featuredmedia":[{"embeddable":true,"href":"https:\/\/hificlub.com.br\/loja\/wp-json\/wp\/v2\/media\/27392"}],"wp:attachment":[{"href":"https:\/\/hificlub.com.br\/loja\/wp-json\/wp\/v2\/media?parent=27391"}],"wp:term":[{"taxonomy":"product_brand","embeddable":true,"href":"https:\/\/hificlub.com.br\/loja\/wp-json\/wp\/v2\/product_brand?post=27391"},{"taxonomy":"product_cat","embeddable":true,"href":"https:\/\/hificlub.com.br\/loja\/wp-json\/wp\/v2\/product_cat?post=27391"},{"taxonomy":"product_tag","embeddable":true,"href":"https:\/\/hificlub.com.br\/loja\/wp-json\/wp\/v2\/product_tag?post=27391"}],"curies":[{"name":"wp","href":"https:\/\/api.w.org\/{rel}","templated":true}]}}