{"id":27379,"date":"2025-11-11T17:52:36","date_gmt":"2025-11-11T20:52:36","guid":{"rendered":"https:\/\/hificlub.com.br\/loja\/?post_type=product&#038;p=27379"},"modified":"2025-11-11T17:52:36","modified_gmt":"2025-11-11T20:52:36","slug":"audioquest-gibraltar-dbs-72v-cabo-de-caixa-biwire-18-metros","status":"publish","type":"product","link":"https:\/\/hificlub.com.br\/loja\/produto\/audioquest-gibraltar-dbs-72v-cabo-de-caixa-biwire-18-metros\/","title":{"rendered":"AUDIOQUEST Gibraltar DBS 72v &#8211; Cabo de Caixa Biwire, 1,8 metros"},"content":{"rendered":"<p>O cabo <strong>AudioQuest Gibraltar<\/strong> \u00e9 uma interconex\u00e3o de caixa ac\u00fastica de alto desempenho, posicionada na linha de cabos <i>premium<\/i> da AudioQuest. Ele \u00e9 especificamente configurado como BiWire (Bi-cablagem), o que significa que internamente ele possui quatro condutores para ligar os terminais de m\u00e9dios\/agudos e os terminais de graves da caixa separadamente, melhorando o desempenho em sistemas compat\u00edveis.<\/p>\n<p><b>Tecnologias de Destaque<\/b><\/p>\n<ul>\n<li>DBS (Dielectric-Bias System) 72V: Esta \u00e9 a tecnologia mais distintiva do cabo. O DBS aplica uma voltagem constante de 72 Volts a uma camada de material diel\u00e9trico que envolve os condutores. O objetivo \u00e9 polarizar, ou &#8220;estressar&#8221;, o diel\u00e9trico. Ao fazer isso, a AudioQuest busca minimizar o &#8220;tempo de atraso&#8221; e o &#8220;ru\u00eddo&#8221; inerentes que o diel\u00e9trico (o isolamento ao redor do fio) pode introduzir no sinal de \u00e1udio, resultando em um som mais claro, focado e com menos distor\u00e7\u00e3o.<\/li>\n<li>Condutores de Metal Perfeito de Superf\u00edcie S\u00f3lida (PSC+): O Gibraltar utiliza condutores feitos de cobre de &#8220;Metal Perfeito de Superf\u00edcie S\u00f3lida&#8221; (PSC+). Este material \u00e9 extremamente puro, com uma superf\u00edcie lisa, o que, segundo a AudioQuest, otimiza a condu\u00e7\u00e3o do sinal e minimiza a distor\u00e7\u00e3o que ocorre quando o sinal viaja pela superf\u00edcie do condutor.<\/li>\n<li>Geometria Dupla-Estrela Qu\u00e1drupla: O cabo emprega uma geometria complexa. Essa constru\u00e7\u00e3o dupla-estrela qu\u00e1drupla \u00e9 projetada para otimizar a rela\u00e7\u00e3o entre os condutores positivos e negativos, reduzindo a intera\u00e7\u00e3o entre os fios e minimizando a distor\u00e7\u00e3o.<\/li>\n<\/ul>\n<p><b>Desempenho Sonoro<\/b><\/p>\n<p>O objetivo do cabo Gibraltar \u00e9 oferecer uma apresenta\u00e7\u00e3o sonora que \u00e9 simultaneamente suave e rica em detalhes. A tecnologia DBS, em particular, visa criar um fundo mais silencioso para que pequenos detalhes musicais possam emergir com maior clareza e realismo.<\/p>\n<p>O <strong>Gibraltar DBS 72V<\/strong> \u00e9 um cabo tecnologicamente avan\u00e7ado, projetado para audi\u00f3filos que buscam otimizar a clareza e a din\u00e2mica de seus sistemas de \u00e1udio de alta fidelidade atrav\u00e9s do design BiWire e da polariza\u00e7\u00e3o ativa do diel\u00e9trico.<\/p>\n","protected":false},"excerpt":{"rendered":"<p>O cabo AudioQuest Gibraltar \u00e9 uma interconex\u00e3o de caixa ac\u00fastica de alto desempenho, posicionada na linha de cabos premium da AudioQuest. Ele \u00e9 especificamente configurado como BiWire (Bi-cablagem), o que significa que internamente ele possui quatro condutores para ligar os terminais de m\u00e9dios\/agudos e os terminais de graves da caixa separadamente, melhorando o desempenho em [&hellip;]<\/p>\n","protected":false},"featured_media":27380,"template":"","meta":{"_acf_changed":false},"product_brand":[],"product_cat":[61,71],"product_tag":[],"class_list":{"0":"post-27379","1":"product","2":"type-product","3":"status-publish","4":"has-post-thumbnail","6":"product_cat-cabos","7":"product_cat-interconnect-rca","9":"first","10":"instock","11":"sold-individually","12":"shipping-taxable","13":"purchasable","14":"product-type-simple"},"acf":[],"aioseo_notices":[],"_links":{"self":[{"href":"https:\/\/hificlub.com.br\/loja\/wp-json\/wp\/v2\/product\/27379","targetHints":{"allow":["GET"]}}],"collection":[{"href":"https:\/\/hificlub.com.br\/loja\/wp-json\/wp\/v2\/product"}],"about":[{"href":"https:\/\/hificlub.com.br\/loja\/wp-json\/wp\/v2\/types\/product"}],"wp:featuredmedia":[{"embeddable":true,"href":"https:\/\/hificlub.com.br\/loja\/wp-json\/wp\/v2\/media\/27380"}],"wp:attachment":[{"href":"https:\/\/hificlub.com.br\/loja\/wp-json\/wp\/v2\/media?parent=27379"}],"wp:term":[{"taxonomy":"product_brand","embeddable":true,"href":"https:\/\/hificlub.com.br\/loja\/wp-json\/wp\/v2\/product_brand?post=27379"},{"taxonomy":"product_cat","embeddable":true,"href":"https:\/\/hificlub.com.br\/loja\/wp-json\/wp\/v2\/product_cat?post=27379"},{"taxonomy":"product_tag","embeddable":true,"href":"https:\/\/hificlub.com.br\/loja\/wp-json\/wp\/v2\/product_tag?post=27379"}],"curies":[{"name":"wp","href":"https:\/\/api.w.org\/{rel}","templated":true}]}}