{"id":27349,"date":"2025-11-10T21:28:45","date_gmt":"2025-11-11T00:28:45","guid":{"rendered":"https:\/\/hificlub.com.br\/loja\/?post_type=product&#038;p=27349"},"modified":"2025-11-10T21:28:45","modified_gmt":"2025-11-11T00:28:45","slug":"mit-mi-330-terminator-proline-cabo-xlr-de-interconexao-de-audio-15-metros","status":"publish","type":"product","link":"https:\/\/hificlub.com.br\/loja\/produto\/mit-mi-330-terminator-proline-cabo-xlr-de-interconexao-de-audio-15-metros\/","title":{"rendered":"MIT MI-330 Terminator ProLine &#8211; Cabo XLR de Interconex\u00e3o de \u00c1udio, 1,5 metros"},"content":{"rendered":"<p>O <strong>MIT MI-330<\/strong> Terminator ProLine \u00e9 um cabo de interconex\u00e3o de \u00e1udio muito conhecido e altamente respeitado, fabricado pela Music Interface Technologies (MIT). Ele faz parte da longa e aclamada hist\u00f3ria da MIT no desenvolvimento de cabos que v\u00e3o al\u00e9m da simples transmiss\u00e3o de sinal.<\/p>\n<p><b>Tecnologia<\/b><\/p>\n<p>O diferencial da MIT \u00e9 a incorpora\u00e7\u00e3o de redes de circuitos ajustadas (Networks) em seus cabos, e a linha MI-330 Terminator ProLine foi pioneira nesta abordagem. O conceito \u00e9 simples: um cabo tradicional tem uma largura de banda de \u00e1udio vari\u00e1vel em diferentes frequ\u00eancias, o que pode causar inconsist\u00eancias na maneira como os harm\u00f4nicos e o conte\u00fado tonal s\u00e3o percebidos.<\/p>\n<p>Os circuitos da MIT, alojados nas caixas caracter\u00edsticas do cabo, s\u00e3o projetados para resolver isso. Eles trabalham para garantir que o cabo mantenha um desempenho uniforme em toda a banda de \u00e1udio, otimizando o n\u00famero de &#8220;p\u00f3los de articula\u00e7\u00e3o&#8221; (<i>Articulation Poles<\/i>).<\/p>\n<p><b>Desempenho Sonoro<\/b><\/p>\n<p>O objetivo final do MIT MI-330 Terminator ProLine \u00e9 criar um som que seja percebido como mais detalhado, com melhor foco e um palco sonoro mais est\u00e1vel e tridimensional. Os usu\u00e1rios frequentemente descrevem o som como &#8220;coeso&#8221; e &#8220;controlado&#8221;, com maior clareza em todas as frequ\u00eancias.<\/p>\n<p><b>Uso<\/b><\/p>\n<p>Este cabo \u00e9 tipicamente usado para conectar componentes de alto n\u00edvel, como pr\u00e9-amplificadores a amplificadores de pot\u00eancia, ou fontes (CD players, DACs) a pr\u00e9-amplificadores, em sistemas de \u00e1udio audi\u00f3filos.<\/p>\n<p>O <strong>MIT MI-330<\/strong> Terminator ProLine n\u00e3o \u00e9 apenas um fio, mas um circuito passivo que trabalha ativamente para refinar e otimizar a transmiss\u00e3o do sinal de \u00e1udio, resultando em uma melhoria significativa no desempenho s\u00f4nico do sistema.<\/p>\n","protected":false},"excerpt":{"rendered":"<p>O MIT MI-330 Terminator ProLine \u00e9 um cabo de interconex\u00e3o de \u00e1udio muito conhecido e altamente respeitado, fabricado pela Music Interface Technologies (MIT). Ele faz parte da longa e aclamada hist\u00f3ria da MIT no desenvolvimento de cabos que v\u00e3o al\u00e9m da simples transmiss\u00e3o de sinal. Tecnologia O diferencial da MIT \u00e9 a incorpora\u00e7\u00e3o de redes [&hellip;]<\/p>\n","protected":false},"featured_media":27350,"template":"","meta":{"_acf_changed":false},"product_brand":[],"product_cat":[61,73,153],"product_tag":[],"class_list":{"0":"post-27349","1":"product","2":"type-product","3":"status-publish","4":"has-post-thumbnail","6":"product_cat-cabos","7":"product_cat-interconnect-xlr","8":"product_cat-mit","10":"first","11":"instock","12":"sold-individually","13":"shipping-taxable","14":"purchasable","15":"product-type-simple"},"acf":[],"aioseo_notices":[],"_links":{"self":[{"href":"https:\/\/hificlub.com.br\/loja\/wp-json\/wp\/v2\/product\/27349","targetHints":{"allow":["GET"]}}],"collection":[{"href":"https:\/\/hificlub.com.br\/loja\/wp-json\/wp\/v2\/product"}],"about":[{"href":"https:\/\/hificlub.com.br\/loja\/wp-json\/wp\/v2\/types\/product"}],"wp:featuredmedia":[{"embeddable":true,"href":"https:\/\/hificlub.com.br\/loja\/wp-json\/wp\/v2\/media\/27350"}],"wp:attachment":[{"href":"https:\/\/hificlub.com.br\/loja\/wp-json\/wp\/v2\/media?parent=27349"}],"wp:term":[{"taxonomy":"product_brand","embeddable":true,"href":"https:\/\/hificlub.com.br\/loja\/wp-json\/wp\/v2\/product_brand?post=27349"},{"taxonomy":"product_cat","embeddable":true,"href":"https:\/\/hificlub.com.br\/loja\/wp-json\/wp\/v2\/product_cat?post=27349"},{"taxonomy":"product_tag","embeddable":true,"href":"https:\/\/hificlub.com.br\/loja\/wp-json\/wp\/v2\/product_tag?post=27349"}],"curies":[{"name":"wp","href":"https:\/\/api.w.org\/{rel}","templated":true}]}}