{"id":2733,"date":"2023-10-17T20:02:28","date_gmt":"2023-10-17T23:02:28","guid":{"rendered":"https:\/\/hificlub.com.br\/loja2\/produto\/tannoy-prestige-autograph-mini-limited-edition\/"},"modified":"2025-09-05T10:41:43","modified_gmt":"2025-09-05T13:41:43","slug":"tannoy-prestige-autograph-mini-limited-edition","status":"publish","type":"product","link":"https:\/\/hificlub.com.br\/loja\/produto\/tannoy-prestige-autograph-mini-limited-edition\/","title":{"rendered":"TANNOY PRESTIGE AUTOGRAPH MINI OW"},"content":{"rendered":"<h1 class=\"product_title entry-title\"><span dir=\"auto\">Tannoy Autograph Mini-OW<\/span><\/h1>\n<p>O \u00e1udio \u00e9 um componente poderoso da experi\u00eancia cinematogr\u00e1fica; ele envolve voc\u00ea na a\u00e7\u00e3o, desperta suas emo\u00e7\u00f5es e traz um n\u00edvel incompar\u00e1vel de prazer \u00e0 apresenta\u00e7\u00e3o. A caixa de som HiFi dupla conc\u00eantrica AUTOGRAPH MINI-OW com suporte bidirecional de 4&#8243; traz esse n\u00edvel de desempenho para o ambiente da sua casa com um luxuoso acabamento em nogueira oleada de alta qualidade, t\u00e3o agrad\u00e1vel aos olhos quanto aos ouvidos. A AUTOGRAPH MINI-OW eleva seu conte\u00fado de \u00e1udio aos n\u00edveis imaginados pelo engenheiro de masteriza\u00e7\u00e3o original \u2013 tudo isso precisa ser vivenciado em toda a sua beleza, detalhes e nuances. Um design de caixa de som verdadeiramente excelente permite que o sistema de som se destaque da paisagem sonora e apresente a experi\u00eancia sonora de uma maneira que o transporta para um plano superior. Inova\u00e7\u00e3o e desempenho excepcional \u2013 isso \u00e9 a AUTOGRAPH MINI-OW.<\/p>\n<h5 class=\"mb-2 mt-3 mt-sm-0 font-weight-normal\"><span dir=\"auto\">\u00c1udio com qualidade de est\u00fadio em sua casa<\/span><\/h5>\n<p><span dir=\"auto\">A AUTOGRAPH MINI-OW oferece coer\u00eancia l\u00edder na categoria e imagem de fonte pontual para aquele som verdadeiramente natural t\u00e3o desejado. O driver duplo de graves de 4&#8243; e 200 Watts com driver de domo de agudos de tit\u00e2nio de 19 mm proporciona uma din\u00e2mica de tirar o f\u00f4lego, resposta transiente potente e realismo incompar\u00e1vel em uma ampla faixa de frequ\u00eancias, com aus\u00eancia quase total de colora\u00e7\u00e3o. Muitos dos maiores sucessos do mundo foram gravados e mixados com monitores de est\u00fadio TANNOY, e ouvir essas caixas transformar\u00e1 sua sala de estar em um centro de entretenimento completo.<\/span><\/p>\n<h5 class=\"mb-2 mt-3 mt-sm-0 font-weight-normal\"><span dir=\"auto\">TANNOY Dual Conc\u00eantrico<\/span><\/h5>\n<p><span dir=\"auto\">No cora\u00e7\u00e3o do desempenho soberbo do AUTOGRAPH MINI-OW, voc\u00ea encontrar\u00e1 uma vers\u00e3o totalmente nova da nossa lend\u00e1ria e exclusiva tecnologia de driver duplo conc\u00eantrico TANNOY. O novo driver duplo conc\u00eantrico de 4&#8243; oferece dispers\u00e3o aprimorada, criando uma distribui\u00e7\u00e3o sonora ainda mais uniforme em todo o ambiente de audi\u00e7\u00e3o. Ao mesmo tempo, a introdu\u00e7\u00e3o da configura\u00e7\u00e3o Omnimagnet permite que a unidade de alta frequ\u00eancia seja posicionada ainda mais perto do centro ac\u00fastico da unidade de baixa frequ\u00eancia, o que melhora ainda mais o alinhamento temporal entre as duas unidades de acionamento. Essas caracter\u00edsticas de dispers\u00e3o com coer\u00eancia temporal, fonte pontual e diretividade constante tornam o design duplo conc\u00eantrico um padr\u00e3o aceito pela ind\u00fastria em monitoramento de est\u00fadio. Ao exceder as rigorosas demandas do ambiente de grava\u00e7\u00e3o e masteriza\u00e7\u00e3o, o AUTOGRAPH MINI-OW garante que o desempenho de reprodu\u00e7\u00e3o em casa para home theater est\u00e9reo ou multicanal seja rigorosamente controlado para refletir com precis\u00e3o a arte do engenheiro de som.<\/span><\/p>\n<p>&nbsp;<\/p>\n<ul>\n<li class=\"last\"><\/li>\n<\/ul>\n","protected":false},"excerpt":{"rendered":"<p>Tannoy Autograph Mini-OW O \u00e1udio \u00e9 um componente poderoso da experi\u00eancia cinematogr\u00e1fica; ele envolve voc\u00ea na a\u00e7\u00e3o, desperta suas emo\u00e7\u00f5es e traz um n\u00edvel incompar\u00e1vel de prazer \u00e0 apresenta\u00e7\u00e3o. A caixa de som HiFi dupla conc\u00eantrica AUTOGRAPH MINI-OW com suporte bidirecional de 4&#8243; traz esse n\u00edvel de desempenho para o ambiente da sua casa com [&hellip;]<\/p>\n","protected":false},"featured_media":26027,"template":"","meta":{"_acf_changed":false},"product_brand":[],"product_cat":[25,17,84],"product_tag":[],"class_list":{"0":"post-2733","1":"product","2":"type-product","3":"status-publish","4":"has-post-thumbnail","6":"product_cat-bookshelf","7":"product_cat-caixas","8":"product_cat-tannoy","10":"first","11":"instock","12":"sold-individually","13":"shipping-taxable","14":"purchasable","15":"product-type-simple"},"acf":[],"aioseo_notices":[],"_links":{"self":[{"href":"https:\/\/hificlub.com.br\/loja\/wp-json\/wp\/v2\/product\/2733","targetHints":{"allow":["GET"]}}],"collection":[{"href":"https:\/\/hificlub.com.br\/loja\/wp-json\/wp\/v2\/product"}],"about":[{"href":"https:\/\/hificlub.com.br\/loja\/wp-json\/wp\/v2\/types\/product"}],"wp:featuredmedia":[{"embeddable":true,"href":"https:\/\/hificlub.com.br\/loja\/wp-json\/wp\/v2\/media\/26027"}],"wp:attachment":[{"href":"https:\/\/hificlub.com.br\/loja\/wp-json\/wp\/v2\/media?parent=2733"}],"wp:term":[{"taxonomy":"product_brand","embeddable":true,"href":"https:\/\/hificlub.com.br\/loja\/wp-json\/wp\/v2\/product_brand?post=2733"},{"taxonomy":"product_cat","embeddable":true,"href":"https:\/\/hificlub.com.br\/loja\/wp-json\/wp\/v2\/product_cat?post=2733"},{"taxonomy":"product_tag","embeddable":true,"href":"https:\/\/hificlub.com.br\/loja\/wp-json\/wp\/v2\/product_tag?post=2733"}],"curies":[{"name":"wp","href":"https:\/\/api.w.org\/{rel}","templated":true}]}}