{"id":27292,"date":"2025-11-09T19:25:16","date_gmt":"2025-11-09T22:25:16","guid":{"rendered":"https:\/\/hificlub.com.br\/loja\/?post_type=product&#038;p=27292"},"modified":"2025-11-09T19:30:01","modified_gmt":"2025-11-09T22:30:01","slug":"bw-signature-800","status":"publish","type":"product","link":"https:\/\/hificlub.com.br\/loja\/produto\/bw-signature-800\/","title":{"rendered":"B&#038;W SIGNATURE 800  35th Anniversary Edition"},"content":{"rendered":"<p><span dir=\"auto\">Este sistema de caixas ac\u00fasticas de ch\u00e3o \u00e9 uma vers\u00e3o especial do Nautilus800, desenvolvida como modelo comemorativo do 35\u00ba anivers\u00e1rio da B&amp;W.<\/span><\/p>\n<p><span dir=\"auto\">Dois woofers de 25 cm com cone de papel\/Kevlar s\u00e3o instalados na faixa de graves.<\/span><br \/>\n<span dir=\"auto\">Esta unidade possui um sistema de acionamento (conjunto de bobina m\u00f3vel e \u00edm\u00e3) da mesma escala que a unidade de 380 mm do N801. Com duas unidades, a \u00e1rea efetiva do diafragma \u00e9 quase a mesma da unidade de 38 cm do N801. O mesmo curso \u00e9 acionado com o dobro da energia magn\u00e9tica. Al\u00e9m disso, gra\u00e7as \u00e0 capacidade de dissipa\u00e7\u00e3o de calor duas vezes maior e ao aumento da resist\u00eancia do cone devido ao menor di\u00e2metro, obt\u00e9m-se um som grave preciso em alta velocidade.<\/span><br \/>\n<span dir=\"auto\">O polo revestido de cobre reduz a distor\u00e7\u00e3o harm\u00f4nica e melhora a conex\u00e3o sonora com a faixa m\u00e9dia.<\/span><\/p>\n<p><span dir=\"auto\">A faixa m\u00e9dia \u00e9 equipada com um cone de fibra Warbunkevlar FST de 16 cm de di\u00e2metro.<\/span><br \/>\n<span dir=\"auto\">Esta unidade utiliza um \u00edm\u00e3 de neod\u00edmio (NdFeB) extragrande com alta for\u00e7a magn\u00e9tica para o circuito magn\u00e9tico. O di\u00e2metro externo do circuito magn\u00e9tico \u00e9 mais fino para reduzir a reflex\u00e3o traseira. Al\u00e9m disso, utiliza-se uma placa extra-espessa e uma bobina de voz curta. Ao tornar a placa extremamente espessa em rela\u00e7\u00e3o \u00e0 largura do enrolamento da bobina de voz, a distor\u00e7\u00e3o em alto volume e a modula\u00e7\u00e3o devido ao campo magn\u00e9tico da bobina s\u00e3o reduzidas.<\/span><br \/>\n<span dir=\"auto\">Adicionalmente, o alto-falante \u00e9 equipado com um bloco de alum\u00ednio usinado para eliminar resson\u00e2ncias de alta in\u00e9rcia.<\/span><\/p>\n<p><span dir=\"auto\">Um tweeter de domo de 2,5 cm com tubos Nautilus \u00e9 instalado na faixa de agudos.<\/span><br \/>\n<span dir=\"auto\">Esta unidade utiliza uma bobina de voz de alum\u00ednio em formato de coroa para aumentar a resist\u00eancia da jun\u00e7\u00e3o entre a bobina e o domo, expandindo a frequ\u00eancia de resson\u00e2ncia.<\/span><br \/>\n<span dir=\"auto\">Al\u00e9m disso, a prata, que possui menor resist\u00eancia el\u00e9trica que o cobre, \u00e9 utilizada na tampa do polo para suprimir a indut\u00e2ncia da bobina de voz na faixa de frequ\u00eancias ultra-altas, expandindo o limite de reprodu\u00e7\u00e3o de frequ\u00eancias ultra-altas e reduzindo a distor\u00e7\u00e3o harm\u00f4nica.<\/span><\/p>\n<p><span dir=\"auto\">A parte da rede \u00e9 alojada na base de alum\u00ednio fundido do suporte para eliminar o efeito da press\u00e3o sonora na caixa ac\u00fastica.<\/span><br \/>\n<span dir=\"auto\">Al\u00e9m disso, s\u00e3o utilizados componentes de crossover rec\u00e9m-desenvolvidos, e capacitores de filme de polipropileno da mais alta qualidade e bobinas de n\u00facleo de ar sem satura\u00e7\u00e3o magn\u00e9tica s\u00e3o empregados em todos os componentes de reat\u00e2ncia.<\/span><\/p>\n<p><span dir=\"auto\">Um cabo de alta bitola \u00e9 utilizado para os graves, e o amortecimento pelo amplificador \u00e9 aprimorado pela redu\u00e7\u00e3o da resist\u00eancia CC do cabo.<\/span><\/p>\n<p><span dir=\"auto\">O terminal WBT 072 \u00e9 utilizado para a conex\u00e3o dos alto-falantes. Tanto o terminal de p\u00e1 quanto o terminal banana possuem suas pr\u00f3prias tampas de rosca para travamento seguro e recebem um tratamento de revestimento de pal\u00e1dio de alta confiabilidade.<\/span><br \/>\n<span dir=\"auto\">Adicionalmente, um terminal by-wire est\u00e1 instalado.<\/span><\/p>\n<p><span dir=\"auto\">O aparelho apresenta um gabinete arredondado, constru\u00e7\u00e3o matricial interna, acabamento em couro Connolly na parte superior e frontal do gabinete e um acabamento em madeira Gray Tiger Eye de alto brilho no exterior.<\/span><\/p>\n<p><span dir=\"auto\">O pedestal \u00e9 feito de alum\u00ednio fundido e equipado com um deslizador de poste.<\/span><br \/>\n<span dir=\"auto\">Tamb\u00e9m acompanha um kit de ponta que pode ser substitu\u00eddo.<\/span><\/p>\n<p><span dir=\"auto\">A Signature 800 faz parte da linha Prestige da B&amp;W, que representa o melhor que a B&amp;W pode oferecer com a tecnologia atual de alto-falantes. Baseada na experi\u00eancia em design e no sucesso de mercado da linha Nautilus &#8220;regular&#8221;, a S800 \u00e9 sutilmente, mas significativamente, mais avan\u00e7ada. Embora o desempenho de graves do woofer de 15&#8243; da 801 seja mensuravelmente superior, em laborat\u00f3rio e est\u00fadio, ao dos woofers de 8&#8243; da 802, muitos usu\u00e1rios descobriram que, em salas de audi\u00e7\u00e3o menores, como as residenciais, a 802 pode ser igualmente potente e com extens\u00e3o, por\u00e9m mais suave. Uma das raz\u00f5es apresentadas \u00e9 que os dois drivers podem estar sujeitos a diferentes influ\u00eancias da sala simplesmente devido ao seu deslocamento f\u00edsico e, portanto, ter menor probabilidade de acoplar aos mesmos modos e resson\u00e2ncias da sala. Considerando os longos comprimentos de onda envolvidos, \u00e9 dif\u00edcil aceitar essa explica\u00e7\u00e3o. Mesmo assim, a S800 utiliza um par de woofers de 10&#8243; baseados no woofer de 15&#8243; da N801. Isso proporciona uma \u00e1rea de driver equivalente, em uma configura\u00e7\u00e3o modelada na do N802.<\/span><\/p>\n<p><span dir=\"auto\">Outro avan\u00e7o \u00e9 o redesenho do circuito de crossover, possibilitado pela sua integra\u00e7\u00e3o \u00e0 base de alum\u00ednio fundido do S800. Enquanto as outras caixas ac\u00fasticas Nautilus utilizam capacitores eletrol\u00edticos de filme e com bypass de filme, al\u00e9m de indutores com n\u00facleo de ar e com n\u00facleo de p\u00f3 de ferro, o S800 utiliza exclusivamente capacitores de filme e bobinas com n\u00facleo de ar, inclusive para o filtro passa-alta de baixa frequ\u00eancia. Como algu\u00e9m que j\u00e1 dedicou tempo ao projeto e ajuste de crossovers, posso garantir que essa aparente extravag\u00e2ncia contribui significativamente para o excelente desempenho. Al\u00e9m disso, a base robusta do S800 isola eletricamente o crossover dos drivers, atua como dissipador de calor para o crossover e, em conjunto com a porta de graves voltada para baixo, contribui para o carregamento preciso da caixa ac\u00fastica de baixa frequ\u00eancia.<\/span><\/p>\n<p><span dir=\"auto\">As conex\u00f5es s\u00e3o feitas atrav\u00e9s de quatro terminais WBT 0702 banhados a pal\u00e1dio, que aceitam plugs banana, terminais de p\u00e1 ou fios desencapados. Cada terminal possui duas tampas de rosca: a tampa interna maior prende os fios desencapados ou terminais de p\u00e1, enquanto a tampa externa menor aperta uma pin\u00e7a para fixar firmemente plugs de 4 mm. Os terminais s\u00e3o dispostos com LF+ e LF- mais externos e os terminais MF\/HF+ e MF\/HF- mais internos. Portanto, se voc\u00ea estiver usando bi-fia\u00e7\u00e3o, como eu estava com o cabo de caixa ac\u00fastica Gibraltar da AudioQuest, seus fios de baixa frequ\u00eancia (LF) precisam de um comprimento consider\u00e1vel. (Jumpers banhados a pal\u00e1dio s\u00e3o fornecidos para fia\u00e7\u00e3o simples.) Internamente, o Signature 800 e sua vers\u00e3o Nautilus b\u00e1sica (!) (US$ 16.000 o par) s\u00e3o id\u00eanticos, portanto, a descri\u00e7\u00e3o anterior \u2014 e, de fato, todos os coment\u00e1rios a seguir sobre desempenho \u2014 devem se aplicar igualmente \u00e0 vers\u00e3o mais barata, sem o selo Signature.<\/span><\/p>\n","protected":false},"excerpt":{"rendered":"<p>Este sistema de caixas ac\u00fasticas de ch\u00e3o \u00e9 uma vers\u00e3o especial do Nautilus800, desenvolvida como modelo comemorativo do 35\u00ba anivers\u00e1rio da B&amp;W. Dois woofers de 25 cm com cone de papel\/Kevlar s\u00e3o instalados na faixa de graves. Esta unidade possui um sistema de acionamento (conjunto de bobina m\u00f3vel e \u00edm\u00e3) da mesma escala que a [&hellip;]<\/p>\n","protected":false},"featured_media":27300,"template":"","meta":{"_acf_changed":false},"product_brand":[],"product_cat":[19,17,18],"product_tag":[],"class_list":{"0":"post-27292","1":"product","2":"type-product","3":"status-publish","4":"has-post-thumbnail","6":"product_cat-bw","7":"product_cat-caixas","8":"product_cat-torres","10":"first","11":"instock","12":"sold-individually","13":"shipping-taxable","14":"purchasable","15":"product-type-simple"},"acf":[],"aioseo_notices":[],"_links":{"self":[{"href":"https:\/\/hificlub.com.br\/loja\/wp-json\/wp\/v2\/product\/27292","targetHints":{"allow":["GET"]}}],"collection":[{"href":"https:\/\/hificlub.com.br\/loja\/wp-json\/wp\/v2\/product"}],"about":[{"href":"https:\/\/hificlub.com.br\/loja\/wp-json\/wp\/v2\/types\/product"}],"wp:featuredmedia":[{"embeddable":true,"href":"https:\/\/hificlub.com.br\/loja\/wp-json\/wp\/v2\/media\/27300"}],"wp:attachment":[{"href":"https:\/\/hificlub.com.br\/loja\/wp-json\/wp\/v2\/media?parent=27292"}],"wp:term":[{"taxonomy":"product_brand","embeddable":true,"href":"https:\/\/hificlub.com.br\/loja\/wp-json\/wp\/v2\/product_brand?post=27292"},{"taxonomy":"product_cat","embeddable":true,"href":"https:\/\/hificlub.com.br\/loja\/wp-json\/wp\/v2\/product_cat?post=27292"},{"taxonomy":"product_tag","embeddable":true,"href":"https:\/\/hificlub.com.br\/loja\/wp-json\/wp\/v2\/product_tag?post=27292"}],"curies":[{"name":"wp","href":"https:\/\/api.w.org\/{rel}","templated":true}]}}