{"id":2728,"date":"2023-10-17T20:02:25","date_gmt":"2023-10-17T23:02:25","guid":{"rendered":"https:\/\/hificlub.com.br\/loja2\/produto\/nordost-tyr-2-xlr-1-metro\/"},"modified":"2026-02-18T07:23:22","modified_gmt":"2026-02-18T10:23:22","slug":"nordost-tyr-2-xlr-1-metro","status":"publish","type":"product","link":"https:\/\/hificlub.com.br\/loja\/produto\/nordost-tyr-2-xlr-1-metro\/","title":{"rendered":"NORDOST TYR 2  XLR  1 metro"},"content":{"rendered":"<p>Estado de conserva\u00e7\u00e3o: <strong>9\/10<\/strong><\/p>\n<div class=\"productFamilywrapper\">\n<div class=\"about-aproductFamilychild\">\n<p><strong>INTERCONEX\u00d5ES ANAL\u00d3GICAS TYR 2<\/strong><\/p>\n<p>As interconex\u00f5es da s\u00e9rie Norse 2 oferecem um n\u00edvel de desempenho que antes n\u00e3o era poss\u00edvel em suas faixas de pre\u00e7o.\u00a0A constru\u00e7\u00e3o Dual Mono-Filament propriet\u00e1ria da Nordost, introduzida pela primeira vez nos lend\u00e1rios cabos de refer\u00eancia Valhalla, cria um diel\u00e9trico de ar virtual completo com um sistema de suspens\u00e3o elegantemente projetado.\u00a0Quando combinado com condutores de n\u00facleo s\u00f3lido OFC banhados a prata e isolamento FEP por toda parte, o resultado \u00e9 a constru\u00e7\u00e3o ideal controlada el\u00e9trica e mecanicamente para transfer\u00eancia de sinal ultrarr\u00e1pida e de baixa perda.\u00a0As dimens\u00f5es otimizadas do condutor ampliam significativamente o desempenho musical da nova s\u00e9rie Norse 2, permitindo finalmente que seu equipamento forne\u00e7a todo o seu potencial de desempenho,<\/p>\n<p>Em qualquer sistema conectado com a fam\u00edlia de cabos Norse 2, quando a qualidade realmente importa, n\u00e3o procure al\u00e9m do Tyr 2. Os fundos mais silenciosos, a resolu\u00e7\u00e3o mais alta e a faixa din\u00e2mica mais ampla de qualquer cabo Norse 2 deixam o novo Tyr 2 atr\u00e1s apenas do V2 e Odin.<\/p>\n<figure>\n<blockquote><p>\u201c\u00a0Transpar\u00eancia, precis\u00e3o, pureza, profundidade, textura, abertura, expansividade\u2026 O tear Tyr 2 de Nordost traz tudo isso e muito mais\u2026 outra palavra agora vem \u00e0 mente que talvez melhor resuma minha analogia entre vinho e \u00e1udio: transformador.\u00a0Essa \u00e9 talvez a \u00faltima coisa que posso dizer sobre qualquer experi\u00eancia.\u00a0Leva-nos a outro lugar, a outro n\u00edvel de compreens\u00e3o \u2013 e, neste caso, a outro n\u00edvel de prazer musical a longo prazo.\u00a0\u201d<\/blockquote><figcaption class=\"source\">&#8211; WAYNE GARCIA, The Absolute Sound, ABRIL DE 2020<\/figcaption><\/figure>\n<p>&nbsp;<\/p>\n<p>Isolamento de interconex\u00e3o Tyr 2 : Etileno propileno fluorado (FEP)<br \/>\nConstru\u00e7\u00e3o: Configura\u00e7\u00e3o mecanicamente ajustada, comprimento e design de monofilamento duplo<br \/>\nCondutores: 7x 24AWG<br \/>\nMaterial: banhado a prata 99,99999% OFC de n\u00facleo s\u00f3lido<br \/>\nCapacit\u00e2ncia: 33,0pF\/ft<br \/>\nIndut\u00e2ncia: 0,045\u03bcH\/ p\u00e9s Cobertura<br \/>\ngeral do escudo : 97% Velocidade de propaga\u00e7\u00e3o: 86% Termina\u00e7\u00e3o: Nordost MoonGlo RCA ou XLR banhado a ouro<\/p>\n<h3><strong>Especifica\u00e7\u00f5es<\/strong><\/h3>\n<div id=\"ulspecboxleft\"><strong>Isolamento:<\/strong>\u00a0Etileno Propileno Fluorado (FEP)<br \/>\n<strong>Constru\u00e7\u00e3o:<\/strong>\u00a0Micro Monofilamento de Precis\u00e3o<br \/>\n<strong>Condutores:<\/strong>\u00a07 x 24 AWG<br \/>\n<strong>Material:<\/strong>\u00a060 m\u00edcrons de prata extrudada sobre 99,99999% de n\u00facleo s\u00f3lido OFC<br \/>\n<strong>Capacit\u00e2ncia:<\/strong>\u00a033 pF\/ft\/ch<br \/>\n<strong>Indut\u00e2ncia:<\/strong>\u00a00,045 \u03bcH\/ft\/ ch<br \/>\n<strong>Atraso de propaga\u00e7\u00e3o:<\/strong>\u00a080% da velocidade da luz<br \/>\n<strong>Cobertura geral da blindagem:<\/strong>\u00a097%<br \/>\n<strong>Termina\u00e7\u00e3o tran\u00e7ada:<\/strong>\u00a0Nordost MoonGlo RCA ou Neutrik XLR<\/div>\n<\/div>\n<\/div>\n","protected":false},"excerpt":{"rendered":"<p>Estado de conserva\u00e7\u00e3o: 9\/10 INTERCONEX\u00d5ES ANAL\u00d3GICAS TYR 2 As interconex\u00f5es da s\u00e9rie Norse 2 oferecem um n\u00edvel de desempenho que antes n\u00e3o era poss\u00edvel em suas faixas de pre\u00e7o.\u00a0A constru\u00e7\u00e3o Dual Mono-Filament propriet\u00e1ria da Nordost, introduzida pela primeira vez nos lend\u00e1rios cabos de refer\u00eancia Valhalla, cria um diel\u00e9trico de ar virtual completo com um sistema [&hellip;]<\/p>\n","protected":false},"featured_media":2726,"template":"","meta":{"_acf_changed":false},"product_brand":[],"product_cat":[61,73,118],"product_tag":[],"class_list":{"0":"post-2728","1":"product","2":"type-product","3":"status-publish","4":"has-post-thumbnail","6":"product_cat-cabos","7":"product_cat-interconnect-xlr","8":"product_cat-nordost","10":"first","11":"instock","12":"sold-individually","13":"shipping-taxable","14":"purchasable","15":"product-type-simple"},"acf":[],"aioseo_notices":[],"_links":{"self":[{"href":"https:\/\/hificlub.com.br\/loja\/wp-json\/wp\/v2\/product\/2728","targetHints":{"allow":["GET"]}}],"collection":[{"href":"https:\/\/hificlub.com.br\/loja\/wp-json\/wp\/v2\/product"}],"about":[{"href":"https:\/\/hificlub.com.br\/loja\/wp-json\/wp\/v2\/types\/product"}],"wp:featuredmedia":[{"embeddable":true,"href":"https:\/\/hificlub.com.br\/loja\/wp-json\/wp\/v2\/media\/2726"}],"wp:attachment":[{"href":"https:\/\/hificlub.com.br\/loja\/wp-json\/wp\/v2\/media?parent=2728"}],"wp:term":[{"taxonomy":"product_brand","embeddable":true,"href":"https:\/\/hificlub.com.br\/loja\/wp-json\/wp\/v2\/product_brand?post=2728"},{"taxonomy":"product_cat","embeddable":true,"href":"https:\/\/hificlub.com.br\/loja\/wp-json\/wp\/v2\/product_cat?post=2728"},{"taxonomy":"product_tag","embeddable":true,"href":"https:\/\/hificlub.com.br\/loja\/wp-json\/wp\/v2\/product_tag?post=2728"}],"curies":[{"name":"wp","href":"https:\/\/api.w.org\/{rel}","templated":true}]}}