{"id":27234,"date":"2025-11-06T21:04:12","date_gmt":"2025-11-07T00:04:12","guid":{"rendered":"https:\/\/hificlub.com.br\/loja\/?post_type=product&#038;p=27234"},"modified":"2026-03-03T22:15:07","modified_gmt":"2026-03-04T01:15:07","slug":"onkyo-tx-rz70-receiver-av-8k-11-2-canais-hdr10-hlg-dolby-vision-thx-dolby-atmos-dtsx-e-auro-3d-140-watts","status":"publish","type":"product","link":"https:\/\/hificlub.com.br\/loja\/produto\/onkyo-tx-rz70-receiver-av-8k-11-2-canais-hdr10-hlg-dolby-vision-thx-dolby-atmos-dtsx-e-auro-3d-140-watts\/","title":{"rendered":"ONKYO TX-RZ70 \u2013 Receiver AV 8K, 11.2. Canais, HDR10+, HLG, Dolby Vision, THX, Dolby Atmos, DTS:X e Auro-3D, 140 Watts"},"content":{"rendered":"<div id=\"model-response-message-contentr_8a59e97247fa08aa\" class=\"markdown markdown-main-panel enable-updated-hr-color\" dir=\"ltr\" aria-live=\"polite\">\n<div id=\"model-response-message-contentr_9d92b4eeb579388a\" class=\"markdown markdown-main-panel enable-updated-hr-color\" dir=\"ltr\" aria-live=\"polite\">\n<p>O nov\u00edssimo <strong>TX-RZ70<\/strong> oferece um som incrivelmente puro, imagens estelares e as mais recentes tecnologias para potencializar o cora\u00e7\u00e3o do seu sistema de entretenimento dom\u00e9stico. Fique tranquilo: com reprodu\u00e7\u00e3o de \u00e1udio e v\u00eddeo em alta resolu\u00e7\u00e3o sem concess\u00f5es, voc\u00ea desfrutar\u00e1 de filmes, m\u00fasicas e jogos exatamente como os criadores os conceberam.<\/p>\n<p>O <strong>Onkyo TX-RZ70<\/strong> \u00e9 o receiver A\/V <i>flagship<\/i> atual da marca, representando o m\u00e1ximo em performance para home theaters e entusiastas de \u00e1udio. Ele foi projetado para ser o centro de comando definitivo, oferecendo alta pot\u00eancia e tecnologia de calibra\u00e7\u00e3o de n\u00edvel profissional.<\/p>\n<p><strong><span dir=\"auto\">Processamento de qualidade de est\u00fadio<\/span><\/strong><\/p>\n<p><span dir=\"auto\">Projetado por e para audi\u00f3filos, mas intuitivamente concebido para todos. Utilizando a mais recente tecnologia de \u00e1udio, incluindo DACs ESS Sabre, certifica\u00e7\u00e3o THX\u00ae\u00a0<\/span><sup><span dir=\"auto\">e<\/span><\/sup><span dir=\"auto\">\u00a0funcionalidade eARC, o Onkyo TX-RZ70 supera as expectativas em termos de desempenho de home theater premium.<\/span><\/p>\n<p><strong><span dir=\"auto\">Dirac Live Technologies<\/span><\/strong><\/p>\n<p><span dir=\"auto\">Voc\u00ea merece um receptor AV que se adapte \u00e0 sua vida, e n\u00e3o o contr\u00e1rio. Com a corre\u00e7\u00e3o de ambiente <strong>Dirac Live\u00ae<\/strong> de banda larga integrada\u00a0<\/span><sup><span dir=\"auto\">,<\/span><\/sup><span dir=\"auto\">\u00a0o Onkyo TX-RZ70 utiliza aprendizado de m\u00e1quina para adaptar e calibrar perfeitamente as configura\u00e7\u00f5es de \u00e1udio ao seu sistema de alto-falantes e \u00e0 configura\u00e7\u00e3o do ambiente. E os f\u00e3s de graves potentes tamb\u00e9m podem aprimorar seu sistema com o Dirac Live Bass Control em subwoofers ilimitados, para uma calibra\u00e7\u00e3o ideal das frequ\u00eancias mais baixas.<\/span><\/p>\n<p><b>Pot\u00eancia e \u00c1udio Imersivo<\/b><\/p>\n<p>O receiver \u00e9 constru\u00eddo com um design de amplifica\u00e7\u00e3o robusto e de alta corrente, garantindo que ele possa acionar caixas ac\u00fasticas grandes e complexas com facilidade. Ele tem capacidade total para \u00e1udio imersivo, o que permite criar uma experi\u00eancia sonora tridimensional completa em sua sala.<\/p>\n<p><b>Caracter\u00edsticas<\/b><\/p>\n<ul>\n<li>Canais de Amplifica\u00e7\u00e3o: 11 canais amplificados internamente.<\/li>\n<li>Pot\u00eancia de Sa\u00edda: Entrega tipicamente 140 Watts por canal (em 8 Ohms).<\/li>\n<li>Calibra\u00e7\u00e3o de Sala: Utiliza o sistema de corre\u00e7\u00e3o ac\u00fastica Dirac Live completo.<\/li>\n<li>V\u00eddeo: Suporta 8K\/60p e 4K\/120p em todas as entradas HDMI principais.<\/li>\n<\/ul>\n<p>O <strong>TX-RZ70<\/strong> oferece um som potente e transparente, apoiado pela certifica\u00e7\u00e3o <b>THX<\/b> (dependendo da vers\u00e3o) e pelos recursos avan\u00e7ados de calibra\u00e7\u00e3o, tornando-o uma escolha ideal para os sistemas de entretenimento dom\u00e9stico mais exigentes.<\/p>\n<p>&nbsp;<\/p>\n<\/div>\n<\/div>\n","protected":false},"excerpt":{"rendered":"<p>O nov\u00edssimo TX-RZ70 oferece um som incrivelmente puro, imagens estelares e as mais recentes tecnologias para potencializar o cora\u00e7\u00e3o do seu sistema de entretenimento dom\u00e9stico. Fique tranquilo: com reprodu\u00e7\u00e3o de \u00e1udio e v\u00eddeo em alta resolu\u00e7\u00e3o sem concess\u00f5es, voc\u00ea desfrutar\u00e1 de filmes, m\u00fasicas e jogos exatamente como os criadores os conceberam. O Onkyo TX-RZ70 \u00e9 [&hellip;]<\/p>\n","protected":false},"featured_media":27244,"template":"","meta":{"_acf_changed":false},"product_brand":[],"product_cat":[21,132,22],"product_tag":[],"class_list":{"0":"post-27234","1":"product","2":"type-product","3":"status-publish","4":"has-post-thumbnail","6":"product_cat-home-theater","7":"product_cat-onkyo","8":"product_cat-receivers","10":"first","11":"instock","12":"sold-individually","13":"shipping-taxable","14":"purchasable","15":"product-type-simple"},"acf":[],"aioseo_notices":[],"_links":{"self":[{"href":"https:\/\/hificlub.com.br\/loja\/wp-json\/wp\/v2\/product\/27234","targetHints":{"allow":["GET"]}}],"collection":[{"href":"https:\/\/hificlub.com.br\/loja\/wp-json\/wp\/v2\/product"}],"about":[{"href":"https:\/\/hificlub.com.br\/loja\/wp-json\/wp\/v2\/types\/product"}],"wp:featuredmedia":[{"embeddable":true,"href":"https:\/\/hificlub.com.br\/loja\/wp-json\/wp\/v2\/media\/27244"}],"wp:attachment":[{"href":"https:\/\/hificlub.com.br\/loja\/wp-json\/wp\/v2\/media?parent=27234"}],"wp:term":[{"taxonomy":"product_brand","embeddable":true,"href":"https:\/\/hificlub.com.br\/loja\/wp-json\/wp\/v2\/product_brand?post=27234"},{"taxonomy":"product_cat","embeddable":true,"href":"https:\/\/hificlub.com.br\/loja\/wp-json\/wp\/v2\/product_cat?post=27234"},{"taxonomy":"product_tag","embeddable":true,"href":"https:\/\/hificlub.com.br\/loja\/wp-json\/wp\/v2\/product_tag?post=27234"}],"curies":[{"name":"wp","href":"https:\/\/api.w.org\/{rel}","templated":true}]}}