{"id":27226,"date":"2025-11-06T21:05:52","date_gmt":"2025-11-07T00:05:52","guid":{"rendered":"https:\/\/hificlub.com.br\/loja\/?post_type=product&#038;p=27226"},"modified":"2026-03-03T22:15:07","modified_gmt":"2026-03-04T01:15:07","slug":"onkyo-tx-rz50-receiver-av-8k-9-2-canais-hdr10-hlg-dolby-vision-thx-dolby-atmos-dtsx-e-auro-3d-120-watts","status":"publish","type":"product","link":"https:\/\/hificlub.com.br\/loja\/produto\/onkyo-tx-rz50-receiver-av-8k-9-2-canais-hdr10-hlg-dolby-vision-thx-dolby-atmos-dtsx-e-auro-3d-120-watts\/","title":{"rendered":"ONKYO TX-RZ50 &#8211; Receiver AV 8K, 9.2. Canais, HDR10+, HLG, Dolby Vision, THX, Dolby Atmos, DTS:X e Auro-3D, 120 Watts"},"content":{"rendered":"<p>O <strong>TX-RZ50<\/strong> oferece enorme pot\u00eancia sob demanda para real\u00e7ar cada nuance da m\u00fasica, dos filmes e dos jogos que voc\u00ea adora. Ele\u00e9 um receiver de rede de \u00e1udio e v\u00eddeo (AVR) que se estabeleceu como um pilar de desempenho e valor dentro da prestigiada s\u00e9rie &#8220;RZ&#8221; da Onkyo. Ele \u00e9 o ponto de equil\u00edbrio ideal para entusiastas que buscam um centro de controle poderoso e moderno para seu home theater.<\/p>\n<p><strong><span dir=\"auto\">Processamento de 11.2 canais<\/span><\/strong><\/p>\n<p><span dir=\"auto\">O TX-RZ50 oferece processamento de at\u00e9 11.2 canais e sa\u00eddas pr\u00e9-amplificadas para configura\u00e7\u00f5es de sistema 7.2.4, tornando-o a escolha ideal para sua configura\u00e7\u00e3o de home theater premium.<\/span><\/p>\n<p><b>Design e Constru\u00e7\u00e3o<\/b><\/p>\n<p>O TX-RZ50 apresenta uma constru\u00e7\u00e3o robusta e um design frontal limpo e contempor\u00e2neo, caracter\u00edstico da linha RZ. Por dentro, ele \u00e9 projetado com \u00eanfase na alta corrente de amplifica\u00e7\u00e3o, o que permite que ele acione caixas ac\u00fasticas grandes e exigentes com grande controle e din\u00e2mica, garantindo que o som permane\u00e7a n\u00edtido mesmo em volumes elevados.<\/p>\n<p><b>\u00c1udio Imersivo e Certifica\u00e7\u00e3o THX<\/b><\/p>\n<p>Um dos maiores atrativos do TX-RZ50 \u00e9 sua capacidade de criar um ambiente sonoro tridimensional completo. Ele \u00e9 totalmente compat\u00edvel com os formatos de \u00e1udio baseados em objetos mais avan\u00e7ados, como Dolby Atmos e DTS:X, que adicionam canais de altura para uma imers\u00e3o total. Adicionalmente, o receiver frequentemente carrega a <b>Certifica\u00e7\u00e3o THX Select ou similar<\/b>, um selo de qualidade que garante que ele pode replicar fielmente a experi\u00eancia de um cinema comercial em sua sala de estar.<\/p>\n<p><b>Calibra\u00e7\u00e3o de Sala de N\u00edvel Superior<\/b><\/p>\n<p>Para garantir que o som seja perfeito em qualquer ambiente, o TX-RZ50 incorpora um dos sistemas de corre\u00e7\u00e3o ac\u00fastica de sala mais respeitados do mercado, o <b>Dirac Live<\/b>. Este sistema de calibra\u00e7\u00e3o vai al\u00e9m dos ajustes b\u00e1sicos, analisando as complexidades ac\u00fasticas da sua sala e otimizando a sa\u00edda de \u00e1udio para corrigir problemas de resson\u00e2ncia e fase, resultando em um som incrivelmente preciso e detalhado.<\/p>\n<p><strong><span dir=\"auto\">Modo Klipsch Optimize<\/span><\/strong><\/p>\n<p>O Modo Otimizado da Klipsch permite que voc\u00ea integre facilmente suas caixas ac\u00fasticas Klipsch Reference e Reference Premiere ao seu receptor AV Onkyo. A Klipsch e a Onkyo uniram for\u00e7as para implementar os valores de crossover precisos para as novas caixas ac\u00fasticas Reference Premiere. Agora, basta selecionar o modelo de caixa ac\u00fastica que voc\u00ea usar\u00e1 em cada canal e a configura\u00e7\u00e3o de crossover otimizada ser\u00e1 aplicada automaticamente.<\/p>\n<p><b>Conectividade Moderna<\/b><\/p>\n<p>Em termos de v\u00eddeo e conectividade, o receiver est\u00e1 preparado para o futuro. Ele suporta os padr\u00f5es mais recentes para v\u00eddeo de alt\u00edssima resolu\u00e7\u00e3o, incluindo todas as funcionalidades necess\u00e1rias para a melhor experi\u00eancia em jogos, como baix\u00edssima lat\u00eancia e taxas de atualiza\u00e7\u00e3o vari\u00e1veis. Al\u00e9m disso, ele funciona como um hub de streaming completo, com suporte integrado para as principais plataformas de m\u00fasica sem fio e protocolos de rede.<\/p>\n<p>O TX-RZ50 \u00e9, portanto, a escolha ideal para o consumidor que busca performance de cinema, calibra\u00e7\u00e3o de sala de n\u00edvel audi\u00f3filo e a mais moderna conectividade, tudo em um \u00fanico e poderoso componente.<\/p>\n<p>&nbsp;<\/p>\n","protected":false},"excerpt":{"rendered":"<p>O TX-RZ50 oferece enorme pot\u00eancia sob demanda para real\u00e7ar cada nuance da m\u00fasica, dos filmes e dos jogos que voc\u00ea adora. Ele\u00e9 um receiver de rede de \u00e1udio e v\u00eddeo (AVR) que se estabeleceu como um pilar de desempenho e valor dentro da prestigiada s\u00e9rie &#8220;RZ&#8221; da Onkyo. Ele \u00e9 o ponto de equil\u00edbrio ideal [&hellip;]<\/p>\n","protected":false},"featured_media":27228,"template":"","meta":{"_acf_changed":false},"product_brand":[],"product_cat":[21,132,22],"product_tag":[],"class_list":{"0":"post-27226","1":"product","2":"type-product","3":"status-publish","4":"has-post-thumbnail","6":"product_cat-home-theater","7":"product_cat-onkyo","8":"product_cat-receivers","10":"first","11":"instock","12":"sold-individually","13":"shipping-taxable","14":"purchasable","15":"product-type-simple"},"acf":[],"aioseo_notices":[],"_links":{"self":[{"href":"https:\/\/hificlub.com.br\/loja\/wp-json\/wp\/v2\/product\/27226","targetHints":{"allow":["GET"]}}],"collection":[{"href":"https:\/\/hificlub.com.br\/loja\/wp-json\/wp\/v2\/product"}],"about":[{"href":"https:\/\/hificlub.com.br\/loja\/wp-json\/wp\/v2\/types\/product"}],"wp:featuredmedia":[{"embeddable":true,"href":"https:\/\/hificlub.com.br\/loja\/wp-json\/wp\/v2\/media\/27228"}],"wp:attachment":[{"href":"https:\/\/hificlub.com.br\/loja\/wp-json\/wp\/v2\/media?parent=27226"}],"wp:term":[{"taxonomy":"product_brand","embeddable":true,"href":"https:\/\/hificlub.com.br\/loja\/wp-json\/wp\/v2\/product_brand?post=27226"},{"taxonomy":"product_cat","embeddable":true,"href":"https:\/\/hificlub.com.br\/loja\/wp-json\/wp\/v2\/product_cat?post=27226"},{"taxonomy":"product_tag","embeddable":true,"href":"https:\/\/hificlub.com.br\/loja\/wp-json\/wp\/v2\/product_tag?post=27226"}],"curies":[{"name":"wp","href":"https:\/\/api.w.org\/{rel}","templated":true}]}}