{"id":27213,"date":"2025-11-06T21:04:54","date_gmt":"2025-11-07T00:04:54","guid":{"rendered":"https:\/\/hificlub.com.br\/loja\/?post_type=product&#038;p=27213"},"modified":"2026-03-03T22:15:07","modified_gmt":"2026-03-04T01:15:07","slug":"onkyo-tx-rz30-receiver-8k-9-2-canais-hdr10-hlg-dolby-vision-thx-dolby-atmos-dtsx-e-auro-3d-140-watts","status":"publish","type":"product","link":"https:\/\/hificlub.com.br\/loja\/produto\/onkyo-tx-rz30-receiver-8k-9-2-canais-hdr10-hlg-dolby-vision-thx-dolby-atmos-dtsx-e-auro-3d-140-watts\/","title":{"rendered":"ONKYO TX-RZ30 &#8211; Receiver 8K, 9.2. Canais, HDR10+, HLG, Dolby Vision, THX, Dolby Atmos, DTS:X e Auro-3D, 140 Watts"},"content":{"rendered":"<p>O receiver AV<strong> Onkyo TX-RZ30<\/strong> oferece largura de banda ultralarga e est\u00e1 repleto da mais recente tecnologia para o home theater dos seus sonhos.<\/p>\n<p><span dir=\"auto\">H\u00e1 quase 80 anos, a Onkyo oferece aos audi\u00f3filos um som incompar\u00e1vel. Gra\u00e7as a circuitos anal\u00f3gicos exclusivos e tecnologia de amplifica\u00e7\u00e3o de ponta, o Onkyo TX-RZ30 de 9.2 canais proporciona uma experi\u00eancia sonora extraordin\u00e1ria para o seu conte\u00fado favorito \u2013 com agudos cristalinos e graves profundos. Recursos consagrados como Dirac Live, Dolby Atmos e IMAX Enhanced v\u00eam de f\u00e1brica nos receivers AV da S\u00e9rie RZ da Onkyo, tornando-os o cora\u00e7\u00e3o do seu sistema de entretenimento.<\/span><\/p>\n<p><span dir=\"auto\">O potente e envolvente receiver A\/V TX-RZ30 oferece amplifica\u00e7\u00e3o Classe A\/B, HDMI 2.1a, resolu\u00e7\u00e3o Ultra HD 8K\/4K e velocidades de transfer\u00eancia de 40 Gbps, permitindo que os usu\u00e1rios experimentem a funcionalidade de banda larga completa para a taxa de atualiza\u00e7\u00e3o mais r\u00e1pida, acompanhando os consoles de jogos mais recentes. Gra\u00e7as aos transformadores de pot\u00eancia de baixo ru\u00eddo personalizados e capacitores de suaviza\u00e7\u00e3o, o TX-RZ30 atinge graves profundos (5 Hz) e agudos impressionantes (100 kHz) para uma experi\u00eancia de \u00e1udio expansiva que nossos concorrentes simplesmente n\u00e3o conseguem igualar, enquanto a corre\u00e7\u00e3o de ambiente Dirac Live Full Bandwidth refina o som ideal para o layout espec\u00edfico da sua sala. Est\u00e3o dispon\u00edveis atualiza\u00e7\u00f5es opcionais para o Dirac Live Bass Control, que utiliza aprendizado de m\u00e1quina e IA para determinar rapidamente as configura\u00e7\u00f5es ideais para qualquer layout de sala.<\/span><\/p>\n<p><span dir=\"auto\">O Onkyo TX-RZ30 inclui todos os seus aplicativos de streaming favoritos para reprodu\u00e7\u00e3o perfeita de conte\u00fado digital em todos os 9.2 canais. O receptor AV Onkyo TX-RZ30 inclui streaming de m\u00fasica e conectividade avan\u00e7ados, e funciona com assistentes dom\u00e9sticos inteligentes como Google Assistente e Siri. Al\u00e9m disso, \u00e9 compat\u00edvel com Roon Tested, Google Cast integrado, AirPlay 2, Spotify, Amazon Music HD, Tidal, Deezer, Pandora e TuneIn, colocando toda a biblioteca de m\u00fasica em alta resolu\u00e7\u00e3o do usu\u00e1rio ao alcance de um toque. Toda a experi\u00eancia de entretenimento dom\u00e9stico pode ser aprimorada com essa tecnologia de ponta e potencializada por processamento de n\u00edvel profissional, transmissor Bluetooth com aptX\u2122 HD para compartilhamento de \u00e1udio com fones de ouvido Bluetooth e muito mais.<\/span><\/p>\n<p><strong>Calibrado Perfeitamente Para O Seu Espa\u00e7o Com\u00a0Dirac Live\u00a0<\/strong><\/p>\n<p><span dir=\"auto\">O Dirac Live \u00e9 essencial para criar um sistema de entretenimento dom\u00e9stico impressionante. Com uma licen\u00e7a Dirac Live Room Correction Full Bandwidth inclu\u00edda na compra e um upgrade opcional para Dirac Live Bass Control dispon\u00edvel para Single\/Multi, os usu\u00e1rios t\u00eam a garantia de um \u00e1udio perfeitamente calibrado desde o in\u00edcio. O Dirac Live Room Correction calibra toda a faixa de frequ\u00eancia (20 Hz a 20 kHz) do som de m\u00fasicas e filmes. O Dirac Live Bass Control opcional garante que as duas sa\u00eddas independentes do subwoofer sejam calibradas com todas as outras caixas ac\u00fasticas para proporcionar graves refinados e detalhes precisos, al\u00e9m de aprimorar as frequ\u00eancias m\u00e9dias e altas.<\/span><\/p>\n<p><strong>IMAX Enhanced Para Uma Experi\u00eancia Vibrante E Realista<\/strong><\/p>\n<p><span dir=\"auto\">O IMAX Enhanced \u00e9 uma parte essencial da experi\u00eancia premium de cinema em casa, oferecendo \u00e1udio baseado em objetos para sons e movimentos precisamente posicionados no espa\u00e7o 3D. Combinado com algoritmos propriet\u00e1rios que otimizam a qualidade do \u00e1udio, voc\u00ea ter\u00e1 uma experi\u00eancia vibrante e realista, exatamente como o cineasta a idealizou.<\/span><\/p>\n<p><strong>\u00c1udio Imersivo Com\u00a0Tecnologia Dolby<\/strong><\/p>\n<p><span dir=\"auto\">O Dolby Atmos leva voc\u00ea ao centro da a\u00e7\u00e3o, criando um ambiente sonoro 3D por meio de \u00e1udio baseado em objetos, que permite que os sons se movam livremente no espa\u00e7o, inclusive acima da sua cabe\u00e7a, para uma experi\u00eancia verdadeiramente imersiva. O Dolby Vision aprimora cada quadro ajustando dinamicamente o brilho, o contraste e os n\u00edveis de cor cena a cena. Isso garante que cada detalhe seja reproduzido com uma precis\u00e3o impressionante.<\/span><\/p>\n<p><strong>Certifica\u00e7\u00e3o thx\u00ae para som de refer\u00eancia de cinema<\/strong><\/p>\n<p>Em 1993, a onkyo tornou-se a primeira marca de eletr\u00f4nicos de home theater para o consumidor em sua categoria a receber a certifica\u00e7\u00e3o thx\u00ae <sup>.\u00a0\u00c9<\/sup>\u00a0preciso passar por centenas de testes para conquistar e ostentar o selo de certifica\u00e7\u00e3o thx\u00ae\u00a0<sup>.<\/sup>\u00a0Por mais de 40 anos, a thx estabeleceu o padr\u00e3o para a fidelidade de \u00e1udio em experi\u00eancias de entretenimento, do cinema ao lar. A certifica\u00e7\u00e3o thx \u00e9 uma garantia globalmente reconhecida de qualidade, consist\u00eancia e desempenho intransigentes, combinando arte, tecnologia e a din\u00e2mica de ambientes de audi\u00e7\u00e3o do mundo real para garantir que os produtos entreguem a vis\u00e3o do artista. Usando essa metodologia de teste, os engenheiros da thx avaliaram e certificaram a fidelidade de \u00e1udio do onkyo tx-rz30, garantindo que ele ofere\u00e7a a melhor experi\u00eancia de entretenimento.<\/p>\n<p><strong>Tecnologia sem fio bluetooth\u00ae bidirecional<\/strong><\/p>\n<p>Este receptor av onkyo pode enviar e receber \u00e1udio via tecnologia sem fio bluetooth. Transmita \u00e1udio do seu dispositivo para o receptor usando os codecs sbc ou aac, ou transmita o \u00e1udio reproduzido pelo receptor av para fones de ouvido sem fio compat\u00edveis usando os codecs sbc, aptx\u2122 ou aptx hd, incluindo \u00e1udio de 24 bits via aptx hd. Os recursos aprimorados de transfer\u00eancia de dados da \u00faltima gera\u00e7\u00e3o do bluetooth garantem uma reprodu\u00e7\u00e3o de som n\u00edtida e confi\u00e1vel, para que voc\u00ea ou\u00e7a suas m\u00fasicas favoritas exatamente como o engenheiro de grava\u00e7\u00e3o as concebeu.<\/p>\n<p><strong>Streaming multizona integrado compat\u00edvel com sonos\u00ae<\/strong><\/p>\n<p>O onkyo tx-rz30 integra-se facilmente ao seu ecossistema de casa inteligente, incluindo seus aplicativos de streaming favoritos, para reprodu\u00e7\u00e3o perfeita de conte\u00fado digital em todos os 9.2 canais. Al\u00e9m disso, com a adi\u00e7\u00e3o de uma porta sonos, o som de alta qualidade pode ser distribu\u00eddo pela sua rede sem fio sonos.<\/p>\n<p><strong>Som aprimorado com o modo klipsch optimize <\/strong><\/p>\n<p>A klipsch e a onkyo uniram for\u00e7as para implementar os valores de crossover precisos para caixas ac\u00fasticas reference premiere espec\u00edficas, permitindo que voc\u00ea integre facilmente seus produtos lend\u00e1rios ao seu tx-rz30.<\/p>\n<p><span dir=\"auto\">As tecnologias integradas incluem \u00e1udio de alta resolu\u00e7\u00e3o, compatibilidade com Roon, HDMI, certifica\u00e7\u00e3o Wi-Fi, Bluetooth, compatibilidade com Apple AirPlay, compatibilidade com Sonos (com passagem de volume), Chromecast integrado, compatibilidade com Google Home, Amazon HD Music, TIDAL, Deezer, Spotify, Pandora, Dirac Live, THX, HDR10+, Dolby Vision, Dolby Atmos, DTS:X, IMAX Enhanced, TuneIn, compatibilidade com Sonos e Qualcomm aptX HD.<\/span><\/p>\n<p>&nbsp;<\/p>\n<p>&nbsp;<\/p>\n","protected":false},"excerpt":{"rendered":"<p>O receiver AV Onkyo TX-RZ30 oferece largura de banda ultralarga e est\u00e1 repleto da mais recente tecnologia para o home theater dos seus sonhos. H\u00e1 quase 80 anos, a Onkyo oferece aos audi\u00f3filos um som incompar\u00e1vel. Gra\u00e7as a circuitos anal\u00f3gicos exclusivos e tecnologia de amplifica\u00e7\u00e3o de ponta, o Onkyo TX-RZ30 de 9.2 canais proporciona uma [&hellip;]<\/p>\n","protected":false},"featured_media":27223,"template":"","meta":{"_acf_changed":false},"product_brand":[],"product_cat":[21,132,22],"product_tag":[],"class_list":{"0":"post-27213","1":"product","2":"type-product","3":"status-publish","4":"has-post-thumbnail","6":"product_cat-home-theater","7":"product_cat-onkyo","8":"product_cat-receivers","10":"first","11":"instock","12":"sold-individually","13":"shipping-taxable","14":"purchasable","15":"product-type-simple"},"acf":[],"aioseo_notices":[],"_links":{"self":[{"href":"https:\/\/hificlub.com.br\/loja\/wp-json\/wp\/v2\/product\/27213","targetHints":{"allow":["GET"]}}],"collection":[{"href":"https:\/\/hificlub.com.br\/loja\/wp-json\/wp\/v2\/product"}],"about":[{"href":"https:\/\/hificlub.com.br\/loja\/wp-json\/wp\/v2\/types\/product"}],"wp:featuredmedia":[{"embeddable":true,"href":"https:\/\/hificlub.com.br\/loja\/wp-json\/wp\/v2\/media\/27223"}],"wp:attachment":[{"href":"https:\/\/hificlub.com.br\/loja\/wp-json\/wp\/v2\/media?parent=27213"}],"wp:term":[{"taxonomy":"product_brand","embeddable":true,"href":"https:\/\/hificlub.com.br\/loja\/wp-json\/wp\/v2\/product_brand?post=27213"},{"taxonomy":"product_cat","embeddable":true,"href":"https:\/\/hificlub.com.br\/loja\/wp-json\/wp\/v2\/product_cat?post=27213"},{"taxonomy":"product_tag","embeddable":true,"href":"https:\/\/hificlub.com.br\/loja\/wp-json\/wp\/v2\/product_tag?post=27213"}],"curies":[{"name":"wp","href":"https:\/\/api.w.org\/{rel}","templated":true}]}}