{"id":27202,"date":"2025-11-06T11:27:17","date_gmt":"2025-11-06T14:27:17","guid":{"rendered":"https:\/\/hificlub.com.br\/loja\/?post_type=product&#038;p=27202"},"modified":"2026-03-03T22:15:07","modified_gmt":"2026-03-04T01:15:07","slug":"integra-drx-8-4-receiver-av-de-rede-8k-11-4-canais-dolby-atmos-e-dtsx-4k-ultra-hd-hdr10-hlg-e-dolby-vision-120-watts","status":"publish","type":"product","link":"https:\/\/hificlub.com.br\/loja\/produto\/integra-drx-8-4-receiver-av-de-rede-8k-11-4-canais-dolby-atmos-e-dtsx-4k-ultra-hd-hdr10-hlg-e-dolby-vision-120-watts\/","title":{"rendered":"INTEGRA DRX-8.4 \u2013 Receiver AV de Rede 8k, 11.4 canais, Dolby Atmos e DTS:X, 4K Ultra HD, HDR10, HLG e Dolby Vision, 150 Watts"},"content":{"rendered":"<p>O melhor da categoria, o receptor AV de rede <strong>Integra DRX-8.4<\/strong> de 11.4 canais oferece toda a nuance e pot\u00eancia idealizadas por artistas e criadores para lares modernos em todo o mundo. Recursos de \u00faltima gera\u00e7\u00e3o e tecnologias avan\u00e7adas proporcionam uma experi\u00eancia robusta de home theater e um ecossistema dom\u00e9stico completo.<\/p>\n<p>O <strong>Integra DRX-8.4<\/strong> representa o auge da linha de receivers de rede de \u00e1udio e v\u00eddeo (AVR) da Integra, sendo uma m\u00e1quina de refer\u00eancia projetada para entusiastas de home theater de alto n\u00edvel e instala\u00e7\u00f5es personalizadas que exigem o m\u00e1ximo em pot\u00eancia, processamento e flexibilidade.<\/p>\n<p><b>Pot\u00eancia e Desempenho de Refer\u00eancia<\/b><\/p>\n<ul>\n<li>M\u00e1ximo em Canais: O principal diferencial do DRX-8.4 \u00e9 sua capacidade massiva de canais. Ele \u00e9 constru\u00eddo para suportar e amplificar as configura\u00e7\u00f5es mais complexas de \u00e1udio imersivo, como Dolby Atmos e DTS:X, garantindo que o som envolva o ouvinte em tr\u00eas dimens\u00f5es com clareza e autoridade total.<\/li>\n<li>Amplifica\u00e7\u00e3o de Alta Corrente: O amplificador interno \u00e9 um design <i>premium<\/i>, focado em entregar alta corrente e pot\u00eancia. Isso garante que ele possa acionar caixas ac\u00fasticas grandes e exigentes com facilidade, proporcionando din\u00e2mica e impacto sem distor\u00e7\u00e3o.<\/li>\n<\/ul>\n<p><b>Tecnologia e Calibra\u00e7\u00e3o Top-Tier<\/b><\/p>\n<ul>\n<li>Calibra\u00e7\u00e3o de Sala de N\u00edvel Profissional: Este receiver inclui o que h\u00e1 de mais avan\u00e7ado em corre\u00e7\u00e3o ac\u00fastica de sala, como a vers\u00e3o mais completa do Dirac Live, que realiza medi\u00e7\u00f5es detalhadas do ambiente e ajusta o \u00e1udio com precis\u00e3o cir\u00fargica para garantir o desempenho ideal no espa\u00e7o do ouvinte.<\/li>\n<li>Processamento de \u00daltima Gera\u00e7\u00e3o: O processamento de v\u00eddeo \u00e9 de ponta, preparado para lidar com as mais recentes resolu\u00e7\u00f5es de v\u00eddeo e tecnologias de jogos, garantindo que a imagem seja t\u00e3o impressionante quanto o som.<\/li>\n<\/ul>\n<p><b>Integra\u00e7\u00e3o e Flexibilidade<\/b><\/p>\n<ul>\n<li>Hub de Automa\u00e7\u00e3o Superior: Fiel \u00e0 marca Integra, o DRX-8.4 \u00e9 carregado com recursos avan\u00e7ados de controle, m\u00faltiplas sa\u00eddas Trigger e interfaces de controle robustas (RS-232C, IP control), tornando-o o epicentro de sistemas de automa\u00e7\u00e3o residencial complexos e integrados.<\/li>\n<\/ul>\n<p>O <strong>DRX-8.4<\/strong> \u00e9 um AVR <i>flagship<\/i>, constru\u00eddo sem compromissos para oferecer o m\u00e1ximo em desempenho sonoro, pot\u00eancia e integra\u00e7\u00e3o para instala\u00e7\u00f5es de home theater de luxo.<\/p>\n","protected":false},"excerpt":{"rendered":"<p>O melhor da categoria, o receptor AV de rede Integra DRX-8.4 de 11.4 canais oferece toda a nuance e pot\u00eancia idealizadas por artistas e criadores para lares modernos em todo o mundo. Recursos de \u00faltima gera\u00e7\u00e3o e tecnologias avan\u00e7adas proporcionam uma experi\u00eancia robusta de home theater e um ecossistema dom\u00e9stico completo. O Integra DRX-8.4 representa [&hellip;]<\/p>\n","protected":false},"featured_media":27205,"template":"","meta":{"_acf_changed":false},"product_brand":[],"product_cat":[21,339,22],"product_tag":[],"class_list":{"0":"post-27202","1":"product","2":"type-product","3":"status-publish","4":"has-post-thumbnail","6":"product_cat-home-theater","7":"product_cat-integra","8":"product_cat-receivers","10":"first","11":"instock","12":"sold-individually","13":"shipping-taxable","14":"purchasable","15":"product-type-simple"},"acf":[],"aioseo_notices":[],"_links":{"self":[{"href":"https:\/\/hificlub.com.br\/loja\/wp-json\/wp\/v2\/product\/27202","targetHints":{"allow":["GET"]}}],"collection":[{"href":"https:\/\/hificlub.com.br\/loja\/wp-json\/wp\/v2\/product"}],"about":[{"href":"https:\/\/hificlub.com.br\/loja\/wp-json\/wp\/v2\/types\/product"}],"wp:featuredmedia":[{"embeddable":true,"href":"https:\/\/hificlub.com.br\/loja\/wp-json\/wp\/v2\/media\/27205"}],"wp:attachment":[{"href":"https:\/\/hificlub.com.br\/loja\/wp-json\/wp\/v2\/media?parent=27202"}],"wp:term":[{"taxonomy":"product_brand","embeddable":true,"href":"https:\/\/hificlub.com.br\/loja\/wp-json\/wp\/v2\/product_brand?post=27202"},{"taxonomy":"product_cat","embeddable":true,"href":"https:\/\/hificlub.com.br\/loja\/wp-json\/wp\/v2\/product_cat?post=27202"},{"taxonomy":"product_tag","embeddable":true,"href":"https:\/\/hificlub.com.br\/loja\/wp-json\/wp\/v2\/product_tag?post=27202"}],"curies":[{"name":"wp","href":"https:\/\/api.w.org\/{rel}","templated":true}]}}