{"id":27195,"date":"2025-11-06T11:16:19","date_gmt":"2025-11-06T14:16:19","guid":{"rendered":"https:\/\/hificlub.com.br\/loja\/?post_type=product&#038;p=27195"},"modified":"2026-03-03T22:15:07","modified_gmt":"2026-03-04T01:15:07","slug":"integra-drx-5-4-receiver-av-8k-9-2-canais-dolby-atmos-e-dtsx-4k-ultra-hd-hdr10-hlg-e-dolby-vision-120-watts","status":"publish","type":"product","link":"https:\/\/hificlub.com.br\/loja\/produto\/integra-drx-5-4-receiver-av-8k-9-2-canais-dolby-atmos-e-dtsx-4k-ultra-hd-hdr10-hlg-e-dolby-vision-120-watts\/","title":{"rendered":"INTEGRA DRX-5.4 \u2013 Receiver AV 8k, 9.2 canais, Dolby Atmos e DTS:X, 4K Ultra HD, HDR10, HLG e Dolby Vision, 120 Watts"},"content":{"rendered":"<p>O Integra DRX-5.4 \u00e9 um receiver de rede de \u00e1udio e v\u00eddeo (AVR) que se posiciona na faixa superior da linha Integra, representando um upgrade significativo em termos de pot\u00eancia, capacidade de processamento e recursos de integra\u00e7\u00e3o para sistemas de home theater premium.<\/p>\n<p><b>Pot\u00eancia e Imers\u00e3o:<\/b><\/p>\n<ul>\n<li>Foco em Canais Imersivos: O DRX-5.4 \u00e9 constru\u00eddo para lidar com configura\u00e7\u00f5es de home theater mais complexas e ambiciosas. Ele oferece um n\u00famero ainda maior de canais de amplifica\u00e7\u00e3o e capacidade de processamento expandida para formatos de \u00e1udio 3D, como Dolby Atmos e DTS:X, garantindo uma experi\u00eancia de som que o envolve completamente.<\/li>\n<li>Pot\u00eancia e Qualidade: O design do amplificador \u00e9 otimizado para entregar mais pot\u00eancia e corrente, garantindo que mesmo caixas ac\u00fasticas exigentes sejam acionadas com autoridade e clareza, mantendo a din\u00e2mica em volumes altos.<\/li>\n<\/ul>\n<p><b>Integra\u00e7\u00e3o e Flexibilidade:<\/b><\/p>\n<ul>\n<li>Sistema de Calibra\u00e7\u00e3o Avan\u00e7ado: O receiver inclui um dos sistemas de corre\u00e7\u00e3o ac\u00fastica de sala mais avan\u00e7ados do mercado (frequentemente o Dirac Live, dependendo da vers\u00e3o), que \u00e9 reconhecido por sua precis\u00e3o na otimiza\u00e7\u00e3o da resposta de frequ\u00eancia e do alinhamento temporal em qualquer ambiente.<\/li>\n<li>Hub de Instala\u00e7\u00e3o Customizada: Como todos os modelos Integra, o DRX-5.4 \u00e9 um sonho para instaladores. Ele oferece controle de rede e automa\u00e7\u00e3o de sistema extensivos, incluindo m\u00faltiplas sa\u00eddas de trigger de 12V e compatibilidade com interfaces de controle de terceiros, tornando-o o centro perfeito para uma casa inteligente.<\/li>\n<li>\u00c1udio Multi-Zona: Ele suporta m\u00faltiplas zonas de \u00e1udio, permitindo que o usu\u00e1rio desfrute do som do home theater na sala principal enquanto outras fontes de \u00e1udio tocam em diferentes partes da casa.<\/li>\n<\/ul>\n<p><span dir=\"auto\"><span style=\"font-size: 13.3333px\">O som Dolby Atmos <\/span>ou DTS:X\u00ae com <\/span><span dir=\"auto\">qualidade de cinema\u00a0, em at\u00e9 7.2.4 canais, complementa a transmiss\u00e3o de v\u00eddeo 8K HDR. Conecte alto-falantes de 5.2.4 canais e alto-falantes da Zona 2 e alterne entre a reprodu\u00e7\u00e3o de 5.2.4 canais e 5.2.2 canais + Zona 2 ou use Wi-Fi\u00ae de 5 GHz\/2,4 GHz\u00a0<\/span><sup><span dir=\"auto\">e<\/span><\/sup><span dir=\"auto\">\u00a0sua voz para controlar a m\u00fasica em toda a sua casa.<\/span><\/p>\n<p>O DRX-5.4 \u00e9 uma escolha de ponta para quem constr\u00f3i um home theater s\u00e9rio e busca alta performance, flexibilidade de instala\u00e7\u00e3o e calibra\u00e7\u00e3o ac\u00fastica de n\u00edvel audi\u00f3filo<\/p>\n","protected":false},"excerpt":{"rendered":"<p>O Integra DRX-5.4 \u00e9 um receiver de rede de \u00e1udio e v\u00eddeo (AVR) que se posiciona na faixa superior da linha Integra, representando um upgrade significativo em termos de pot\u00eancia, capacidade de processamento e recursos de integra\u00e7\u00e3o para sistemas de home theater premium. Pot\u00eancia e Imers\u00e3o: Foco em Canais Imersivos: O DRX-5.4 \u00e9 constru\u00eddo para [&hellip;]<\/p>\n","protected":false},"featured_media":27196,"template":"","meta":{"_acf_changed":false},"product_brand":[],"product_cat":[21,339,22],"product_tag":[],"class_list":{"0":"post-27195","1":"product","2":"type-product","3":"status-publish","4":"has-post-thumbnail","6":"product_cat-home-theater","7":"product_cat-integra","8":"product_cat-receivers","10":"first","11":"instock","12":"sold-individually","13":"shipping-taxable","14":"purchasable","15":"product-type-simple"},"acf":[],"aioseo_notices":[],"_links":{"self":[{"href":"https:\/\/hificlub.com.br\/loja\/wp-json\/wp\/v2\/product\/27195","targetHints":{"allow":["GET"]}}],"collection":[{"href":"https:\/\/hificlub.com.br\/loja\/wp-json\/wp\/v2\/product"}],"about":[{"href":"https:\/\/hificlub.com.br\/loja\/wp-json\/wp\/v2\/types\/product"}],"wp:featuredmedia":[{"embeddable":true,"href":"https:\/\/hificlub.com.br\/loja\/wp-json\/wp\/v2\/media\/27196"}],"wp:attachment":[{"href":"https:\/\/hificlub.com.br\/loja\/wp-json\/wp\/v2\/media?parent=27195"}],"wp:term":[{"taxonomy":"product_brand","embeddable":true,"href":"https:\/\/hificlub.com.br\/loja\/wp-json\/wp\/v2\/product_brand?post=27195"},{"taxonomy":"product_cat","embeddable":true,"href":"https:\/\/hificlub.com.br\/loja\/wp-json\/wp\/v2\/product_cat?post=27195"},{"taxonomy":"product_tag","embeddable":true,"href":"https:\/\/hificlub.com.br\/loja\/wp-json\/wp\/v2\/product_tag?post=27195"}],"curies":[{"name":"wp","href":"https:\/\/api.w.org\/{rel}","templated":true}]}}