{"id":27180,"date":"2025-11-06T10:39:46","date_gmt":"2025-11-06T13:39:46","guid":{"rendered":"https:\/\/hificlub.com.br\/loja\/?post_type=product&#038;p=27180"},"modified":"2026-03-03T22:15:08","modified_gmt":"2026-03-04T01:15:08","slug":"integra-drx-2-4-receiver-av-8k-7-2-canais-dolby-atmos-e-dtsx-4k-ultra-hd-hdr10-hlg-e-dolby-vision-80-watts","status":"publish","type":"product","link":"https:\/\/hificlub.com.br\/loja\/produto\/integra-drx-2-4-receiver-av-8k-7-2-canais-dolby-atmos-e-dtsx-4k-ultra-hd-hdr10-hlg-e-dolby-vision-80-watts\/","title":{"rendered":"INTEGRA DRX-2.4 &#8211; Receiver AV 8k, 7.2 canais, Dolby Atmos e DTS:X, 4K Ultra HD, HDR10, HLG e Dolby Vision, 80 Watts"},"content":{"rendered":"<p>O Integra DRX-2.4 \u00e9 um receiver de rede de \u00e1udio e v\u00eddeo (AVR) projetado para ser o centro de controle de sistemas de home theater e \u00e1udio multi-zona personalizados. A marca Integra, subsidi\u00e1ria da Onkyo, \u00e9 especificamente voltada para o mercado de integra\u00e7\u00e3o de sistemas e instala\u00e7\u00f5es customizadas, sendo a DRX-2.4 um modelo de entrada nessa linha de performance elevada.<\/p>\n<p><span dir=\"auto\">A tecnologia HDMI\u00ae de alta especifica\u00e7\u00e3o desbloqueia recursos incr\u00edveis para jogadores e cin\u00e9filos da sua fam\u00edlia, incluindo passagem de v\u00eddeo 8K, HDR10+ e jogabilidade com baixa lat\u00eancia. Desfrute de trilhas sonoras DTS:X\u00ae\u00a0<\/span><sup><span dir=\"auto\">e<\/span><\/sup><span dir=\"auto\">\u00a0Dolby Atmos\u00ae\u00a0<\/span><sup><span dir=\"auto\">3D<\/span><\/sup><span dir=\"auto\">\u00a0com a pot\u00eancia refinada da Integra e o pr\u00e1tico sistema de \u00e1udio multiroom com controle por voz.<\/span><\/p>\n<p><b>Filosofia e Recursos:<\/b><\/p>\n<ul>\n<li>Foco na Integra\u00e7\u00e3o Customizada: O DRX-2.4 \u00e9 constru\u00eddo pensando em instaladores profissionais. Ele possui recursos avan\u00e7ados de controle de terceiros, como compatibilidade com sistemas de automa\u00e7\u00e3o e IP control, permitindo integra\u00e7\u00e3o eficiente em casas inteligentes.<\/li>\n<li>Desempenho de Home Theater: Este receiver \u00e9 capaz de decodificar e processar os mais recentes formatos de \u00e1udio tridimensionais, proporcionando uma experi\u00eancia imersiva de cinema em casa.<\/li>\n<li>Calibra\u00e7\u00e3o de Sala: Ele incorpora um sistema de corre\u00e7\u00e3o ac\u00fastica de sala de alto n\u00edvel. Essa tecnologia mede as caracter\u00edsticas \u00fanicas do seu ambiente e otimiza a sa\u00edda de \u00e1udio para corrigir problemas de resson\u00e2ncia e garantir o melhor desempenho sonoro poss\u00edvel.<\/li>\n<li>Conectividade de Rede: O DRX-2.4 funciona como um hub de streaming, suportando uma ampla variedade de plataformas de m\u00fasica sem fio e protocolos de rede. Isso permite que voc\u00ea acesse m\u00fasica de servi\u00e7os de streaming ou de dispositivos locais com facilidade.<\/li>\n<li>Design de \u00c1udio de Qualidade: A Integra se concentra em componentes de \u00e1udio de alta qualidade e em uma constru\u00e7\u00e3o robusta para garantir que o som seja limpo, potente e din\u00e2mico.<\/li>\n<\/ul>\n<p>O DRX-2.4 \u00e9 uma solu\u00e7\u00e3o robusta e vers\u00e1til para quem busca um home theater imersivo e totalmente integrado em um ambiente de automa\u00e7\u00e3o.<\/p>\n","protected":false},"excerpt":{"rendered":"<p>O Integra DRX-2.4 \u00e9 um receiver de rede de \u00e1udio e v\u00eddeo (AVR) projetado para ser o centro de controle de sistemas de home theater e \u00e1udio multi-zona personalizados. A marca Integra, subsidi\u00e1ria da Onkyo, \u00e9 especificamente voltada para o mercado de integra\u00e7\u00e3o de sistemas e instala\u00e7\u00f5es customizadas, sendo a DRX-2.4 um modelo de entrada [&hellip;]<\/p>\n","protected":false},"featured_media":27181,"template":"","meta":{"_acf_changed":false},"product_brand":[],"product_cat":[21,339,22],"product_tag":[],"class_list":{"0":"post-27180","1":"product","2":"type-product","3":"status-publish","4":"has-post-thumbnail","6":"product_cat-home-theater","7":"product_cat-integra","8":"product_cat-receivers","10":"first","11":"instock","12":"sold-individually","13":"shipping-taxable","14":"purchasable","15":"product-type-simple"},"acf":[],"aioseo_notices":[],"_links":{"self":[{"href":"https:\/\/hificlub.com.br\/loja\/wp-json\/wp\/v2\/product\/27180","targetHints":{"allow":["GET"]}}],"collection":[{"href":"https:\/\/hificlub.com.br\/loja\/wp-json\/wp\/v2\/product"}],"about":[{"href":"https:\/\/hificlub.com.br\/loja\/wp-json\/wp\/v2\/types\/product"}],"wp:featuredmedia":[{"embeddable":true,"href":"https:\/\/hificlub.com.br\/loja\/wp-json\/wp\/v2\/media\/27181"}],"wp:attachment":[{"href":"https:\/\/hificlub.com.br\/loja\/wp-json\/wp\/v2\/media?parent=27180"}],"wp:term":[{"taxonomy":"product_brand","embeddable":true,"href":"https:\/\/hificlub.com.br\/loja\/wp-json\/wp\/v2\/product_brand?post=27180"},{"taxonomy":"product_cat","embeddable":true,"href":"https:\/\/hificlub.com.br\/loja\/wp-json\/wp\/v2\/product_cat?post=27180"},{"taxonomy":"product_tag","embeddable":true,"href":"https:\/\/hificlub.com.br\/loja\/wp-json\/wp\/v2\/product_tag?post=27180"}],"curies":[{"name":"wp","href":"https:\/\/api.w.org\/{rel}","templated":true}]}}