{"id":27171,"date":"2025-11-05T21:14:49","date_gmt":"2025-11-06T00:14:49","guid":{"rendered":"https:\/\/hificlub.com.br\/loja\/?post_type=product&#038;p=27171"},"modified":"2025-11-05T21:15:50","modified_gmt":"2025-11-06T00:15:50","slug":"epson-powerlite-700u-projetor-laser-de-distancia-ultra-curta-para-sinalizacao-digital-full-hd","status":"publish","type":"product","link":"https:\/\/hificlub.com.br\/loja\/produto\/epson-powerlite-700u-projetor-laser-de-distancia-ultra-curta-para-sinalizacao-digital-full-hd\/","title":{"rendered":"EPSON PowerLite 700U &#8211; Projetor Laser de Dist\u00e2ncia Ultra Curta para Sinaliza\u00e7\u00e3o Digital Full HD"},"content":{"rendered":"<p>O projetor <strong>PowerLite 700U<\/strong> de dist\u00e2ncia ultra curta com tecnologia 3LCD laser \u00e9 ideal para sinaliza\u00e7\u00e3o digital e apresenta\u00e7\u00f5es, pois oferece qualidade superior de imagem combinada a rendimento cont\u00ednuo. O resultado s\u00e3o imagens excepcionais em Full HD de at\u00e9 130 polegadas &#8211; perfeitas para lojas, escrit\u00f3rios e escolas. A inovadora tecnologia laser proporciona at\u00e9 20.000 horas de opera\u00e7\u00e3o sem a necessidade de manuten\u00e7\u00e3o\u00b9. Possui 4000 lumens de brilho em branco e 4000 lumens de brilho em cores, contraste din\u00e2mico de at\u00e9 2.500.000:1 e conectividade expansiva. Al\u00e9m disso, os projetores Epson com tecnologia 3LCD geram cores at\u00e9 3 vezes mais brilhantes\u00b2 em compara\u00e7\u00e3o com os projetores DLP da concorr\u00eancia.<\/p>\n<p>O <strong>Epson PowerLite 700U<\/strong> \u00e9 um projetor a laser de alcance ultracurto (Ultra Short Throw &#8211; UST), desenvolvido principalmente para ambientes profissionais e educacionais que exigem grandes imagens de perto. Ele \u00e9 uma solu\u00e7\u00e3o completa para salas de reuni\u00f5es, salas de aula ou espa\u00e7os de exibi\u00e7\u00e3o onde o espa\u00e7o \u00e9 limitado.<\/p>\n<p><b>Caracter\u00edsticas<\/b><\/p>\n<ul>\n<li>Tecnologia de Proje\u00e7\u00e3o a Laser: A maior caracter\u00edstica do 700U \u00e9 sua fonte de luz a laser. Isso oferece uma vida \u00fatil excepcionalmente longa, reduzindo drasticamente os custos e o trabalho de manuten\u00e7\u00e3o com substitui\u00e7\u00e3o de l\u00e2mpadas.<\/li>\n<li>Alcance Ultracurto (UST): O design UST permite que o projetor seja colocado extremamente perto da tela ou da parede de proje\u00e7\u00e3o. Isso elimina sombras disruptivas, pois o palestrante ou apresentador n\u00e3o precisa ficar na frente do feixe de luz.<\/li>\n<li>Imagens Grandes em Espa\u00e7os Pequenos: O projetor \u00e9 capaz de criar imagens muito grandes mesmo em salas pequenas, tornando-o ideal para quadros brancos interativos e telas fixas.<\/li>\n<li>Tecnologia 3LCD da Epson: Utiliza a tecnologia 3LCD da Epson, que garante que a luz branca e a luz colorida sejam igualmente brilhantes. Isso resulta em cores vibrantes, precisas e imagens que n\u00e3o sofrem do efeito &#8220;arco-\u00edris&#8221; que pode ocorrer em outras tecnologias de proje\u00e7\u00e3o.<\/li>\n<li>Instala\u00e7\u00e3o Flex\u00edvel: O 700U \u00e9 flex\u00edvel quanto \u00e0 montagem, podendo ser fixado na parede ou colocado em uma mesa, dependendo da necessidade do ambiente.<\/li>\n<li>4000 lumens de brilho em cores<\/li>\n<li>4000 lumens de brilho em branco<\/li>\n<li>Tecnologia laser<\/li>\n<li>Imagens Full HD de at\u00e9 130 polegadas<\/li>\n<\/ul>\n<p>O <strong>PowerLite 700U<\/strong> \u00e9 uma ferramenta de apresenta\u00e7\u00e3o poderosa e de baixa manuten\u00e7\u00e3o, projetada para oferecer clareza e visibilidade excepcionais em qualquer ambiente corporativo ou educacional.<\/p>\n","protected":false},"excerpt":{"rendered":"<p>O projetor PowerLite 700U de dist\u00e2ncia ultra curta com tecnologia 3LCD laser \u00e9 ideal para sinaliza\u00e7\u00e3o digital e apresenta\u00e7\u00f5es, pois oferece qualidade superior de imagem combinada a rendimento cont\u00ednuo. O resultado s\u00e3o imagens excepcionais em Full HD de at\u00e9 130 polegadas &#8211; perfeitas para lojas, escrit\u00f3rios e escolas. A inovadora tecnologia laser proporciona at\u00e9 20.000 [&hellip;]<\/p>\n","protected":false},"featured_media":27173,"template":"","meta":{"_acf_changed":false},"product_brand":[],"product_cat":[252,259],"product_tag":[],"class_list":{"0":"post-27171","1":"product","2":"type-product","3":"status-publish","4":"has-post-thumbnail","6":"product_cat-epson","7":"product_cat-projetor-2","9":"first","10":"instock","11":"sold-individually","12":"shipping-taxable","13":"purchasable","14":"product-type-simple"},"acf":[],"aioseo_notices":[],"_links":{"self":[{"href":"https:\/\/hificlub.com.br\/loja\/wp-json\/wp\/v2\/product\/27171","targetHints":{"allow":["GET"]}}],"collection":[{"href":"https:\/\/hificlub.com.br\/loja\/wp-json\/wp\/v2\/product"}],"about":[{"href":"https:\/\/hificlub.com.br\/loja\/wp-json\/wp\/v2\/types\/product"}],"wp:featuredmedia":[{"embeddable":true,"href":"https:\/\/hificlub.com.br\/loja\/wp-json\/wp\/v2\/media\/27173"}],"wp:attachment":[{"href":"https:\/\/hificlub.com.br\/loja\/wp-json\/wp\/v2\/media?parent=27171"}],"wp:term":[{"taxonomy":"product_brand","embeddable":true,"href":"https:\/\/hificlub.com.br\/loja\/wp-json\/wp\/v2\/product_brand?post=27171"},{"taxonomy":"product_cat","embeddable":true,"href":"https:\/\/hificlub.com.br\/loja\/wp-json\/wp\/v2\/product_cat?post=27171"},{"taxonomy":"product_tag","embeddable":true,"href":"https:\/\/hificlub.com.br\/loja\/wp-json\/wp\/v2\/product_tag?post=27171"}],"curies":[{"name":"wp","href":"https:\/\/api.w.org\/{rel}","templated":true}]}}