{"id":27161,"date":"2025-11-05T19:23:49","date_gmt":"2025-11-05T22:23:49","guid":{"rendered":"https:\/\/hificlub.com.br\/loja\/?post_type=product&#038;p=27161"},"modified":"2026-03-02T14:12:15","modified_gmt":"2026-03-02T17:12:15","slug":"klipsch-r-5800w-ii-caixa-acustica-de-embutir-50-watts-rms-200-watts-pico-unidade","status":"publish","type":"product","link":"https:\/\/hificlub.com.br\/loja\/produto\/klipsch-r-5800w-ii-caixa-acustica-de-embutir-50-watts-rms-200-watts-pico-unidade\/","title":{"rendered":"KLIPSCH R-5800W II &#8211; Caixa Ac\u00fastica de Embutir, 50 Watts RMS \/ 200 Watts Pico, (unidade)"},"content":{"rendered":"<p>A <strong>Klipsch R-5800W II<\/strong> \u00e9 uma caixa ac\u00fastica projetada para embutir <b>(in-wall)<\/b> e faz parte da s\u00e9rie <i>Reference<\/i> da Klipsch, representando uma solu\u00e7\u00e3o de \u00e1udio discreta de alto desempenho. O principal objetivo desta caixa \u00e9 oferecer o som din\u00e2mico e eficiente da Klipsch em um formato que \u00e9 praticamente invis\u00edvel.<\/p>\n<p><b>Caracter\u00edsticas<\/b><\/p>\n<ul>\n<li>Design Discreto: Ela \u00e9 vendida com uma grade que \u00e9 fina, pint\u00e1vel e se encaixa magneticamente, permitindo que a caixa se integre visualmente com a parede do ambiente.<\/li>\n<li>Corneta Tractrix Square: A R-5800W II utiliza o design de corneta Klipsch, mas adaptado ao formato quadrado, acoplado ao tweeter de alum\u00ednio. Esta tecnologia de corneta \u00e9 crucial para controlar a dispers\u00e3o do som e garantir a alta efici\u00eancia e a clareza caracter\u00edstica da marca.<\/li>\n<li>Woofer de Cerametallic: O woofer da caixa \u00e9 feito com o material Cerametallic (IMG &#8211; <i>Injection Molded Graphite<\/i>), que \u00e9 leve e r\u00edgido. Isso ajuda a minimizar a distor\u00e7\u00e3o para uma reprodu\u00e7\u00e3o de graves e m\u00e9dios limpa.<\/li>\n<li>Tweeter Pivotante: Um recurso chave em caixas de embutir \u00e9 a capacidade de pivotar (girar) o tweeter. Isso permite que o instalador direcione as altas frequ\u00eancias precisamente para a \u00e1rea de audi\u00e7\u00e3o principal, otimizando o palco sonoro mesmo que a caixa esteja instalada fora do eixo ideal.<\/li>\n<li>Sistema de Fixa\u00e7\u00e3o: Ela possui um sistema de instala\u00e7\u00e3o seguro e f\u00e1cil de usar, frequentemente com bra\u00e7adeiras de fixa\u00e7\u00e3o (dog legs) que prendem a caixa de forma firme no gesso ou drywall.<\/li>\n<\/ul>\n<p>A <strong>R-5800W II<\/strong> \u00e9 uma excelente op\u00e7\u00e3o para quem deseja a qualidade sonora da Klipsch para \u00e1udio distribu\u00eddo (v\u00e1rias salas) ou como parte de um home theater discreto, sem comprometer a est\u00e9tica do ambiente.<\/p>\n","protected":false},"excerpt":{"rendered":"<p>A Klipsch R-5800W II \u00e9 uma caixa ac\u00fastica projetada para embutir (in-wall) e faz parte da s\u00e9rie Reference da Klipsch, representando uma solu\u00e7\u00e3o de \u00e1udio discreta de alto desempenho. O principal objetivo desta caixa \u00e9 oferecer o som din\u00e2mico e eficiente da Klipsch em um formato que \u00e9 praticamente invis\u00edvel. Caracter\u00edsticas Design Discreto: Ela \u00e9 [&hellip;]<\/p>\n","protected":false},"featured_media":27163,"template":"","meta":{"_acf_changed":false},"product_brand":[],"product_cat":[285,295,17,114],"product_tag":[],"class_list":{"0":"post-27161","1":"product","2":"type-product","3":"status-publish","4":"has-post-thumbnail","6":"product_cat-caixa-in-wall","7":"product_cat-caixa-teto","8":"product_cat-caixas","9":"product_cat-klipsch","11":"first","12":"instock","13":"sold-individually","14":"shipping-taxable","15":"purchasable","16":"product-type-simple"},"acf":[],"aioseo_notices":[],"_links":{"self":[{"href":"https:\/\/hificlub.com.br\/loja\/wp-json\/wp\/v2\/product\/27161","targetHints":{"allow":["GET"]}}],"collection":[{"href":"https:\/\/hificlub.com.br\/loja\/wp-json\/wp\/v2\/product"}],"about":[{"href":"https:\/\/hificlub.com.br\/loja\/wp-json\/wp\/v2\/types\/product"}],"wp:featuredmedia":[{"embeddable":true,"href":"https:\/\/hificlub.com.br\/loja\/wp-json\/wp\/v2\/media\/27163"}],"wp:attachment":[{"href":"https:\/\/hificlub.com.br\/loja\/wp-json\/wp\/v2\/media?parent=27161"}],"wp:term":[{"taxonomy":"product_brand","embeddable":true,"href":"https:\/\/hificlub.com.br\/loja\/wp-json\/wp\/v2\/product_brand?post=27161"},{"taxonomy":"product_cat","embeddable":true,"href":"https:\/\/hificlub.com.br\/loja\/wp-json\/wp\/v2\/product_cat?post=27161"},{"taxonomy":"product_tag","embeddable":true,"href":"https:\/\/hificlub.com.br\/loja\/wp-json\/wp\/v2\/product_tag?post=27161"}],"curies":[{"name":"wp","href":"https:\/\/api.w.org\/{rel}","templated":true}]}}