{"id":27153,"date":"2025-11-05T16:54:56","date_gmt":"2025-11-05T19:54:56","guid":{"rendered":"https:\/\/hificlub.com.br\/loja\/?post_type=product&#038;p=27153"},"modified":"2026-04-07T16:12:17","modified_gmt":"2026-04-07T19:12:17","slug":"klipsch-rp-504c-caixa-central-de-alto-desempenho-da-linha-reference-premiere-150-watts-rms-600-watts-pico","status":"publish","type":"product","link":"https:\/\/hificlub.com.br\/loja\/produto\/klipsch-rp-504c-caixa-central-de-alto-desempenho-da-linha-reference-premiere-150-watts-rms-600-watts-pico\/","title":{"rendered":"KLIPSCH RP-504C  Caixa Central de Alto Desempenho da Linha Reference Premiere, 150 Watts RMS \/ 600 Watts Pico"},"content":{"rendered":"<p>A <strong>Klipsch RP-504C<\/strong> \u00e9 a caixa de canal central de alto desempenho da linha Reference Premiere da Klipsch. Ela \u00e9 essencial em qualquer sistema de home theater de alta qualidade, pois \u00e9 respons\u00e1vel por reproduzir a maior parte dos di\u00e1logos e muito do \u00e1udio de a\u00e7\u00e3o na tela.<\/p>\n<p><b>Caracter\u00edsticas e Design<\/b><\/p>\n<ul>\n<li>\u00canfase no Di\u00e1logo: A RP-504C \u00e9 projetada especificamente para garantir que as vozes e os di\u00e1logos dos filmes sejam entregues com m\u00e1xima clareza e precis\u00e3o, mesmo durante cenas de a\u00e7\u00e3o intensas.<\/li>\n<li>Design de Quatro Woofers: Um dos seus principais diferenciais \u00e9 o uso de quatro woofers Cerametallic. Este arranjo estendido permite que a caixa tenha um desempenho robusto e amplo, mantendo a voz uniforme com as caixas frontais de torre da s\u00e9rie RP.<\/li>\n<li>Tecnologia de Corneta (Horn): Assim como as caixas de torre da linha, a 504C utiliza o tweeter de tit\u00e2nio LTS acoplado \u00e0 Corneta Tractrix H\u00edbrida. Essa corneta garante a efici\u00eancia e a dispers\u00e3o controlada que s\u00e3o a marca registrada da Klipsch.<\/li>\n<li>Apar\u00eancia Premium: O gabinete \u00e9 constru\u00eddo de forma s\u00f3lida e possui uma est\u00e9tica moderna e <i>premium<\/i>, com acabamentos dur\u00e1veis. A porta bass-reflex traseira (porta Tractrix) \u00e9 projetada para otimizar o fluxo de ar e estender a resposta de graves da caixa.<\/li>\n<li>Integra\u00e7\u00e3o: Devido ao seu design poderoso e alta sensibilidade, a RP-504C se integra perfeitamente com as caixas de torre RP-6000F ou RP-8000F, criando uma paisagem sonora frontal coesa e imersiva para seu home theater.<\/li>\n<\/ul>\n<p>A <strong>RP-504C<\/strong> \u00e9 uma caixa central robusta e de alta fidelidade, ideal para usu\u00e1rios que exigem o m\u00e1ximo de clareza e autoridade do canal de di\u00e1logo.<\/p>\n","protected":false},"excerpt":{"rendered":"<p>A Klipsch RP-504C \u00e9 a caixa de canal central de alto desempenho da linha Reference Premiere da Klipsch. Ela \u00e9 essencial em qualquer sistema de home theater de alta qualidade, pois \u00e9 respons\u00e1vel por reproduzir a maior parte dos di\u00e1logos e muito do \u00e1udio de a\u00e7\u00e3o na tela. Caracter\u00edsticas e Design \u00canfase no Di\u00e1logo: A [&hellip;]<\/p>\n","protected":false},"featured_media":27154,"template":"","meta":{"_acf_changed":false},"product_brand":[],"product_cat":[35,17,114],"product_tag":[],"class_list":{"0":"post-27153","1":"product","2":"type-product","3":"status-publish","4":"has-post-thumbnail","6":"product_cat-caixas-centrais","7":"product_cat-caixas","8":"product_cat-klipsch","10":"first","11":"instock","12":"sold-individually","13":"shipping-taxable","14":"purchasable","15":"product-type-simple"},"acf":[],"aioseo_notices":[],"_links":{"self":[{"href":"https:\/\/hificlub.com.br\/loja\/wp-json\/wp\/v2\/product\/27153","targetHints":{"allow":["GET"]}}],"collection":[{"href":"https:\/\/hificlub.com.br\/loja\/wp-json\/wp\/v2\/product"}],"about":[{"href":"https:\/\/hificlub.com.br\/loja\/wp-json\/wp\/v2\/types\/product"}],"wp:featuredmedia":[{"embeddable":true,"href":"https:\/\/hificlub.com.br\/loja\/wp-json\/wp\/v2\/media\/27154"}],"wp:attachment":[{"href":"https:\/\/hificlub.com.br\/loja\/wp-json\/wp\/v2\/media?parent=27153"}],"wp:term":[{"taxonomy":"product_brand","embeddable":true,"href":"https:\/\/hificlub.com.br\/loja\/wp-json\/wp\/v2\/product_brand?post=27153"},{"taxonomy":"product_cat","embeddable":true,"href":"https:\/\/hificlub.com.br\/loja\/wp-json\/wp\/v2\/product_cat?post=27153"},{"taxonomy":"product_tag","embeddable":true,"href":"https:\/\/hificlub.com.br\/loja\/wp-json\/wp\/v2\/product_tag?post=27153"}],"curies":[{"name":"wp","href":"https:\/\/api.w.org\/{rel}","templated":true}]}}