{"id":27098,"date":"2025-11-04T16:15:55","date_gmt":"2025-11-04T19:15:55","guid":{"rendered":"https:\/\/hificlub.com.br\/loja\/?post_type=product&#038;p=27098"},"modified":"2026-03-03T22:15:08","modified_gmt":"2026-03-04T01:15:08","slug":"klipsch-pro-160rpw-caixa-de-teto-50-watts-rms-200-watts-pico-unidade","status":"publish","type":"product","link":"https:\/\/hificlub.com.br\/loja\/produto\/klipsch-pro-160rpw-caixa-de-teto-50-watts-rms-200-watts-pico-unidade\/","title":{"rendered":"KLIPSCH PRO-160RPW &#8211; Caixa de Teto, 50 Watts RMS \/ 200 Watts Pico &#8211; (Unidade)"},"content":{"rendered":"<p>Essa \u00e9 uma \u00f3tima escolha! A <b>Klipsch PRO-160RPW<\/b> \u00e9 uma caixa de som de embutir\u00a0que faz parte da s\u00e9rie <i>Professional Reference Premiere<\/i> da Klipsch, projetada para levar o som detalhado e din\u00e2mico da linha <i>Reference Premiere<\/i> para instala\u00e7\u00f5es personalizadas (\u00e1udio distribu\u00eddo ou <i>home theater<\/i>).<\/p>\n<p><strong>Recursos Principais<\/strong><\/p>\n<ul>\n<li>Ac\u00fastica Reference Premiere: Utiliza os mesmos componentes ac\u00fasticos e materiais de <i>horn<\/i> da aclamada linha <i>Reference Premiere<\/i> de caixas de som de estante\/piso, garantindo um som potente, din\u00e2mico e detalhado.<\/li>\n<li>Tecnologia Tractrix Horn: Possui um Tweeter de Domo de Tit\u00e2nio de 1 polegada acoplado a uma Corneta Tractrix de Se\u00e7\u00e3o Transversal H\u00edbrida com revestimento composto. Esta tecnologia patenteada Klipsch melhora a efici\u00eancia e controla a dispers\u00e3o do som.<\/li>\n<li>Woofer Cerametallic: Inclui um Woofer Cerametallic de 6,5 polegadas. Este material leve e r\u00edgido minimiza a quebra do cone para uma resposta de graves limpa e de baixa distor\u00e7\u00e3o.<\/li>\n<li>Sistema de Instala\u00e7\u00e3o SecureFit\u2122: Um sistema modular exclusivo que simplifica a instala\u00e7\u00e3o, permitindo que os &#8220;dog legs&#8221; (bra\u00e7adeiras de fixa\u00e7\u00e3o) sejam engatados \u00e0 m\u00e3o com uma for\u00e7a de aperto predefinida, garantindo uma instala\u00e7\u00e3o robusta e acusticamente est\u00e1vel.<\/li>\n<li>Design Discreto: Apresenta uma grade magn\u00e9tica sem bordas (<i>bezel-free<\/i>) que \u00e9 totalmente pint\u00e1vel, permitindo que a caixa se integre perfeitamente \u00e0 decora\u00e7\u00e3o da parede.<\/li>\n<li>Escudo de Tinta: Inclui um escudo de tinta de PVC magn\u00e9tico para proteger o m\u00f3dulo do alto-falante durante pintura ou reformas.<\/li>\n<\/ul>\n<p>A <strong>PRO-160RPW<\/strong> \u00e9 uma excelente escolha para quem busca a assinatura sonora <strong>Klipsch<\/strong> \u2014 altamente eficiente, clara e com agudos controlados \u2014 em um formato discreto para instala\u00e7\u00f5es personalizadas.<\/p>\n","protected":false},"excerpt":{"rendered":"<p>Essa \u00e9 uma \u00f3tima escolha! A Klipsch PRO-160RPW \u00e9 uma caixa de som de embutir\u00a0que faz parte da s\u00e9rie Professional Reference Premiere da Klipsch, projetada para levar o som detalhado e din\u00e2mico da linha Reference Premiere para instala\u00e7\u00f5es personalizadas (\u00e1udio distribu\u00eddo ou home theater). Recursos Principais Ac\u00fastica Reference Premiere: Utiliza os mesmos componentes ac\u00fasticos e [&hellip;]<\/p>\n","protected":false},"featured_media":27099,"template":"","meta":{"_acf_changed":false},"product_brand":[],"product_cat":[295,17,114],"product_tag":[],"class_list":{"0":"post-27098","1":"product","2":"type-product","3":"status-publish","4":"has-post-thumbnail","6":"product_cat-caixa-teto","7":"product_cat-caixas","8":"product_cat-klipsch","10":"first","11":"instock","12":"sold-individually","13":"shipping-taxable","14":"purchasable","15":"product-type-simple"},"acf":[],"aioseo_notices":[],"_links":{"self":[{"href":"https:\/\/hificlub.com.br\/loja\/wp-json\/wp\/v2\/product\/27098","targetHints":{"allow":["GET"]}}],"collection":[{"href":"https:\/\/hificlub.com.br\/loja\/wp-json\/wp\/v2\/product"}],"about":[{"href":"https:\/\/hificlub.com.br\/loja\/wp-json\/wp\/v2\/types\/product"}],"wp:featuredmedia":[{"embeddable":true,"href":"https:\/\/hificlub.com.br\/loja\/wp-json\/wp\/v2\/media\/27099"}],"wp:attachment":[{"href":"https:\/\/hificlub.com.br\/loja\/wp-json\/wp\/v2\/media?parent=27098"}],"wp:term":[{"taxonomy":"product_brand","embeddable":true,"href":"https:\/\/hificlub.com.br\/loja\/wp-json\/wp\/v2\/product_brand?post=27098"},{"taxonomy":"product_cat","embeddable":true,"href":"https:\/\/hificlub.com.br\/loja\/wp-json\/wp\/v2\/product_cat?post=27098"},{"taxonomy":"product_tag","embeddable":true,"href":"https:\/\/hificlub.com.br\/loja\/wp-json\/wp\/v2\/product_tag?post=27098"}],"curies":[{"name":"wp","href":"https:\/\/api.w.org\/{rel}","templated":true}]}}