{"id":27011,"date":"2025-10-29T12:03:28","date_gmt":"2025-10-29T15:03:28","guid":{"rendered":"https:\/\/hificlub.com.br\/loja\/?post_type=product&#038;p=27011"},"modified":"2026-03-03T22:15:08","modified_gmt":"2026-03-04T01:15:08","slug":"denon-avr-x580bt-receiver-av-8k-5-2-canais-hdr10-dolby-vision-e-dynamic-hdr","status":"publish","type":"product","link":"https:\/\/hificlub.com.br\/loja\/produto\/denon-avr-x580bt-receiver-av-8k-5-2-canais-hdr10-dolby-vision-e-dynamic-hdr\/","title":{"rendered":"DENON AVR-X580BT &#8211; Receiver AV, 8K, 5.2 Canais, HDR10+, Dolby Vision e Dynamic HDR, ARC\/eARC, Dolby TrueHD e DTS-HD Master Audio, 70 Watts"},"content":{"rendered":"<div id=\"model-response-message-contentr_4539fc26a3f4ac20\" class=\"markdown markdown-main-panel enable-updated-hr-color\" dir=\"ltr\">\n<p>O <b>DENON AVR-X580BT<\/b> \u00e9 um receiver AV de n\u00edvel de entrada, projetado para oferecer uma experi\u00eancia s\u00f3lida de home theater 5.2 canais, combinando som surround tradicional com as mais recentes capacidades de v\u00eddeo 8K, mantendo a simplicidade e o custo acess\u00edvel.<\/p>\n<p><b>Descri\u00e7\u00e3o e Posicionamento<\/b><\/p>\n<ul>\n<li>Prop\u00f3sito: \u00c9 ideal para quem est\u00e1 montando um primeiro sistema de home theater ou para salas pequenas a m\u00e9dias que precisam de um sistema 5.2 canais simples e eficiente.<\/li>\n<li>Simplicidade: O receiver \u00e9 conhecido por ser f\u00e1cil de configurar, gra\u00e7as ao Denon Setup Assistant, que guia o usu\u00e1rio passo a passo.<\/li>\n<li>Pot\u00eancia Discreta: Embora seja um modelo de entrada, ele utiliza amplificadores discretos (5 canais), garantindo pot\u00eancia e qualidade de som superiores \u00e0s barras de som tradicionais.<\/li>\n<\/ul>\n<p><b>\u00c1udio e Canais<\/b><\/p>\n<ul>\n<li>Canais: 5.2 canais (5 canais amplificados e 2 sa\u00eddas independentes para subwoofer).<\/li>\n<li>Pot\u00eancia: 70 W por canal (8 Ohms, 20 Hz \u2013 20 kHz, 0,08% THD, 2 canais acionados).<\/li>\n<li>Formatos de Som: Suporta som surround tradicional de alta fidelidade como Dolby TrueHD e DTS-HD Master Audio.<\/li>\n<li>Calibra\u00e7\u00e3o: Inclui um sistema b\u00e1sico de configura\u00e7\u00e3o autom\u00e1tica de alto-falantes por microfone.<\/li>\n<\/ul>\n<p><b>V\u00eddeo e Conectividade HDMI<\/b><\/p>\n<ul>\n<li>Entradas\/Sa\u00eddas HDMI: 4 entradas HDMI \/ 1 sa\u00edda HDMI.<\/li>\n<li>Pronto para 8K: Suporta a mais recente tecnologia 8K com pass-through, permitindo que voc\u00ea desfrute de qualidade de imagem de ponta em TVs compat\u00edveis.<\/li>\n<li>HDR: Compat\u00edvel com HDR10+, Dolby Vision e Dynamic HDR.<\/li>\n<li>Jogos: Suporta tecnologias para jogos suaves e sem <i>lag<\/i> em um das entradas HDMI (geralmente 4K\/120Hz e recursos como ALLM).<\/li>\n<li>ARC\/eARC: Suporta eARC (Enhanced Audio Return Channel) para facilitar a conex\u00e3o com a TV e o envio de \u00e1udio.<\/li>\n<\/ul>\n<p><b>Conectividade Essencial<\/b><\/p>\n<ul>\n<li>Streaming: Conectividade Bluetooth integrada para streaming de m\u00fasica sem fio a partir de smartphones, tablets e outros dispositivos.<\/li>\n<li>USB: Porta USB frontal para reprodu\u00e7\u00e3o de \u00e1udio de alta resolu\u00e7\u00e3o (at\u00e9 24-bit\/192kHz) a partir de pen drives.<\/li>\n<li>Outras Conex\u00f5es: Sintonizador AM\/FM e entradas digitais \u00f3pticas\/coaxiais.<\/li>\n<\/ul>\n<p>&nbsp;<\/p>\n<\/div>\n","protected":false},"excerpt":{"rendered":"<p>O DENON AVR-X580BT \u00e9 um receiver AV de n\u00edvel de entrada, projetado para oferecer uma experi\u00eancia s\u00f3lida de home theater 5.2 canais, combinando som surround tradicional com as mais recentes capacidades de v\u00eddeo 8K, mantendo a simplicidade e o custo acess\u00edvel. Descri\u00e7\u00e3o e Posicionamento Prop\u00f3sito: \u00c9 ideal para quem est\u00e1 montando um primeiro sistema de [&hellip;]<\/p>\n","protected":false},"featured_media":27012,"template":"","meta":{"_acf_changed":false},"product_brand":[],"product_cat":[150,21,22],"product_tag":[],"class_list":{"0":"post-27011","1":"product","2":"type-product","3":"status-publish","4":"has-post-thumbnail","6":"product_cat-denon","7":"product_cat-home-theater","8":"product_cat-receivers","10":"first","11":"instock","12":"sold-individually","13":"shipping-taxable","14":"purchasable","15":"product-type-simple"},"acf":[],"aioseo_notices":[],"_links":{"self":[{"href":"https:\/\/hificlub.com.br\/loja\/wp-json\/wp\/v2\/product\/27011","targetHints":{"allow":["GET"]}}],"collection":[{"href":"https:\/\/hificlub.com.br\/loja\/wp-json\/wp\/v2\/product"}],"about":[{"href":"https:\/\/hificlub.com.br\/loja\/wp-json\/wp\/v2\/types\/product"}],"wp:featuredmedia":[{"embeddable":true,"href":"https:\/\/hificlub.com.br\/loja\/wp-json\/wp\/v2\/media\/27012"}],"wp:attachment":[{"href":"https:\/\/hificlub.com.br\/loja\/wp-json\/wp\/v2\/media?parent=27011"}],"wp:term":[{"taxonomy":"product_brand","embeddable":true,"href":"https:\/\/hificlub.com.br\/loja\/wp-json\/wp\/v2\/product_brand?post=27011"},{"taxonomy":"product_cat","embeddable":true,"href":"https:\/\/hificlub.com.br\/loja\/wp-json\/wp\/v2\/product_cat?post=27011"},{"taxonomy":"product_tag","embeddable":true,"href":"https:\/\/hificlub.com.br\/loja\/wp-json\/wp\/v2\/product_tag?post=27011"}],"curies":[{"name":"wp","href":"https:\/\/api.w.org\/{rel}","templated":true}]}}