{"id":27003,"date":"2025-10-29T11:39:15","date_gmt":"2025-10-29T14:39:15","guid":{"rendered":"https:\/\/hificlub.com.br\/loja\/?post_type=product&#038;p=27003"},"modified":"2026-03-03T22:15:09","modified_gmt":"2026-03-04T01:15:09","slug":"denon-avc-x4800h-receiver-av-8k-9-4-canais-dolby-atmos-dtsx-imax-enhanced-auro-3d-wi-fi-bluetooth-e-airplay-2-125-watts","status":"publish","type":"product","link":"https:\/\/hificlub.com.br\/loja\/produto\/denon-avc-x4800h-receiver-av-8k-9-4-canais-dolby-atmos-dtsx-imax-enhanced-auro-3d-wi-fi-bluetooth-e-airplay-2-125-watts\/","title":{"rendered":"DENON AVC-X4800H &#8211; Receiver AV, 8K, 9.4 Canais,  Dolby Atmos, DTS:X, IMAX Enhanced, Auro-3D, Wi-Fi, Bluetooth e AirPlay 2, 125 Watts"},"content":{"rendered":"<div id=\"model-response-message-contentr_701ef98a5ae08312\" class=\"markdown markdown-main-panel enable-updated-hr-color\" dir=\"ltr\">\n<p>O <strong>Denon AVC-X4800H<\/strong> \u00e9 um receiver AV de<strong> alto desempenho, projetado e fabricado no Jap\u00e3o,<\/strong> destinado a entusiastas de home theater que exigem flexibilidade, pot\u00eancia e a mais recente tecnologia de \u00e1udio e v\u00eddeo.<\/p>\n<p><b>Experi\u00eancia de \u00c1udio Imersiva<\/b><\/p>\n<ul>\n<li>Poder e Flexibilidade: Possui 9 canais de amplifica\u00e7\u00e3o de alta pot\u00eancia e a capacidade de processar 11.4 canais. Isso significa que ele pode alimentar uma configura\u00e7\u00e3o como 5.1.4 ou 7.1.2 nativamente, podendo expandir para 7.1.4 ou 5.1.6 com a adi\u00e7\u00e3o de um amplificador est\u00e9reo externo.<\/li>\n<li>\u00c1udio 3D Completo: Suporta todos os formatos de \u00e1udio tridimensional mais recentes: Dolby Atmos, DTS:X, IMAX Enhanced e Auro-3D, proporcionando uma experi\u00eancia sonora totalmente envolvente.<\/li>\n<li>Graves Otimizados: Oferece quatro sa\u00eddas de subwoofer independentes, permitindo um controle e calibra\u00e7\u00e3o precisos dos graves para eliminar pontos nulos na sala e garantir uma resposta de baixa frequ\u00eancia uniforme.<\/li>\n<\/ul>\n<p><b>V\u00eddeo e Conectividade de Ponta<\/b><\/p>\n<ul>\n<li>HDMI 2.1 Total: Apresenta 7 entradas HDMI que suportam integralmente as especifica\u00e7\u00f5es HDMI 2.1, incluindo pass-through de 8K\/60Hz e 4K\/120Hz.<\/li>\n<li>HDR Din\u00e2mico: Compatibilidade completa com as tecnologias de imagem HDR mais avan\u00e7adas, como HDR10+, Dolby Vision e Dynamic HDR.<\/li>\n<li>Foco em Jogos: Suporte total a recursos de jogos como VRR, ALLM e QFT, garantindo jogabilidade fluida e sem <i>lag<\/i> para consoles de \u00faltima gera\u00e7\u00e3o.<\/li>\n<\/ul>\n<p><b>Calibra\u00e7\u00e3o e Controle Profissionais<\/b><\/p>\n<ul>\n<li>Otimiza\u00e7\u00e3o de Sala: Vem com o renomado sistema de corre\u00e7\u00e3o ac\u00fastica Audyssey MultEQ XT32.<\/li>\n<li>Pronto para Dirac Live: \u00c9 Dirac Live Ready (requer licen\u00e7a de compra separada), oferecendo uma op\u00e7\u00e3o para corre\u00e7\u00e3o de ambiente de n\u00edvel profissional com maior precis\u00e3o.<\/li>\n<li>Multi-Room Avan\u00e7ado: Possui HEOS\u00ae Built-in para streaming de \u00e1udio sem fio e \u00e9 capaz de gerenciar \u00e1udio em tr\u00eas zonas diferentes da casa.<\/li>\n<\/ul>\n<p>O AVC-X4800H \u00e9 uma m\u00e1quina vers\u00e1til e poderosa, ideal para salas de home theater grandes ou para usu\u00e1rios que planejam futuras expans\u00f5es de seu sistema de som.<\/p>\n<\/div>\n","protected":false},"excerpt":{"rendered":"<p>O Denon AVC-X4800H \u00e9 um receiver AV de alto desempenho, projetado e fabricado no Jap\u00e3o, destinado a entusiastas de home theater que exigem flexibilidade, pot\u00eancia e a mais recente tecnologia de \u00e1udio e v\u00eddeo. Experi\u00eancia de \u00c1udio Imersiva Poder e Flexibilidade: Possui 9 canais de amplifica\u00e7\u00e3o de alta pot\u00eancia e a capacidade de processar 11.4 [&hellip;]<\/p>\n","protected":false},"featured_media":27004,"template":"","meta":{"_acf_changed":false},"product_brand":[],"product_cat":[150,21,22],"product_tag":[],"class_list":{"0":"post-27003","1":"product","2":"type-product","3":"status-publish","4":"has-post-thumbnail","6":"product_cat-denon","7":"product_cat-home-theater","8":"product_cat-receivers","10":"first","11":"instock","12":"sold-individually","13":"shipping-taxable","14":"purchasable","15":"product-type-simple"},"acf":[],"aioseo_notices":[],"_links":{"self":[{"href":"https:\/\/hificlub.com.br\/loja\/wp-json\/wp\/v2\/product\/27003","targetHints":{"allow":["GET"]}}],"collection":[{"href":"https:\/\/hificlub.com.br\/loja\/wp-json\/wp\/v2\/product"}],"about":[{"href":"https:\/\/hificlub.com.br\/loja\/wp-json\/wp\/v2\/types\/product"}],"wp:featuredmedia":[{"embeddable":true,"href":"https:\/\/hificlub.com.br\/loja\/wp-json\/wp\/v2\/media\/27004"}],"wp:attachment":[{"href":"https:\/\/hificlub.com.br\/loja\/wp-json\/wp\/v2\/media?parent=27003"}],"wp:term":[{"taxonomy":"product_brand","embeddable":true,"href":"https:\/\/hificlub.com.br\/loja\/wp-json\/wp\/v2\/product_brand?post=27003"},{"taxonomy":"product_cat","embeddable":true,"href":"https:\/\/hificlub.com.br\/loja\/wp-json\/wp\/v2\/product_cat?post=27003"},{"taxonomy":"product_tag","embeddable":true,"href":"https:\/\/hificlub.com.br\/loja\/wp-json\/wp\/v2\/product_tag?post=27003"}],"curies":[{"name":"wp","href":"https:\/\/api.w.org\/{rel}","templated":true}]}}