{"id":270,"date":"2023-10-17T19:50:51","date_gmt":"2023-10-17T22:50:51","guid":{"rendered":"https:\/\/hificlub.com.br\/loja2\/produto\/mcintosh-ma8950-c-mm-mc-phono-dac2-200-watts\/"},"modified":"2026-03-03T22:21:16","modified_gmt":"2026-03-04T01:21:16","slug":"mcintosh-ma8950-c-mm-mc-phono-dac2-200-watts","status":"publish","type":"product","link":"https:\/\/hificlub.com.br\/loja\/produto\/mcintosh-ma8950-c-mm-mc-phono-dac2-200-watts\/","title":{"rendered":"MCINTOSH MA8950 Amplificador Integrado com MM MC Phono DAC2  200 Watts"},"content":{"rendered":"<p>O Amplificador Integrado MA8950 oferece 200 Watts por canal e combina a experi\u00eancia em amplifica\u00e7\u00e3o e tecnologias de pr\u00e9-amplificador da McIntosh em um componente de sistema de som est\u00e9reo abrangente.\u00a0Ele substitui o premiado MA8900 (\u00a0<em>Secrets of Home Theater e High Fidelity 2017 Best Stereo Integrated Amplifier<\/em>\u00a0) \u200b\u200be adiciona aprimoramentos adicionais de desempenho a um j\u00e1 excelente amplificador est\u00e9reo integrado.<\/p>\n<div class=\"display-table \">\n<div class=\"table-cell w50 vertical-middle to-load-b delay-1 noPad loaded\">\n<p>O headroom din\u00e2mico aumentou de 2,0 dB para 3,1 dB no MA8950 como resultado da duplica\u00e7\u00e3o da capacidade do filtro.\u00a0Isso d\u00e1 ao MA8950 uma capacidade ainda maior de reproduzir picos musicais com menos distor\u00e7\u00e3o.\u00a0A maior capacidade do filtro tamb\u00e9m ajudar\u00e1 a fornecer uma reprodu\u00e7\u00e3o de graves mais incr\u00edvel, desempenho de graves e controle geral de graves.<\/p>\n<\/div>\n<\/div>\n<div class=\"display-table \">\n<div class=\"table-cell w50 vertical-middle to-load-b delay-1 noPad loaded\">\n<blockquote><p>&#8220;Um amplificador que pode lidar com praticamente qualquer tipo de fonte, alimentar praticamente qualquer par de alto-falantes e funcionar confortavelmente em praticamente qualquer ambiente.&#8221;\u00a0Recebeu o pr\u00eamio Editor&#8217;s Choice de Melhor Amplificador Est\u00e9reo de Alta Defini\u00e7\u00e3o em 2022. &#8211;\u00a0<a href=\"https:\/\/www-mcintoshlabs-com.translate.goog\/brand\/news\/MA8950-AVForums?_x_tr_sl=en&amp;_x_tr_tl=pt&amp;_x_tr_hl=pt-BR&amp;_x_tr_pto=sc\">AVForums<\/a><\/p><\/blockquote>\n<\/div>\n<\/div>\n<div class=\"display-table \">\n<div class=\"table-cell w50 vertical-middle to-load-b delay-1 noPad loaded\">\n<p>O MA8950 vem de f\u00e1brica com o M\u00f3dulo de \u00c1udio Digital DA2 em vez do M\u00f3dulo de \u00c1udio Digital DA1 que acompanha o MA8900.\u00a0O DA2 oferece 7 entradas digitais: 2 coaxiais, 2 \u00f3pticas, 1 USB, 1 MCT e 1 conex\u00e3o HDMI Audio Return Channel (ARC) 1 somente de\u00a0\u00e1udio\u00a0.\u00a0As TVs com uma sa\u00edda HDMI (ARC) compat\u00edvel podem ser conectadas ao MA8950 para aproveitar o som da sua TV como nunca antes atrav\u00e9s do seu sistema de m\u00fasica dom\u00e9stico.\u00a0Formatos populares de \u00e1udio multicanal de Dolby\u00a0\u00ae\u00a0e DTS\u00a0\u00ae\u00a0s\u00e3o suportados e ser\u00e3o habilmente convertidos em \u00e1udio de 2 canais para reprodu\u00e7\u00e3o adequada.\u00a0O controle remoto MA8950 pode controlar a pot\u00eancia e o volume da TV quando a comunica\u00e7\u00e3o CEC est\u00e1 habilitada no amplificador e na TV.\u00a0O DA2 tamb\u00e9m possui suporte de reprodu\u00e7\u00e3o DSD aumentado de at\u00e9 DSD512 via entrada USB.<\/p>\n<div class=\"display-table \">\n<div class=\"table-cell w50 vertical-middle to-load-b delay-1 noPad loaded\">\n<p>O DA2 \u00e9 alimentado por um Conversor Digital-Anal\u00f3gico (DAC) Quad Balanceado de 8 canais e 32 bits de n\u00edvel audi\u00f3filo que apresenta melhorias na faixa din\u00e2mica e na distor\u00e7\u00e3o harm\u00f4nica total em compara\u00e7\u00e3o com o DAC no DA1.\u00a0As entradas \u00f3pticas e coaxiais no DA2 podem decodificar m\u00fasica digital de at\u00e9 24 bits\/192kHz para reprodu\u00e7\u00e3o de \u00e1udio de alta resolu\u00e7\u00e3o.\u00a0O DA2 possui uma entrada MCT exclusiva da McIntosh que oferece uma conex\u00e3o DSD segura para qualquer uma de nossas s\u00e9ries MCT de SACD\/CD Transports para fornecer a melhor qualidade de som poss\u00edvel do \u00e1udio de alta defini\u00e7\u00e3o encontrado em seus SACDs.\u00a0E com seu design modular, \u00e9 poss\u00edvel algum dia substituir o DA2 por um m\u00f3dulo de \u00e1udio digital mais recente.<\/p>\n<div class=\"display-table \">\n<div class=\"table-cell w50 vertical-middle to-load-b delay-1 noPad loaded\">\n<p>Com sua vasta sele\u00e7\u00e3o de entradas de \u00e1udio digital, a conectividade anal\u00f3gica n\u00e3o foi negligenciada no MA8950.\u00a0Ele vem com 1 entradas est\u00e9reo balanceadas e 6 n\u00e3o balanceadas, mais 1 bobina m\u00f3vel e 1 entrada fonogr\u00e1fica de \u00edm\u00e3 m\u00f3vel para o(s) seu(\u00a0<a href=\"https:\/\/www-mcintoshlabs-com.translate.goog\/products\/turntables?_x_tr_sl=en&amp;_x_tr_tl=pt&amp;_x_tr_hl=pt-BR&amp;_x_tr_pto=sc\">s) toca-discos<\/a>.\u00a0Todas as entradas podem receber nomes personalizados para controle e configura\u00e7\u00e3o do sistema de f\u00e1cil utiliza\u00e7\u00e3o.\u00a0A entrada phono Moving Coil vem com carregamento ajust\u00e1vel para que voc\u00ea possa ajustar o som de seus discos de vinil.\u00a0Todos os conectores anal\u00f3gicos n\u00e3o balanceados s\u00e3o feitos de lat\u00e3o maci\u00e7o banhado a ouro premium para manuseio de sinal e aterramento superiores.\u00a0Todas as entradas anal\u00f3gicas e digitais podem receber nomes personalizados para controle e configura\u00e7\u00e3o do sistema de f\u00e1cil utiliza\u00e7\u00e3o.\u00a0Para maior flexibilidade na configura\u00e7\u00e3o do seu sistema est\u00e9reo, o MA8950 inclui uma sa\u00edda fixa desbalanceada e uma sa\u00edda vari\u00e1vel desbalanceada que pode ser usada para enviar o sinal de \u00e1udio para um segundo amplificador de pot\u00eancia.<\/p>\n<\/div>\n<\/div>\n<div class=\"display-table \">\n<div class=\"table-cell w50 vertical-middle to-load-b delay-1 noPad loaded\">\n<blockquote><p>&#8220;Um amplificador que pode lidar com quase todos os equipamentos e alto-falantes parceiros e oferece excelente desempenho e flexibilidade com tudo isso. \u00c9 assim que a McIntosh faz hi-fi e os resultados s\u00e3o sensacionais&#8230; Ele oferece desempenho brilhante ao mesmo tempo em que oferece enorme conectividade e facilidade de uso.&#8221;\u00a0&#8211;\u00a0<a href=\"https:\/\/www-mcintoshlabs-com.translate.goog\/brand\/news\/MA8950-Sound-Advice?_x_tr_sl=en&amp;_x_tr_tl=pt&amp;_x_tr_hl=pt-BR&amp;_x_tr_pto=sc\">Som Online<\/a><\/p><\/blockquote>\n<\/div>\n<\/div>\n<div class=\"display-table \">\n<div class=\"table-cell w50 vertical-middle to-load-b delay-1 noPad loaded\">\n<p>Outras atualiza\u00e7\u00f5es incluem componentes de fonte de alimenta\u00e7\u00e3o atualizados para emiss\u00e3o de ru\u00eddo ainda menor e confiabilidade adicional nas condi\u00e7\u00f5es mais exigentes.\u00a0O MA8950 continua a usar poderosos microprocessadores de controle para opera\u00e7\u00e3o robusta e suave do sistema, bem como alguns dos mais recentes componentes de circuito de n\u00edvel de \u00e1udio de \u00faltima gera\u00e7\u00e3o para produzir o melhor som poss\u00edvel.<\/p>\n<p>Outros recursos do McIntosh inclu\u00eddos no MA8950 s\u00e3o:<\/p>\n<ul>\n<li>Power Guard\u00a0\u00ae\u00a0que monitora continuamente os sinais de entrada e sa\u00edda e pode ajustar dinamicamente os n\u00edveis de entrada para garantir a sa\u00edda m\u00e1xima, evitando distor\u00e7\u00f5es e cortes de som que podem danificar seus alto-falantes<\/li>\n<li>Nossa tecnologia de prote\u00e7\u00e3o contra curto-circuito sem fus\u00edvel Sentry Monitor\u00a0\u2122\u00a0que desativa o est\u00e1gio de sa\u00edda antes que a corrente exceda os n\u00edveis operacionais seguros e, em seguida, redefine automaticamente quando as condi\u00e7\u00f5es operacionais retornam ao normal<\/li>\n<li>McIntosh Monogrammed Heatsinks\u00a0\u2122\u00a0feitos de materiais de alta qualidade com excelente condutividade t\u00e9rmica e propriedades de dissipa\u00e7\u00e3o de calor<\/li>\n<li>Home Theater PassThru que permite a integra\u00e7\u00e3o perfeita em um\u00a0<a href=\"https:\/\/www-mcintoshlabs-com.translate.goog\/products\/home-theater-processors?_x_tr_sl=en&amp;_x_tr_tl=pt&amp;_x_tr_hl=pt-BR&amp;_x_tr_pto=sc\">sistema de home theater<\/a><\/li>\n<li>Amplificador de fone de ouvido High Drive com Headphone Crossfeed Director (HXD\u00a0\u00ae\u00a0), que pode trazer uma dimens\u00e3o adicional para a audi\u00e7\u00e3o de fones de ouvido<\/li>\n<li>Um controle de tom discreto de cinco bandas que permite ajuste anal\u00f3gico manual avan\u00e7ado de \u00b112dB em incrementos de 2dB de suas grava\u00e7\u00f5es favoritas em frequ\u00eancias de 30Hz, 250Hz, 500Hz, 2kHz e 10kHz<\/li>\n<li><a href=\"https:\/\/www-mcintoshlabs-com.translate.goog\/products\/cables\/Power-Control-Cables?_x_tr_sl=en&amp;_x_tr_tl=pt&amp;_x_tr_hl=pt-BR&amp;_x_tr_pto=sc\">Controle de energia<\/a>\u00a0para enviar sinais de ligar\/desligar aos componentes McIntosh conectados para facilitar a inicializa\u00e7\u00e3o e o desligamento do sistema<\/li>\n<li>Postes de liga\u00e7\u00e3o de alto-falante banhados a ouro que evitam a corros\u00e3o para garantir que um sinal de qualidade seja enviado pelos\u00a0<a href=\"https:\/\/www-mcintoshlabs-com.translate.goog\/products\/cables\/Speaker-Cables?_x_tr_sl=en&amp;_x_tr_tl=pt&amp;_x_tr_hl=pt-BR&amp;_x_tr_pto=sc\">cabos de alto-falante<\/a>\u00a0\u00a0para seus alto-falantes<\/li>\n<\/ul>\n<h4 class=\"c-blue text-uppercase specs-title\">ESPECIFICA\u00c7\u00d5ES ELETR\u00d4NICAS<\/h4>\n<ul class=\"specs-list f-fix\">\n<li>\n<dl>\n<dt>Sa\u00edda de energia por canal<\/dt>\n<dd>200 Watts<\/dd>\n<\/dl>\n<\/li>\n<li>\n<dl>\n<dt>N\u00famero de canais<\/dt>\n<dd>2<\/dd>\n<\/dl>\n<\/li>\n<li>\n<dl>\n<dt>Imped\u00e2ncia do alto-falante<\/dt>\n<dd>2, 4 ou 8 ohms<\/dd>\n<\/dl>\n<\/li>\n<li>\n<dl>\n<dt>Faixa de pot\u00eancia nominal<\/dt>\n<dd>20Hz a 20kHz<\/dd>\n<\/dl>\n<\/li>\n<li>\n<dl>\n<dt>Distor\u00e7\u00e3o Harm\u00f4nica Total<\/dt>\n<dd>0,005%<\/dd>\n<\/dl>\n<\/li>\n<li>\n<dl>\n<dt>Altura Din\u00e2mica<\/dt>\n<dd>3,1dB<\/dd>\n<\/dl>\n<\/li>\n<li>\n<dl>\n<dt>Resposta de frequ\u00eancia +0,-0,5dB<\/dt>\n<dd>20Hz a 20kHz<\/dd>\n<\/dl>\n<\/li>\n<li>\n<dl>\n<dt>Resposta de frequ\u00eancia, +0, -3dB<\/dt>\n<dd>10Hz a 100kHz<\/dd>\n<\/dl>\n<\/li>\n<li>\n<dl>\n<dt>Fono de Sensibilidade (Bobina M\u00f3vel)<\/dt>\n<dd>0,25mV<\/dd>\n<\/dl>\n<\/li>\n<li>\n<dl>\n<dt>Sensibilidade Phono (\u00cdm\u00e3 em movimento)<\/dt>\n<dd>2,5mV<\/dd>\n<\/dl>\n<\/li>\n<li>\n<dl>\n<dt>N\u00edvel Alto de Sensibilidade (Equilibrado\/Desbalanceado)<\/dt>\n<dd>0,5 V\/0,25 V<\/dd>\n<\/dl>\n<\/li>\n<li>\n<dl>\n<dt>Sensibilidade (entrada do amplificador de pot\u00eancia)<\/dt>\n<dd>1,4 V<\/dd>\n<\/dl>\n<\/li>\n<li>\n<dl>\n<dt>Rela\u00e7\u00e3o sinal-ru\u00eddo (bobina m\u00f3vel)<\/dt>\n<dd>80dB<\/dd>\n<\/dl>\n<\/li>\n<li>\n<dl>\n<dt>Rela\u00e7\u00e3o sinal-ru\u00eddo (\u00edm\u00e3 em movimento)<\/dt>\n<dd>82dB<\/dd>\n<\/dl>\n<\/li>\n<li>\n<dl>\n<dt>Rela\u00e7\u00e3o sinal-ru\u00eddo (n\u00edvel alto)<\/dt>\n<dd>95dB<\/dd>\n<\/dl>\n<\/li>\n<li>\n<dl>\n<dt>Rela\u00e7\u00e3o sinal-ru\u00eddo (entrada do amplificador de pot\u00eancia)<\/dt>\n<dd>113dB<\/dd>\n<\/dl>\n<\/li>\n<li>\n<dl>\n<dt>Imped\u00e2ncia de entrada (balanceada\/desbalanceada)<\/dt>\n<dd>20K\/20K<\/dd>\n<\/dl>\n<\/li>\n<li>\n<dl>\n<dt>Fator de amortecimento<\/dt>\n<dd>&gt;40<\/dd>\n<\/dl>\n<\/li>\n<li>\n<dl>\n<dt>Sa\u00edda M\u00e1xima (Balanceada \/ Desbalanceada)<\/dt>\n<dd>8V Desbalanceado<\/dd>\n<\/dl>\n<\/li>\n<\/ul>\n<h4 class=\"c-blue text-uppercase specs-title\">CONECTIVIDADE<\/h4>\n<ul class=\"specs-list f-fix\">\n<li>\n<dl>\n<dt>Entrada Balanceada<\/dt>\n<dd>1<\/dd>\n<\/dl>\n<\/li>\n<li>\n<dl>\n<dt>Entrada desbalanceada<\/dt>\n<dd>6<\/dd>\n<\/dl>\n<\/li>\n<li>\n<dl>\n<dt>Bobina m\u00f3vel de entrada fono<\/dt>\n<dd>1 (carga ajust\u00e1vel)<\/dd>\n<\/dl>\n<\/li>\n<li>\n<dl>\n<dt>\u00cdm\u00e3 m\u00f3vel de entrada fono<\/dt>\n<dd>1 (carregamento fixo)<\/dd>\n<\/dl>\n<\/li>\n<li>\n<dl>\n<dt>M\u00f3dulo de \u00e1udio digital atualiz\u00e1vel<\/dt>\n<dd>Sim: DA2<\/dd>\n<\/dl>\n<\/li>\n<li>\n<dl>\n<dt>Entrada Digital Coaxial<\/dt>\n<dd>2<\/dd>\n<\/dl>\n<\/li>\n<li>\n<dl>\n<dt>Entrada \u00d3ptica Digital<\/dt>\n<dd>2<\/dd>\n<\/dl>\n<\/li>\n<li>\n<dl>\n<dt>Entrada MCT Digital<\/dt>\n<dd>1<\/dd>\n<\/dl>\n<\/li>\n<li>\n<dl>\n<dt>Entrada USB digital<\/dt>\n<dd>1<\/dd>\n<\/dl>\n<\/li>\n<li>\n<dl>\n<dt>Entrada HDMI (ARC)<\/dt>\n<dd>1<\/dd>\n<\/dl>\n<\/li>\n<li>\n<dl>\n<dt>Sa\u00edda vari\u00e1vel balanceada<\/dt>\n<dd>0<\/dd>\n<\/dl>\n<\/li>\n<li>\n<dl>\n<dt>Sa\u00edda fixa desbalanceada<\/dt>\n<dd>1<\/dd>\n<\/dl>\n<\/li>\n<li>\n<dl>\n<dt>Sa\u00edda vari\u00e1vel desbalanceada<\/dt>\n<dd>2<\/dd>\n<\/dl>\n<\/li>\n<li>\n<dl>\n<dt>Sa\u00edda de fone de ouvido<\/dt>\n<dd>High Drive de 1\/4&#8243; com Headphone Crossfeed Director (HXD\u00a0\u00ae\u00a0)<\/dd>\n<\/dl>\n<\/li>\n<li>\n<dl>\n<dt>Sa\u00edda do Subwoofer<\/dt>\n<dd>0<\/dd>\n<\/dl>\n<\/li>\n<li>\n<dl>\n<dt>Op\u00e7\u00e3o de sintonizador AM\/FM<\/dt>\n<dd>N\u00e3o<\/dd>\n<\/dl>\n<\/li>\n<li>\n<dl>\n<dt>Home Theater PassThru<\/dt>\n<dd>Sim<\/dd>\n<\/dl>\n<\/li>\n<li>\n<dl>\n<dt>Tipo de conector anal\u00f3gico n\u00e3o balanceado<\/dt>\n<dd>Padr\u00e3o<\/dd>\n<\/dl>\n<\/li>\n<li>\n<dl>\n<dt>Tipo de poste de encaderna\u00e7\u00e3o do alto-falante<\/dt>\n<dd>Padr\u00e3o<\/dd>\n<\/dl>\n<\/li>\n<li>\n<dl>\n<dt>Porta de servi\u00e7o<\/dt>\n<dd>1<\/dd>\n<\/dl>\n<\/li>\n<\/ul>\n<h4 class=\"c-blue text-uppercase specs-title\">ESPECIFICA\u00c7\u00d5ES DE \u00c1UDIO DIGITAL<\/h4>\n<ul class=\"specs-list f-fix\">\n<li>\n<dl>\n<dt>Tipo de conversor digital para anal\u00f3gico (DAC)<\/dt>\n<dd>PCM\/DSD de 8 canais, 32 bits\/384kHz, Quad Balanceado<\/dd>\n<\/dl>\n<\/li>\n<li>\n<dl>\n<dt>Taxa de amostragem de entrada coaxial digital<\/dt>\n<dd>24 bits\/44,1kHz a 192kHz<\/dd>\n<\/dl>\n<\/li>\n<li>\n<dl>\n<dt>Taxa de amostragem de entrada \u00f3ptica digital<\/dt>\n<dd>24 bits\/44,1kHz a 192kHz<\/dd>\n<\/dl>\n<\/li>\n<li>\n<dl>\n<dt>Taxa de amostragem de entrada MCT digital<\/dt>\n<dd>16 bits\/44,1 kHz (CD)<br \/>\nDSD64 (SACD)<\/dd>\n<\/dl>\n<\/li>\n<li>\n<dl>\n<dt>Taxa de amostragem de entrada USB digital<\/dt>\n<dd>32 bits\/44,1kHz a 384kHz (PCM)<br \/>\nDSD64, DSD128, DSD256, DSD512, DXD352,8kHz, DXD384kHz<\/dd>\n<\/dl>\n<\/li>\n<\/ul>\n<h4 class=\"c-blue text-uppercase specs-title\">AO CONTROLE<\/h4>\n<ul class=\"specs-list f-fix\">\n<li>\n<dl>\n<dt>Controles de tom<\/dt>\n<dd>5 bandas<\/dd>\n<\/dl>\n<\/li>\n<li>\n<dl>\n<dt>Desvio de tom e atribui\u00e7\u00e3o de entrada<\/dt>\n<dd>Sim<\/dd>\n<\/dl>\n<\/li>\n<li>\n<dl>\n<dt>Entrada de controle RS232<\/dt>\n<dd>Sim<\/dd>\n<\/dl>\n<\/li>\n<li>\n<dl>\n<dt>Sa\u00edda de controle de energia<\/dt>\n<dd>1 principal, 2 gatilho<\/dd>\n<\/dl>\n<\/li>\n<li>\n<dl>\n<dt>Porta de dados do painel traseiro<\/dt>\n<dd>4<\/dd>\n<\/dl>\n<\/li>\n<li>\n<dl>\n<dt>Entrada do Sensor IR do Painel Traseiro<\/dt>\n<dd>Sim<\/dd>\n<\/dl>\n<\/li>\n<li>\n<dl>\n<dt>Correspond\u00eancia de n\u00edvel de entrada<\/dt>\n<dd>Sim<\/dd>\n<\/dl>\n<\/li>\n<\/ul>\n<h4 class=\"c-blue text-uppercase specs-title\">ESPECIFICA\u00c7\u00d5ES GERAIS<\/h4>\n<ul class=\"specs-list f-fix\">\n<li>\n<dl>\n<dt>Tubo de V\u00e1cuo ou Estado S\u00f3lido<\/dt>\n<dd>Estado s\u00f3lido<\/dd>\n<\/dl>\n<\/li>\n<li>\n<dl>\n<dt>Tipo de sa\u00edda<\/dt>\n<dd>Autoformer\u2122<\/dd>\n<\/dl>\n<\/li>\n<li>\n<dl>\n<dt>Medidores de Sa\u00edda<\/dt>\n<dd>Sim<\/dd>\n<\/dl>\n<\/li>\n<li>\n<dl>\n<dt>Chassi de Camada Dupla<\/dt>\n<dd>Sim<\/dd>\n<\/dl>\n<\/li>\n<li>\n<dl>\n<dt>Acabamento do Chassi<\/dt>\n<dd>A\u00e7o inoxid\u00e1vel polido e a\u00e7o pintado de preto<\/dd>\n<\/dl>\n<\/li>\n<li>\n<dl>\n<dt>McIntosh Monogrammed Heatsinks\u2122<\/dt>\n<dd>Sim<\/dd>\n<\/dl>\n<\/li>\n<li>\n<dl>\n<dt>Requisito de energia<\/dt>\n<dd>120 V 50\/60 Hz, 4,4 amperes<\/dd>\n<\/dl>\n<\/li>\n<li>\n<dl>\n<dt>Requisito de energia em espera<\/dt>\n<dd>&lt;0,25 Watts<\/dd>\n<\/dl>\n<\/li>\n<\/ul>\n<h4 class=\"c-blue text-uppercase specs-title\">PESOS E DIMENS\u00d5ES<\/h4>\n<ul class=\"specs-list f-fix\">\n<li>\n<dl>\n<dt>Dimens\u00f5es da Unidade (L x A x P)<\/dt>\n<dd>17-1\/2&#8243; (44,5 cm) x 7-5\/8&#8243; (19,4 cm) x 18-3\/4&#8243; (47,6 cm)<\/dd>\n<\/dl>\n<\/li>\n<li>\n<dl>\n<dt>Unidade de peso<\/dt>\n<dd>75 libras (34,1 kg)<\/dd>\n<\/dl>\n<\/li>\n<li>\n<dl>\n<dt>Peso<\/dt>\n<dd>93 libras (42,3 kg)<\/dd>\n<\/dl>\n<\/li>\n<\/ul>\n<p>&nbsp;<\/p>\n<\/div>\n<\/div>\n<div class=\"display-table Right\"><\/div>\n<div class=\"display-table Right\"><\/div>\n<\/div>\n<\/div>\n<\/div>\n<\/div>\n","protected":false},"excerpt":{"rendered":"<p>O Amplificador Integrado MA8950 oferece 200 Watts por canal e combina a experi\u00eancia em amplifica\u00e7\u00e3o e tecnologias de pr\u00e9-amplificador da McIntosh em um componente de sistema de som est\u00e9reo abrangente.\u00a0Ele substitui o premiado MA8900 (\u00a0Secrets of Home Theater e High Fidelity 2017 Best Stereo Integrated Amplifier\u00a0) \u200b\u200be adiciona aprimoramentos adicionais de desempenho a um j\u00e1 [&hellip;]<\/p>\n","protected":false},"featured_media":27583,"template":"","meta":{"_acf_changed":false},"product_brand":[],"product_cat":[27,51,39],"product_tag":[],"class_list":{"0":"post-270","1":"product","2":"type-product","3":"status-publish","4":"has-post-thumbnail","6":"product_cat-amplificador","7":"product_cat-integrado","8":"product_cat-mcintosh","10":"first","11":"instock","12":"sold-individually","13":"shipping-taxable","14":"product-type-simple"},"acf":[],"aioseo_notices":[],"_links":{"self":[{"href":"https:\/\/hificlub.com.br\/loja\/wp-json\/wp\/v2\/product\/270","targetHints":{"allow":["GET"]}}],"collection":[{"href":"https:\/\/hificlub.com.br\/loja\/wp-json\/wp\/v2\/product"}],"about":[{"href":"https:\/\/hificlub.com.br\/loja\/wp-json\/wp\/v2\/types\/product"}],"wp:featuredmedia":[{"embeddable":true,"href":"https:\/\/hificlub.com.br\/loja\/wp-json\/wp\/v2\/media\/27583"}],"wp:attachment":[{"href":"https:\/\/hificlub.com.br\/loja\/wp-json\/wp\/v2\/media?parent=270"}],"wp:term":[{"taxonomy":"product_brand","embeddable":true,"href":"https:\/\/hificlub.com.br\/loja\/wp-json\/wp\/v2\/product_brand?post=270"},{"taxonomy":"product_cat","embeddable":true,"href":"https:\/\/hificlub.com.br\/loja\/wp-json\/wp\/v2\/product_cat?post=270"},{"taxonomy":"product_tag","embeddable":true,"href":"https:\/\/hificlub.com.br\/loja\/wp-json\/wp\/v2\/product_tag?post=270"}],"curies":[{"name":"wp","href":"https:\/\/api.w.org\/{rel}","templated":true}]}}