{"id":26985,"date":"2025-10-29T11:05:27","date_gmt":"2025-10-29T14:05:27","guid":{"rendered":"https:\/\/hificlub.com.br\/loja\/?post_type=product&#038;p=26985"},"modified":"2026-03-03T22:15:09","modified_gmt":"2026-03-04T01:15:09","slug":"denon-avc-a1h-receiver-av-8k-15-4-canais-dolby-atmos-dtsx-e-dtsx-pro-imax-enhanced-auro-3d-150-watts","status":"publish","type":"product","link":"https:\/\/hificlub.com.br\/loja\/produto\/denon-avc-a1h-receiver-av-8k-15-4-canais-dolby-atmos-dtsx-e-dtsx-pro-imax-enhanced-auro-3d-150-watts\/","title":{"rendered":"DENON AVC-A1H &#8211; Receiver AV 8K, 15.4 Canais, Dolby Atmos, DTS:X e DTS:X Pro, IMAX Enhanced, AURO-3D, 150 Watts"},"content":{"rendered":"<div id=\"model-response-message-contentr_f0d77e2d374cb23f\" class=\"markdown markdown-main-panel enable-updated-hr-color\" dir=\"ltr\">\n<p>O <strong>Denon AVC-A1H<\/strong> (tamb\u00e9m referido como AVC-A1H E2, sendo uma designa\u00e7\u00e3o de modelo\/regi\u00e3o) \u00e9 um Receiver AV topo de linha e um dos mais potentes da Denon, projetado para proporcionar uma experi\u00eancia de home theater profissional de alto desempenho.<\/p>\n<p><b>Canais e Pot\u00eancia<\/b><\/p>\n<ul>\n<li>Canais de Processamento: 15.4 canais, permitindo uma flexibilidade enorme na configura\u00e7\u00e3o de alto-falantes e m\u00faltiplos subwoofers.<\/li>\n<li>Canais de Amplifica\u00e7\u00e3o: 15 canais de amplifica\u00e7\u00e3o integrados.<\/li>\n<li>Configura\u00e7\u00e3o M\u00e1xima (Baseada em Objeto): Suporta at\u00e9 9.4.6 canais (9 canais horizontais, 4 subwoofers e 6 canais de altura).<\/li>\n<li>Pot\u00eancia de Sa\u00edda: At\u00e9 150W por canal (8 ohms, 20 Hz &#8211; 20 kHz, 0,05% THD, 2 canais acionados), sendo constru\u00eddo com componentes de alta qualidade e uma constru\u00e7\u00e3o robusta (com peso superior a 32 kg\/70 libras), projetado e fabricado no Jap\u00e3o.<\/li>\n<\/ul>\n<p><b>Recursos de \u00c1udio e V\u00eddeo<\/b><\/p>\n<ul>\n<li><b>\u00c1udio 3D Imersivo:<\/b> Suporte completo para os principais formatos de \u00e1udio tridimensional:\n<ul>\n<li>Dolby Atmos<\/li>\n<li>DTS:X e DTS:X Pro<\/li>\n<li>IMAX Enhanced<\/li>\n<li>AURO-3D<\/li>\n<\/ul>\n<\/li>\n<li>Resolu\u00e7\u00e3o de V\u00eddeo: Suporte para 8K Ultra HD com passagem (pass-through) de 8K\/60Hz e 4K\/120Hz.<\/li>\n<li>HDR: Compatibilidade com as tecnologias de imagem de alto alcance din\u00e2mico mais recentes, como HDR10, HDR10+, Dolby Vision, HLG (Hybrid Log Gamma) e Dynamic HDR.<\/li>\n<li>Calibra\u00e7\u00e3o de Alto-Falantes: Inclui a su\u00edte de calibra\u00e7\u00e3o Audyssey MultEQ XT32. \u00c9 tamb\u00e9m atualiz\u00e1vel para Dirac Live (opcional).<\/li>\n<\/ul>\n<p><b>Conectividade e Streaming<\/b><\/p>\n<ul>\n<li>Entradas HDMI: 7 entradas HDMI (todas com suporte 8K\/60Hz AB e 4K\/120Hz AB) e 3 sa\u00eddas HDMI (Principal, Zona 2 e uma HDMI dedicada para Zona).<\/li>\n<li>Conectividade Sem Fio:\n<ul>\n<li>Wi-Fi<\/li>\n<li>Bluetooth<\/li>\n<li>AirPlay 2<\/li>\n<\/ul>\n<\/li>\n<li>Multi-Room: Tecnologia HEOS Built-in para streaming de \u00e1udio e compartilhamento de m\u00fasica para caixas de som compat\u00edveis com HEOS em toda a casa.<\/li>\n<li>Streaming de M\u00fasica: Suporte a servi\u00e7os populares como Spotify Connect, Amazon Music, TIDALs, SoundCloud e TuneIn, al\u00e9m de ser Roon Ready.<\/li>\n<li>Controle por Voz: Compat\u00edvel com assistentes virtuais como Alexa e Google Assistant.<\/li>\n<\/ul>\n<p>O Denon AVC-A1H \u00e9 o equipamento ideal para quem busca uma experi\u00eancia de cinema em casa sem concess\u00f5es, oferecendo:<\/p>\n<ul>\n<li>Extrema flexibilidade com 15.4 canais de processamento.<\/li>\n<li>Pot\u00eancia e constru\u00e7\u00e3o premium para salas de home theater grandes.<\/li>\n<li>Compatibilidade total com os mais avan\u00e7ados padr\u00f5es de \u00e1udio 3D e v\u00eddeo 8K\/4K.<\/li>\n<\/ul>\n<p>&nbsp;<\/p>\n<\/div>\n","protected":false},"excerpt":{"rendered":"<p>O Denon AVC-A1H (tamb\u00e9m referido como AVC-A1H E2, sendo uma designa\u00e7\u00e3o de modelo\/regi\u00e3o) \u00e9 um Receiver AV topo de linha e um dos mais potentes da Denon, projetado para proporcionar uma experi\u00eancia de home theater profissional de alto desempenho. Canais e Pot\u00eancia Canais de Processamento: 15.4 canais, permitindo uma flexibilidade enorme na configura\u00e7\u00e3o de alto-falantes [&hellip;]<\/p>\n","protected":false},"featured_media":26986,"template":"","meta":{"_acf_changed":false},"product_brand":[],"product_cat":[150,21,22],"product_tag":[],"class_list":{"0":"post-26985","1":"product","2":"type-product","3":"status-publish","4":"has-post-thumbnail","6":"product_cat-denon","7":"product_cat-home-theater","8":"product_cat-receivers","10":"first","11":"instock","12":"sold-individually","13":"shipping-taxable","14":"purchasable","15":"product-type-simple"},"acf":[],"aioseo_notices":[],"_links":{"self":[{"href":"https:\/\/hificlub.com.br\/loja\/wp-json\/wp\/v2\/product\/26985","targetHints":{"allow":["GET"]}}],"collection":[{"href":"https:\/\/hificlub.com.br\/loja\/wp-json\/wp\/v2\/product"}],"about":[{"href":"https:\/\/hificlub.com.br\/loja\/wp-json\/wp\/v2\/types\/product"}],"wp:featuredmedia":[{"embeddable":true,"href":"https:\/\/hificlub.com.br\/loja\/wp-json\/wp\/v2\/media\/26986"}],"wp:attachment":[{"href":"https:\/\/hificlub.com.br\/loja\/wp-json\/wp\/v2\/media?parent=26985"}],"wp:term":[{"taxonomy":"product_brand","embeddable":true,"href":"https:\/\/hificlub.com.br\/loja\/wp-json\/wp\/v2\/product_brand?post=26985"},{"taxonomy":"product_cat","embeddable":true,"href":"https:\/\/hificlub.com.br\/loja\/wp-json\/wp\/v2\/product_cat?post=26985"},{"taxonomy":"product_tag","embeddable":true,"href":"https:\/\/hificlub.com.br\/loja\/wp-json\/wp\/v2\/product_tag?post=26985"}],"curies":[{"name":"wp","href":"https:\/\/api.w.org\/{rel}","templated":true}]}}