{"id":26962,"date":"2025-10-28T18:05:16","date_gmt":"2025-10-28T21:05:16","guid":{"rendered":"https:\/\/hificlub.com.br\/loja\/?post_type=product&#038;p=26962"},"modified":"2025-10-28T18:05:17","modified_gmt":"2025-10-28T21:05:17","slug":"bw-htm2-d3-rosenut-caixa-acustica-central-200-watts","status":"publish","type":"product","link":"https:\/\/hificlub.com.br\/loja\/produto\/bw-htm2-d3-rosenut-caixa-acustica-central-200-watts\/","title":{"rendered":"B&#038;W HTM2 D3 Rosenut &#8211; Caixa Ac\u00fastica Central, 200 Watts"},"content":{"rendered":"<div id=\"model-response-message-contentr_8b1bc67fdd44a0c6\" class=\"markdown markdown-main-panel enable-updated-hr-color\" dir=\"ltr\">\n<p>A <b>B&amp;W HTM2 D3<\/b> \u00e9 uma caixa ac\u00fastica central de alt\u00edssima fidelidade que faz parte da linha de refer\u00eancia <b>800 Series Diamond (D3)<\/b> da Bowers &amp; Wilkins. Ela foi meticulosamente projetada para ser a parceira ideal das colunas de ch\u00e3o menores da mesma s\u00e9rie, assegurando uma transi\u00e7\u00e3o s\u00f4nica impec\u00e1vel e uma coer\u00eancia de timbre fundamental para a clareza dos di\u00e1logos em um sistema de <i>home theater<\/i>.<\/p>\n<p><strong>Caracter\u00edsticas de Design e Tecnologia<\/strong><\/p>\n<p>Este modelo central incorpora as inova\u00e7\u00f5es que definem a linha Diamond, com foco na pureza do som e na minimiza\u00e7\u00e3o de interfer\u00eancias:<\/p>\n<ul>\n<li>Tweeter de Diamante: O tweeter utiliza uma c\u00fapula de Diamante Sint\u00e9tico, um material incrivelmente r\u00edgido e leve. Este tweeter \u00e9 montado em um corpo s\u00f3lido de alum\u00ednio desacoplado do gabinete principal (<i>Solid Body Tweeter-on-Top<\/i>), o que garante que as altas frequ\u00eancias sejam reproduzidas com m\u00e1xima precis\u00e3o e detalhe, sem serem contaminadas por vibra\u00e7\u00f5es da caixa.<\/li>\n<li>Cone Continuum: O driver de m\u00e9dio alcance utiliza o cone Continuum, desenvolvido pela B&amp;W para substituir o Kevlar. Sua tecnologia patenteada elimina a resson\u00e2ncia do cone, resultando em uma reprodu\u00e7\u00e3o de m\u00e9dio alcance cristalina e neutra.<\/li>\n<li>Cone Aerofoil: Os <i>woofers<\/i> de graves utilizam a tecnologia de cone Aerofoil. O formato e a espessura vari\u00e1vel desses cones garantem rigidez m\u00e1xima para entregar graves firmes, din\u00e2micos e controlados.<\/li>\n<li>Gabinete Otimizado: A estrutura interna da caixa possui um refor\u00e7o Matrix Otimizado, que aumenta a rigidez do gabinete, eliminando vibra\u00e7\u00f5es indesejadas e garantindo que apenas o som dos <i>drivers<\/i> seja ouvido.<\/li>\n<li>Flowport: O design da porta de ventila\u00e7\u00e3o (<i>port<\/i>) incorpora a tecnologia Flowport para reduzir a turbul\u00eancia do ar, o que \u00e9 essencial para um desempenho de graves limpo.<\/li>\n<\/ul>\n<p>A <strong>HTM2 D3<\/strong> \u00e9 reconhecida por sua capacidade de oferecer clareza vocal e detalhe excepcionais, integrando-se de forma coesa com o palco sonoro principal. Ela \u00e9 a parceira ideal das caixas frontais da S\u00e9rie 800 Diamond, assegurando uma experi\u00eancia sonora coesa e de refer\u00eancia para filmes e m\u00fasica.<\/p>\n<\/div>\n","protected":false},"excerpt":{"rendered":"<p>A B&amp;W HTM2 D3 \u00e9 uma caixa ac\u00fastica central de alt\u00edssima fidelidade que faz parte da linha de refer\u00eancia 800 Series Diamond (D3) da Bowers &amp; Wilkins. Ela foi meticulosamente projetada para ser a parceira ideal das colunas de ch\u00e3o menores da mesma s\u00e9rie, assegurando uma transi\u00e7\u00e3o s\u00f4nica impec\u00e1vel e uma coer\u00eancia de timbre fundamental [&hellip;]<\/p>\n","protected":false},"featured_media":26963,"template":"","meta":{"_acf_changed":false},"product_brand":[],"product_cat":[35,17],"product_tag":[],"class_list":{"0":"post-26962","1":"product","2":"type-product","3":"status-publish","4":"has-post-thumbnail","6":"product_cat-caixas-centrais","7":"product_cat-caixas","9":"first","10":"instock","11":"sold-individually","12":"shipping-taxable","13":"purchasable","14":"product-type-simple"},"acf":[],"aioseo_notices":[],"_links":{"self":[{"href":"https:\/\/hificlub.com.br\/loja\/wp-json\/wp\/v2\/product\/26962","targetHints":{"allow":["GET"]}}],"collection":[{"href":"https:\/\/hificlub.com.br\/loja\/wp-json\/wp\/v2\/product"}],"about":[{"href":"https:\/\/hificlub.com.br\/loja\/wp-json\/wp\/v2\/types\/product"}],"wp:featuredmedia":[{"embeddable":true,"href":"https:\/\/hificlub.com.br\/loja\/wp-json\/wp\/v2\/media\/26963"}],"wp:attachment":[{"href":"https:\/\/hificlub.com.br\/loja\/wp-json\/wp\/v2\/media?parent=26962"}],"wp:term":[{"taxonomy":"product_brand","embeddable":true,"href":"https:\/\/hificlub.com.br\/loja\/wp-json\/wp\/v2\/product_brand?post=26962"},{"taxonomy":"product_cat","embeddable":true,"href":"https:\/\/hificlub.com.br\/loja\/wp-json\/wp\/v2\/product_cat?post=26962"},{"taxonomy":"product_tag","embeddable":true,"href":"https:\/\/hificlub.com.br\/loja\/wp-json\/wp\/v2\/product_tag?post=26962"}],"curies":[{"name":"wp","href":"https:\/\/api.w.org\/{rel}","templated":true}]}}