{"id":2694,"date":"2023-10-17T20:02:13","date_gmt":"2023-10-17T23:02:13","guid":{"rendered":"https:\/\/hificlub.com.br\/loja2\/produto\/anthem-statement-a2-225-watts\/"},"modified":"2024-11-14T04:59:57","modified_gmt":"2024-11-14T07:59:57","slug":"anthem-statement-a2-225-watts","status":"publish","type":"product","link":"https:\/\/hificlub.com.br\/loja\/produto\/anthem-statement-a2-225-watts\/","title":{"rendered":"ANTHEM STATEMENT P2  325 watts"},"content":{"rendered":"<p>Estado de conserva\u00e7\u00e3o: <strong>9\/10<\/strong><\/p>\n<p>Desempenho que vem do cora\u00e7\u00e3o<br \/>\nNa vida admiramos o \u201ccora\u00e7\u00e3o\u201d. Quando dizemos que algu\u00e9m tem cora\u00e7\u00e3o, queremos dizer paix\u00e3o, esp\u00edrito, fortaleza. E n\u00f3s aplaudimos. Embora o amplificador seja a for\u00e7a por tr\u00e1s de cada apresenta\u00e7\u00e3o de m\u00fasica e filme de sucesso, ele tamb\u00e9m \u00e9 o cora\u00e7\u00e3o! O seu papel \u00e9 t\u00e3o crucial como o dos altifalantes na sua capacidade de reproduzir detalhes musicais delicados num momento e produzir explos\u00f5es que fazem tremer a sala no momento seguinte. A pe\u00e7a musical mais requintada fracassa sem o poder limpo e silencioso para sustent\u00e1-la at\u00e9 seu refluxo musical natural. Os efeitos especiais de filmes requerem um fornecimento excessivo de energia est\u00e1vel e de alta corrente para dar credibilidade visceral ao aspecto \u201cespecial\u201d de cada efeito! Na verdade, toda reprodu\u00e7\u00e3o de som verdadeiramente bem-sucedida requer \u201ccora\u00e7\u00e3o\u201d. O cora\u00e7\u00e3o de um amplificador est\u00e1 em seu design e \u00e9 aqui que os amplificadores P2 e P5 revelam sua linhagem de ponta: placas de circuito multicamadas projetadas \u00e0 m\u00e3o com tra\u00e7os grossos de cobre; fontes de alimenta\u00e7\u00e3o robustas e independentes com transformadores de pot\u00eancia toroidais sintonizados para cada canal do amplificador; quatorze dispositivos de sa\u00edda bipolares robustos por canal; dissipadores de calor refrigerados por convec\u00e7\u00e3o projetados sob medida com aletas serrilhadas; uma estrat\u00e9gia de design \u201csem fus\u00edveis\u201d. E a lista continua.<\/p>\n<p>EM GERAL<br \/>\nEntradas\t2 gatilhos de termina\u00e7\u00e3o \u00fanica, 2 balanceados e 1 rel\u00e9 (conector mono de 3,5 mm)<br \/>\nResultados\t2 pares de postes de liga\u00e7\u00e3o de alto-falante, 1 gatilho de rel\u00e9 (tomada mono de 3,5 mm)<br \/>\nTHD+N (225 W em 8 \u03a9)\t0,0007% a 1 kHz, 0,008% a 20 kHz<br \/>\nIMD\t0,00019% (CCIF, 325 W em 8 \u03a9)<br \/>\nLARGURA DE BANDA DE ENERGIA\t10 Hz a 150 kHz<br \/>\n(+0 -3 dB, 325 W em 8 \u03a9)<br \/>\nRESPOSTA DE FREQU\u00caNCIA\t20 Hz a 20 kHz (+0 -0,15 dB),<br \/>\n5 Hz a 100 kHz (+0 -2 dB)<br \/>\nSENSIBILIDADE DE ENTRADA (entradas RCA e XLR 0 dB)\tEntrada de 1 Vrms para sa\u00edda de 28,3 Vrms<br \/>\n(100 W em 8 \u03a9)<br \/>\nIMPED\u00c2NCIA DE ENTRADA\t18 k\u03a9 (RCA), 22 k\u03a9 (XLR)<br \/>\nFATOR DE AMORTECIMENTO\t&gt;600 a 20 Hz, 400 a 1 kHz (ref. 8 \u03a9)<br \/>\nRELA\u00c7\u00c3O S\/R\t125 dB, ponderado A (ref. 325 W)<br \/>\nCROSSTALK (entre quaisquer dois canais)\t-140 dB (20 Hz), -80 dB (20 kHz)<br \/>\nGANHO DE TENS\u00c3O\t29dB<br \/>\nTAXA DE GIRO\t40 V\/\u00b5s<br \/>\nCOMUTA<br \/>\nPainel frontal\tEnergia (ligar\/desligar)<br \/>\nPainel traseiro\tModos On\/Off (Trigger, Manual, Auto), Entradas (RCA, XLR, XLR -6dB)<br \/>\nSA\u00cdDA DE POT\u00caNCIA<br \/>\n(Por canal, RMS cont\u00ednuo, 20 Hz a 20 kHz, THD &lt;0,1%, um ou todos os canais acionados.)<br \/>\nImped\u00e2ncia\t8\u03a9\t4\u03a9\t2\u03a9<br \/>\nN\u00ba de canais direcionados\t1\tTodos\t1\tTodos\t1\tTodos<br \/>\n325W\t325W\t500W\t500W\t675 W\t675 WOs amplificadores de declara\u00e7\u00e3o P2 e P5 s\u00e3o est\u00e1veis \u200b\u200bem qualquer imped\u00e2ncia at\u00e9 um curto-circuito na sa\u00edda total.<br \/>\nREQUERIMENTOS PODEROSOS<br \/>\nTENS\u00c3O DE ALIMENTA\u00c7\u00c3O\t105 a 130 V, 60 Hz<br \/>\nCONSUMO DE ENERGIA\t1800 W<br \/>\nDIMENS\u00d5ES<br \/>\nAltura\t9-3\/8 polegadas (23,8 cm) incluindo p\u00e9s<br \/>\nLargura\tPlaca frontal 19-1\/4 polegadas (49 cm)<br \/>\nChassi 17-1\/4 polegadas (43,8 cm)<br \/>\nProfundidade\t22-1\/2 polegadas (57,2 cm) incluindo al\u00e7as<br \/>\nPeso (desempacotado)\t75 libras (34 kg)<\/p>\n","protected":false},"excerpt":{"rendered":"<p>Estado de conserva\u00e7\u00e3o: 9\/10 Desempenho que vem do cora\u00e7\u00e3o Na vida admiramos o \u201ccora\u00e7\u00e3o\u201d. Quando dizemos que algu\u00e9m tem cora\u00e7\u00e3o, queremos dizer paix\u00e3o, esp\u00edrito, fortaleza. E n\u00f3s aplaudimos. Embora o amplificador seja a for\u00e7a por tr\u00e1s de cada apresenta\u00e7\u00e3o de m\u00fasica e filme de sucesso, ele tamb\u00e9m \u00e9 o cora\u00e7\u00e3o! O seu papel \u00e9 t\u00e3o [&hellip;]<\/p>\n","protected":false},"featured_media":14472,"template":"","meta":{"_acf_changed":false},"product_brand":[],"product_cat":[27,146,28],"product_tag":[],"class_list":{"0":"post-2694","1":"product","2":"type-product","3":"status-publish","4":"has-post-thumbnail","6":"product_cat-amplificador","7":"product_cat-anthem","8":"product_cat-estereo","10":"first","11":"instock","12":"sold-individually","13":"shipping-taxable","14":"purchasable","15":"product-type-simple"},"acf":[],"aioseo_notices":[],"_links":{"self":[{"href":"https:\/\/hificlub.com.br\/loja\/wp-json\/wp\/v2\/product\/2694","targetHints":{"allow":["GET"]}}],"collection":[{"href":"https:\/\/hificlub.com.br\/loja\/wp-json\/wp\/v2\/product"}],"about":[{"href":"https:\/\/hificlub.com.br\/loja\/wp-json\/wp\/v2\/types\/product"}],"wp:featuredmedia":[{"embeddable":true,"href":"https:\/\/hificlub.com.br\/loja\/wp-json\/wp\/v2\/media\/14472"}],"wp:attachment":[{"href":"https:\/\/hificlub.com.br\/loja\/wp-json\/wp\/v2\/media?parent=2694"}],"wp:term":[{"taxonomy":"product_brand","embeddable":true,"href":"https:\/\/hificlub.com.br\/loja\/wp-json\/wp\/v2\/product_brand?post=2694"},{"taxonomy":"product_cat","embeddable":true,"href":"https:\/\/hificlub.com.br\/loja\/wp-json\/wp\/v2\/product_cat?post=2694"},{"taxonomy":"product_tag","embeddable":true,"href":"https:\/\/hificlub.com.br\/loja\/wp-json\/wp\/v2\/product_tag?post=2694"}],"curies":[{"name":"wp","href":"https:\/\/api.w.org\/{rel}","templated":true}]}}