{"id":26930,"date":"2025-10-27T21:37:22","date_gmt":"2025-10-28T00:37:22","guid":{"rendered":"https:\/\/hificlub.com.br\/loja\/?post_type=product&#038;p=26930"},"modified":"2026-03-30T09:48:11","modified_gmt":"2026-03-30T12:48:11","slug":"revel-ultima-studio-2-caixa-acustica-torre-200-watts","status":"publish","type":"product","link":"https:\/\/hificlub.com.br\/loja\/produto\/revel-ultima-studio-2-caixa-acustica-torre-200-watts\/","title":{"rendered":"REVEL Ultima Studio 2 &#8211; Caixa Ac\u00fastica Torre, 200 Watts"},"content":{"rendered":"<div id=\"model-response-message-contentr_1b67d43c43226660\" class=\"markdown markdown-main-panel enable-updated-hr-color\" dir=\"ltr\">\n<p>A <b>Revel Ultima Studio2<\/b> \u00e9 uma caixa ac\u00fastica de ch\u00e3o (<i>floorstanding<\/i>) de alt\u00edssima fidelidade, parte da s\u00e9rie <b>Ultima2<\/b> da Revel. Ela \u00e9 frequentemente descrita como um modelo que oferece desempenho de refer\u00eancia, pr\u00f3ximo ao <i>flagship<\/i> Salon2, mas em um formato mais discreto e f\u00e1cil de acomodar.<\/p>\n<p><strong>Descri\u00e7\u00e3o e Filosofia de Design<\/strong><\/p>\n<p>A Studio2 \u00e9 o resultado da rigorosa filosofia de design baseada em ci\u00eancia e testes cegos da Revel, visando a m\u00e1xima precis\u00e3o, neutralidade e a menor colora\u00e7\u00e3o sonora poss\u00edvel.<\/p>\n<p><strong>Constru\u00e7\u00e3o e Est\u00e9tica<\/strong><\/p>\n<ul>\n<li>Gabinete: Apresenta um design elegante e curvado, com lados e traseira arredondados, que n\u00e3o s\u00f3 tem um apelo visual moderno mas, crucialmente, minimiza a difra\u00e7\u00e3o (reflex\u00e3o do som nas bordas do gabinete), melhorando o foco da imagem sonora.<\/li>\n<li>Material: O gabinete \u00e9 constru\u00eddo com pain\u00e9is de MDF de <span class=\"math-inline\" data-math=\"9\">9<\/span>\u00a0camadas, robustos e espessos, para garantir que a estrutura seja acusticamente inerte e livre de resson\u00e2ncias.<\/li>\n<li>Acabamento: Dispon\u00edvel em acabamentos de alto brilho, tipicamente Preto Piano ou folheado de Mogno.<\/li>\n<li>Acessibilidade: As grades do alto-falante s\u00e3o remov\u00edveis e fixadas magneticamente. O painel de controle e conex\u00f5es traseiro (com ajustes) \u00e9 elegantemente rebaixado e coberto por uma porta, ocultando-o da vista.<\/li>\n<\/ul>\n<p><strong>Drivers e Tecnologia de Transdutor<\/strong><\/p>\n<p>A caixa utiliza um design de <span class=\"math-inline\" data-math=\"3\">3 <\/span>vias com <i>drivers<\/i> de materiais ex\u00f3ticos de ponta:<\/p>\n<ul>\n<li>Tweeter de Ber\u00edlio Puro: O tweeter de <span class=\"math-inline\" data-math=\"1\\text{ polegada}\">1 polegada<\/span> \u00e9 feito de Ber\u00edlio, um material leve e extremamente r\u00edgido que garante baix\u00edssima compress\u00e3o e distor\u00e7\u00e3o, estendendo a resposta de frequ\u00eancia at\u00e9 <span class=\"math-inline\" data-math=\"45\\text{ kHz}\">45kHz<\/span>. O <i>tweeter<\/i> \u00e9 integrado em um guia de onda (waveguide) acusticamente otimizado, desenvolvido para garantir uma dispers\u00e3o suave e uniforme e uma transi\u00e7\u00e3o perfeita para o <i>midrange<\/i>.<\/li>\n<li>Midrange e Woofers de Tit\u00e2nio: O <i>midrange<\/i> de <span class=\"math-inline\" data-math=\"5,25\\text{ polegadas}\">5,25 polegadas,<\/span> e os <span class=\"math-inline\" data-math=\"2\">2<\/span>\u00a0<i>woofers<\/i> de <span class=\"math-inline\" data-math=\"8\\text{ polegadas}\">8 polegadas <\/span>\u00a0s\u00e3o constru\u00eddos com diafragmas de Tit\u00e2nio com design de c\u00fapula invertida. Este design promove um comportamento pist\u00f4nico superior, mesmo em altos n\u00edveis de volume.<\/li>\n<li>Bobinas de Voz: Usam enrolamento de fio de cobre plano tipo &#8220;fita&#8221; (<i>ribbon-wire<\/i>) para aumentar a efici\u00eancia e a capacidade de alta sa\u00edda.<\/li>\n<\/ul>\n<p><strong>Otimiza\u00e7\u00e3o Ac\u00fastica (Ajustes de Sala)<\/strong><\/p>\n<p>Para permitir que a caixa se integre perfeitamente em qualquer ambiente, a Studio2 inclui mecanismos de ajuste no painel traseiro:<\/p>\n<ul>\n<li>Compensa\u00e7\u00e3o de Baixa Frequ\u00eancia (<i>Low Frequency Compensation<\/i>): Um <i>knob<\/i> que permite ajustar o desempenho dos graves (tipicamente +-<span class=\"math-inline\" data-math=\"\\pm 5\\text{dB}\"> 5dB<\/span>\u00a0com base na coloca\u00e7\u00e3o da caixa na sala (longe da parede, perto da parede, embutida).<\/li>\n<li>Ajuste do N\u00edvel do Tweeter (<i>Tweeter Level<\/i>): Permite o ajuste fino do n\u00edvel de sa\u00edda de alta frequ\u00eancia (tipicamente +-<span class=\"math-inline\" data-math=\"\\pm 1,0\\text{ dB}\"> 1,0 dB<\/span>) para compensar as caracter\u00edsticas ac\u00fasticas da sala do ouvinte.<\/li>\n<li>Conex\u00f5es: Terminais de liga\u00e7\u00e3o banhados a ouro que suportam liga\u00e7\u00f5es <i>single-wire<\/i>, bi-wire ou bi-amplificadas.<\/li>\n<\/ul>\n<p>A Studio2 \u00e9 valorizada pela sua neutralidade excepcional, imagem sonora tridimensional e a capacidade de fornecer graves profundos e controlados, tudo num gabinete elegante e refinado.<\/p>\n<\/div>\n<p>*** <strong>Caixas recomendada pela Stereophile Class A+<\/strong><\/p>\n<p>&nbsp;<\/p>\n<p><a href=\"https:\/\/www.stereophile.com\/content\/revel-ultima-studio2-loudspeaker\" target=\"_blank\" rel=\"noopener\"><img loading=\"lazy\" decoding=\"async\" class=\"alignnone wp-image-22926 size-full\" src=\"https:\/\/hificlub.com.br\/loja\/wp-content\/uploads\/2025\/06\/Stereophile-award-e1761574679160.jpg\" alt=\"\" width=\"348\" height=\"75\" srcset=\"https:\/\/hificlub.com.br\/loja\/wp-content\/uploads\/2025\/06\/Stereophile-award-e1761574679160.jpg 348w, https:\/\/hificlub.com.br\/loja\/wp-content\/uploads\/2025\/06\/Stereophile-award-e1761574679160-300x65.jpg 300w\" sizes=\"auto, (max-width: 348px) 100vw, 348px\" \/><\/a><\/p>\n","protected":false},"excerpt":{"rendered":"<p>A Revel Ultima Studio2 \u00e9 uma caixa ac\u00fastica de ch\u00e3o (floorstanding) de alt\u00edssima fidelidade, parte da s\u00e9rie Ultima2 da Revel. Ela \u00e9 frequentemente descrita como um modelo que oferece desempenho de refer\u00eancia, pr\u00f3ximo ao flagship Salon2, mas em um formato mais discreto e f\u00e1cil de acomodar. Descri\u00e7\u00e3o e Filosofia de Design A Studio2 \u00e9 o [&hellip;]<\/p>\n","protected":false},"featured_media":26932,"template":"","meta":{"_acf_changed":false},"product_brand":[],"product_cat":[17,82,18],"product_tag":[],"class_list":{"0":"post-26930","1":"product","2":"type-product","3":"status-publish","4":"has-post-thumbnail","6":"product_cat-caixas","7":"product_cat-revel","8":"product_cat-torres","10":"first","11":"instock","12":"sold-individually","13":"shipping-taxable","14":"purchasable","15":"product-type-simple"},"acf":[],"aioseo_notices":[],"_links":{"self":[{"href":"https:\/\/hificlub.com.br\/loja\/wp-json\/wp\/v2\/product\/26930","targetHints":{"allow":["GET"]}}],"collection":[{"href":"https:\/\/hificlub.com.br\/loja\/wp-json\/wp\/v2\/product"}],"about":[{"href":"https:\/\/hificlub.com.br\/loja\/wp-json\/wp\/v2\/types\/product"}],"wp:featuredmedia":[{"embeddable":true,"href":"https:\/\/hificlub.com.br\/loja\/wp-json\/wp\/v2\/media\/26932"}],"wp:attachment":[{"href":"https:\/\/hificlub.com.br\/loja\/wp-json\/wp\/v2\/media?parent=26930"}],"wp:term":[{"taxonomy":"product_brand","embeddable":true,"href":"https:\/\/hificlub.com.br\/loja\/wp-json\/wp\/v2\/product_brand?post=26930"},{"taxonomy":"product_cat","embeddable":true,"href":"https:\/\/hificlub.com.br\/loja\/wp-json\/wp\/v2\/product_cat?post=26930"},{"taxonomy":"product_tag","embeddable":true,"href":"https:\/\/hificlub.com.br\/loja\/wp-json\/wp\/v2\/product_tag?post=26930"}],"curies":[{"name":"wp","href":"https:\/\/api.w.org\/{rel}","templated":true}]}}