{"id":26905,"date":"2025-10-27T18:12:40","date_gmt":"2025-10-27T21:12:40","guid":{"rendered":"https:\/\/hificlub.com.br\/loja\/?post_type=product&#038;p=26905"},"modified":"2026-01-13T11:53:36","modified_gmt":"2026-01-13T14:53:36","slug":"conrad-johnson-pv-12-pre-amplificador-de-tubo-valvulas","status":"publish","type":"product","link":"https:\/\/hificlub.com.br\/loja\/produto\/conrad-johnson-pv-12-pre-amplificador-de-tubo-valvulas\/","title":{"rendered":"CONRAD JOHNSON PV12     Pr\u00e9-amplificador Valvulado"},"content":{"rendered":"<p>O Conrad-Johnson PV-12 \u00e9 um <b>pr\u00e9-amplificador valvulado (a v\u00e1lvulas)<\/b> de alta fidelidade, fabricado pela renomada empresa americana Conrad-Johnson (c-j). \u00c9 um modelo muito respeitado no mercado audi\u00f3filo, conhecido por oferecer um som musical, suave e detalhado.<\/p>\n<p>Ele representa a filosofia de design da Conrad-Johnson: circuitos simples e uso de componentes de alt\u00edssima qualidade para garantir a m\u00e1xima pureza na reprodu\u00e7\u00e3o de \u00e1udio.<\/p>\n<p><strong>Performance e Car\u00e1ter Sonoro<\/strong><\/p>\n<ul>\n<li>Timbre Valvulado Cl\u00e1ssico: O PV-12 \u00e9 celebrado por seu som &#8220;valvulado&#8221; caracter\u00edstico. Ele oferece uma apresenta\u00e7\u00e3o musical com excelente liquidez, detalhe superior e um palco sonoro (soundstage) grande e tridimensional.<\/li>\n<li>Musicalidade: Cr\u00edticos e propriet\u00e1rios costumam descrever o som como suave, natural e pouco fatigante, priorizando a musicalidade em detrimento da aspereza ou colora\u00e7\u00e3o excessiva.<\/li>\n<li>Aquecimento: O desempenho sonoro do PV-12 melhora notavelmente ap\u00f3s cerca de meia hora de aquecimento, com os m\u00e9dios se tornando mais l\u00facidos e os agudos mais suaves.<\/li>\n<\/ul>\n<p><strong>Vers\u00f5es e Funcionalidades<\/strong><\/p>\n<p>O PV-12 foi produzido em duas vers\u00f5es principais:<\/p>\n<ul>\n<li>PV-12 (Com Phono Stage): Inclui um est\u00e1gio de fono integrado, projetado para amplificar c\u00e1psulas <i>moving magnet<\/i> (MM) e muitas <i>moving coil<\/i> (MC) de alta sa\u00edda. Esta se\u00e7\u00e3o \u00e9 conhecida por sua precisa equaliza\u00e7\u00e3o RIAA.<\/li>\n<li>PV-12L ou PV-12AL (Line Stage Only): A vers\u00e3o puramente de linha, otimizada para fontes de alto n\u00edvel (CD players, Tuners, Streamers).<\/li>\n<\/ul>\n<p><strong>Controles e Constru\u00e7\u00e3o<\/strong><\/p>\n<ul>\n<li>Controles: Possui um seletor de entrada, um controle de volume (Level) de precis\u00e3o e um controle de balan\u00e7o (Balance) do tipo atenuador escalonado, que ajusta o balan\u00e7o em pequenos passos (cerca de <span class=\"math-inline\" data-math=\"0.75 \\text{ dB}\">0.75 dB)<\/span>.<\/li>\n<li>Silenciamento: O PV-12 possui um recurso de silenciamento autom\u00e1tico (mute) por cerca de 90 segundos ap\u00f3s ser ligado, permitindo que os circuitos valvulados se estabilizem e evitando ru\u00eddos transit\u00f3rios.<\/li>\n<\/ul>\n","protected":false},"excerpt":{"rendered":"<p>O Conrad-Johnson PV-12 \u00e9 um pr\u00e9-amplificador valvulado (a v\u00e1lvulas) de alta fidelidade, fabricado pela renomada empresa americana Conrad-Johnson (c-j). \u00c9 um modelo muito respeitado no mercado audi\u00f3filo, conhecido por oferecer um som musical, suave e detalhado. Ele representa a filosofia de design da Conrad-Johnson: circuitos simples e uso de componentes de alt\u00edssima qualidade para garantir [&hellip;]<\/p>\n","protected":false},"featured_media":26906,"template":"","meta":{"_acf_changed":false},"product_brand":[],"product_cat":[32,38],"product_tag":[],"class_list":{"0":"post-26905","1":"product","2":"type-product","3":"status-publish","4":"has-post-thumbnail","6":"product_cat-conrad-johnson","7":"product_cat-pre-amplificador","9":"first","10":"instock","11":"shipping-taxable","12":"purchasable","13":"product-type-simple"},"acf":[],"aioseo_notices":[],"_links":{"self":[{"href":"https:\/\/hificlub.com.br\/loja\/wp-json\/wp\/v2\/product\/26905","targetHints":{"allow":["GET"]}}],"collection":[{"href":"https:\/\/hificlub.com.br\/loja\/wp-json\/wp\/v2\/product"}],"about":[{"href":"https:\/\/hificlub.com.br\/loja\/wp-json\/wp\/v2\/types\/product"}],"wp:featuredmedia":[{"embeddable":true,"href":"https:\/\/hificlub.com.br\/loja\/wp-json\/wp\/v2\/media\/26906"}],"wp:attachment":[{"href":"https:\/\/hificlub.com.br\/loja\/wp-json\/wp\/v2\/media?parent=26905"}],"wp:term":[{"taxonomy":"product_brand","embeddable":true,"href":"https:\/\/hificlub.com.br\/loja\/wp-json\/wp\/v2\/product_brand?post=26905"},{"taxonomy":"product_cat","embeddable":true,"href":"https:\/\/hificlub.com.br\/loja\/wp-json\/wp\/v2\/product_cat?post=26905"},{"taxonomy":"product_tag","embeddable":true,"href":"https:\/\/hificlub.com.br\/loja\/wp-json\/wp\/v2\/product_tag?post=26905"}],"curies":[{"name":"wp","href":"https:\/\/api.w.org\/{rel}","templated":true}]}}