{"id":26832,"date":"2025-10-22T12:11:56","date_gmt":"2025-10-22T15:11:56","guid":{"rendered":"https:\/\/hificlub.com.br\/loja\/?post_type=product&#038;p=26832"},"modified":"2026-03-03T22:15:10","modified_gmt":"2026-03-04T01:15:10","slug":"marantz-sacd-10-leitor-de-discos-de-referencia-sacd-e-cd-com-mecanismo-de-transporte-sacdm-3","status":"publish","type":"product","link":"https:\/\/hificlub.com.br\/loja\/produto\/marantz-sacd-10-leitor-de-discos-de-referencia-sacd-e-cd-com-mecanismo-de-transporte-sacdm-3\/","title":{"rendered":"MARANTZ SACD 10 &#8211; Leitor de Discos de Refer\u00eancia (SACD e CD), com Mecanismo de Transporte SACDM-3"},"content":{"rendered":"<p>O <b>Marantz SACD 10<\/b> \u00e9 um leitor de discos de refer\u00eancia, projetado para ser o auge da reprodu\u00e7\u00e3o de formatos f\u00edsicos (SACD e CD) e um conversor digital-anal\u00f3gico (DAC) de ponta. Ele faz parte da cole\u00e7\u00e3o <i>10 Series<\/i> da Marantz, que inclui tamb\u00e9m o amplificador MODEL 10 e o <i>network player<\/i> LINK 10N.<\/p>\n<div id=\"model-response-message-contentr_22d90e37cb94397a\" class=\"markdown markdown-main-panel enable-updated-hr-color\" dir=\"ltr\">\n<p><b>Foco na Performance Pura:<\/b><\/p>\n<ul>\n<li>Mecanismo de Transporte Exclusivo: O SACD 10 utiliza o mecanismo de transporte SACDM-3, desenvolvido integralmente pela Marantz. Este \u00e9 um bloco de transporte personalizado, feito para a rejei\u00e7\u00e3o m\u00e1xima de resson\u00e2ncias e vibra\u00e7\u00f5es, garantindo a leitura mais precisa e silenciosa poss\u00edvel dos discos SACD e CD.<\/li>\n<li>Tecnologia de Convers\u00e3o Pr\u00f3pria: Em vez de depender de DACs gen\u00e9ricos, o SACD 10 incorpora a arquitetura Marantz Musical Mastering (MMM). Este processo exclusivo converte todos os sinais digitais de PCM (como os de CD e entradas digitais) para DSD antes da convers\u00e3o final para anal\u00f3gico. Esse m\u00e9todo visa reter a calidez, a espacialidade e a resolu\u00e7\u00e3o que definem a assinatura sonora Marantz.<\/li>\n<li>Ajuste Fino (<i>Sound Master Tuned<\/i>): Assim como os outros componentes da S\u00e9rie 10, o SACD 10 foi afinado pelo <i>Sound Master<\/i> da Marantz para garantir a express\u00e3o mais pura do som da marca, resultando em mais detalhes e uma experi\u00eancia musical mais envolvente.<\/li>\n<\/ul>\n<p><b>Constru\u00e7\u00e3o e Design:<\/b><\/p>\n<ul>\n<li>Constru\u00e7\u00e3o Extrema: A aten\u00e7\u00e3o aos detalhes de engenharia \u00e9 not\u00e1vel. O chassis \u00e9 feito de alum\u00ednio de tripla camada, revestido a cobre, com sub-compartimentos internos isolados. Esta constru\u00e7\u00e3o robusta e blindada \u00e9 crucial para proteger os circuitos sens\u00edveis da unidade de transporte e convers\u00e3o de qualquer interfer\u00eancia eletromagn\u00e9tica ou vibra\u00e7\u00e3o.<\/li>\n<li>M\u00f3dulos HDAM de \u00daltima Gera\u00e7\u00e3o: O SACD 10 utiliza os m\u00f3dulos propriet\u00e1rios HDAM (Hyper Dynamic Amplifier Module) da Marantz nos circuitos de sa\u00edda anal\u00f3gica e no amplificador de auscultadores dedicado, garantindo um caminho de sinal mais r\u00e1pido e limpo.<\/li>\n<li>Design de Refer\u00eancia: O design do painel frontal em alum\u00ednio escovado, com detalhes de acabamento girado e a ilumina\u00e7\u00e3o suave, harmoniza-se perfeitamente com o amplificador MODEL 10 e o <i>streamer<\/i> LINK 10N, conferindo-lhe uma apar\u00eancia atemporal e luxuosa.<\/li>\n<\/ul>\n<p><b>Versatilidade Digital:<\/b><\/p>\n<ul>\n<li>Leitor e DAC de Ponta: Embora seja um leitor de discos de topo, o SACD 10 tamb\u00e9m funciona como um DAC de alta resolu\u00e7\u00e3o, aceitando sinais de \u00e1udio de fontes externas via entradas digitais (coaxiais e \u00f3pticas) e USB (incluindo USB-B para conex\u00e3o direta a um computador).<\/li>\n<li>Conectividade Anal\u00f3gica Profissional: Possui sa\u00eddas anal\u00f3gicas de n\u00edvel fixo, tanto no formato n\u00e3o balanceado (RCA) quanto no profissional balanceado (XLR), para garantir a melhor conex\u00e3o com qualquer amplificador ou pr\u00e9-amplificador de alta fidelidade.<\/li>\n<\/ul>\n<p><strong>Cores<\/strong>: Preto e Dourado<\/p>\n<\/div>\n","protected":false},"excerpt":{"rendered":"<p>O Marantz SACD 10 \u00e9 um leitor de discos de refer\u00eancia, projetado para ser o auge da reprodu\u00e7\u00e3o de formatos f\u00edsicos (SACD e CD) e um conversor digital-anal\u00f3gico (DAC) de ponta. Ele faz parte da cole\u00e7\u00e3o 10 Series da Marantz, que inclui tamb\u00e9m o amplificador MODEL 10 e o network player LINK 10N. Foco na [&hellip;]<\/p>\n","protected":false},"featured_media":26833,"template":"","meta":{"_acf_changed":false},"product_brand":[],"product_cat":[41,92,304],"product_tag":[],"class_list":{"0":"post-26832","1":"product","2":"type-product","3":"status-publish","4":"has-post-thumbnail","6":"product_cat-digital","7":"product_cat-marantz","8":"product_cat-sacd","10":"first","11":"instock","12":"sold-individually","13":"shipping-taxable","14":"product-type-simple"},"acf":[],"aioseo_notices":[],"_links":{"self":[{"href":"https:\/\/hificlub.com.br\/loja\/wp-json\/wp\/v2\/product\/26832","targetHints":{"allow":["GET"]}}],"collection":[{"href":"https:\/\/hificlub.com.br\/loja\/wp-json\/wp\/v2\/product"}],"about":[{"href":"https:\/\/hificlub.com.br\/loja\/wp-json\/wp\/v2\/types\/product"}],"wp:featuredmedia":[{"embeddable":true,"href":"https:\/\/hificlub.com.br\/loja\/wp-json\/wp\/v2\/media\/26833"}],"wp:attachment":[{"href":"https:\/\/hificlub.com.br\/loja\/wp-json\/wp\/v2\/media?parent=26832"}],"wp:term":[{"taxonomy":"product_brand","embeddable":true,"href":"https:\/\/hificlub.com.br\/loja\/wp-json\/wp\/v2\/product_brand?post=26832"},{"taxonomy":"product_cat","embeddable":true,"href":"https:\/\/hificlub.com.br\/loja\/wp-json\/wp\/v2\/product_cat?post=26832"},{"taxonomy":"product_tag","embeddable":true,"href":"https:\/\/hificlub.com.br\/loja\/wp-json\/wp\/v2\/product_tag?post=26832"}],"curies":[{"name":"wp","href":"https:\/\/api.w.org\/{rel}","templated":true}]}}