{"id":26822,"date":"2025-10-22T11:46:37","date_gmt":"2025-10-22T14:46:37","guid":{"rendered":"https:\/\/hificlub.com.br\/loja\/?post_type=product&#038;p=26822"},"modified":"2026-03-03T22:15:10","modified_gmt":"2026-03-04T01:15:10","slug":"marantz-model-10-amplificador-integrado-com-250w","status":"publish","type":"product","link":"https:\/\/hificlub.com.br\/loja\/produto\/marantz-model-10-amplificador-integrado-com-250w\/","title":{"rendered":"MARANTZ Model 10 &#8211; Amplificador Integrado, 250 Watts"},"content":{"rendered":"<p>O <b>Marantz MODEL 10<\/b> \u00e9 um amplificador integrado de refer\u00eancia que representa o auge da engenharia de \u00e1udio da marca, focado em oferecer uma performance pura e poderosa.<\/p>\n<p><b>Filosofia e Desempenho:<\/b><\/p>\n<ul>\n<li><b>Poder e Pureza:<\/b> Ele foi projetado para ser o amplificador mais potente e de melhor desempenho j\u00e1 feito pela Marantz. Utiliza uma topologia de amplificador sim\u00e9trica <b>dual-mono<\/b>, onde os canais esquerdo e direito operam de forma independente, minimizando a interfer\u00eancia.<\/li>\n<li><b>Tecnologia Exclusiva:<\/b> A se\u00e7\u00e3o de amplifica\u00e7\u00e3o de pot\u00eancia emprega uma tecnologia de chaveamento avan\u00e7ada (Classe D, com tecnologia Purifi personalizada pela Marantz), que garante uma pot\u00eancia massiva com os n\u00edveis de distor\u00e7\u00e3o mais baixos j\u00e1 alcan\u00e7ados pela marca.<\/li>\n<li><b>Ajuste do &#8220;Sound Master&#8221;:<\/b> O amplificador \u00e9 cuidadosamente ajustado pelos lend\u00e1rios &#8220;Sound Masters&#8221; da Marantz, buscando a assinatura sonora da marca \u2014 calor, espacialidade e alta resolu\u00e7\u00e3o \u2014 levada ao seu n\u00edvel mais puro.<\/li>\n<li><b>Foco Anal\u00f3gico:<\/b> \u00c9 um componente audi\u00f3filo puro, sem conversores digitais (DAC) ou recursos de streaming internos (fun\u00e7\u00f5es encontradas no parceiro de cole\u00e7\u00e3o, o LINK 10N). Sua miss\u00e3o principal \u00e9 a amplifica\u00e7\u00e3o de sinal da mais alta qualidade.<\/li>\n<\/ul>\n<p><b>Design e Constru\u00e7\u00e3o:<\/b><\/p>\n<ul>\n<li><b>Chassis Premium:<\/b> O MODEL 10 \u00e9 constru\u00eddo com um chassis de tripla camada revestido a <b>cobre<\/b>, com uma estrutura compartimentada para isolar completamente os circuitos de alta pot\u00eancia dos circuitos de baixa pot\u00eancia, eliminando a interfer\u00eancia interna.<\/li>\n<li><b>Est\u00e9tica Ic\u00f3nica:<\/b> O design \u00e9 luxuoso e elegante, com um painel frontal em alum\u00ednio maquinado e escovado.<\/li>\n<li><b>Display de &#8220;Vig\u00edlia&#8221; Revisitado:<\/b> O painel frontal apresenta o famoso design de &#8220;vig\u00edlia&#8221; (porthole) da Marantz, mas modernizado com um <b>display TFT colorido de alta resolu\u00e7\u00e3o<\/b> que pode exibir o volume, a entrada selecionada ou funcionar como um medidor de n\u00edvel digital (VU meter), em uma homenagem aos equipamentos anal\u00f3gicos cl\u00e1ssicos.<\/li>\n<li><b>Controles T\u00e1cteis:<\/b> Os bot\u00f5es de volume e seletor de entrada s\u00e3o feitos de alum\u00ednio s\u00f3lido, com rolamentos individuais para um toque suave e preciso.<\/li>\n<\/ul>\n<p><b>Conectividade:<\/b><\/p>\n<ul>\n<li><b>Pr\u00e9-Amplificador de Fono Completo:<\/b> Possui um est\u00e1gio de fono de alta qualidade (<b>Marantz Musical Premium Phono EQ<\/b>) com suporte para c\u00e9lulas <b>MM<\/b> e <b>MC<\/b> (com imped\u00e2ncia selecion\u00e1vel), ideal para entusiastas de vinil.<\/li>\n<li><b>Entradas Balanceadas:<\/b> Inclui entradas XLR e RCA, e a arquitetura interna \u00e9 totalmente balanceada da entrada \u00e0 sa\u00edda.<\/li>\n<li><b>Flexibilidade:<\/b> Oferece sa\u00eddas de pr\u00e9-amplificador (RCA\/XLR) e uma entrada direta para o amplificador de pot\u00eancia, permitindo a integra\u00e7\u00e3o em sistemas complexos ou o uso exclusivo da se\u00e7\u00e3o de pr\u00e9-amplifica\u00e7\u00e3o com um amplificador externo, ou vice-versa.<\/li>\n<\/ul>\n<p><strong>Cores<\/strong>: Preto e Dourado<\/p>\n","protected":false},"excerpt":{"rendered":"<p>O Marantz MODEL 10 \u00e9 um amplificador integrado de refer\u00eancia que representa o auge da engenharia de \u00e1udio da marca, focado em oferecer uma performance pura e poderosa. Filosofia e Desempenho: Poder e Pureza: Ele foi projetado para ser o amplificador mais potente e de melhor desempenho j\u00e1 feito pela Marantz. Utiliza uma topologia de [&hellip;]<\/p>\n","protected":false},"featured_media":26828,"template":"","meta":{"_acf_changed":false},"product_brand":[],"product_cat":[27,51,92],"product_tag":[],"class_list":{"0":"post-26822","1":"product","2":"type-product","3":"status-publish","4":"has-post-thumbnail","6":"product_cat-amplificador","7":"product_cat-integrado","8":"product_cat-marantz","10":"first","11":"instock","12":"sold-individually","13":"shipping-taxable","14":"product-type-simple"},"acf":[],"aioseo_notices":[],"_links":{"self":[{"href":"https:\/\/hificlub.com.br\/loja\/wp-json\/wp\/v2\/product\/26822","targetHints":{"allow":["GET"]}}],"collection":[{"href":"https:\/\/hificlub.com.br\/loja\/wp-json\/wp\/v2\/product"}],"about":[{"href":"https:\/\/hificlub.com.br\/loja\/wp-json\/wp\/v2\/types\/product"}],"wp:featuredmedia":[{"embeddable":true,"href":"https:\/\/hificlub.com.br\/loja\/wp-json\/wp\/v2\/media\/26828"}],"wp:attachment":[{"href":"https:\/\/hificlub.com.br\/loja\/wp-json\/wp\/v2\/media?parent=26822"}],"wp:term":[{"taxonomy":"product_brand","embeddable":true,"href":"https:\/\/hificlub.com.br\/loja\/wp-json\/wp\/v2\/product_brand?post=26822"},{"taxonomy":"product_cat","embeddable":true,"href":"https:\/\/hificlub.com.br\/loja\/wp-json\/wp\/v2\/product_cat?post=26822"},{"taxonomy":"product_tag","embeddable":true,"href":"https:\/\/hificlub.com.br\/loja\/wp-json\/wp\/v2\/product_tag?post=26822"}],"curies":[{"name":"wp","href":"https:\/\/api.w.org\/{rel}","templated":true}]}}