{"id":26763,"date":"2025-10-21T11:09:50","date_gmt":"2025-10-21T14:09:50","guid":{"rendered":"https:\/\/hificlub.com.br\/loja\/?post_type=product&#038;p=26763"},"modified":"2025-10-21T11:13:06","modified_gmt":"2025-10-21T14:13:06","slug":"audio-research-cd3-cd-player-de-alta-fidelidade-silver","status":"publish","type":"product","link":"https:\/\/hificlub.com.br\/loja\/produto\/audio-research-cd3-cd-player-de-alta-fidelidade-silver\/","title":{"rendered":"AUDIO RESEARCH CD3 &#8211; CD Player de Alta fidelidade, Silver"},"content":{"rendered":"<p>O <b>Audio Research CD3<\/b> \u00e9 um not\u00e1vel <b>CD Player (Leitor de CD)<\/b> de alta fidelidade, conhecido pelo seu design e desempenho sonoro. Ele faz parte da linha de equipamentos de \u00e1udio de ponta da Audio Research.<\/p>\n<p><strong>Destaques e Caracter\u00edsticas Principais<\/strong><\/p>\n<ul>\n<li>Design Top-Loading (Carregamento Superior): Em vez da bandeja tradicional, o CD3 possui um mecanismo de carregamento superior, onde o disco \u00e9 colocado diretamente no mecanismo e fixado com um &#8220;puck&#8221; magn\u00e9tico propriet\u00e1rio. Este design visa aumentar a rigidez e a estabilidade da leitura do disco, reduzindo o <i>jitter<\/i> (instabilidade temporal).<\/li>\n<li>Mecanismo de Transporte de Alta Qualidade: Utiliza o robusto e respeitado mecanismo de transporte Philips CDM Pro 2 (uma vers\u00e3o de metal fundido e feixe triplo) para m\u00e1xima precis\u00e3o e durabilidade.<\/li>\n<li>Foco no &#8220;Redbook&#8221; CD: Foi projetado especificamente para reproduzir discos CD &#8220;Redbook&#8221; (padr\u00e3o de CD de \u00e1udio), CD-R e CD-RW com a m\u00e1xima fidelidade, n\u00e3o sendo um leitor universal (n\u00e3o suporta DVD ou SACD).<\/li>\n<li>Circuito de Convers\u00e3o Digital\/Anal\u00f3gica (DAC): Utiliza um DAC Delta-Sigma de 24 bits.<\/li>\n<li>Design Audio Research Cl\u00e1ssico: Possui o visual tradicional da marca, com painel frontal em alum\u00ednio escovado (prata ou preto opcional) e al\u00e7as de rack padr\u00e3o.<\/li>\n<\/ul>\n<p><span dir=\"auto\">Muitos, muitos de voc\u00eas esperavam por um sucessor para o campe\u00e3o de vendas de CD2, que recebeu elogios de cr\u00edticos de \u00e1udio do mundo todo, al\u00e9m de uma classifica\u00e7\u00e3o <strong>Classe A<\/strong> na revista <strong>Stereophile<\/strong>. Sua paci\u00eancia est\u00e1 prestes a ser recompensada de forma espetacular com a nova combina\u00e7\u00e3o de CD3, um player e um transporte. Em um chassi ergonomicamente simples e bem projetado, voc\u00ea tem um CD player que supera facilmente nosso sistema de duas caixas, o CD2\/DAC3MKII. Depois de us\u00e1-lo e ouvi-lo, voc\u00ea perceber\u00e1 o enorme valor que o CD3 representa para qualquer amante da m\u00fasica com uma cole\u00e7\u00e3o de CDs valiosa.<\/span><\/p>\n<p><span dir=\"auto\">O que diferencia o <strong>CD3<\/strong> dos chamados tocadores &#8220;combinados&#8221; do mercado \u2013 sejam eles baseados em DVD ou SACD \u2013 \u00e9 que o CD3 foi projetado para fazer uma coisa de forma soberba: reproduzir CDs de m\u00fasica &#8220;redbook&#8221; comuns, discos CD-R e CD-RW com m\u00e1xima fidelidade e plena express\u00e3o musical. O CD3 n\u00e3o reproduz DVD de v\u00eddeo, DVD de \u00e1udio ou discos SACD, pois acreditamos firmemente que a conveni\u00eancia da reprodu\u00e7\u00e3o multiformato sacrifica o desempenho sonoro no formato CD. Al\u00e9m disso, a maioria dos clientes e amantes da m\u00fasica possui cole\u00e7\u00f5es extensas baseadas em CD que continuam a crescer, portanto, a prioridade na qualidade de reprodu\u00e7\u00e3o neste formato, em nossa opini\u00e3o, \u00e9 eminentemente justificada. Embora utilize o mais recente DAC Crystal com capacidade 24\/192, o CD3 n\u00e3o realiza upsample, pois nossa pesquisa emp\u00edrica mostra que o comprometimento sonoro \u00e9 inevit\u00e1vel devido \u00e0 manipula\u00e7\u00e3o da taxa de amostragem e erros de aproxima\u00e7\u00e3o. O foco da engenharia do CD3 \u00e9 maximizar o desempenho com o formato de m\u00fasica predominante, mantendo o design geral do player simples, confi\u00e1vel e otimizado para a \u00fanica tarefa que ele deve realizar.<\/span><\/p>\n<p>&nbsp;<\/p>\n<p><a href=\"https:\/\/hometheaterreview.com\/audio-research-cd3-cd-player-reviewed\/\" target=\"_blank\" rel=\"noopener\"><img loading=\"lazy\" decoding=\"async\" class=\"alignnone wp-image-24614 size-full\" src=\"https:\/\/hificlub.com.br\/loja\/wp-content\/uploads\/2025\/07\/Home-Theater-Review-awards.png\" alt=\"\" width=\"310\" height=\"67\" srcset=\"https:\/\/hificlub.com.br\/loja\/wp-content\/uploads\/2025\/07\/Home-Theater-Review-awards.png 310w, https:\/\/hificlub.com.br\/loja\/wp-content\/uploads\/2025\/07\/Home-Theater-Review-awards-300x65.png 300w\" sizes=\"auto, (max-width: 310px) 100vw, 310px\" \/><\/a><\/p>\n","protected":false},"excerpt":{"rendered":"<p>O Audio Research CD3 \u00e9 um not\u00e1vel CD Player (Leitor de CD) de alta fidelidade, conhecido pelo seu design e desempenho sonoro. Ele faz parte da linha de equipamentos de \u00e1udio de ponta da Audio Research. Destaques e Caracter\u00edsticas Principais Design Top-Loading (Carregamento Superior): Em vez da bandeja tradicional, o CD3 possui um mecanismo de [&hellip;]<\/p>\n","protected":false},"featured_media":26766,"template":"","meta":{"_acf_changed":false},"product_brand":[],"product_cat":[29,42,41],"product_tag":[],"class_list":{"0":"post-26763","1":"product","2":"type-product","3":"status-publish","4":"has-post-thumbnail","6":"product_cat-audio-research","7":"product_cat-cd-players","8":"product_cat-digital","10":"first","11":"instock","12":"sold-individually","13":"shipping-taxable","14":"purchasable","15":"product-type-simple"},"acf":[],"aioseo_notices":[],"_links":{"self":[{"href":"https:\/\/hificlub.com.br\/loja\/wp-json\/wp\/v2\/product\/26763","targetHints":{"allow":["GET"]}}],"collection":[{"href":"https:\/\/hificlub.com.br\/loja\/wp-json\/wp\/v2\/product"}],"about":[{"href":"https:\/\/hificlub.com.br\/loja\/wp-json\/wp\/v2\/types\/product"}],"wp:featuredmedia":[{"embeddable":true,"href":"https:\/\/hificlub.com.br\/loja\/wp-json\/wp\/v2\/media\/26766"}],"wp:attachment":[{"href":"https:\/\/hificlub.com.br\/loja\/wp-json\/wp\/v2\/media?parent=26763"}],"wp:term":[{"taxonomy":"product_brand","embeddable":true,"href":"https:\/\/hificlub.com.br\/loja\/wp-json\/wp\/v2\/product_brand?post=26763"},{"taxonomy":"product_cat","embeddable":true,"href":"https:\/\/hificlub.com.br\/loja\/wp-json\/wp\/v2\/product_cat?post=26763"},{"taxonomy":"product_tag","embeddable":true,"href":"https:\/\/hificlub.com.br\/loja\/wp-json\/wp\/v2\/product_tag?post=26763"}],"curies":[{"name":"wp","href":"https:\/\/api.w.org\/{rel}","templated":true}]}}