{"id":26755,"date":"2025-10-21T10:30:19","date_gmt":"2025-10-21T13:30:19","guid":{"rendered":"https:\/\/hificlub.com.br\/loja\/?post_type=product&#038;p=26755"},"modified":"2026-04-10T08:55:31","modified_gmt":"2026-04-10T11:55:31","slug":"marantz-nr1200-network-audio-receiver-dac-bluetooth-wifi-heos-75-watts","status":"publish","type":"product","link":"https:\/\/hificlub.com.br\/loja\/produto\/marantz-nr1200-network-audio-receiver-dac-bluetooth-wifi-heos-75-watts\/","title":{"rendered":"MARANTZ NR1200 &#8211; Network Audio Stereo Receiver, DAC, Bluetooth, Phono, Wifi, HEOS, 75 Watts"},"content":{"rendered":"<p>Desfrute da perfei\u00e7\u00e3o sonora de alta resolu\u00e7\u00e3o com o receptor est\u00e9reo fino de dois canais <strong>Marantz NR1200.<\/strong><\/p>\n<p>Desfrute da performance mais musical em um chassi compacto e fino. Com metade da altura de um receptor AV tradicional, o NR1200 ainda oferece o som musical que \u00e9 sin\u00f4nimo da Marantz.<\/p>\n<p><strong>O Receptor Est\u00e9reo Moderno<\/strong><\/p>\n<p>O receptor est\u00e9reo Marantz NR1200 rivaliza facilmente com uma barra de som para todo o seu home theater, oferecendo qualidade de \u00e1udio superior, maior pot\u00eancia para as caixas de som de sua escolha e maior conectividade para fontes de \u00e1udio e v\u00eddeo. Transmita m\u00fasicas de seus servi\u00e7os de streaming favoritos e desfrute do controle por voz dos principais agentes. Moderno e com design elegante, o NR1200 \u00e9 a escolha perfeita para conex\u00e3o de Hi-Fi e televis\u00e3o.<\/p>\n<p><strong>Pot\u00eancia para se adequar \u00e0s suas prefer\u00eancias de \u00e1udio<\/strong><\/p>\n<p>Sejam quais forem as suas inclina\u00e7\u00f5es audi\u00f3filas, o Marantz NR1200 sempre oferece o som que voc\u00ea precisa atrav\u00e9s de seu potente amplificador de pot\u00eancia discreto de alta corrente com circuito amplificador de pot\u00eancia L\/R separado e transformador de pot\u00eancia. Com 75 W de pot\u00eancia por canal (8 ohms, 20 Hz a 20 kHz, 0,08% THD), aproveite sua cole\u00e7\u00e3o musical de alta resolu\u00e7\u00e3o com o som refinado da Marantz.<\/p>\n<p><strong>O Som Mais Musical<\/strong><\/p>\n<p>Extensivamente ajustado pelos mestres de som da Marantz nas instala\u00e7\u00f5es mais modernas para oferecer uma assinatura sonora requintada. Nenhum componente sai das m\u00e3os dos mestres de som da Marantz at\u00e9 passar por rigorosos testes. Envolva-se com o som mais musical, de qualquer fonte.<\/p>\n<p><strong>Caracter\u00edsticas e Filosofia<\/strong><\/p>\n<ul>\n<li>Design Slimline: \u00c9 o seu principal diferencial f\u00edsico. Possui metade da altura de um receiver AV tradicional, o que facilita a sua integra\u00e7\u00e3o em racks e m\u00f3veis modernos.<\/li>\n<li>Foco Est\u00e9reo Hi-Fi: A arquitetura interna \u00e9 dedicada a <span class=\"math-inline\" data-math=\"2\">$2$<\/span> canais (amplificadores discretos L\/R separados) e utiliza componentes Hi-Fi dedicados, como capacitores de pot\u00eancia personalizados e um circuito DAC duplo, para fornecer a sonoridade musical e rica da Marantz.<\/li>\n<li>Conectividade Total: Foi lan\u00e7ado como uma solu\u00e7\u00e3o &#8220;tudo-em-um&#8221; para aqueles que querem um \u00f3timo som est\u00e9reo, a facilidade de <i>streaming<\/i> e a conveni\u00eancia de conectar fontes de v\u00eddeo por HDMI.<\/li>\n<\/ul>\n","protected":false},"excerpt":{"rendered":"<p>Desfrute da perfei\u00e7\u00e3o sonora de alta resolu\u00e7\u00e3o com o receptor est\u00e9reo fino de dois canais Marantz NR1200. Desfrute da performance mais musical em um chassi compacto e fino. Com metade da altura de um receptor AV tradicional, o NR1200 ainda oferece o som musical que \u00e9 sin\u00f4nimo da Marantz. O Receptor Est\u00e9reo Moderno O receptor [&hellip;]<\/p>\n","protected":false},"featured_media":26757,"template":"","meta":{"_acf_changed":false},"product_brand":[],"product_cat":[27,51],"product_tag":[],"class_list":{"0":"post-26755","1":"product","2":"type-product","3":"status-publish","4":"has-post-thumbnail","6":"product_cat-amplificador","7":"product_cat-integrado","9":"first","10":"instock","11":"sold-individually","12":"shipping-taxable","13":"purchasable","14":"product-type-simple"},"acf":[],"aioseo_notices":[],"_links":{"self":[{"href":"https:\/\/hificlub.com.br\/loja\/wp-json\/wp\/v2\/product\/26755","targetHints":{"allow":["GET"]}}],"collection":[{"href":"https:\/\/hificlub.com.br\/loja\/wp-json\/wp\/v2\/product"}],"about":[{"href":"https:\/\/hificlub.com.br\/loja\/wp-json\/wp\/v2\/types\/product"}],"wp:featuredmedia":[{"embeddable":true,"href":"https:\/\/hificlub.com.br\/loja\/wp-json\/wp\/v2\/media\/26757"}],"wp:attachment":[{"href":"https:\/\/hificlub.com.br\/loja\/wp-json\/wp\/v2\/media?parent=26755"}],"wp:term":[{"taxonomy":"product_brand","embeddable":true,"href":"https:\/\/hificlub.com.br\/loja\/wp-json\/wp\/v2\/product_brand?post=26755"},{"taxonomy":"product_cat","embeddable":true,"href":"https:\/\/hificlub.com.br\/loja\/wp-json\/wp\/v2\/product_cat?post=26755"},{"taxonomy":"product_tag","embeddable":true,"href":"https:\/\/hificlub.com.br\/loja\/wp-json\/wp\/v2\/product_tag?post=26755"}],"curies":[{"name":"wp","href":"https:\/\/api.w.org\/{rel}","templated":true}]}}