{"id":2675,"date":"2023-10-17T20:02:09","date_gmt":"2023-10-17T23:02:09","guid":{"rendered":"https:\/\/hificlub.com.br\/loja2\/produto\/cambridge-cxn-v2-radio-network-audio-player-dac-preamp\/"},"modified":"2026-04-14T06:21:40","modified_gmt":"2026-04-14T09:21:40","slug":"cambridge-cxn-v2-radio-network-audio-player-dac-preamp","status":"publish","type":"product","link":"https:\/\/hificlub.com.br\/loja\/produto\/cambridge-cxn-v2-radio-network-audio-player-dac-preamp\/","title":{"rendered":"CAMBRIDGE CXN V2    Streamer \/ DAC \/ Radio Network \/ Digital Preamp"},"content":{"rendered":"<p>Cambridge Audio CXN (V2)<\/p>\n<p>NETWORK STREAMER<br \/>\nTocador de m\u00fasica em rede com upsampling<br \/>\nAcabamento prata ou preto<br \/>\nVoltagem autom\u00e1tica (100V a 230V &#8211; 50Hz\/60Hz)<\/p>\n<div>\n<p>M\u00e1xima conveni\u00eancia e qualidade digital. O CXN (V2) refina ainda mais a experi\u00eancia musical digital cont\u00ednua que tornou o original um What Hi-Fi? vencedor do pr\u00eamio, tr\u00eas anos consecutivos. Um processador mais r\u00e1pido abre novas possibilidades, proporcionando uma experi\u00eancia de r\u00e1dio pela Internet mais rica, um maior n\u00edvel de controle de reprodu\u00e7\u00e3o e o Chromecast integrado.<\/p>\n<p>NETWORK STREAMING PREMIADO. E AGORA MELHORADO.<br \/>\nNa Cambridge Audio, nos esfor\u00e7amos para seguir em frente. \u00c9 por isso que, apesar de ter vencido a categoria &#8220;Melhor Streamer&#8221; do What Hi-Fi \u2122 em tr\u00eas anos, ainda estamos trabalhando para melhorar o melhor player de rede de sons ao redor. O novo poder de processamento do novo CXN (V2) aprimora sua experi\u00eancia de m\u00fasica digital, o que torna uma alegria usar e abrir novas oportunidades de audi\u00e7\u00e3o.<\/p>\n<p>CROMECAST INCORPORADO<br \/>\nO CXN (V2) tem o Chromecast integrado. Basta tocar no bot\u00e3o de transmiss\u00e3o em seu aplicativo favorito para transmitir m\u00fasicas do seu smartphone, tablet ou laptop em som de alta defini\u00e7\u00e3o impressionante, at\u00e9 24bit \/ 96kHz. Al\u00e9m disso, o CXN (V2) agora pode servir como pontos finais do Roon. Eles se classificam como Roon &#8220;Capable&#8221;, suportando a reprodu\u00e7\u00e3o de sua biblioteca de m\u00fasica digital e TIDAL em at\u00e9 24 \/ 96kHz<\/p>\n<p>SOM DESLUMBRANTE<br \/>\nQuase 50 anos de experi\u00eancia em alta fidelidade v\u00e3o para cada um dos nossos produtos para garantir que eles se encaixem &#8211; o CXN (V2) n\u00e3o \u00e9 diferente.<\/p>\n<p>Sua m\u00fasica \u00e9 passada atrav\u00e9s de nossa exclusiva tecnologia de upsampling ATF2 (leia mais sobre essa magia aqui) e depois atrav\u00e9s de dois DACs Wolfson WM8740 (conversores premium digital para anal\u00f3gico).<\/p>\n<p>Todo o \u00e1udio \u00e9 upscaled para um formato de alta resolu\u00e7\u00e3o de 24 bits \/ 384kHz usando interpola\u00e7\u00e3o de ajuste de curva polinomial. Todas as m\u00fasicas t\u00eam detalhes ainda mais agudos e uma profundidade c\u00e1lida, para que voc\u00ea desfrute de nuances musicais que nunca ouviu antes em m\u00fasicas que ouviu mil vezes.<\/p>\n<p>Nossos engenheiros passaram horas ajustando o CXN (V2) da maneira antiga, de ouvido, que acreditamos ser a \u00fanica maneira de obter uma qualidade de som que realmente o mova.<\/p>\n<p>CONECTE QUALQUER COISA<br \/>\nQuer\u00edamos criar um produto que permitisse tocar qualquer m\u00fasica do mundo a partir de qualquer dispositivo.<\/p>\n<p>O CXN (V2) jogar\u00e1 quase tudo que voc\u00ea quiser. Gra\u00e7as ao seu enorme poder de processamento e funcionalidade suave da nossa premiada plataforma StreamMagic, ele n\u00e3o faz barulho nem pula uma \u00fanica batida, apenas toca sua m\u00fasica instantaneamente.<\/p>\n<p>O CXN (V2) introduz a compatibilidade de mpeg-DASH e HLS, o que permite transmiss\u00f5es ao vivo mais consistentes e de alta qualidade, criando uma experi\u00eancia de r\u00e1dio de internet \u00edntima. Como o CXN (V2) suporta o DASH, suas esta\u00e7\u00f5es de r\u00e1dio favoritas da BBC estar\u00e3o dispon\u00edveis em 320 kbps.<\/p>\n<p>N\u00f3s inclu\u00edmos; Spotify Connect, Airplay, R\u00e1dio da Internet, compatibilidade com NAS Drive \/ UPnP, entradas digitais USB, Coax e TOSLINK ass\u00edncronas, suporte a DSD64 e AptX Bluetooth (com receptor BT100 adicional).<\/p>\n<p>CONTROLE COMPLETO<br \/>\nH\u00e1 uma grande tela colorida na frente para que voc\u00ea possa ver sempre a arte do \u00e1lbum e os comandos que est\u00e1 enviando para a unidade. Para tornar o controle o mais perfeito poss\u00edvel, criamos nosso pr\u00f3prio aplicativo, o Cambridge Connect.<\/p>\n<p>Seja folheando \u00e1lbuns, criando listas de reprodu\u00e7\u00e3o ou definindo predefini\u00e7\u00f5es, o aplicativo permite a navega\u00e7\u00e3o simples e intuitiva de todas as fontes conectadas no conforto da sua cadeira. E com o CXN (V2), voc\u00ea ter\u00e1 ainda mais controle, pois poder\u00e1 procurar m\u00fasicas digitais a partir da sua \u00e1rea de trabalho, NAS, USB, Tidal ou Spotify para identificar seus momentos favoritos da m\u00fasica.<\/p>\n<p>Removemos completamente quaisquer obstru\u00e7\u00f5es ou menus complicados entre voc\u00ea e suas m\u00fasicas favoritas, deixando o CXN (V2) simplesmente como um catalisador para uma incr\u00edvel experi\u00eancia de audi\u00e7\u00e3o.<\/p>\n<\/div>\n<div><\/div>\n<div>\n<p>DAC<br \/>\nDACs duplos de 24 bits do Wolfson WM8740<\/p>\n<p>FILTRO DIGITAL<br \/>\n2\u00aa gera\u00e7\u00e3o ATF2 up-sampling para 24-bit \/ 384kHz<\/p>\n<p>FILTRO ANAL\u00d3GICO<br \/>\nBessel Diferencial Duplo com 2 P\u00f3los<\/p>\n<p>ENTRADA DE \u00c1UDIO USB<br \/>\nUSB tipo B est\u00e1 em conformidade com o perfil de \u00e1udio USB 1.0 ou 2.0 (selecion\u00e1vel pelo usu\u00e1rio)<\/p>\n<p>ENTRADAS DE \u00c1UDIO DIGITAIS<br \/>\nS \/ PDIF Coaxial e TOSLINK \u00d3ptico<\/p>\n<p>SA\u00cdDAS DE \u00c1UDIO ANAL\u00d3GICAS<br \/>\nXLR balanceado e anal\u00f3gico RCA n\u00e3o balanceado<\/p>\n<p>SA\u00cdDAS DE \u00c1UDIO DIGITAIS<br \/>\nS \/ PDIF Coaxial e TOSLINK \u00d3ptico<\/p>\n<p>COMPATIBILIDADE<br \/>\nUPnP, m\u00eddia USB local, \u00e1udio USB 1.0 e 2.0, Toslink S \/ PDIF e coaxial, Airplay, receptor Bluetooth BT100 (n\u00e3o fornecido), r\u00e1dio na Internet, Spotify Connect. Nota: o Pandora n\u00e3o \u00e9 suportado.<\/p>\n<p>FORMATOS DE \u00c1UDIO<br \/>\nALAC, WAV, FLAC, AIFF, DSD (x64), WMA, MP3, AAC, AAC, AAC +, OGG Vorbis<\/p>\n<p>ETHERNET<br \/>\nIEEE 802.3, 10 Base-T ou 100 Base-T<\/p>\n<p>WI-FI<br \/>\nIEEE 802.11 b \/ g ou n (2,4 GHz)<\/p>\n<p>CONSUMO M\u00c1XIMO DE ENERGIA<br \/>\n30W<\/p>\n<p>CONSUMO DE ENERGIA EM ESPERA<br \/>\n0,5 W<\/p>\n<p>DIMENS\u00d5ES (A X L X P)<br \/>\nM\u00e1ximo incluindo soquetes e controles: 85 x 430 x 305 mm<\/p>\n<p>PESO<br \/>\n3,5 kg<\/p>\n<p>CROMECAST INCORPORADO<br \/>\nConectividade sem fio de alta resolu\u00e7\u00e3o compat\u00edvel com centenas de aplicativos para Android e iOS. O Chromecast integrado \u00e9 uma marca comercial da Google LLC.<\/p>\n<\/div>\n","protected":false},"excerpt":{"rendered":"<p>Cambridge Audio CXN (V2) NETWORK STREAMER Tocador de m\u00fasica em rede com upsampling Acabamento prata ou preto Voltagem autom\u00e1tica (100V a 230V &#8211; 50Hz\/60Hz) M\u00e1xima conveni\u00eancia e qualidade digital. O CXN (V2) refina ainda mais a experi\u00eancia musical digital cont\u00ednua que tornou o original um What Hi-Fi? vencedor do pr\u00eamio, tr\u00eas anos consecutivos. Um processador [&hellip;]<\/p>\n","protected":false},"featured_media":2674,"template":"","meta":{"_acf_changed":false},"product_brand":[],"product_cat":[52,43,41,142],"product_tag":[],"class_list":{"0":"post-2675","1":"product","2":"type-product","3":"status-publish","4":"has-post-thumbnail","6":"product_cat-cambridge","7":"product_cat-dac","8":"product_cat-digital","9":"product_cat-streamers","11":"first","12":"instock","13":"sold-individually","14":"shipping-taxable","15":"purchasable","16":"product-type-simple"},"acf":[],"aioseo_notices":[],"_links":{"self":[{"href":"https:\/\/hificlub.com.br\/loja\/wp-json\/wp\/v2\/product\/2675","targetHints":{"allow":["GET"]}}],"collection":[{"href":"https:\/\/hificlub.com.br\/loja\/wp-json\/wp\/v2\/product"}],"about":[{"href":"https:\/\/hificlub.com.br\/loja\/wp-json\/wp\/v2\/types\/product"}],"wp:featuredmedia":[{"embeddable":true,"href":"https:\/\/hificlub.com.br\/loja\/wp-json\/wp\/v2\/media\/2674"}],"wp:attachment":[{"href":"https:\/\/hificlub.com.br\/loja\/wp-json\/wp\/v2\/media?parent=2675"}],"wp:term":[{"taxonomy":"product_brand","embeddable":true,"href":"https:\/\/hificlub.com.br\/loja\/wp-json\/wp\/v2\/product_brand?post=2675"},{"taxonomy":"product_cat","embeddable":true,"href":"https:\/\/hificlub.com.br\/loja\/wp-json\/wp\/v2\/product_cat?post=2675"},{"taxonomy":"product_tag","embeddable":true,"href":"https:\/\/hificlub.com.br\/loja\/wp-json\/wp\/v2\/product_tag?post=2675"}],"curies":[{"name":"wp","href":"https:\/\/api.w.org\/{rel}","templated":true}]}}