{"id":26737,"date":"2025-10-20T21:32:31","date_gmt":"2025-10-21T00:32:31","guid":{"rendered":"https:\/\/hificlub.com.br\/loja\/?post_type=product&#038;p=26737"},"modified":"2025-10-20T21:33:57","modified_gmt":"2025-10-21T00:33:57","slug":"krell-cast-cabo-de-interconexao-de-audio-5-metros","status":"publish","type":"product","link":"https:\/\/hificlub.com.br\/loja\/produto\/krell-cast-cabo-de-interconexao-de-audio-5-metros\/","title":{"rendered":"KRELL CAST- Cabo de Interconex\u00e3o de \u00c1udio 5 metros"},"content":{"rendered":"<p>O <b>Cabo Krell CAST<\/b> refere-se a um tipo espec\u00edfico de cabo de interconex\u00e3o projetado para uso exclusivo com componentes de \u00e1udio da Krell que possuem a tecnologia <b>CAST (Current Audio Signal Transmission &#8211; Transmiss\u00e3o de Sinal de \u00c1udio por Corrente)<\/b>.<\/p>\n<p>O CAST n\u00e3o \u00e9 um padr\u00e3o de cabo universal (como RCA ou XLR), mas sim uma tecnologia propriet\u00e1ria de interface da Krell. O cabo em si \u00e9 apenas o condutor necess\u00e1rio para fazer a conex\u00e3o entre os componentes Krell que suportam este protocolo.<\/p>\n<p><b>Pontos chave sobre o CAST:<\/b><\/p>\n<ul>\n<li>Transmiss\u00e3o por Corrente: Utiliza o circuito <i>Krell Current Mode<\/i> para transferir ou amplificar o sinal em corrente.<\/li>\n<li>Sistema Unificado: A transmiss\u00e3o CAST unifica componentes individuais (como pr\u00e9-amplificadores e amplificadores de pot\u00eancia Krell compat\u00edveis) e os cabos de interconex\u00e3o em um todo eletricamente conectado.<\/li>\n<li>Preserva\u00e7\u00e3o do Sinal: Ao manter o sinal no dom\u00ednio da corrente, a Krell afirma que o sinal original permanece inalterado e que as imped\u00e2ncias dos cabos e suas influ\u00eancias no sinal s\u00e3o eliminadas.<\/li>\n<li>Melhorias Sonoras: As melhorias prometidas incluem performances que &#8220;emergem da escurid\u00e3o absoluta&#8221;, com velocidade e precis\u00e3o.<\/li>\n<\/ul>\n<p><strong>O Cabo Krell CAST<\/strong><\/p>\n<ul>\n<li>Conectores F\u00edsicos: O cabo CAST tipicamente usa um conector propriet\u00e1rio de alta qualidade (geralmente um conector multipino circular, como o LEMO ou similar, em vez de RCA ou XLR padr\u00e3o) que se conecta \u00e0s portas CAST dos equipamentos Krell.<\/li>\n<li>Fios: O cabo CAST \u00e9 geralmente uma interconex\u00e3o balanceada e de alta qualidade. Em algumas itera\u00e7\u00f5es de ponta da Krell, os cabos foram fabricados em parceria com especialistas em cabos como Nordost ou Purist Audio Design, usando condutores de alta pureza (como cobre OCC ou cobre folheado a prata de <span class=\"math-inline\" data-math=\"99,99999\\%\">99,99999%<\/span>).<\/li>\n<\/ul>\n<p>O Cabo Krell CAST \u00e9 um acess\u00f3rio exclusivo e essencial que habilita a topologia de \u00e1udio por corrente, propriet\u00e1ria da Krell, entre seus componentes compat\u00edveis.<\/p>\n","protected":false},"excerpt":{"rendered":"<p>O Cabo Krell CAST refere-se a um tipo espec\u00edfico de cabo de interconex\u00e3o projetado para uso exclusivo com componentes de \u00e1udio da Krell que possuem a tecnologia CAST (Current Audio Signal Transmission &#8211; Transmiss\u00e3o de Sinal de \u00c1udio por Corrente). O CAST n\u00e3o \u00e9 um padr\u00e3o de cabo universal (como RCA ou XLR), mas sim [&hellip;]<\/p>\n","protected":false},"featured_media":26751,"template":"","meta":{"_acf_changed":false},"product_brand":[],"product_cat":[61,73,34],"product_tag":[],"class_list":{"0":"post-26737","1":"product","2":"type-product","3":"status-publish","4":"has-post-thumbnail","6":"product_cat-cabos","7":"product_cat-interconnect-xlr","8":"product_cat-krell","10":"first","11":"instock","12":"sold-individually","13":"shipping-taxable","14":"purchasable","15":"product-type-simple"},"acf":[],"aioseo_notices":[],"_links":{"self":[{"href":"https:\/\/hificlub.com.br\/loja\/wp-json\/wp\/v2\/product\/26737","targetHints":{"allow":["GET"]}}],"collection":[{"href":"https:\/\/hificlub.com.br\/loja\/wp-json\/wp\/v2\/product"}],"about":[{"href":"https:\/\/hificlub.com.br\/loja\/wp-json\/wp\/v2\/types\/product"}],"wp:featuredmedia":[{"embeddable":true,"href":"https:\/\/hificlub.com.br\/loja\/wp-json\/wp\/v2\/media\/26751"}],"wp:attachment":[{"href":"https:\/\/hificlub.com.br\/loja\/wp-json\/wp\/v2\/media?parent=26737"}],"wp:term":[{"taxonomy":"product_brand","embeddable":true,"href":"https:\/\/hificlub.com.br\/loja\/wp-json\/wp\/v2\/product_brand?post=26737"},{"taxonomy":"product_cat","embeddable":true,"href":"https:\/\/hificlub.com.br\/loja\/wp-json\/wp\/v2\/product_cat?post=26737"},{"taxonomy":"product_tag","embeddable":true,"href":"https:\/\/hificlub.com.br\/loja\/wp-json\/wp\/v2\/product_tag?post=26737"}],"curies":[{"name":"wp","href":"https:\/\/api.w.org\/{rel}","templated":true}]}}