{"id":2672,"date":"2023-10-17T20:02:09","date_gmt":"2023-10-17T23:02:09","guid":{"rendered":"https:\/\/hificlub.com.br\/loja2\/produto\/mcintosh-ma12000-hibrido-c-mm-mc-phono-dac2-350-watts\/"},"modified":"2026-03-03T22:20:52","modified_gmt":"2026-03-04T01:20:52","slug":"mcintosh-ma12000-hibrido-c-mm-mc-phono-dac2-350-watts","status":"publish","type":"product","link":"https:\/\/hificlub.com.br\/loja\/produto\/mcintosh-ma12000-hibrido-c-mm-mc-phono-dac2-350-watts\/","title":{"rendered":"McINTOSH MA12000 Hibrido c\/ MM MC Phono DAC2  350 Watts"},"content":{"rendered":"<p>O amplificador integrado MA12000 h\u00edbrido totalmente carregado \u00e9 um produto de engenharia de \u00e1udio intransigente e artesanato especializado.\u00a0Nosso amplificador integrado mais poderoso de todos os tempos, o MA12000 rico em recursos oferece 350 Watts por canal de pot\u00eancia limpa e de alto desempenho que produz uma experi\u00eancia de \u00e1udio dom\u00e9stica de tirar o f\u00f4lego.\u00a0Voc\u00ea pensar\u00e1 que seus m\u00fasicos favoritos est\u00e3o tocando ao vivo em sua casa.<\/p>\n<div class=\"display-table \">\n<div class=\"table-cell w50 vertical-middle to-load-b delay-1 noPad loaded\">\n<p>O MA12000 inclui nossa tecnologia\u00a0<a href=\"https:\/\/www-mcintoshlabs-com.translate.goog\/products\/hybriddrive?_x_tr_sl=en&amp;_x_tr_tl=pt&amp;_x_tr_hl=pt-BR&amp;_x_tr_pto=sc\">Hybrid Drive\u00a0<\/a>\u2122\u00a0que usa o melhor dos tubos de v\u00e1cuo e estado s\u00f3lido para produzir o melhor desempenho de som.\u00a0Ele oferece as nuances quentes de um pr\u00e9-amplificador de tubo de v\u00e1cuo (ou pr\u00e9-amplificador de v\u00e1lvula, como alguns de nossos amigos gostam de dizer) combinado com a velocidade e a pot\u00eancia bruta de um amplificador de estado s\u00f3lido, recursos de \u00e1udio digital de \u00faltima gera\u00e7\u00e3o e suficiente conex\u00f5es de \u00e1udio anal\u00f3gicas para praticamente qualquer sistema de m\u00fasica dom\u00e9stico.<\/p>\n<\/div>\n<\/div>\n<div class=\"display-table \">\n<div class=\"table-cell w50 vertical-middle to-load-b delay-1 noPad loaded\">\n<blockquote><p>&#8220;Com temperamento uniforme, poderoso sem esfor\u00e7o e muito doce&#8230; um amplificador muscular moderno e impressionante com um som excelente&#8230; um balc\u00e3o \u00fanico para todas as suas necessidades de \u00e1udio.&#8221;\u00a0Vencedor do prestigioso Pr\u00eamio Aplausos.\u00a0&#8211;\u00a0<a href=\"https:\/\/www-mcintoshlabs-com.translate.goog\/brand\/news\/MA12000-StereoNET-UK?_x_tr_sl=en&amp;_x_tr_tl=pt&amp;_x_tr_hl=pt-BR&amp;_x_tr_pto=sc\">StereoNET Reino Unido<\/a><\/p><\/blockquote>\n<\/div>\n<\/div>\n<div class=\"display-table \">\n<div class=\"table-cell w50 vertical-middle to-load-b delay-1 noPad loaded\">\n<p>O MA12000 \u00e9 um design h\u00edbrido com a se\u00e7\u00e3o do pr\u00e9-amplificador alimentada por (4) tubos de v\u00e1cuo 12AX7A (2 tubos por canal de \u00e1udio), enquanto a se\u00e7\u00e3o do amplificador de pot\u00eancia de 350 Watts emprega um design de estado s\u00f3lido.\u00a0Nossa tecnologia Autoformer\u00a0\u2122\u00a0garante que seus alto-falantes sempre ser\u00e3o capazes de receber 350 Watts completos, independentemente de terem imped\u00e2ncia de 2, 4 ou 8 Ohm.<\/p>\n<div class=\"display-table \">\n<div class=\"table-cell w50 vertical-middle to-load-b delay-1 noPad loaded\">\n<blockquote><p>&#8220;Um excelente integrado, com o qual voc\u00ea pode encerrar a busca pelo som dos seus sonhos. O McIntosh MA12000 soa perfeito.&#8221;\u00a0Vencedor do Produto Amplificador Integrado do Ano em 2022 &#8211;\u00a0<a href=\"https:\/\/translate.google.com\/website?sl=en&amp;tl=pt&amp;hl=pt-BR&amp;prev=search&amp;u=https:\/\/hi-fi.com.pl\/testy\/wzmacniacze\/5677-mcintosh-ma12000.html\" target=\"_blank\" rel=\"noopener noreferrer\">Hi-Fi i Muzyka<\/a><\/p><\/blockquote>\n<\/div>\n<\/div>\n<div class=\"display-table \">\n<div class=\"table-cell w50 vertical-middle to-load-b delay-1 noPad loaded\">\n<p>Existem 10 entradas anal\u00f3gicas no MA12000, consistindo em 2 entradas balanceadas e 6 n\u00e3o balanceadas, mais 1 entrada de bobina m\u00f3vel e 1 \u00edm\u00e3 m\u00f3vel para conectar uma plataforma girat\u00f3ria.\u00a0Ambas as entradas phono apresentam carregamento ajust\u00e1vel para ajustar o MA12000 \u00e0 sua configura\u00e7\u00e3o espec\u00edfica de toca-discos, para que sua cole\u00e7\u00e3o de vinil soe perfeita.\u00a0Todos os conectores anal\u00f3gicos n\u00e3o balanceados s\u00e3o constru\u00eddos em lat\u00e3o maci\u00e7o banhado a ouro premium para manuseio e aterramento de sinal superiores.\u00a0O MA12000 tamb\u00e9m possui 1 sa\u00edda balanceada e 1 n\u00e3o balanceada, caso voc\u00ea queira conectar um amplificador adicional usado em uma parte diferente de sua resid\u00eancia.<\/p>\n<p>Para m\u00fasica digital, o MA12000 vem com nosso DA2 Digital Audio Module instalado de f\u00e1brica.\u00a0Localizadas no DA2 est\u00e3o 7 entradas de \u00e1udio digital: 2 coaxiais, 2 \u00f3pticas, 1 USB e 1 MCT (para uso com nossa s\u00e9rie MCT de SACD\/CD Transports) e 1 conex\u00e3o HDMI Audio Return Channel (ARC) 1 somente de\u00a0\u00e1udio\u00a0.\u00a0O DA2 \u00e9 alimentado por um Conversor Digital-Anal\u00f3gico (DAC) Quad Balanceado de 8 canais e 32 bits.\u00a0Este DAC de n\u00edvel audi\u00f3filo apresenta faixa din\u00e2mica aprimorada e distor\u00e7\u00e3o harm\u00f4nica total aprimorada.\u00a0O DA2 suporta reprodu\u00e7\u00e3o de \u00e1udio digital de alta resolu\u00e7\u00e3o, j\u00e1 que a entrada USB suporta reprodu\u00e7\u00e3o nativa de at\u00e9 DSD512 e DXD de at\u00e9 384kHz, enquanto as entradas coaxiais e \u00f3pticas podem decodificar m\u00fasica digital de at\u00e9 24 bits\/192kHz.<\/p>\n<div class=\"display-table \">\n<div class=\"table-cell w50 vertical-middle to-load-b delay-1 noPad loaded\">\n<blockquote><p>&#8220;Em todos os estilos de m\u00fasica, o MA12000 \u00e9 capaz de surpreender, surpreender, impressionar e comover, independentemente do meio utilizado&#8230; O MA12000 reinventa o superlativo, poderoso, completo, belo e ultra-musical moderno integrado.&#8221;\u00a0Vencedor do Pr\u00eamio Refer\u00eancia.\u00a0&#8211;\u00a0\u00a0<a href=\"https:\/\/www-mcintoshlabs-com.translate.goog\/brand\/news\/MA12000-Haute-Fidelite?_x_tr_sl=en&amp;_x_tr_tl=pt&amp;_x_tr_hl=pt-BR&amp;_x_tr_pto=sc\">Alta Fidelidade<\/a><\/p><\/blockquote>\n<\/div>\n<\/div>\n<div class=\"display-table \">\n<div class=\"table-cell w50 vertical-middle to-load-b delay-1 noPad loaded\">\n<p>A entrada HDMI (ARC) permite que TVs com uma sa\u00edda HDMI (ARC) compat\u00edvel sejam conectadas ao MA12000 e ao seu sistema est\u00e9reo dom\u00e9stico para trazer um novo n\u00edvel de desempenho de \u00e1udio para sua TV e assistir a filmes que os alto-falantes ou barras de som da TV simplesmente n\u00e3o conseguem fornecer.\u00a0Formatos populares de \u00e1udio multicanal de Dolby\u00a0\u00ae\u00a0e DTS\u00a0\u00ae\u00a0s\u00e3o suportados e ser\u00e3o habilmente convertidos em \u00e1udio de 2 canais para reprodu\u00e7\u00e3o adequada.\u00a0Quando a comunica\u00e7\u00e3o CEC est\u00e1 habilitada no MA12000 e na sua TV, o controle remoto da sua TV pode controlar a pot\u00eancia e o volume do MA12000.\u00a0O DA2 pode ser substitu\u00eddo por m\u00f3dulos futuros para manter seu MA12000 atualizado \u00e0 medida que novos formatos e tecnologias de \u00e1udio digital s\u00e3o desenvolvidos.<\/p>\n<\/div>\n<\/div>\n<div class=\"display-table \">\n<div class=\"table-cell w50 vertical-middle to-load-b delay-1 noPad no-anim\">\n<blockquote><p>&#8220;O McIntosh MA12000 tornou-se, por si s\u00f3, o novo rei dos amplificadores integrados, de alguma forma, eles passaram a coexistir no mesmo corpo: a for\u00e7a, a resist\u00eancia e a pot\u00eancia de Arnold Schwarzenegger, com a delicadeza e a beleza de Grace Kelly .&#8221;\u00a0&#8211;\u00a0<a href=\"https:\/\/www-mcintoshlabs-com.translate.goog\/-\/media\/Files\/mcintoshlabs\/ReviewAwardDocuments\/MA12000-Francisco-del-Pozo-February-2021.pdf?la=en&amp;rev=0fd9add764804b43bf17501b2c525d88&amp;revision=0fd9add7-6480-4b43-bf17-501b2c525d88&amp;_x_tr_sl=en&amp;_x_tr_tl=pt&amp;_x_tr_hl=pt-BR&amp;_x_tr_pto=sc\">Francisco del Pozo<\/a>\u00a0(veja tamb\u00e9m sua\u00a0<a href=\"https:\/\/translate.google.com\/website?sl=en&amp;tl=pt&amp;hl=pt-BR&amp;prev=search&amp;u=https:\/\/www.youtube.com\/watch?v%3D8hG8wcXcdhc\" target=\"_blank\" rel=\"noopener noreferrer\">cr\u00edtica no YouTube<\/a>\u00a0)<\/p>\n<div class=\"display-table \">\n<div class=\"table-cell w50 vertical-middle to-load-b delay-1 noPad loaded\">\n<p>O DA2 recebeu\u00a0<a href=\"https:\/\/www-mcintoshlabs-com.translate.goog\/brand\/news\/Roon-tested2?_x_tr_sl=en&amp;_x_tr_tl=pt&amp;_x_tr_hl=pt-BR&amp;_x_tr_pto=sc\">a designa\u00e7\u00e3o Roon Tested<\/a>\u00a0\u00a0da Roon Labs, que pode ser especialmente \u00fatil se voc\u00ea tiver uma extensa biblioteca de m\u00fasica digital.\u00a0Como parceira do Roon Tested, a McIntosh forneceu equipamentos \u00e0 Roon para testes com uma variedade de sistemas operacionais e computadores diferentes, e compartilhou informa\u00e7\u00f5es sobre seu design e recursos.<\/p>\n<p>&nbsp;<\/p>\n<div class=\"display-table \">\n<div class=\"table-cell w50 vertical-middle to-load-b delay-1 noPad loaded\">\n<p>A parte superior do MA12000 \u00e9 destacada por alguns elementos de design industrial atualizados.\u00a0Os Autoformers e o transformador de pot\u00eancia est\u00e3o agora contidos em um novo gabinete com tampo de vidro coberto por uma placa de identifica\u00e7\u00e3o de vidro cercada por um anel de acabamento decorativo.\u00a0As principais especifica\u00e7\u00f5es de desempenho e um diagrama de blocos detalhado s\u00e3o impressos em 5 pain\u00e9is de vidro.<\/p>\n<\/div>\n<\/div>\n<div class=\"display-table \">\n<div class=\"table-cell w50 vertical-middle to-load-b delay-1 noPad loaded\">\n<blockquote><p>&#8220;O amplificador integrado McIntosh MA12000 tem um desempenho fabuloso. Como pr\u00e9-amplificador e amplificador, oferece excelentes reservas de energia com graves incrivelmente cheios e poderosos combinados com calor, tom e timbre naturais de cima para baixo&#8230; Ele re\u00fane calor, plenitude , suavidade e perd\u00e3o com clareza, detalhes e presen\u00e7a de defini\u00e7\u00e3o de agudos suficiente para satisfazer os amantes da m\u00fasica e os audi\u00f3filos.&#8221;\u00a0&#8211;\u00a0<a href=\"https:\/\/translate.google.com\/website?sl=en&amp;tl=pt&amp;hl=pt-BR&amp;prev=search&amp;u=https:\/\/novo.press\/mcintosh-ma12000-2-channel-hybrid-integrated-amplifier-review\/\" target=\"_blank\" rel=\"noopener noreferrer\">Revista NOVO<\/a><\/p>\n<p>Outros recursos do MA12000 incluem:<\/p>\n<ul>\n<li>Power Guard\u00a0\u00ae\u00a0que monitora o sinal de sa\u00edda para overdrive e faz microajustes em tempo real para o sinal de entrada para evitar corte de som \u00e1spero que poderia danificar seus alto-falantes<\/li>\n<li>Nosso circuito de prote\u00e7\u00e3o contra curto-circuito sem fus\u00edvel Sentry Monitor\u00a0\u2122\u00a0que desativa o est\u00e1gio de sa\u00edda antes que a corrente exceda os n\u00edveis operacionais seguros e, em seguida, redefine automaticamente quando as condi\u00e7\u00f5es operacionais retornam ao normal<\/li>\n<li>Um par de Watt\u00edmetros de marca registrada &#8220;McIntosh Blue&#8221; com resposta de pico que indicam a pot\u00eancia de sa\u00edda em tempo real de cada canal de \u00e1udio<\/li>\n<li>McIntosh Monogrammed Heatsinks\u00a0\u2122\u00a0que s\u00e3o conectados a transistores avan\u00e7ados de sa\u00edda de alta corrente que minimizam o tempo de atraso (ou aquecimento) do equil\u00edbrio t\u00e9rmico e ajudam a manter o funcionamento do MA12000 frio<\/li>\n<li>Home Theater PassThru que permite a integra\u00e7\u00e3o perfeita em um sistema de home theater<\/li>\n<li>Nossos postes de liga\u00e7\u00e3o de alto-falante patenteados Solid Cinch\u00a0\u2122\u00a0que prendem os\u00a0<a href=\"https:\/\/www-mcintoshlabs-com.translate.goog\/products\/cables\/Speaker-Cables?_x_tr_sl=en&amp;_x_tr_tl=pt&amp;_x_tr_hl=pt-BR&amp;_x_tr_pto=sc\">cabos do alto-falante<\/a>\u00a0com facilidade, mas com seguran\u00e7a \u00a0, para evitar que se soltem e possivelmente causem um curto;\u00a0os postes de encaderna\u00e7\u00e3o tamb\u00e9m s\u00e3o banhados a ouro para evitar a corros\u00e3o e garantir que um sinal de qualidade seja enviado pelos cabos dos alto-falantes para os alto-falantes<\/li>\n<li>Um controle de tom discreto de oito bandas que permite o ajuste anal\u00f3gico manual avan\u00e7ado de suas grava\u00e7\u00f5es favoritas<\/li>\n<li>Amplificador de fone de ouvido High Drive com Headphone Crossfeed Director (HXD\u00a0\u00ae\u00a0), que pode trazer uma dimens\u00e3o adicional para a audi\u00e7\u00e3o de fones de ouvido<\/li>\n<li>Controle de energia para enviar sinais de ligar\/desligar aos componentes McIntosh conectados para facilitar a inicializa\u00e7\u00e3o e o desligamento do sistema<\/li>\n<li>Duplica\u00e7\u00e3o da capacidade do filtro em compara\u00e7\u00e3o com nossos outros amplificadores integrados para um desempenho de baixa frequ\u00eancia ainda melhor<\/li>\n<li>Os mais recentes componentes de circuito de n\u00edvel de \u00e1udio para oferecer o melhor som poss\u00edvel<\/li>\n<li>Poderosos microprocessadores de controle para melhorar a opera\u00e7\u00e3o geral do sistema<\/li>\n<li>F\u00e1cil opera\u00e7\u00e3o atrav\u00e9s dos controles do painel frontal ou do abrangente controle remoto inclu\u00eddo<\/li>\n<\/ul>\n<h4 class=\"c-blue text-uppercase specs-title\">ESPECIFICA\u00c7\u00d5ES ELETR\u00d4NICAS<\/h4>\n<ul class=\"specs-list f-fix\">\n<li>\n<dl>\n<dt>Sa\u00edda de energia por canal<\/dt>\n<dd>350 Watts<\/dd>\n<\/dl>\n<\/li>\n<li>\n<dl>\n<dt>N\u00famero de canais<\/dt>\n<dd>2<\/dd>\n<\/dl>\n<\/li>\n<li>\n<dl>\n<dt>Imped\u00e2ncia do alto-falante<\/dt>\n<dd>2, 4 ou 8 ohms<\/dd>\n<\/dl>\n<\/li>\n<li>\n<dl>\n<dt>Faixa de pot\u00eancia nominal<\/dt>\n<dd>20Hz a 20kHz<\/dd>\n<\/dl>\n<\/li>\n<li>\n<dl>\n<dt>Distor\u00e7\u00e3o Harm\u00f4nica Total<\/dt>\n<dd>Pr\u00e9-amplificador: 0,03%<br \/>\nAmplificador: 0,005%<\/dd>\n<\/dl>\n<\/li>\n<li>\n<dl>\n<dt>Altura Din\u00e2mica<\/dt>\n<dd>1,5dB<\/dd>\n<\/dl>\n<\/li>\n<li>\n<dl>\n<dt>Resposta de frequ\u00eancia +0,-0,5dB<\/dt>\n<dd>20Hz a 20kHz<\/dd>\n<\/dl>\n<\/li>\n<li>\n<dl>\n<dt>Resposta de frequ\u00eancia, +0, -3dB<\/dt>\n<dd>10Hz a 100kHz<\/dd>\n<\/dl>\n<\/li>\n<li>\n<dl>\n<dt>Fono de Sensibilidade (Bobina M\u00f3vel)<\/dt>\n<dd>0,30mV<\/dd>\n<\/dl>\n<\/li>\n<li>\n<dl>\n<dt>Sensibilidade Phono (\u00cdm\u00e3 em movimento)<\/dt>\n<dd>3,0mV<\/dd>\n<\/dl>\n<\/li>\n<li>\n<dl>\n<dt>N\u00edvel Alto de Sensibilidade (Equilibrado\/Desbalanceado)<\/dt>\n<dd>600mV\/300mV<\/dd>\n<\/dl>\n<\/li>\n<li>\n<dl>\n<dt>Sensibilidade (entrada do amplificador de pot\u00eancia)<\/dt>\n<dd>1,7V<\/dd>\n<\/dl>\n<\/li>\n<li>\n<dl>\n<dt>Rela\u00e7\u00e3o sinal-ru\u00eddo (bobina m\u00f3vel)<\/dt>\n<dd>75dB<\/dd>\n<\/dl>\n<\/li>\n<li>\n<dl>\n<dt>Rela\u00e7\u00e3o sinal-ru\u00eddo (\u00edm\u00e3 em movimento)<\/dt>\n<dd>77dB<\/dd>\n<\/dl>\n<\/li>\n<li>\n<dl>\n<dt>Rela\u00e7\u00e3o sinal-ru\u00eddo (n\u00edvel alto)<\/dt>\n<dd>95dB<\/dd>\n<\/dl>\n<\/li>\n<li>\n<dl>\n<dt>Rela\u00e7\u00e3o sinal-ru\u00eddo (entrada do amplificador de pot\u00eancia)<\/dt>\n<dd>114dB<\/dd>\n<\/dl>\n<\/li>\n<li>\n<dl>\n<dt>Imped\u00e2ncia de entrada (balanceada\/desbalanceada)<\/dt>\n<dd>44K\/22K<\/dd>\n<\/dl>\n<\/li>\n<li>\n<dl>\n<dt>Fator de amortecimento<\/dt>\n<dd>&gt;40<\/dd>\n<\/dl>\n<\/li>\n<li>\n<dl>\n<dt>Sa\u00edda M\u00e1xima (Balanceada \/ Desbalanceada)<\/dt>\n<dd>8V Desbalanceado<br \/>\n16V Balanceado<\/dd>\n<\/dl>\n<\/li>\n<\/ul>\n<h4 class=\"c-blue text-uppercase specs-title\">CONECTIVIDADE<\/h4>\n<ul class=\"specs-list f-fix\">\n<li>\n<dl>\n<dt>Entrada Balanceada<\/dt>\n<dd>2<\/dd>\n<\/dl>\n<\/li>\n<li>\n<dl>\n<dt>Entrada desbalanceada<\/dt>\n<dd>6<\/dd>\n<\/dl>\n<\/li>\n<li>\n<dl>\n<dt>Bobina m\u00f3vel de entrada fono<\/dt>\n<dd>1 (carga ajust\u00e1vel)<\/dd>\n<\/dl>\n<\/li>\n<li>\n<dl>\n<dt>\u00cdm\u00e3 m\u00f3vel de entrada fono<\/dt>\n<dd>1 (carga ajust\u00e1vel)<\/dd>\n<\/dl>\n<\/li>\n<li>\n<dl>\n<dt>M\u00f3dulo de \u00e1udio digital atualiz\u00e1vel<\/dt>\n<dd>Sim: DA2<\/dd>\n<\/dl>\n<\/li>\n<li>\n<dl>\n<dt>Entrada Digital Coaxial<\/dt>\n<dd>2<\/dd>\n<\/dl>\n<\/li>\n<li>\n<dl>\n<dt>Entrada \u00d3ptica Digital<\/dt>\n<dd>2<\/dd>\n<\/dl>\n<\/li>\n<li>\n<dl>\n<dt>Entrada MCT Digital<\/dt>\n<dd>1<\/dd>\n<\/dl>\n<\/li>\n<li>\n<dl>\n<dt>Entrada USB digital<\/dt>\n<dd>1<\/dd>\n<\/dl>\n<\/li>\n<li>\n<dl>\n<dt>Entrada HDMI (ARC)<\/dt>\n<dd>1<\/dd>\n<\/dl>\n<\/li>\n<li>\n<dl>\n<dt>Sa\u00edda vari\u00e1vel balanceada<\/dt>\n<dd>1<\/dd>\n<\/dl>\n<\/li>\n<li>\n<dl>\n<dt>Sa\u00edda fixa desbalanceada<\/dt>\n<dd>1<\/dd>\n<\/dl>\n<\/li>\n<li>\n<dl>\n<dt>Sa\u00edda vari\u00e1vel desbalanceada<\/dt>\n<dd>1<\/dd>\n<\/dl>\n<\/li>\n<li>\n<dl>\n<dt>Sa\u00edda de fone de ouvido<\/dt>\n<dd>High Drive de 1\/4&#8243; com Headphone Crossfeed Director (HXD\u00a0\u00ae\u00a0)<\/dd>\n<\/dl>\n<\/li>\n<li>\n<dl>\n<dt>Sa\u00edda do Subwoofer<\/dt>\n<dd>0<\/dd>\n<\/dl>\n<\/li>\n<li>\n<dl>\n<dt>Op\u00e7\u00e3o de sintonizador AM\/FM<\/dt>\n<dd>N\u00e3o<\/dd>\n<\/dl>\n<\/li>\n<li>\n<dl>\n<dt>Home Theater PassThru<\/dt>\n<dd>Sim<\/dd>\n<\/dl>\n<\/li>\n<li>\n<dl>\n<dt>Tipo de conector anal\u00f3gico n\u00e3o balanceado<\/dt>\n<dd>Lat\u00e3o maci\u00e7o banhado a ouro premium<\/dd>\n<\/dl>\n<\/li>\n<li>\n<dl>\n<dt>Tipo de poste de encaderna\u00e7\u00e3o do alto-falante<\/dt>\n<dd>Postes de encaderna\u00e7\u00e3o de alto-falante patenteados Solid Cinch\u2122<\/dd>\n<\/dl>\n<\/li>\n<li>\n<dl>\n<dt>Porta de servi\u00e7o<\/dt>\n<dd>1<\/dd>\n<\/dl>\n<\/li>\n<\/ul>\n<h4 class=\"c-blue text-uppercase specs-title\">ESPECIFICA\u00c7\u00d5ES DE \u00c1UDIO DIGITAL<\/h4>\n<ul class=\"specs-list f-fix\">\n<li>\n<dl>\n<dt>Tipo de conversor digital para anal\u00f3gico (DAC)<\/dt>\n<dd>PCM\/DSD de 8 canais, 32 bits\/384kHz, Quad Balanceado<\/dd>\n<\/dl>\n<\/li>\n<li>\n<dl>\n<dt>Taxa de amostragem de entrada coaxial digital<\/dt>\n<dd>24 bits\/44,1kHz a 192kHz<\/dd>\n<\/dl>\n<\/li>\n<li>\n<dl>\n<dt>Taxa de amostragem de entrada \u00f3ptica digital<\/dt>\n<dd>24 bits\/44,1kHz a 192kHz<\/dd>\n<\/dl>\n<\/li>\n<li>\n<dl>\n<dt>Taxa de amostragem de entrada MCT digital<\/dt>\n<dd>16 bits\/44,1 kHz (CD)<br \/>\nDSD64 (SACD)<\/dd>\n<\/dl>\n<\/li>\n<li>\n<dl>\n<dt>Taxa de amostragem de entrada USB digital<\/dt>\n<dd>32 bits\/44,1kHz a 384kHz (PCM)<br \/>\nDSD64, DSD128, DSD256, DSD512, DXD352,8kHz, DXD384kHz<\/dd>\n<\/dl>\n<\/li>\n<\/ul>\n<h4 class=\"c-blue text-uppercase specs-title\">AO CONTROLE<\/h4>\n<ul class=\"specs-list f-fix\">\n<li>\n<dl>\n<dt>Controles de tom<\/dt>\n<dd>8 bandas<\/dd>\n<\/dl>\n<\/li>\n<li>\n<dl>\n<dt>Desvio de tom e atribui\u00e7\u00e3o de entrada<\/dt>\n<dd>Sim<\/dd>\n<\/dl>\n<\/li>\n<li>\n<dl>\n<dt>Entrada de controle RS232<\/dt>\n<dd>Sim<\/dd>\n<\/dl>\n<\/li>\n<li>\n<dl>\n<dt>Sa\u00edda de controle de energia<\/dt>\n<dd>1 principal, 2 gatilho<\/dd>\n<\/dl>\n<\/li>\n<li>\n<dl>\n<dt>Porta de dados do painel traseiro<\/dt>\n<dd>4<\/dd>\n<\/dl>\n<\/li>\n<li>\n<dl>\n<dt>Entrada do Sensor IR do Painel Traseiro<\/dt>\n<dd>Sim<\/dd>\n<\/dl>\n<\/li>\n<li>\n<dl>\n<dt>Correspond\u00eancia de n\u00edvel de entrada<\/dt>\n<dd>Sim<\/dd>\n<\/dl>\n<\/li>\n<\/ul>\n<h4 class=\"c-blue text-uppercase specs-title\">ESPECIFICA\u00c7\u00d5ES GERAIS<\/h4>\n<ul class=\"specs-list f-fix\">\n<li>\n<dl>\n<dt>Tubo de V\u00e1cuo ou Estado S\u00f3lido<\/dt>\n<dd>Pr\u00e9-amplificador:<br \/>\nAmplificador de tubo de v\u00e1cuo: Estado s\u00f3lido<\/dd>\n<\/dl>\n<\/li>\n<li>\n<dl>\n<dt>Tipo de sa\u00edda<\/dt>\n<dd>Autoformer\u2122<\/dd>\n<\/dl>\n<\/li>\n<li>\n<dl>\n<dt>Medidores de Sa\u00edda<\/dt>\n<dd>Sim<\/dd>\n<\/dl>\n<\/li>\n<li>\n<dl>\n<dt>Chassi de Camada Dupla<\/dt>\n<dd>Sim<\/dd>\n<\/dl>\n<\/li>\n<li>\n<dl>\n<dt>Acabamento do Chassi<\/dt>\n<dd>A\u00e7o inoxid\u00e1vel polido e a\u00e7o pintado de preto<\/dd>\n<\/dl>\n<\/li>\n<li>\n<dl>\n<dt>McIntosh Monogrammed Heatsinks\u2122<\/dt>\n<dd>Sim<\/dd>\n<\/dl>\n<\/li>\n<li>\n<dl>\n<dt>Requisito de energia<\/dt>\n<dd>120 V, 50\/60 Hz, 6,6 A<\/dd>\n<\/dl>\n<\/li>\n<li>\n<dl>\n<dt>Requisito de energia em espera<\/dt>\n<dd>&lt;0,25 Watts<\/dd>\n<\/dl>\n<\/li>\n<\/ul>\n<h4 class=\"c-blue text-uppercase specs-title\">PESOS E DIMENS\u00d5ES<\/h4>\n<ul class=\"specs-list f-fix\">\n<li>\n<dl>\n<dt>Dimens\u00f5es da Unidade (L x A x P)<\/dt>\n<dd>17-1\/2&#8243; (44,5 cm) x 9-7\/16&#8243; (24 cm) x 19-3\/4&#8243; (50,2 cm)<\/dd>\n<\/dl>\n<\/li>\n<li>\n<dl>\n<dt>Unidade de peso<\/dt>\n<dd>108 libras (48,9 kg)<\/dd>\n<\/dl>\n<\/li>\n<li>\n<dl>\n<dt>Peso<\/dt>\n<dd>141 libras (63,9 kg)<\/dd>\n<dd><\/dd>\n<dd><\/dd>\n<dd><\/dd>\n<dd><\/dd>\n<dd><\/dd>\n<dd><\/dd>\n<dd><\/dd>\n<dd><\/dd>\n<\/dl>\n<\/li>\n<\/ul>\n<\/blockquote>\n<\/div>\n<\/div>\n<\/div>\n<\/div>\n<\/blockquote>\n<\/div>\n<\/div>\n<\/div>\n<\/div>\n<\/div>\n<\/div>\n","protected":false},"excerpt":{"rendered":"<p>O amplificador integrado MA12000 h\u00edbrido totalmente carregado \u00e9 um produto de engenharia de \u00e1udio intransigente e artesanato especializado.\u00a0Nosso amplificador integrado mais poderoso de todos os tempos, o MA12000 rico em recursos oferece 350 Watts por canal de pot\u00eancia limpa e de alto desempenho que produz uma experi\u00eancia de \u00e1udio dom\u00e9stica de tirar o f\u00f4lego.\u00a0Voc\u00ea pensar\u00e1 [&hellip;]<\/p>\n","protected":false},"featured_media":2661,"template":"","meta":{"_acf_changed":false},"product_brand":[],"product_cat":[27,51,39],"product_tag":[],"class_list":{"0":"post-2672","1":"product","2":"type-product","3":"status-publish","4":"has-post-thumbnail","6":"product_cat-amplificador","7":"product_cat-integrado","8":"product_cat-mcintosh","10":"first","11":"instock","12":"sold-individually","13":"shipping-taxable","14":"product-type-simple"},"acf":[],"aioseo_notices":[],"_links":{"self":[{"href":"https:\/\/hificlub.com.br\/loja\/wp-json\/wp\/v2\/product\/2672","targetHints":{"allow":["GET"]}}],"collection":[{"href":"https:\/\/hificlub.com.br\/loja\/wp-json\/wp\/v2\/product"}],"about":[{"href":"https:\/\/hificlub.com.br\/loja\/wp-json\/wp\/v2\/types\/product"}],"wp:featuredmedia":[{"embeddable":true,"href":"https:\/\/hificlub.com.br\/loja\/wp-json\/wp\/v2\/media\/2661"}],"wp:attachment":[{"href":"https:\/\/hificlub.com.br\/loja\/wp-json\/wp\/v2\/media?parent=2672"}],"wp:term":[{"taxonomy":"product_brand","embeddable":true,"href":"https:\/\/hificlub.com.br\/loja\/wp-json\/wp\/v2\/product_brand?post=2672"},{"taxonomy":"product_cat","embeddable":true,"href":"https:\/\/hificlub.com.br\/loja\/wp-json\/wp\/v2\/product_cat?post=2672"},{"taxonomy":"product_tag","embeddable":true,"href":"https:\/\/hificlub.com.br\/loja\/wp-json\/wp\/v2\/product_tag?post=2672"}],"curies":[{"name":"wp","href":"https:\/\/api.w.org\/{rel}","templated":true}]}}