{"id":26689,"date":"2025-10-17T10:16:58","date_gmt":"2025-10-17T13:16:58","guid":{"rendered":"https:\/\/hificlub.com.br\/loja\/?post_type=product&#038;p=26689"},"modified":"2026-03-03T22:15:10","modified_gmt":"2026-03-04T01:15:10","slug":"marantz-cinema-60-receiver-av-8k-7-2-com-dolby-atmos-bluetooth-apple-airplay-2-e-amazon-alexa-100-watts","status":"publish","type":"product","link":"https:\/\/hificlub.com.br\/loja\/produto\/marantz-cinema-60-receiver-av-8k-7-2-com-dolby-atmos-bluetooth-apple-airplay-2-e-amazon-alexa-100-watts\/","title":{"rendered":"MARANTZ CINEMA 60 &#8211; Receiver AV 8k, 7.2 com Dolby Atmos\u00ae, Bluetooth\u00ae, Apple AirPlay\u00ae 2, e Amazon Alexa, 100 Watts"},"content":{"rendered":"<p>Compat\u00edvel com uma ampla gama de formatos de \u00e1udio, tecnologias e som surround baseado em objeto, o Receptor A\/V de Rede Marantz CINEMA 60 de 7.2 Canais pode oferecer som realista e envolvente para seus filmes, shows e m\u00fasica. O CINEMA 60 suporta v\u00eddeo HDR de at\u00e9 8K e formatos de \u00e1udio avan\u00e7ados, como Dolby Atmos e DTS:X. Voc\u00ea tamb\u00e9m pode transmitir m\u00fasicas e outros \u00e1udios sem fio de uma ampla variedade de fontes de m\u00fasica online. Seu \u00e1udio \u00e9 alimentado pelos alto-falantes em seu quarto a 100 W por canal ou em sua casa usando streaming integrado HEOS para alto-falantes sem fio HEOS compat\u00edveis, e tudo \u00e9 convenientemente controlado pelo controle remoto inclu\u00eddo, seu dispositivo m\u00f3vel ou por comando de voz.<\/p>\n<p>Medi\u00e7\u00e3o da Sala Audyssey<br \/>\nUsando o Audyssey MultiEQ XT com o microfone inclu\u00eddo, voc\u00ea pode ajustar o \u00e1udio vindo do CINEMA 60 para as dimens\u00f5es e layout espec\u00edficos da sua sala.<br \/>\ntransmiss\u00e3o on-line<br \/>\nVoc\u00ea pode conectar o CINEMA 60 \u00e0 sua rede dom\u00e9stica por meio da porta Ethernet integrada ou sem fio por meio das duas antenas Wi-Fi inclu\u00eddas. Uma vez conectado, o CINEMA 60 oferece acesso a uma ampla variedade de tecnologias e servi\u00e7os de streaming, como Apple AirPlay 2, r\u00e1dio na Internet TuneIn, Spotify Connect, Amazon Music e Amazon Music HD, TIDAL, Deezer, Napster, SoundCloud e Mood Mix .<br \/>\nTransmiss\u00e3o Bluetooth<br \/>\nVoc\u00ea pode reproduzir \u00e1udio atrav\u00e9s dos alto-falantes conectados ao CINEMA 60 via Bluetooth de seus dispositivos m\u00f3veis compat\u00edveis. Voc\u00ea tamb\u00e9m pode transmitir \u00e1udio do CINEMA 60 para um par opcional de fones de ouvido Bluetooth, que \u00e9 ideal para ouvir tarde da noite sem acordar todos em sua casa.<br \/>\nJogos sofisticados<br \/>\nO CINEMA 60 fornece suporte VRR (Variable Refresh Rate) e ALLM (Auto Low Latency Mode) ao conectar seu console para jogos otimizados. O VRR altera automaticamente a taxa de atualiza\u00e7\u00e3o em tempo real para uma jogabilidade suave, e o ALLM permite que o console acione automaticamente o modo de jogo da sua TV para reduzir a lat\u00eancia.<br \/>\nGerenciamento do Receptor<br \/>\nVoc\u00ea pode ajustar as configura\u00e7\u00f5es e gerenciar os recursos do CINEMA 60 atrav\u00e9s de uma variedade de m\u00e9todos. Voc\u00ea pode usar o controle remoto inclu\u00eddo, o aplicativo Marantz AVR para dispositivos m\u00f3veis iOS e Android ou sua voz. O CINEMA 60 suporta Amazon Alexa, Google Voice Assistant e Apple Siri.<br \/>\nDesign atraente<br \/>\nO design elegante e aerodin\u00e2mico do CINEMA 60 o ajuda a se encaixar na maioria das decora\u00e7\u00f5es de ambientes. Voc\u00ea obt\u00e9m bot\u00f5es anal\u00f3gicos de entrada e volume, junto com o OLED ic\u00f4nico da Marantz e uma variedade de controles do painel frontal para facilitar o gerenciamento manual de \u00e1udio.<br \/>\nCaracter\u00edsticas adicionais<br \/>\nAmplifica\u00e7\u00e3o HDAM propriet\u00e1ria para som musical<br \/>\ntestado l\u00e1<br \/>\n6 entradas HDMI (tr\u00eas 8K\/60 Hz e 4K\/120 Hz)<br \/>\nSuporte de \u00e1udio de 2 zonas<br \/>\nPorta USB-A frontal para reprodu\u00e7\u00e3o de \u00e1udio via pen drive<br \/>\nModo direto puro<br \/>\nTerminais RCA banhados a ouro<br \/>\nModo Eco<br \/>\nDesligamento autom\u00e1tico<br \/>\nDespertador<\/p>\n<p><strong><span dir=\"auto\">Pot\u00eancia e processamento:<\/span><\/strong><\/p>\n<ul>\n<li><span dir=\"auto\">Amplificador de 7 canais<\/span><\/li>\n<li><span dir=\"auto\">100 watts por canal em 8 ohms (20-20.000 Hz) a 0,08% THD, com 2 canais acionados<\/span><\/li>\n<li><span dir=\"auto\">Os m\u00f3dulos amplificadores hiperdin\u00e2micos (HDAM) da Marantz oferecem detalhes requintados e faixa din\u00e2mica, ao mesmo tempo que reduzem o ru\u00eddo<\/span><\/li>\n<li><span dir=\"auto\">Decodifica\u00e7\u00e3o de som surround Dolby\u00ae e DTS\u00ae<\/span>\n<ul>\n<li><span dir=\"auto\">Processamento Dolby Atmos\u00ae e DTS:X\u00ae para uso com alto-falantes embutidos no teto ou &#8220;de altura&#8221; para um som de home theater mais envolvente<\/span><\/li>\n<li><span dir=\"auto\">Dolby Atmos Height Virtualization e DTS Virtual:X criam efeitos tridimensionais sem alto-falantes de altura<\/span><\/li>\n<\/ul>\n<\/li>\n<li><span dir=\"auto\">Sistema de configura\u00e7\u00e3o autom\u00e1tica e calibra\u00e7\u00e3o de ambiente Audyssey MultEQ XT<\/span><\/li>\n<li><span dir=\"auto\">O modo Pure Direct desliga todos os circuitos n\u00e3o utilizados para o som mais limpo poss\u00edvel<\/span><\/li>\n<\/ul>\n<p><strong><span dir=\"auto\">Op\u00e7\u00f5es de m\u00fasica digital e streaming:<\/span><\/strong><\/p>\n<ul>\n<li><span dir=\"auto\">Wi-Fi integrado para ouvir m\u00fasica de um PC em rede, r\u00e1dio gratuito na Internet e servi\u00e7os de m\u00fasica<\/span><\/li>\n<li><span dir=\"auto\">A tecnologia HEOS integrada conecta sem fio componentes HEOS compat\u00edveis para \u00e1udio em toda a casa<\/span>\n<ul>\n<li><span dir=\"auto\">inclui suporte para Pandora\u00ae, TIDAL, SiriusXM e Spotify\u00ae (assinatura necess\u00e1ria para alguns servi\u00e7os)<\/span><\/li>\n<li><span dir=\"auto\">O aplicativo HEOS gratuito oferece controle Wi-Fi f\u00e1cil, ajustes de configura\u00e7\u00f5es e sele\u00e7\u00e3o e reprodu\u00e7\u00e3o de m\u00fasica<\/span><\/li>\n<li><span dir=\"auto\">funciona com\u00a0os controladores de voz\u00a0<\/span><span dir=\"auto\">Amazon Alexa<\/span><span dir=\"auto\">\u00a0e\u00a0<\/span><span dir=\"auto\">Google Assistant<\/span><\/li>\n<\/ul>\n<\/li>\n<li><span dir=\"auto\">O Apple AirPlay 2 permite que voc\u00ea transmita diretamente de um iPhone\u00ae ou iPad\u00ae e pe\u00e7a \u00e0 Siri para tocar o Apple Music\u00ae<\/span>\n<ul>\n<li><span dir=\"auto\">suporta \u00e1udio multi-ambiente com alto-falantes sem fio compat\u00edveis<\/span><\/li>\n<\/ul>\n<\/li>\n<li><span dir=\"auto\">Bluetooth integrado para ouvir m\u00fasica sem fio com smartphones, tablets e computadores compat\u00edveis<\/span><\/li>\n<li><span dir=\"auto\">Transmiss\u00e3o Bluetooth para envio de \u00e1udio do receptor para fones de ouvido habilitados para Bluetooth<\/span>\n<ul>\n<li><span dir=\"auto\">reproduzir \u00e1udio somente por meio de fones de ouvido Bluetooth ou por meio de fones de ouvido Bluetooth e alto-falantes conectados simultaneamente<\/span><\/li>\n<\/ul>\n<\/li>\n<li><span dir=\"auto\">reproduz arquivos de m\u00fasica digital de alta resolu\u00e7\u00e3o por meio de um dispositivo de armazenamento USB ou de um computador em rede (PCM com resolu\u00e7\u00e3o de at\u00e9 24 bits\/192 kHz; DSD com resolu\u00e7\u00e3o de at\u00e9 5,6 MHz)<\/span><\/li>\n<li><span dir=\"auto\">funciona como um player Roon (requer assinatura e Roon Core em execu\u00e7\u00e3o na sua rede)<\/span>\n<ul>\n<li><span dir=\"auto\">Roon Core \u00e9 um software de servidor de m\u00eddia que roda em seu computador, unidade NAS ou outro hardware compat\u00edvel<\/span><\/li>\n<\/ul>\n<\/li>\n<\/ul>\n<p><strong><span dir=\"auto\">\u00c1udio\/v\u00eddeo em v\u00e1rias salas:<\/span><\/strong><\/p>\n<ul>\n<li><span dir=\"auto\">sa\u00edda de \u00e1udio de sala dupla\/fonte dupla<\/span>\n<ul>\n<li><span dir=\"auto\">sa\u00eddas est\u00e9reo amplificadas para a segunda sala permitem a reprodu\u00e7\u00e3o em ambas as salas ao mesmo tempo<\/span><\/li>\n<li><span dir=\"auto\">o uso de sa\u00edda de 2\u00aa sala alimentada permite som de 5.2 canais na sala principal<\/span><\/li>\n<li><span dir=\"auto\">O modo All Zone Stereo garante que ambas as zonas permane\u00e7am sincronizadas ao reproduzir a mesma fonte<\/span><\/li>\n<li><span dir=\"auto\">O All Zone TV Audio permite que voc\u00ea reproduza som surround na sala principal e som est\u00e9reo mixado na segunda sala<\/span><\/li>\n<li><span dir=\"auto\">suporta conex\u00f5es de \u00e1udio anal\u00f3gicas e digitais<\/span><\/li>\n<li><span dir=\"auto\">Fontes de \u00e1udio compat\u00edveis com a Zona 2: entradas de \u00e1udio anal\u00f3gicas, sintonizador AM\/FM, USB, Bluetooth e aplicativos de m\u00fasica HEOS<\/span><\/li>\n<li><em><span dir=\"auto\">n\u00e3o \u00e9 poss\u00edvel selecionar diferentes fontes USB\/Bluetooth\/de rede para cada zona, n\u00e3o \u00e9 poss\u00edvel selecionar diferentes esta\u00e7\u00f5es AM\/FM<\/span><\/em><\/li>\n<\/ul>\n<\/li>\n<\/ul>\n","protected":false},"excerpt":{"rendered":"<p>Compat\u00edvel com uma ampla gama de formatos de \u00e1udio, tecnologias e som surround baseado em objeto, o Receptor A\/V de Rede Marantz CINEMA 60 de 7.2 Canais pode oferecer som realista e envolvente para seus filmes, shows e m\u00fasica. O CINEMA 60 suporta v\u00eddeo HDR de at\u00e9 8K e formatos de \u00e1udio avan\u00e7ados, como Dolby [&hellip;]<\/p>\n","protected":false},"featured_media":26690,"template":"","meta":{"_acf_changed":false},"product_brand":[],"product_cat":[21,92,22],"product_tag":[],"class_list":{"0":"post-26689","1":"product","2":"type-product","3":"status-publish","4":"has-post-thumbnail","6":"product_cat-home-theater","7":"product_cat-marantz","8":"product_cat-receivers","10":"first","11":"instock","12":"sold-individually","13":"shipping-taxable","14":"purchasable","15":"product-type-simple"},"acf":[],"aioseo_notices":[],"_links":{"self":[{"href":"https:\/\/hificlub.com.br\/loja\/wp-json\/wp\/v2\/product\/26689","targetHints":{"allow":["GET"]}}],"collection":[{"href":"https:\/\/hificlub.com.br\/loja\/wp-json\/wp\/v2\/product"}],"about":[{"href":"https:\/\/hificlub.com.br\/loja\/wp-json\/wp\/v2\/types\/product"}],"wp:featuredmedia":[{"embeddable":true,"href":"https:\/\/hificlub.com.br\/loja\/wp-json\/wp\/v2\/media\/26690"}],"wp:attachment":[{"href":"https:\/\/hificlub.com.br\/loja\/wp-json\/wp\/v2\/media?parent=26689"}],"wp:term":[{"taxonomy":"product_brand","embeddable":true,"href":"https:\/\/hificlub.com.br\/loja\/wp-json\/wp\/v2\/product_brand?post=26689"},{"taxonomy":"product_cat","embeddable":true,"href":"https:\/\/hificlub.com.br\/loja\/wp-json\/wp\/v2\/product_cat?post=26689"},{"taxonomy":"product_tag","embeddable":true,"href":"https:\/\/hificlub.com.br\/loja\/wp-json\/wp\/v2\/product_tag?post=26689"}],"curies":[{"name":"wp","href":"https:\/\/api.w.org\/{rel}","templated":true}]}}